{"id":3128,"date":"2021-06-02T17:01:22","date_gmt":"2021-06-02T15:01:22","guid":{"rendered":"http:\/\/monperejeanmamy.fr\/?page_id=3128"},"modified":"2021-06-02T17:01:22","modified_gmt":"2021-06-02T15:01:22","slug":"jr-a-jm-49-03-07","status":"publish","type":"page","link":"https:\/\/monperejeanmamy.fr\/?page_id=3128","title":{"rendered":"JR \u00e0 JM (49\/03\/07)"},"content":{"rendered":"<p><strong>\u00a0<\/strong><a href=\"http:\/\/monperejeanmamy.fr\/?page_id=3124\"><img loading=\"lazy\" class=\"wp-image-1352 alignleft\" src=\"http:\/\/monperejeanmamy.fr\/wp-content\/uploads\/2021\/03\/Lettre-precedente.jpg\" alt=\"\" width=\"143\" height=\"78\" \/><\/a><a href=\"http:\/\/monperejeanmamy.fr\/?page_id=3025\"><img loading=\"lazy\" class=\"alignright wp-image-1353\" src=\"http:\/\/monperejeanmamy.fr\/wp-content\/uploads\/2021\/03\/Lettre-suivante.jpg\" alt=\"\" width=\"139\" height=\"76\" \/><\/a><\/p>\n<p style=\"text-align: center;\"><strong>Lundi 7 Mars 1949<br \/>\n23 heures 30<br \/>\n<\/strong><\/p>\n<p style=\"text-align: center;\">Mon ch\u00e9ri,<\/p>\n<p style=\"text-align: justify;\">Un tout petit mot de rien du tout. Seulement pour te dire bonsoir. (Tu sais d&rsquo;ailleurs si bien lire entre les lignes que tous mes mots n&rsquo;ajouteraient rien \u00e0 ce que tu veux entendre). Bonsoir. Je t&rsquo;aime infiniment.<\/p>\n<p style=\"text-align: justify;\">J&rsquo;ai bien travaill\u00e9 hier. Mais aujourd&rsquo;hui, je me suis consacr\u00e9e \u00e0 mes deux patrons. J&rsquo;esp\u00e8re faire quelques pages demain, puis jeudi, vendredi, samedi. J&rsquo;irai le plus vite possible. Mais je ne pense pas en avoir termin\u00e9 avant une quinzaine de jours.<\/p>\n<p style=\"text-align: justify;\">Bien re\u00e7u, ce matin, ta lettre du 4. Je pense remettre \u00e0 Leroy, avant samedi, les 15 demand\u00e9s.<\/p>\n<p style=\"text-align: justify;\">Faute de temps, je n&rsquo;ai pas pu poster ton petit mandat aujourd&rsquo;hui. Je le ferai demain.<\/p>\n<p style=\"text-align: justify;\">On me rapporte du Palais une nouvelle qui, tout en ne nous concernant pas, me parait une bonne nouvelle : un condamn\u00e9 \u00e0 mort de juillet 48 (responsable de 3 morts, dit-on) vient d&rsquo;\u00eatre graci\u00e9. Je m&rsquo;en r\u00e9jouis. Pour le graci\u00e9 d&rsquo;abord. Et puis pour nous ensuite. Il y a de l&rsquo;espoir.<\/p>\n<p style=\"text-align: justify;\">Je tombe de sommeil. J&rsquo;ai encore attrap\u00e9 un bon rhume. Et j&rsquo;ai tr\u00e8s mal \u00e0 la t\u00eate. Je pense \u00e0 toi qui dois avoir tr\u00e8s froid. Et cela m&rsquo;est bien plus d\u00e9sagr\u00e9able que mon mal de t\u00eate.<\/p>\n<p style=\"text-align: justify;\">Bonsoir, Mon ch\u00e9ri. Je t&#8217;embrasse tr\u00e8s fort.<\/p>\n<p style=\"text-align: justify;\">JR<\/p>\n<p style=\"text-align: justify;\">\n","protected":false},"excerpt":{"rendered":"<p>\u00a0 Lundi 7 Mars 1949 23 heures 30 Mon ch\u00e9ri, Un tout petit mot de rien du tout. Seulement pour te dire bonsoir. (Tu sais d&rsquo;ailleurs si bien lire entre les lignes que tous mes mots n&rsquo;ajouteraient rien \u00e0 ce &hellip; <a href=\"https:\/\/monperejeanmamy.fr\/?page_id=3128\">Continuer la lecture <span class=\"meta-nav\">&rarr;<\/span><\/a><\/p>\n","protected":false},"author":2,"featured_media":11,"parent":0,"menu_order":0,"comment_status":"closed","ping_status":"closed","template":"","meta":[],"folder":[],"_links":{"self":[{"href":"https:\/\/monperejeanmamy.fr\/index.php?rest_route=\/wp\/v2\/pages\/3128"}],"collection":[{"href":"https:\/\/monperejeanmamy.fr\/index.php?rest_route=\/wp\/v2\/pages"}],"about":[{"href":"https:\/\/monperejeanmamy.fr\/index.php?rest_route=\/wp\/v2\/types\/page"}],"author":[{"embeddable":true,"href":"https:\/\/monperejeanmamy.fr\/index.php?rest_route=\/wp\/v2\/users\/2"}],"replies":[{"embeddable":true,"href":"https:\/\/monperejeanmamy.fr\/index.php?rest_route=%2Fwp%2Fv2%2Fcomments&post=3128"}],"version-history":[{"count":1,"href":"https:\/\/monperejeanmamy.fr\/index.php?rest_route=\/wp\/v2\/pages\/3128\/revisions"}],"predecessor-version":[{"id":3129,"href":"https:\/\/monperejeanmamy.fr\/index.php?rest_route=\/wp\/v2\/pages\/3128\/revisions\/3129"}],"wp:featuredmedia":[{"embeddable":true,"href":"https:\/\/monperejeanmamy.fr\/index.php?rest_route=\/wp\/v2\/media\/11"}],"wp:attachment":[{"href":"https:\/\/monperejeanmamy.fr\/index.php?rest_route=%2Fwp%2Fv2%2Fmedia&parent=3128"}],"wp:term":[{"taxonomy":"folder","embeddable":true,"href":"https:\/\/monperejeanmamy.fr\/index.php?rest_route=%2Fwp%2Fv2%2Ffolder&post=3128"}],"curies":[{"name":"wp","href":"https:\/\/api.w.org\/{rel}","templated":true}]}}