{"id":3131,"date":"2021-06-02T17:08:02","date_gmt":"2021-06-02T15:08:02","guid":{"rendered":"http:\/\/monperejeanmamy.fr\/?page_id=3131"},"modified":"2024-01-27T12:08:52","modified_gmt":"2024-01-27T11:08:52","slug":"jr-a-jm-49-03-09","status":"publish","type":"page","link":"https:\/\/monperejeanmamy.fr\/?page_id=3131","title":{"rendered":"JR \u00e0 JM (49\/03\/09)"},"content":{"rendered":"<p><strong>\u00a0<\/strong><a href=\"http:\/\/monperejeanmamy.fr\/?page_id=3124\"><img loading=\"lazy\" class=\"wp-image-1352 alignleft\" src=\"http:\/\/monperejeanmamy.fr\/wp-content\/uploads\/2021\/03\/Lettre-precedente.jpg\" alt=\"\" width=\"143\" height=\"78\" \/><\/a><a href=\"http:\/\/monperejeanmamy.fr\/?page_id=3135\"><img loading=\"lazy\" class=\"alignright wp-image-1353\" src=\"http:\/\/monperejeanmamy.fr\/wp-content\/uploads\/2021\/03\/Lettre-suivante.jpg\" alt=\"\" width=\"139\" height=\"76\" \/><\/a><\/p>\n<p style=\"text-align: center;\"><strong>Mercredi 9 Mars 1949<br \/>\n<\/strong>Mon ch\u00e9ri,<\/p>\n<p style=\"text-align: justify;\">Renseignements pris aupr\u00e8s des libraires du quartier St Jacques, le seul ouvrage int\u00e9ressant sur le Bouddhisme Zen est celui traduit du japonais Suzuki, et qui comprend 4 petits volumes. Les 2 premiers sont malheureusement \u00e9puis\u00e9s, presque introuvables, et les deux derniers manquaient aujourd&rsquo;hui. On me les a promis pour demain. Et le m\u00eame libraire fera des recherches pour se procurer les deux premiers. Mais comme il est possible \u2014s&rsquo;il les trouve\u2014 qu&rsquo;ils atteignent un prix assez \u00e9lev\u00e9 (peut-\u00eatre 700 frs pi\u00e8ce), veux-tu bien me dire si tu y tiens beaucoup. (Tu sais que je suis toute pr\u00eate \u00e0 les acheter s&rsquo;ils te font plaisir, m\u00eame s&rsquo;ils co\u00fbtent cher, mais je te signale la chose avant de faire une d\u00e9pense que tu jugeras peut-\u00eatre disproportionn\u00e9e \u00e0 l&rsquo;int\u00e9r\u00eat que tu prendras \u00e0 lire les 2 petits bouquins).<\/p>\n<p style=\"text-align: justify;\">Chez le m\u00eame libraire j&rsquo;ai vu un Roman (mais tu n&rsquo;aimes pas les romans !) intitul\u00e9 : \u00ab\u00a0<em>Zen, amours mystiques<\/em><a href=\"#_ftn1\" name=\"_ftnref1\">[1]<\/a>\u00a0\u00bb &#8211; roman de Adams Beck, traduit de l&rsquo;Anglais par Jean Herbert et Pierre Sauvageot (collection Orient 14, \u00e9diteur : Attinger). Te plairait-il de lire ce bouquin ? Si oui, dis le moi. Il me sera agr\u00e9able de te l&rsquo;offrir.<\/p>\n<p style=\"text-align: justify;\">J&rsquo;irai voir Me Leroy avant la fin de la semaine, pour parler un peu.<\/p>\n<p style=\"text-align: justify;\">Tout va bien, je crois. Je ne m&rsquo;inqui\u00e8te pas.<\/p>\n<p style=\"text-align: justify;\">J&rsquo;ai d\u00e9j\u00e0 assez bien travaill\u00e9. Sauf le portrait d&rsquo;Elle <a href=\"#_ftn2\" name=\"_ftnref2\">[2]<\/a>, qui m&rsquo;a amus\u00e9 \u2014et auquel je pourrais ajouter, l&rsquo;ayant moi-m\u00eame entendue, au fond de la salle, le 1<sup>er<\/sup> jour, avant l&rsquo;audience, la phrase suivante : \u00ab\u00a0<em>&#8230; c&rsquo;est vous, Docteur, qui avez examin\u00e9 ce type-l\u00e0 ?&#8230; Quel salaud ! J&rsquo;esp\u00e8re bien que, malgr\u00e9 votre rapport, on aura&#8230;<\/em> (le dernier mot m&rsquo;a \u00e9chapp\u00e9 \u2014je pense que c&rsquo;\u00e9tait \u00ab\u00a0<em>sa t\u00eate<\/em>\u00a0\u00bb ou \u00ab\u00a0<em>sa peau<\/em>\u00a0\u00bb). Donc, dis-je, sauf ce portait amusant, je n&rsquo;ai encore rien trouv\u00e9 qui me passionne. Leroy m&rsquo;avais promis, pourtant&#8230; Non ! Je n&rsquo;aime pas toutes vos histoires guerri\u00e8res o\u00f9 \u2014comme quand Fr\u00e9d\u00e9ric joue \u00e0 la bataille avec ses camarades\u2014 vous voulez tous avoir raison.<\/p>\n<p style=\"text-align: justify;\">Mais j&rsquo;adore Fr\u00e9d\u00e9ric. Et je t&rsquo;adore aussi. Je t&#8217;embrasse tr\u00e8s fort.<\/p>\n<p style=\"text-align: justify;\">JR<\/p>\n<p style=\"text-align: justify;\"><a href=\"#_ftnref1\" name=\"_ftn1\">[1]<\/a> <em>Au coeur du Japon, ZENN, Amours Mystiques<\/em> de Adams Beck L. &#8211; \u00c9ditions Victor Attinger Paris et Neuch\u00e2tel &#8211; 1938 &#8211; Broch\u00e9 &#8211; 354 pages &#8211; 12 x 19 &#8211; Roman Traduit de l&rsquo;anglais par Jean Herbert et Pierre Sauvageot ; pr\u00e9face de Jean Herbert &#8211; Illustrations dessins noir et blanc &#8211; Ceci est l&rsquo;histoire de certains \u00e9v\u00e8nements qui se pass\u00e8rent dans ce pays \u00e9trange et peu connu qu&rsquo;est le Japon. (note de FGR)<br \/>\n<a href=\"#_ftnref2\" name=\"_ftn2\">[2]<\/a> Jeanne Roux est en train de taper le manuscrit de \u00ab <em>Vers l\u2019altruisme autoritaire<\/em> \u00bb dans lequel figure le portrait suivant de \u00ab\u00a0Elle\u00a0\u00bb (la greffi\u00e8re) (note de FGR)\u00a0:<br \/>\n<em>Toute seule, avant la Cour, et le public, s\u2019avance une fille, en cheveux, d\u00e9peign\u00e9e, crasseuse, le ventre bas, sans taille, afflig\u00e9e d\u2019\u00e9normes jambes aux bas qui godaillent, mal habill\u00e9e d\u2019un vieux manteau beige jamais nettoy\u00e9, les yeux bouffis, la prunelle grosse de vices et de terreurs, l\u2019air avachi et blas\u00e9, juive \u00e0 hurler, (un ghetto pouilleux en soi, la \u00ab\u00a0polack \u00bb du Marais), haineuse, chien battu, repoussante, \u00e0 ne pas toucher avec des gants.<br \/>\n<\/em><em>C\u2019est&#8230; \u00ab Elle \u00bb &#8230;, vous l\u2019avez devin\u00e9, qui, \u00e0 deux m\u00e8tres de moi, s\u2019installe \u00e0 un petit bureau \u00e0 c\u00f4t\u00e9 du greffier, et commence \u00e0 d\u00e9pouiller mon acte d\u2019accusation. Stylo. Notes. Elle fulmine d\u00e8s la quatri\u00e8me page :<br \/>\n<\/em><em>\u2014 C\u2019est insens\u00e9. Salaud ! Comment n\u2019a t-il pas \u00e9t\u00e9 jug\u00e9 plus t\u00f4t ? Ah ! la crapule ! Le fusillerai moi-m\u00eame&#8230;<br \/>\n<\/em><em>Pendant cinq jours d\u2019audience je l\u2019entendrai \u00adglapir des injures, sans que ma s\u00e9r\u00e9nit\u00e9 en soit \u00e9branl\u00e9e.<\/em><\/p>\n","protected":false},"excerpt":{"rendered":"<p>\u00a0 Mercredi 9 Mars 1949 Mon ch\u00e9ri, Renseignements pris aupr\u00e8s des libraires du quartier St Jacques, le seul ouvrage int\u00e9ressant sur le Bouddhisme Zen est celui traduit du japonais Suzuki, et qui comprend 4 petits volumes. Les 2 premiers sont &hellip; <a href=\"https:\/\/monperejeanmamy.fr\/?page_id=3131\">Continuer la lecture <span class=\"meta-nav\">&rarr;<\/span><\/a><\/p>\n","protected":false},"author":2,"featured_media":11,"parent":0,"menu_order":0,"comment_status":"closed","ping_status":"closed","template":"","meta":[],"folder":[],"_links":{"self":[{"href":"https:\/\/monperejeanmamy.fr\/index.php?rest_route=\/wp\/v2\/pages\/3131"}],"collection":[{"href":"https:\/\/monperejeanmamy.fr\/index.php?rest_route=\/wp\/v2\/pages"}],"about":[{"href":"https:\/\/monperejeanmamy.fr\/index.php?rest_route=\/wp\/v2\/types\/page"}],"author":[{"embeddable":true,"href":"https:\/\/monperejeanmamy.fr\/index.php?rest_route=\/wp\/v2\/users\/2"}],"replies":[{"embeddable":true,"href":"https:\/\/monperejeanmamy.fr\/index.php?rest_route=%2Fwp%2Fv2%2Fcomments&post=3131"}],"version-history":[{"count":4,"href":"https:\/\/monperejeanmamy.fr\/index.php?rest_route=\/wp\/v2\/pages\/3131\/revisions"}],"predecessor-version":[{"id":3312,"href":"https:\/\/monperejeanmamy.fr\/index.php?rest_route=\/wp\/v2\/pages\/3131\/revisions\/3312"}],"wp:featuredmedia":[{"embeddable":true,"href":"https:\/\/monperejeanmamy.fr\/index.php?rest_route=\/wp\/v2\/media\/11"}],"wp:attachment":[{"href":"https:\/\/monperejeanmamy.fr\/index.php?rest_route=%2Fwp%2Fv2%2Fmedia&parent=3131"}],"wp:term":[{"taxonomy":"folder","embeddable":true,"href":"https:\/\/monperejeanmamy.fr\/index.php?rest_route=%2Fwp%2Fv2%2Ffolder&post=3131"}],"curies":[{"name":"wp","href":"https:\/\/api.w.org\/{rel}","templated":true}]}}