{"id":3135,"date":"2021-06-02T17:12:59","date_gmt":"2021-06-02T15:12:59","guid":{"rendered":"http:\/\/monperejeanmamy.fr\/?page_id=3135"},"modified":"2021-06-02T17:17:52","modified_gmt":"2021-06-02T15:17:52","slug":"jr-a-jm-49-03-11","status":"publish","type":"page","link":"https:\/\/monperejeanmamy.fr\/?page_id=3135","title":{"rendered":"JR \u00e0 JM (49\/03\/11)"},"content":{"rendered":"<p><strong>\u00a0<\/strong><a href=\"http:\/\/monperejeanmamy.fr\/?page_id=3131\"><img loading=\"lazy\" class=\"wp-image-1352 alignleft\" src=\"http:\/\/monperejeanmamy.fr\/wp-content\/uploads\/2021\/03\/Lettre-precedente.jpg\" alt=\"\" width=\"143\" height=\"78\" \/><\/a><a href=\"http:\/\/monperejeanmamy.fr\/?page_id=3138\"><img loading=\"lazy\" class=\"alignright wp-image-1353\" src=\"http:\/\/monperejeanmamy.fr\/wp-content\/uploads\/2021\/03\/Lettre-suivante.jpg\" alt=\"\" width=\"139\" height=\"76\" \/><\/a><\/p>\n<p style=\"text-align: center;\"><strong>Vendredi 11 Mars 1949<br \/>\n<\/strong>Mon ch\u00e9ri,<\/p>\n<p style=\"text-align: justify;\">Je travaille comme un ange. Comme un plaisir. Comme quelqu&rsquo;un que \u00e7a n&rsquo;ennuie pas du tout.<\/p>\n<p style=\"text-align: justify;\">Rien de nouveau. Rien d&rsquo;important \u00e0 signaler. Tu as d&rsquo;ailleurs vu ce matin Me Leroy qui t&rsquo;aura tenu au courant de la marche du dossier. Si, de mon c\u00f4t\u00e9, j&rsquo;ai quelques pr\u00e9cisions, je te les communiquerai. Je suis de plus en plus s\u00fbre que la d\u00e9cision sera favorable. Et le jour n&rsquo;est peut-\u00eatre pas si \u00e9loign\u00e9 o\u00f9 tu pourras, toi-m\u00eame, mettre en sc\u00e8ne mon sc\u00e9nario Second Empire. O\u00f9 en est-tu ? \u00c0 la sc\u00e8ne du bal ? \u00c0 la promenade en cal\u00e8che ? Au premier baiser ? \u00c0 la f\u00eate de nuit dans le parc ? Ou au d\u00e9fil\u00e9 des Grenadiers ? Je suis tellement s\u00fbre que tu saurais faire un adorable film, si tu voulais bien y penser un peu. Fais-le. Ne serait-ce que pour d\u00e9laisser un peu Miliciens et F.F.I., et garder quand m\u00eame tes deux pieds sur la terre.<\/p>\n<p style=\"text-align: justify;\">Je te dis bonsoir, Mon ch\u00e9ri. Mon patron, retour de Bruxelles (une journ\u00e9e et une nuit seulement, h\u00e9las !) vient de me t\u00e9l\u00e9phoner pour m&rsquo;inviter \u00e0 \u00eatre demain au bureau \u00e0 la premi\u00e8re heure. Je ne vais donc pas tarder \u00e0 me coucher. Fr\u00e9d\u00e9ric dort depuis longtemps. Il est magnifique.<\/p>\n<p style=\"text-align: justify;\">Je t&rsquo;envoie un baiser de lui. Et je t&#8217;embrasse tr\u00e8s tr\u00e8s fort.<\/p>\n<p style=\"text-align: justify;\">JR<\/p>\n","protected":false},"excerpt":{"rendered":"<p>\u00a0 Vendredi 11 Mars 1949 Mon ch\u00e9ri, Je travaille comme un ange. Comme un plaisir. Comme quelqu&rsquo;un que \u00e7a n&rsquo;ennuie pas du tout. Rien de nouveau. Rien d&rsquo;important \u00e0 signaler. Tu as d&rsquo;ailleurs vu ce matin Me Leroy qui t&rsquo;aura &hellip; <a href=\"https:\/\/monperejeanmamy.fr\/?page_id=3135\">Continuer la lecture <span class=\"meta-nav\">&rarr;<\/span><\/a><\/p>\n","protected":false},"author":2,"featured_media":11,"parent":0,"menu_order":0,"comment_status":"closed","ping_status":"closed","template":"","meta":[],"folder":[],"_links":{"self":[{"href":"https:\/\/monperejeanmamy.fr\/index.php?rest_route=\/wp\/v2\/pages\/3135"}],"collection":[{"href":"https:\/\/monperejeanmamy.fr\/index.php?rest_route=\/wp\/v2\/pages"}],"about":[{"href":"https:\/\/monperejeanmamy.fr\/index.php?rest_route=\/wp\/v2\/types\/page"}],"author":[{"embeddable":true,"href":"https:\/\/monperejeanmamy.fr\/index.php?rest_route=\/wp\/v2\/users\/2"}],"replies":[{"embeddable":true,"href":"https:\/\/monperejeanmamy.fr\/index.php?rest_route=%2Fwp%2Fv2%2Fcomments&post=3135"}],"version-history":[{"count":2,"href":"https:\/\/monperejeanmamy.fr\/index.php?rest_route=\/wp\/v2\/pages\/3135\/revisions"}],"predecessor-version":[{"id":3140,"href":"https:\/\/monperejeanmamy.fr\/index.php?rest_route=\/wp\/v2\/pages\/3135\/revisions\/3140"}],"wp:featuredmedia":[{"embeddable":true,"href":"https:\/\/monperejeanmamy.fr\/index.php?rest_route=\/wp\/v2\/media\/11"}],"wp:attachment":[{"href":"https:\/\/monperejeanmamy.fr\/index.php?rest_route=%2Fwp%2Fv2%2Fmedia&parent=3135"}],"wp:term":[{"taxonomy":"folder","embeddable":true,"href":"https:\/\/monperejeanmamy.fr\/index.php?rest_route=%2Fwp%2Fv2%2Ffolder&post=3135"}],"curies":[{"name":"wp","href":"https:\/\/api.w.org\/{rel}","templated":true}]}}