{"id":3138,"date":"2021-06-02T17:17:09","date_gmt":"2021-06-02T15:17:09","guid":{"rendered":"http:\/\/monperejeanmamy.fr\/?page_id=3138"},"modified":"2021-06-02T17:23:58","modified_gmt":"2021-06-02T15:23:58","slug":"jr-a-jm-49-03-15","status":"publish","type":"page","link":"https:\/\/monperejeanmamy.fr\/?page_id=3138","title":{"rendered":"JR \u00e0 JM (49\/03\/15)"},"content":{"rendered":"<p><strong>\u00a0<\/strong><a href=\"http:\/\/monperejeanmamy.fr\/?page_id=3135\"><img loading=\"lazy\" class=\"wp-image-1352 alignleft\" src=\"http:\/\/monperejeanmamy.fr\/wp-content\/uploads\/2021\/03\/Lettre-precedente.jpg\" alt=\"\" width=\"143\" height=\"78\" \/><\/a><a href=\"http:\/\/monperejeanmamy.fr\/?page_id=3141\"><img loading=\"lazy\" class=\"alignright wp-image-1353\" src=\"http:\/\/monperejeanmamy.fr\/wp-content\/uploads\/2021\/03\/Lettre-suivante.jpg\" alt=\"\" width=\"139\" height=\"76\" \/><\/a><\/p>\n<p style=\"text-align: center;\"><strong>Mardi 15 Mars 1949<br \/>\n<\/strong>Mon ch\u00e9ri,<\/p>\n<p>Je t&#8217;embrasse. Mon ch\u00e9ri.<br \/>\nRien de nouveau.<br \/>\nTout va bien.<br \/>\nJe travaille beaucoup.<br \/>\nJe n&rsquo;\u00e9cris pas, mais je pense \u00e0 toi.<br \/>\nGros baisers.<\/p>\n<p>JR<\/p>\n","protected":false},"excerpt":{"rendered":"<p>\u00a0 Mardi 15 Mars 1949 Mon ch\u00e9ri, Je t&#8217;embrasse. Mon ch\u00e9ri. Rien de nouveau. Tout va bien. Je travaille beaucoup. Je n&rsquo;\u00e9cris pas, mais je pense \u00e0 toi. Gros baisers. JR<\/p>\n","protected":false},"author":2,"featured_media":11,"parent":0,"menu_order":0,"comment_status":"closed","ping_status":"closed","template":"","meta":[],"folder":[],"_links":{"self":[{"href":"https:\/\/monperejeanmamy.fr\/index.php?rest_route=\/wp\/v2\/pages\/3138"}],"collection":[{"href":"https:\/\/monperejeanmamy.fr\/index.php?rest_route=\/wp\/v2\/pages"}],"about":[{"href":"https:\/\/monperejeanmamy.fr\/index.php?rest_route=\/wp\/v2\/types\/page"}],"author":[{"embeddable":true,"href":"https:\/\/monperejeanmamy.fr\/index.php?rest_route=\/wp\/v2\/users\/2"}],"replies":[{"embeddable":true,"href":"https:\/\/monperejeanmamy.fr\/index.php?rest_route=%2Fwp%2Fv2%2Fcomments&post=3138"}],"version-history":[{"count":2,"href":"https:\/\/monperejeanmamy.fr\/index.php?rest_route=\/wp\/v2\/pages\/3138\/revisions"}],"predecessor-version":[{"id":3143,"href":"https:\/\/monperejeanmamy.fr\/index.php?rest_route=\/wp\/v2\/pages\/3138\/revisions\/3143"}],"wp:featuredmedia":[{"embeddable":true,"href":"https:\/\/monperejeanmamy.fr\/index.php?rest_route=\/wp\/v2\/media\/11"}],"wp:attachment":[{"href":"https:\/\/monperejeanmamy.fr\/index.php?rest_route=%2Fwp%2Fv2%2Fmedia&parent=3138"}],"wp:term":[{"taxonomy":"folder","embeddable":true,"href":"https:\/\/monperejeanmamy.fr\/index.php?rest_route=%2Fwp%2Fv2%2Ffolder&post=3138"}],"curies":[{"name":"wp","href":"https:\/\/api.w.org\/{rel}","templated":true}]}}