{"id":3141,"date":"2021-06-02T17:22:38","date_gmt":"2021-06-02T15:22:38","guid":{"rendered":"http:\/\/monperejeanmamy.fr\/?page_id=3141"},"modified":"2024-01-27T15:09:40","modified_gmt":"2024-01-27T14:09:40","slug":"jr-a-jm-49-03-15-2","status":"publish","type":"page","link":"https:\/\/monperejeanmamy.fr\/?page_id=3141","title":{"rendered":"JR \u00e0 JM (49\/03\/18)"},"content":{"rendered":"<p><strong>\u00a0<\/strong><a href=\"http:\/\/monperejeanmamy.fr\/?page_id=3138\"><img loading=\"lazy\" class=\"wp-image-1352 alignleft\" src=\"http:\/\/monperejeanmamy.fr\/wp-content\/uploads\/2021\/03\/Lettre-precedente.jpg\" alt=\"\" width=\"143\" height=\"78\" \/><\/a><a href=\"http:\/\/monperejeanmamy.fr\/?page_id=3145\"><img loading=\"lazy\" class=\"alignright wp-image-1353\" src=\"http:\/\/monperejeanmamy.fr\/wp-content\/uploads\/2021\/03\/Lettre-suivante.jpg\" alt=\"\" width=\"139\" height=\"76\" \/><\/a><\/p>\n<p style=\"text-align: center;\"><strong>Vendredi 18 Mars 1949<br \/>\n<\/strong>Mon ch\u00e9ri,<\/p>\n<p style=\"text-align: justify;\">Je lis dans les journaux du soir l&rsquo;ex\u00e9cution de ce matin, et \u2014bien que j&rsquo;aie, en ce qui te concerne, les meilleures nouvelles\u2014 j&rsquo;en suis tout \u00e9mue. Vous avez d\u00fb passer une bien triste journ\u00e9e. N&rsquo;en finira-t-on jamais avec ces ex\u00e9cutions ?<\/p>\n<p style=\"text-align: justify;\">J&rsquo;ai beaucoup travaill\u00e9 cette semaine. Je compte terminer tout \u00e0 l&rsquo;heure les 4 pages qui me restent \u00e0 faire. Je pourrai donc livrer mon travail \u00e0 Leroy dans les quinze jours que j&rsquo;avais pr\u00e9vus. Je ne suis pas all\u00e9e le voir cette semaine mais je lui ai fait porter <em>la cuve<\/em><a href=\"#_ftn1\" name=\"_ftnref1\"> [1]<\/a>. Seulement, je ne sais pas du tout en quoi consiste la note sur les baraques de m\u00e9dailles, manuscrit sur papier trou\u00e9. Il faudra pr\u00e9ciser un peu.<\/p>\n<p style=\"text-align: justify;\">Ne te fais pas de souci pour les honoraires de Leroy. Tu sais bien que s&rsquo;ils ne peuvent pas \u00eatre compl\u00e9t\u00e9s par ailleurs, je me chargerai de le r\u00e9gler. C&rsquo;est une question qui ne m&rsquo;inqui\u00e8te gu\u00e8re.<\/p>\n<p style=\"text-align: justify;\">Je viens d&rsquo;avoir G\u00e9ranton au t\u00e9l\u00e9phone. Il se r\u00e9jouit de ce que la d\u00e9cision ne sera pas prise, pour toi, avant les \u00e9lections.<\/p>\n<p style=\"text-align: justify;\">Moi, j&rsquo;attends patiemment. J&rsquo;ai toute confiance.<\/p>\n<p style=\"text-align: justify;\">Vu l&rsquo;aviateur, qui se renseigne de son c\u00f4t\u00e9 car il a une relation chez ces Messieurs. Je t\u00e9l\u00e9phonerai demain \u00e0 Leroy. Je pense qu&rsquo;il t&rsquo;aura vu aujourd&rsquo;hui, ou te verra demain ou dimanche.<\/p>\n<p style=\"text-align: justify;\">\u00c9cris-moi vite que tout va bien aussi de ton c\u00f4t\u00e9. Je t&#8217;embrasse tr\u00e8s tr\u00e8s fort.<\/p>\n<p style=\"text-align: justify;\">JR<\/p>\n<p style=\"text-align: justify;\">Je t&rsquo;ai trop lu cette semaine pour avoir envie de t&rsquo;\u00e9crire longuement. Tu m&rsquo;\u00e9tourdis avec ta prose !<\/p>\n<p style=\"text-align: justify;\"><a href=\"#_ftnref1\" name=\"_ftn1\">[1]<\/a> Manuscrit de <em>La cuve aux serpents<\/em> (note de FGR)<\/p>\n","protected":false},"excerpt":{"rendered":"<p>\u00a0 Vendredi 18 Mars 1949 Mon ch\u00e9ri, Je lis dans les journaux du soir l&rsquo;ex\u00e9cution de ce matin, et \u2014bien que j&rsquo;aie, en ce qui te concerne, les meilleures nouvelles\u2014 j&rsquo;en suis tout \u00e9mue. Vous avez d\u00fb passer une bien &hellip; <a href=\"https:\/\/monperejeanmamy.fr\/?page_id=3141\">Continuer la lecture <span class=\"meta-nav\">&rarr;<\/span><\/a><\/p>\n","protected":false},"author":2,"featured_media":11,"parent":0,"menu_order":0,"comment_status":"closed","ping_status":"closed","template":"","meta":[],"folder":[],"_links":{"self":[{"href":"https:\/\/monperejeanmamy.fr\/index.php?rest_route=\/wp\/v2\/pages\/3141"}],"collection":[{"href":"https:\/\/monperejeanmamy.fr\/index.php?rest_route=\/wp\/v2\/pages"}],"about":[{"href":"https:\/\/monperejeanmamy.fr\/index.php?rest_route=\/wp\/v2\/types\/page"}],"author":[{"embeddable":true,"href":"https:\/\/monperejeanmamy.fr\/index.php?rest_route=\/wp\/v2\/users\/2"}],"replies":[{"embeddable":true,"href":"https:\/\/monperejeanmamy.fr\/index.php?rest_route=%2Fwp%2Fv2%2Fcomments&post=3141"}],"version-history":[{"count":6,"href":"https:\/\/monperejeanmamy.fr\/index.php?rest_route=\/wp\/v2\/pages\/3141\/revisions"}],"predecessor-version":[{"id":3316,"href":"https:\/\/monperejeanmamy.fr\/index.php?rest_route=\/wp\/v2\/pages\/3141\/revisions\/3316"}],"wp:featuredmedia":[{"embeddable":true,"href":"https:\/\/monperejeanmamy.fr\/index.php?rest_route=\/wp\/v2\/media\/11"}],"wp:attachment":[{"href":"https:\/\/monperejeanmamy.fr\/index.php?rest_route=%2Fwp%2Fv2%2Fmedia&parent=3141"}],"wp:term":[{"taxonomy":"folder","embeddable":true,"href":"https:\/\/monperejeanmamy.fr\/index.php?rest_route=%2Fwp%2Fv2%2Ffolder&post=3141"}],"curies":[{"name":"wp","href":"https:\/\/api.w.org\/{rel}","templated":true}]}}