{"id":3145,"date":"2021-06-02T17:29:35","date_gmt":"2021-06-02T15:29:35","guid":{"rendered":"http:\/\/monperejeanmamy.fr\/?page_id=3145"},"modified":"2021-06-02T17:38:20","modified_gmt":"2021-06-02T15:38:20","slug":"jr-a-jm-49-03-19","status":"publish","type":"page","link":"https:\/\/monperejeanmamy.fr\/?page_id=3145","title":{"rendered":"JR \u00e0 JM (49\/03\/19)"},"content":{"rendered":"<p><a href=\"http:\/\/monperejeanmamy.fr\/?page_id=3141\"><img loading=\"lazy\" class=\"wp-image-1352 alignleft\" src=\"http:\/\/monperejeanmamy.fr\/wp-content\/uploads\/2021\/03\/Lettre-precedente.jpg\" alt=\"\" width=\"143\" height=\"78\" \/><\/a><a href=\"http:\/\/monperejeanmamy.fr\/?page_id=3148\"><img loading=\"lazy\" class=\"alignright wp-image-1353\" src=\"http:\/\/monperejeanmamy.fr\/wp-content\/uploads\/2021\/03\/Lettre-suivante.jpg\" alt=\"\" width=\"139\" height=\"76\" \/><\/a><\/p>\n<p style=\"text-align: center;\"><strong>Samedi 19 Mars 1949<br \/>\n<\/strong>Mon ch\u00e9ri,<\/p>\n<p style=\"text-align: justify;\">J&rsquo;ai vu Leroy \u00e0 deux heures, \u00e0 son retour de Fresnes. Il m&rsquo;a fait part de la convocation qu&rsquo;il a re\u00e7ue pour mardi. J&rsquo;ai aussit\u00f4t t\u00e9l\u00e9phon\u00e9 \u00e0 l&rsquo;aviateur qui l&rsquo;y pr\u00e9c\u00e9dera lundi pour confirmer la d\u00e9marche du mois de janvier. De son c\u00f4t\u00e9, Leroy a, devant moi, t\u00e9l\u00e9phon\u00e9 \u00e0 Muzard pour qu&rsquo;il touche son ami.<\/p>\n<p style=\"text-align: justify;\">Moi, je pressens tellement une d\u00e9cision favorable, que je ne suis nullement impressionn\u00e9e, pas du tout inqui\u00e8te, et que je l&rsquo;attends <u>impatiemment<\/u>, comme on attend une bonne nouvelle. Si j&rsquo;ai quelques pr\u00e9cisions, je ne manquerai pas de t&rsquo;en informer aussit\u00f4t.<\/p>\n<p style=\"text-align: justify;\">Leroy avait l&rsquo;intention de se faire conduire en voiture \u00e0 Fresnes d\u00e8s mardi soir <a href=\"#_ftn1\" name=\"_ftnref1\">[1]<\/a>, pour te communiquer ses impressions, mais les visites d&rsquo;avocats n&rsquo;\u00e9tant, parait-il, pas autoris\u00e9es ce jour-l\u00e0, il me dit de te pr\u00e9venir qu&rsquo;il ne viendra te voir que mercredi apr\u00e8s-midi. Toutefois, pour ne pas te laisser sans nouvelles, il te mettra un pneu <a href=\"#_ftn2\" name=\"_ftnref2\">[2]<\/a> que tu recevras mercredi matin.<\/p>\n<p style=\"text-align: justify;\">J&rsquo;ai compl\u00e8tement termin\u00e9 le travail commenc\u00e9 il y a quinze jours. Je m\u00e9rite de ta part, j&rsquo;esp\u00e8re, bien des compliments pour ce record.<\/p>\n<p style=\"text-align: justify;\">Pas mal, ce bouquin <a href=\"#_ftn3\" name=\"_ftnref3\">[3]<\/a>. Mais pas du tout \u00e0 mon go\u00fbt. Je te ferai verbalement mes critiques, plus tard, quand nous nous retrouverons. Et peut-\u00eatre ne me donneras-tu pas tout \u00e0 fait tort. \u00c0 moins que, quand nous nous retrouverons, nous parlions de toute autre chose. Ce qui me plairait mieux encore. Ou que nous ne disions rien du tout. Ce qui me plairait davantage.<\/p>\n<p style=\"text-align: justify;\">Bonsoir, Mon ch\u00e9ri. Dors bien tranquille. Je suis tout pr\u00e8s de toi. Gros baisers.<\/p>\n<p style=\"text-align: justify;\">JR<\/p>\n<p style=\"text-align: justify;\">J&rsquo;ai eu ta m\u00e8re au t\u00e9l\u00e9phone. Elle va bien. Elle a d\u00fb t&rsquo;\u00e9crire aujourd&rsquo;hui. Elle s&rsquo;est, en tous cas, mise en rapport avec Mlle Meyer, comme tu l&rsquo;as demand\u00e9.<\/p>\n<p style=\"text-align: justify;\"><a href=\"#_ftnref1\" name=\"_ftn1\">[1]<\/a> Me Pierre Leroy a RV le mardi 22 mars 1949 avec Vincent Auriol, Pr\u00e9sident de la R\u00e9publique, pour obtenir la gr\u00e2ce de Jean Mamy (note de FGR)<br \/>\n<a href=\"#_ftnref2\" name=\"_ftn2\">[2]<\/a> \u00ab\u00a0pneu\u00a0\u00bb\u00a0: abr\u00e9viation de pneumatique, mode de transmission physique ultra-rapide du courrier \u00e0 cette \u00e9poque entre de nombreux bureaux de postes de la R\u00e9gion Parisienne, reli\u00e9s entre-eux par des tuyaux dans lesquels les lettres (pneus) \u00e9taient mises dans des tubes en verre propuls\u00e9s par de l\u2019air comprim\u00e9. (note de FGR)<br \/>\n<a href=\"#_ftnref3\" name=\"_ftn3\">[3]<\/a> Il s\u2019agit de <em>L\u2019Altruisme autoritaire, m\u00e9moires d\u2019un collabo<\/em> (note de FGR)<\/p>\n","protected":false},"excerpt":{"rendered":"<p>Samedi 19 Mars 1949 Mon ch\u00e9ri, J&rsquo;ai vu Leroy \u00e0 deux heures, \u00e0 son retour de Fresnes. Il m&rsquo;a fait part de la convocation qu&rsquo;il a re\u00e7ue pour mardi. J&rsquo;ai aussit\u00f4t t\u00e9l\u00e9phon\u00e9 \u00e0 l&rsquo;aviateur qui l&rsquo;y pr\u00e9c\u00e9dera lundi pour confirmer &hellip; <a href=\"https:\/\/monperejeanmamy.fr\/?page_id=3145\">Continuer la lecture <span class=\"meta-nav\">&rarr;<\/span><\/a><\/p>\n","protected":false},"author":2,"featured_media":11,"parent":0,"menu_order":0,"comment_status":"closed","ping_status":"closed","template":"","meta":[],"folder":[],"_links":{"self":[{"href":"https:\/\/monperejeanmamy.fr\/index.php?rest_route=\/wp\/v2\/pages\/3145"}],"collection":[{"href":"https:\/\/monperejeanmamy.fr\/index.php?rest_route=\/wp\/v2\/pages"}],"about":[{"href":"https:\/\/monperejeanmamy.fr\/index.php?rest_route=\/wp\/v2\/types\/page"}],"author":[{"embeddable":true,"href":"https:\/\/monperejeanmamy.fr\/index.php?rest_route=\/wp\/v2\/users\/2"}],"replies":[{"embeddable":true,"href":"https:\/\/monperejeanmamy.fr\/index.php?rest_route=%2Fwp%2Fv2%2Fcomments&post=3145"}],"version-history":[{"count":2,"href":"https:\/\/monperejeanmamy.fr\/index.php?rest_route=\/wp\/v2\/pages\/3145\/revisions"}],"predecessor-version":[{"id":3150,"href":"https:\/\/monperejeanmamy.fr\/index.php?rest_route=\/wp\/v2\/pages\/3145\/revisions\/3150"}],"wp:featuredmedia":[{"embeddable":true,"href":"https:\/\/monperejeanmamy.fr\/index.php?rest_route=\/wp\/v2\/media\/11"}],"wp:attachment":[{"href":"https:\/\/monperejeanmamy.fr\/index.php?rest_route=%2Fwp%2Fv2%2Fmedia&parent=3145"}],"wp:term":[{"taxonomy":"folder","embeddable":true,"href":"https:\/\/monperejeanmamy.fr\/index.php?rest_route=%2Fwp%2Fv2%2Ffolder&post=3145"}],"curies":[{"name":"wp","href":"https:\/\/api.w.org\/{rel}","templated":true}]}}