{"id":3154,"date":"2021-06-02T17:53:01","date_gmt":"2021-06-02T15:53:01","guid":{"rendered":"http:\/\/monperejeanmamy.fr\/?page_id=3154"},"modified":"2021-06-02T18:10:48","modified_gmt":"2021-06-02T16:10:48","slug":"jr-a-jm-49-03-21-17-heures","status":"publish","type":"page","link":"https:\/\/monperejeanmamy.fr\/?page_id=3154","title":{"rendered":"JR \u00e0 JM (49\/03\/21) 17 heures"},"content":{"rendered":"<p><a href=\"http:\/\/monperejeanmamy.fr\/?page_id=3148\"><img loading=\"lazy\" class=\"wp-image-1352 alignleft\" src=\"http:\/\/monperejeanmamy.fr\/wp-content\/uploads\/2021\/03\/Lettre-precedente.jpg\" alt=\"\" width=\"143\" height=\"78\" \/><\/a><a href=\"http:\/\/monperejeanmamy.fr\/?page_id=3161\"><img loading=\"lazy\" class=\"alignright wp-image-1353\" src=\"http:\/\/monperejeanmamy.fr\/wp-content\/uploads\/2021\/03\/Lettre-suivante.jpg\" alt=\"\" width=\"139\" height=\"76\" \/><\/a><\/p>\n<p style=\"text-align: center;\"><strong>Lundi 21 Mars 1949<br \/>\n17 heures<br \/>\n<\/strong><br \/>\nMon ch\u00e9ri,<\/p>\n<p style=\"text-align: justify;\">La Radio de midi et les journaux de ce soir annoncent : \u00ab\u00a0<em>Le Pr\u00e9sident devra garder la chambre pendant quelques jours, \u00e0 la suite d&rsquo;un refroidissement. <u>Ses audiences et ses visites sont remises \u00e0 une date ult\u00e9rieure<\/u><\/em>\u00a0\u00bb. Je t&rsquo;en avise aussit\u00f4t, avant m\u00eame d&rsquo;avoir eu par Me Leroy la confirmation qu&rsquo;il n&rsquo;irait pas, demain \u00e0 l&rsquo;\u00c9lys\u00e9e. Je m&rsquo;en r\u00e9jouis.<\/p>\n<p style=\"text-align: justify;\">Peut-\u00eatre n&rsquo;est-ce qu&rsquo;un hasard ? \u00c0 moins que : \u00c9lections ? Graves d\u00e9cisions \u00e0 prendre ? Ballottage ? J&rsquo;ai de plus en plus bon espoir.<\/p>\n<p style=\"text-align: justify;\">Gros baisers<\/p>\n<p style=\"text-align: justify;\">JR<\/p>\n","protected":false},"excerpt":{"rendered":"<p>Lundi 21 Mars 1949 17 heures Mon ch\u00e9ri, La Radio de midi et les journaux de ce soir annoncent : \u00ab\u00a0Le Pr\u00e9sident devra garder la chambre pendant quelques jours, \u00e0 la suite d&rsquo;un refroidissement. Ses audiences et ses visites sont &hellip; <a href=\"https:\/\/monperejeanmamy.fr\/?page_id=3154\">Continuer la lecture <span class=\"meta-nav\">&rarr;<\/span><\/a><\/p>\n","protected":false},"author":2,"featured_media":11,"parent":0,"menu_order":0,"comment_status":"closed","ping_status":"closed","template":"","meta":[],"folder":[],"_links":{"self":[{"href":"https:\/\/monperejeanmamy.fr\/index.php?rest_route=\/wp\/v2\/pages\/3154"}],"collection":[{"href":"https:\/\/monperejeanmamy.fr\/index.php?rest_route=\/wp\/v2\/pages"}],"about":[{"href":"https:\/\/monperejeanmamy.fr\/index.php?rest_route=\/wp\/v2\/types\/page"}],"author":[{"embeddable":true,"href":"https:\/\/monperejeanmamy.fr\/index.php?rest_route=\/wp\/v2\/users\/2"}],"replies":[{"embeddable":true,"href":"https:\/\/monperejeanmamy.fr\/index.php?rest_route=%2Fwp%2Fv2%2Fcomments&post=3154"}],"version-history":[{"count":2,"href":"https:\/\/monperejeanmamy.fr\/index.php?rest_route=\/wp\/v2\/pages\/3154\/revisions"}],"predecessor-version":[{"id":3166,"href":"https:\/\/monperejeanmamy.fr\/index.php?rest_route=\/wp\/v2\/pages\/3154\/revisions\/3166"}],"wp:featuredmedia":[{"embeddable":true,"href":"https:\/\/monperejeanmamy.fr\/index.php?rest_route=\/wp\/v2\/media\/11"}],"wp:attachment":[{"href":"https:\/\/monperejeanmamy.fr\/index.php?rest_route=%2Fwp%2Fv2%2Fmedia&parent=3154"}],"wp:term":[{"taxonomy":"folder","embeddable":true,"href":"https:\/\/monperejeanmamy.fr\/index.php?rest_route=%2Fwp%2Fv2%2Ffolder&post=3154"}],"curies":[{"name":"wp","href":"https:\/\/api.w.org\/{rel}","templated":true}]}}