{"id":3161,"date":"2021-06-02T18:04:40","date_gmt":"2021-06-02T16:04:40","guid":{"rendered":"http:\/\/monperejeanmamy.fr\/?page_id=3161"},"modified":"2021-06-02T18:11:42","modified_gmt":"2021-06-02T16:11:42","slug":"jr-a-jm-49-03-21-soir","status":"publish","type":"page","link":"https:\/\/monperejeanmamy.fr\/?page_id=3161","title":{"rendered":"JR \u00e0 JM (49\/03\/21) soir"},"content":{"rendered":"<p><a href=\"http:\/\/monperejeanmamy.fr\/?page_id=3154\"><img loading=\"lazy\" class=\"wp-image-1352 alignleft\" src=\"http:\/\/monperejeanmamy.fr\/wp-content\/uploads\/2021\/03\/Lettre-precedente.jpg\" alt=\"\" width=\"143\" height=\"78\" \/><\/a><a href=\"http:\/\/monperejeanmamy.fr\/?page_id=3163\"><img loading=\"lazy\" class=\"alignright wp-image-1353\" src=\"http:\/\/monperejeanmamy.fr\/wp-content\/uploads\/2021\/03\/Lettre-suivante.jpg\" alt=\"\" width=\"139\" height=\"76\" \/><\/a><\/p>\n<p style=\"text-align: center;\"><strong>Lundi 21 Mars 1949<br \/>\n(soir)<br \/>\n<\/strong><br \/>\nMon ch\u00e9ri,<\/p>\n<p style=\"text-align: justify;\">Comme je te le disais dans le pneu que je t&rsquo;ai griffonn\u00e9 tout \u00e0 l&rsquo;heure dans le m\u00e9tro, je n&rsquo;ai pas attendu d&rsquo;avoir, par Me Leroy, la confirmation qu&rsquo;il n&rsquo;irait pas \u00e0 l&rsquo;\u00c9lys\u00e9e mardi pour te faire part du communiqu\u00e9 annon\u00e7ant le report des audiences et visites du Pr\u00e9sident.<\/p>\n<p style=\"text-align: justify;\">Me Leroy, que j&rsquo;ai eu tout \u00e0 l&rsquo;heure au t\u00e9l\u00e9phone, m&rsquo;a dit qu&rsquo;il serait convoqu\u00e9 pour jeudi ; qu&rsquo;il t&rsquo;en avait avis\u00e9 par pneu d\u00e8s ce matin ; et qu&rsquo;il t&rsquo;avait en m\u00eame temps pr\u00e9venu qu&rsquo;il n&rsquo;irait te voir que vendredi (les visites d&rsquo;avocat n&rsquo;\u00e9tant pas autoris\u00e9es le jeudi). Il ne faut donc pas compter qu&rsquo;une d\u00e9cision soit prise avant la semaine prochaine. Tant-pis ! Nous attendrons le dimanche suivant pour crier victoire.<\/p>\n<p style=\"text-align: justify;\">Je crois de plus en plus \u00e0 la gr\u00e2ce.<\/p>\n<p style=\"text-align: justify;\">J&rsquo;ai re\u00e7u, ce matin, ta lettre de Vendredi. J&rsquo;ai eu la m\u00eame id\u00e9e que toi : quand \u2014ayant appris par les journaux l&rsquo;ex\u00e9cution de vendredi\u2014 j&rsquo;ai su ensuite, par Me Leroy, qu&rsquo;il \u00e9tait convoqu\u00e9 Mardi \u00e0 la Pr\u00e9sidence, je me suis dit qu&rsquo;\u00e9tant donn\u00e9 que le rejet des pourvois avait \u00e9t\u00e9 annonc\u00e9 en m\u00eame temps pour vous trois (P. Ga. et toi) il n&rsquo;y avait vraiment aucune raison pour que les d\u00e9cisions \u2014si elles devaient \u00eatre identiques\u2014 soient prises \u00e0 quelques jours d&rsquo;intervalle.<\/p>\n<p style=\"text-align: justify;\">Et cela a renforc\u00e9 encore la conviction que j&rsquo;ai que tu seras graci\u00e9.<\/p>\n<p style=\"text-align: justify;\">J&rsquo;ai lu avec beaucoup de plaisir \u00ab\u00a0<em>j&rsquo;avoue que si on me graciait, cela me semblerait un de ces \u00e9v\u00e9nements heureux, extraordinaires&#8230;<\/em>\u00a0\u00bb<\/p>\n<p style=\"text-align: justify;\">Je te comprends tellement mieux quand tu parles comme \u00e7a.<\/p>\n<p style=\"text-align: justify;\">J&rsquo;ai lu, avec plaisir aussi tout le bien que tu penses de notre rencontre (attends-toi \u00e0 ce que je te le rappelle souvent lorsque tu seras redevenu le vilain Monsieur qui me traitait n\u00e9gligemment, me mettait \u00e0 la porte sous pr\u00e9texte d&rsquo;un \u00ab\u00a0<em>travail urgent \u00e0 terminer<\/em>\u00a0\u00bb ou m\u00eame sans pr\u00e9texte du tout, se d\u00e9sint\u00e9ressait compl\u00e8tement de moi, et ne me prenait pas du tout au s\u00e9rieux).<\/p>\n<p style=\"text-align: justify;\">Heureusement que j&rsquo;avais tout pr\u00e9vu. Je savais bien, moi, que nous \u00e9tions faits pour nous entendre.<\/p>\n<p style=\"text-align: justify;\">Je t&#8217;embrasse. Mon ch\u00e9ri. Bonsoir. Dors bien.<\/p>\n<p style=\"text-align: justify;\">JR<\/p>\n<p style=\"text-align: justify;\">Quand je dis \u00ab\u00a0<em>Me L. sera convoqu\u00e9 pour jeudi<\/em>\u00a0\u00bb, je me trompe peut-\u00eatre. Je crois plut\u00f4t qu&rsquo;il lui a \u00e9t\u00e9 indiqu\u00e9 ce matin par t\u00e9l\u00e9phone : \u00ab\u00a0<em>qu&rsquo;il serait re-convoqu\u00e9 jeudi<\/em>\u00a0\u00bb ce qui voudrait dire, peut-\u00eatre, que jeudi, on lui enverrait une convocation pour un autre jour. On te tiendra tr\u00e8s exactement au courant.<\/p>\n","protected":false},"excerpt":{"rendered":"<p>Lundi 21 Mars 1949 (soir) Mon ch\u00e9ri, Comme je te le disais dans le pneu que je t&rsquo;ai griffonn\u00e9 tout \u00e0 l&rsquo;heure dans le m\u00e9tro, je n&rsquo;ai pas attendu d&rsquo;avoir, par Me Leroy, la confirmation qu&rsquo;il n&rsquo;irait pas \u00e0 l&rsquo;\u00c9lys\u00e9e &hellip; <a href=\"https:\/\/monperejeanmamy.fr\/?page_id=3161\">Continuer la lecture <span class=\"meta-nav\">&rarr;<\/span><\/a><\/p>\n","protected":false},"author":2,"featured_media":0,"parent":0,"menu_order":0,"comment_status":"closed","ping_status":"closed","template":"","meta":[],"folder":[],"_links":{"self":[{"href":"https:\/\/monperejeanmamy.fr\/index.php?rest_route=\/wp\/v2\/pages\/3161"}],"collection":[{"href":"https:\/\/monperejeanmamy.fr\/index.php?rest_route=\/wp\/v2\/pages"}],"about":[{"href":"https:\/\/monperejeanmamy.fr\/index.php?rest_route=\/wp\/v2\/types\/page"}],"author":[{"embeddable":true,"href":"https:\/\/monperejeanmamy.fr\/index.php?rest_route=\/wp\/v2\/users\/2"}],"replies":[{"embeddable":true,"href":"https:\/\/monperejeanmamy.fr\/index.php?rest_route=%2Fwp%2Fv2%2Fcomments&post=3161"}],"version-history":[{"count":3,"href":"https:\/\/monperejeanmamy.fr\/index.php?rest_route=\/wp\/v2\/pages\/3161\/revisions"}],"predecessor-version":[{"id":3167,"href":"https:\/\/monperejeanmamy.fr\/index.php?rest_route=\/wp\/v2\/pages\/3161\/revisions\/3167"}],"wp:attachment":[{"href":"https:\/\/monperejeanmamy.fr\/index.php?rest_route=%2Fwp%2Fv2%2Fmedia&parent=3161"}],"wp:term":[{"taxonomy":"folder","embeddable":true,"href":"https:\/\/monperejeanmamy.fr\/index.php?rest_route=%2Fwp%2Fv2%2Ffolder&post=3161"}],"curies":[{"name":"wp","href":"https:\/\/api.w.org\/{rel}","templated":true}]}}