{"id":3168,"date":"2021-06-02T18:14:34","date_gmt":"2021-06-02T16:14:34","guid":{"rendered":"http:\/\/monperejeanmamy.fr\/?page_id=3168"},"modified":"2021-06-02T18:22:32","modified_gmt":"2021-06-02T16:22:32","slug":"jr-a-jm-49-03-23","status":"publish","type":"page","link":"https:\/\/monperejeanmamy.fr\/?page_id=3168","title":{"rendered":"JR \u00e0 JM (49\/03\/23)"},"content":{"rendered":"<p><a href=\"http:\/\/monperejeanmamy.fr\/?page_id=3163\"><img loading=\"lazy\" class=\"wp-image-1352 alignleft\" src=\"http:\/\/monperejeanmamy.fr\/wp-content\/uploads\/2021\/03\/Lettre-precedente.jpg\" alt=\"\" width=\"143\" height=\"78\" \/><\/a><a href=\"http:\/\/monperejeanmamy.fr\/?page_id=3172\"><img loading=\"lazy\" class=\"alignright wp-image-1353\" src=\"http:\/\/monperejeanmamy.fr\/wp-content\/uploads\/2021\/03\/Lettre-suivante.jpg\" alt=\"\" width=\"139\" height=\"76\" \/><\/a><\/p>\n<p style=\"text-align: center;\"><strong>Mercredi 23 Mars 1949<br \/>\n<\/strong><\/p>\n<p style=\"text-align: center;\">Mon ch\u00e9ri,<\/p>\n<p style=\"text-align: justify;\">Tu ne m&rsquo;en voudras pas de ne pas t&rsquo;\u00e9crire ce soir. J&rsquo;ai eu une journ\u00e9e abrutissante de travail. Il est minuit. Je n&rsquo;ai pas cess\u00e9 de taper \u00e0 la machine de toute la soir\u00e9e. J&rsquo;ai h\u00e2te de poser ma t\u00eate sur l&rsquo;oreiller. Je t&rsquo;y emm\u00e8ne d&rsquo;ailleurs avec moi.<\/p>\n<p style=\"text-align: justify;\">Bonsoir, Mon ch\u00e9ri.<\/p>\n<p style=\"text-align: justify;\">JR<\/p>\n","protected":false},"excerpt":{"rendered":"<p>Mercredi 23 Mars 1949 Mon ch\u00e9ri, Tu ne m&rsquo;en voudras pas de ne pas t&rsquo;\u00e9crire ce soir. J&rsquo;ai eu une journ\u00e9e abrutissante de travail. Il est minuit. Je n&rsquo;ai pas cess\u00e9 de taper \u00e0 la machine de toute la soir\u00e9e. &hellip; <a href=\"https:\/\/monperejeanmamy.fr\/?page_id=3168\">Continuer la lecture <span class=\"meta-nav\">&rarr;<\/span><\/a><\/p>\n","protected":false},"author":2,"featured_media":11,"parent":0,"menu_order":0,"comment_status":"closed","ping_status":"closed","template":"","meta":[],"folder":[],"_links":{"self":[{"href":"https:\/\/monperejeanmamy.fr\/index.php?rest_route=\/wp\/v2\/pages\/3168"}],"collection":[{"href":"https:\/\/monperejeanmamy.fr\/index.php?rest_route=\/wp\/v2\/pages"}],"about":[{"href":"https:\/\/monperejeanmamy.fr\/index.php?rest_route=\/wp\/v2\/types\/page"}],"author":[{"embeddable":true,"href":"https:\/\/monperejeanmamy.fr\/index.php?rest_route=\/wp\/v2\/users\/2"}],"replies":[{"embeddable":true,"href":"https:\/\/monperejeanmamy.fr\/index.php?rest_route=%2Fwp%2Fv2%2Fcomments&post=3168"}],"version-history":[{"count":2,"href":"https:\/\/monperejeanmamy.fr\/index.php?rest_route=\/wp\/v2\/pages\/3168\/revisions"}],"predecessor-version":[{"id":3174,"href":"https:\/\/monperejeanmamy.fr\/index.php?rest_route=\/wp\/v2\/pages\/3168\/revisions\/3174"}],"wp:featuredmedia":[{"embeddable":true,"href":"https:\/\/monperejeanmamy.fr\/index.php?rest_route=\/wp\/v2\/media\/11"}],"wp:attachment":[{"href":"https:\/\/monperejeanmamy.fr\/index.php?rest_route=%2Fwp%2Fv2%2Fmedia&parent=3168"}],"wp:term":[{"taxonomy":"folder","embeddable":true,"href":"https:\/\/monperejeanmamy.fr\/index.php?rest_route=%2Fwp%2Fv2%2Ffolder&post=3168"}],"curies":[{"name":"wp","href":"https:\/\/api.w.org\/{rel}","templated":true}]}}