{"id":3175,"date":"2021-06-02T18:24:09","date_gmt":"2021-06-02T16:24:09","guid":{"rendered":"http:\/\/monperejeanmamy.fr\/?page_id=3175"},"modified":"2024-01-27T16:02:32","modified_gmt":"2024-01-27T15:02:32","slug":"jr-a-jm-49-03-25","status":"publish","type":"page","link":"https:\/\/monperejeanmamy.fr\/?page_id=3175","title":{"rendered":"JR \u00e0 JM (49\/03\/25)"},"content":{"rendered":"<p><a href=\"http:\/\/monperejeanmamy.fr\/?page_id=3172\"><img loading=\"lazy\" class=\"wp-image-1352 alignleft\" src=\"http:\/\/monperejeanmamy.fr\/wp-content\/uploads\/2021\/03\/Lettre-precedente.jpg\" alt=\"\" width=\"143\" height=\"78\" \/><\/a><a href=\"http:\/\/monperejeanmamy.fr\/?page_id=3181\"><img loading=\"lazy\" class=\"alignright wp-image-1353\" src=\"http:\/\/monperejeanmamy.fr\/wp-content\/uploads\/2021\/03\/Lettre-suivante.jpg\" alt=\"\" width=\"139\" height=\"76\" \/><\/a><\/p>\n<p style=\"text-align: center;\"><strong>Vendredi 25 Mars 1949<br \/>\n<\/strong><\/p>\n<p style=\"text-align: center;\">Mon ch\u00e9ri,<\/p>\n<p style=\"text-align: justify;\">Ce soir, vraiment, je ne sais plus quoi t&rsquo;\u00e9crire. On a beau avoir grande confiance, on a beau avoir des pr\u00e9cisions qui permettent d&rsquo;esp\u00e9rer beaucoup, on a beau croire de plus en plus au succ\u00e8s final, on est terriblement impressionn\u00e9e. On h\u00e9site \u00e0 t&rsquo;\u00e9crire \u2014de peur que ces pauvres mots qui ne peuvent pas t&rsquo;apporter une certitude absolue\u2014 ne te soient pas d&rsquo;un grand secours.<\/p>\n<p style=\"text-align: justify;\">On n&rsquo;ose pas ne t&rsquo;envoyer que ce que contient notre c\u0153ur. On voudrait faire tellement plus. Mais on l&rsquo;ouvre tout grand pour toi et si tu veux bien y puiser, tu y trouveras peut-\u00eatre quand m\u00eame du bonheur, car il en est rempli.<\/p>\n<p style=\"text-align: justify;\">Et puis, d&rsquo;ici que ma lettre te parvienne, il est possible que tu aies re\u00e7u, d\u00e9j\u00e0, une bonne nouvelle (car Leroy ne manquera pas de t&rsquo;aviser aussit\u00f4t). Je redoute presque autant cette annonce qui me bouleversera de joie. Tu connais mes r\u00e9actions quand mon bonheur est trop grand. Je vais s\u00fbrement, moi qui n&rsquo;ai pas pleur\u00e9 \u00e0 la lecture du verdict, fondre en larmes comme une petite sotte.<\/p>\n<p style=\"text-align: justify;\">Car de plus en plus, je crois \u00e0 ta gr\u00e2ce.<\/p>\n<p style=\"text-align: justify;\">J&rsquo;en parlais avec Me Leroy ce soir. Il y a beaucoup d&rsquo;espoir. Il m&rsquo;a donn\u00e9 de tes bonnes nouvelles, m&rsquo;a dit combien tu es calme. (Je m&rsquo;en doute bien que tu es calme. Je sais bien que tu t&rsquo;efforces \u2014ou que tu es tout naturellement\u2014 d\u00e9tach\u00e9 des choses d&rsquo;ici-bas\u2014 Je ne dis trop rien cette semaine. Mais, apr\u00e8s, je vais m&#8217;employer \u00e0 ce que tu reprennes go\u00fbt \u00e0 la vie. Je ne suis pas du tout d\u00e9cid\u00e9e \u00e0 vivre avec quelqu&rsquo;un qui d\u00e9daigne \u00e0 ce point la vie terrestre).<\/p>\n<p style=\"text-align: justify;\">J&rsquo;ai re\u00e7u une adorable lettre du pasteur. Il m&rsquo;inonde de bonnes paroles. Il m&rsquo;assure que j&rsquo;ai la Foi. Il prie pour toi et pour moi. Il est affectueux au possible. Je l&rsquo;aime beaucoup parce qu&rsquo;il est la bont\u00e9 m\u00eame.<\/p>\n<p style=\"text-align: justify;\">Ne t&rsquo;\u00e9tonne pas d&rsquo;avoir, au d\u00e9but de la semaine prochaine, un retard dans le courrier. On annonce une petite gr\u00e8ve des facteurs pour lundi matin \u2014pour la premi\u00e8re lev\u00e9e au moins.<\/p>\n<p style=\"text-align: justify;\">Je crois qu&rsquo;il ne faut pas attendre de d\u00e9cision avant mardi prochain.<\/p>\n<p style=\"text-align: justify;\">Nous allons t\u00e2cher de ne pas nous impatienter. Nous sommes, en tous cas, absolument tranquilles. Je t&rsquo;assure que je passe des nuits excellentes. Je ne dormirais certes pas de la nuit si j&rsquo;avais un doute. Non, je t&rsquo;assure, je suis tranquille. Et la conversation t\u00e9l\u00e9phonique que Leroy a eue ce matin est, elle aussi, rassurante.<\/p>\n<p style=\"text-align: justify;\">Je t&#8217;embrasse de toutes mes forces.<\/p>\n<p style=\"text-align: justify;\">JR<\/p>\n<p style=\"text-align: justify;\">Et Fr\u00e9d\u00e9ric t&rsquo;envoie un gros et pur baiser. Je t\u00e9l\u00e9phone chaque soir\u00a0 ta m\u00e8re. Elle va tr\u00e8s bien.<\/p>\n<p style=\"text-align: justify;\">\n","protected":false},"excerpt":{"rendered":"<p>Vendredi 25 Mars 1949 Mon ch\u00e9ri, Ce soir, vraiment, je ne sais plus quoi t&rsquo;\u00e9crire. On a beau avoir grande confiance, on a beau avoir des pr\u00e9cisions qui permettent d&rsquo;esp\u00e9rer beaucoup, on a beau croire de plus en plus au &hellip; <a href=\"https:\/\/monperejeanmamy.fr\/?page_id=3175\">Continuer la lecture <span class=\"meta-nav\">&rarr;<\/span><\/a><\/p>\n","protected":false},"author":2,"featured_media":11,"parent":0,"menu_order":0,"comment_status":"closed","ping_status":"closed","template":"","meta":[],"folder":[],"_links":{"self":[{"href":"https:\/\/monperejeanmamy.fr\/index.php?rest_route=\/wp\/v2\/pages\/3175"}],"collection":[{"href":"https:\/\/monperejeanmamy.fr\/index.php?rest_route=\/wp\/v2\/pages"}],"about":[{"href":"https:\/\/monperejeanmamy.fr\/index.php?rest_route=\/wp\/v2\/types\/page"}],"author":[{"embeddable":true,"href":"https:\/\/monperejeanmamy.fr\/index.php?rest_route=\/wp\/v2\/users\/2"}],"replies":[{"embeddable":true,"href":"https:\/\/monperejeanmamy.fr\/index.php?rest_route=%2Fwp%2Fv2%2Fcomments&post=3175"}],"version-history":[{"count":4,"href":"https:\/\/monperejeanmamy.fr\/index.php?rest_route=\/wp\/v2\/pages\/3175\/revisions"}],"predecessor-version":[{"id":3321,"href":"https:\/\/monperejeanmamy.fr\/index.php?rest_route=\/wp\/v2\/pages\/3175\/revisions\/3321"}],"wp:featuredmedia":[{"embeddable":true,"href":"https:\/\/monperejeanmamy.fr\/index.php?rest_route=\/wp\/v2\/media\/11"}],"wp:attachment":[{"href":"https:\/\/monperejeanmamy.fr\/index.php?rest_route=%2Fwp%2Fv2%2Fmedia&parent=3175"}],"wp:term":[{"taxonomy":"folder","embeddable":true,"href":"https:\/\/monperejeanmamy.fr\/index.php?rest_route=%2Fwp%2Fv2%2Ffolder&post=3175"}],"curies":[{"name":"wp","href":"https:\/\/api.w.org\/{rel}","templated":true}]}}