{"id":3181,"date":"2021-06-02T19:32:18","date_gmt":"2021-06-02T17:32:18","guid":{"rendered":"http:\/\/monperejeanmamy.fr\/?page_id=3181"},"modified":"2024-01-27T16:06:26","modified_gmt":"2024-01-27T15:06:26","slug":"jr-a-jm-49-03-27","status":"publish","type":"page","link":"https:\/\/monperejeanmamy.fr\/?page_id=3181","title":{"rendered":"JR \u00e0 JM (49\/03\/27)"},"content":{"rendered":"<p><a href=\"http:\/\/monperejeanmamy.fr\/?page_id=3175\"><img loading=\"lazy\" class=\"wp-image-1352 alignleft\" src=\"http:\/\/monperejeanmamy.fr\/wp-content\/uploads\/2021\/03\/Lettre-precedente.jpg\" alt=\"\" width=\"143\" height=\"78\" \/><\/a><\/p>\n<p style=\"text-align: center;\"><strong>Dimanche 27 Mars 1949<br \/>\n<\/strong><\/p>\n<p style=\"text-align: center;\">Mon ch\u00e9ri,<\/p>\n<p style=\"text-align: justify;\">Je ne sais pas comment tu peux supporter cette attente. Moi, je n&rsquo;en peux plus d&rsquo;impatience. Malgr\u00e9 tout <u>l&rsquo;espoir <\/u>que je continue \u00e0 avoir, je ne serai tout \u00e0 fait tranquille que lorsque j&rsquo;aurai la <u>certitude<\/u> d&rsquo;une gr\u00e2ce.<\/p>\n<p style=\"text-align: justify;\">Et je trouve bien cruel de nous laisser si longtemps dans cette affreuse incertitude.<\/p>\n<p style=\"text-align: justify;\">Car sais-tu bien que je serais inconsolable si je devais te perdre ? Te rends-tu compte de la place que, depuis quinze ans, tu as pris dans mes pens\u00e9es ? Dommage que je n&rsquo;en aie pas pris autant dans les tiennes ! Le temps t&rsquo;aurait manqu\u00e9 pour t&rsquo;occuper d&rsquo;autres choses et bien des inqui\u00e9tudes nous auraient \u00e9t\u00e9 \u00e9vit\u00e9es.<\/p>\n<p style=\"text-align: justify;\">Mais, ne revenons pas en arri\u00e8re. Et continuons \u00e0 esp\u00e9rer. Cette journ\u00e9e de dimanche sera longue pour tous. L&rsquo;absence de courrier est p\u00e9nible (on ne peut \u00eatre pr\u00e9venus que par courrier) et demain lundi, par suite de la gr\u00e8ve des facteurs, il n&rsquo;y aura pas de distribution le matin (de 1<sup>\u00e8re<\/sup> distribution tout au moins). Et cela me privera de la joie de te lire avant de partir au bureau. Tu as d\u00fb certainement m&rsquo;\u00e9crire vendredi. Je suis furieuse de cette gr\u00e8ve des facteurs.<\/p>\n<p style=\"text-align: justify;\">J&rsquo;ai t\u00e9l\u00e9phon\u00e9 \u00e0 Me Leroy tout \u00e0 l&rsquo;heure. Il attend patiemment les prochains courriers. Il a bon espoir. Sa visite au pr\u00e9sident, la d\u00e9marche faite, les bons \u00e9l\u00e9ments du dossier qu&rsquo;il a mis en valeur, les r\u00e9serves admises en raison des rapports (tr\u00e8s important) donnent confiance. Mais que c&rsquo;est long, Mon Dieu, que c&rsquo;est long.<\/p>\n<p style=\"text-align: justify;\">Il est vrai qu&rsquo;il ne faut pas se plaindre de ce que la d\u00e9cision se fasse attendre. Si elle avait d\u00fb \u00eatre d\u00e9favorable, il me semble qu&rsquo;elle aurait \u00e9t\u00e9 rendue tout de suite, sans h\u00e9sitation. Oui, plus elle tarde, plus j&rsquo;ai confiance. Le cas est troublant, a-t-on dit. On l&rsquo;\u00e9tudie avec la plus grande attention. Il faut \u00eatre patients.<\/p>\n<p style=\"text-align: justify;\">Je t&#8217;embrasse comme tu le souhaites, de tout mon c\u0153ur, tr\u00e8s tendrement.<\/p>\n<p style=\"text-align: justify;\">JR<\/p>\n<p style=\"text-align: justify;\">Je vais mettre cette lettre en pneu, pour tenter qu&rsquo;elle te parvienne demain, malgr\u00e9 la gr\u00e8ve.<\/p>\n","protected":false},"excerpt":{"rendered":"<p>Dimanche 27 Mars 1949 Mon ch\u00e9ri, Je ne sais pas comment tu peux supporter cette attente. Moi, je n&rsquo;en peux plus d&rsquo;impatience. Malgr\u00e9 tout l&rsquo;espoir que je continue \u00e0 avoir, je ne serai tout \u00e0 fait tranquille que lorsque j&rsquo;aurai &hellip; <a href=\"https:\/\/monperejeanmamy.fr\/?page_id=3181\">Continuer la lecture <span class=\"meta-nav\">&rarr;<\/span><\/a><\/p>\n","protected":false},"author":2,"featured_media":11,"parent":0,"menu_order":0,"comment_status":"closed","ping_status":"closed","template":"","meta":[],"folder":[],"_links":{"self":[{"href":"https:\/\/monperejeanmamy.fr\/index.php?rest_route=\/wp\/v2\/pages\/3181"}],"collection":[{"href":"https:\/\/monperejeanmamy.fr\/index.php?rest_route=\/wp\/v2\/pages"}],"about":[{"href":"https:\/\/monperejeanmamy.fr\/index.php?rest_route=\/wp\/v2\/types\/page"}],"author":[{"embeddable":true,"href":"https:\/\/monperejeanmamy.fr\/index.php?rest_route=\/wp\/v2\/users\/2"}],"replies":[{"embeddable":true,"href":"https:\/\/monperejeanmamy.fr\/index.php?rest_route=%2Fwp%2Fv2%2Fcomments&post=3181"}],"version-history":[{"count":2,"href":"https:\/\/monperejeanmamy.fr\/index.php?rest_route=\/wp\/v2\/pages\/3181\/revisions"}],"predecessor-version":[{"id":3322,"href":"https:\/\/monperejeanmamy.fr\/index.php?rest_route=\/wp\/v2\/pages\/3181\/revisions\/3322"}],"wp:featuredmedia":[{"embeddable":true,"href":"https:\/\/monperejeanmamy.fr\/index.php?rest_route=\/wp\/v2\/media\/11"}],"wp:attachment":[{"href":"https:\/\/monperejeanmamy.fr\/index.php?rest_route=%2Fwp%2Fv2%2Fmedia&parent=3181"}],"wp:term":[{"taxonomy":"folder","embeddable":true,"href":"https:\/\/monperejeanmamy.fr\/index.php?rest_route=%2Fwp%2Fv2%2Ffolder&post=3181"}],"curies":[{"name":"wp","href":"https:\/\/api.w.org\/{rel}","templated":true}]}}