{"id":333,"date":"2021-02-19T10:58:58","date_gmt":"2021-02-19T09:58:58","guid":{"rendered":"http:\/\/monperejeanmamy.fr\/?page_id=333"},"modified":"2021-02-27T10:57:29","modified_gmt":"2021-02-27T09:57:29","slug":"forces-occultes-le-scenario","status":"publish","type":"page","link":"https:\/\/monperejeanmamy.fr\/?page_id=333","title":{"rendered":"Forces occultes, le sc\u00e9nario"},"content":{"rendered":"<p style=\"text-align: justify;\">Le document ci-dessous a \u00e9t\u00e9 r\u00e9alis\u00e9 et mis en page par Fr\u00e9d\u00e9ric-Georges Roux en d\u00e9cembre 2011 \u00e0 partir de la bande sonore et d&rsquo;images captur\u00e9es dans une des versions du film <em>Forces Occultes<\/em> en ligne sur le Web,<\/p>\n<p style=\"text-align: justify;\">Conform\u00e9ment aux ordonnances du 26 ao\u00fbt 1944 et du 28 novembre 1944, Jean Mamy a \u00e9t\u00e9 condamn\u00e9 \u00e0 la privation, entre autres, des droits civiques et des droits d&rsquo;auteur. De ce fait, personne ne peut revendiquer de droit d&rsquo;auteur sur ce film qui est tomb\u00e9 dans le domaine. En revanche, le pr\u00e9sent texte ci-apr\u00e8s et sa mise en page sont une conception de Fr\u00e9d\u00e9ric-Georges Roux et donc sa propri\u00e9t\u00e9 intellectuelle. En cons\u00e9quence, toute reproduction, sur quelque support que ce soit, est interdite sans son autorisation \u00e9crite ou celle de ses ayants-droit.<\/p>\n<a href=\"\/?pdfemb-serveurl=http%3A%2F%2Fmonperejeanmamy.fr%2Fwp-content%2Fuploads%2Fsecurepdfs%2F2021%2F02%2FForces-occultes-presentation-version-web.pdf\" class=\"pdfemb-viewer\" style=\"\" data-width=\"max\" data-height=\"max\" data-mobile-width=\"500\"  data-scrollbar=\"none\" data-download=\"off\" data-tracking=\"on\" data-newwindow=\"on\" data-pagetextbox=\"off\" data-scrolltotop=\"off\" data-startzoom=\"100\" data-startfpzoom=\"100\" data-download-nonce=\"1a63146067\" data-disablerightclick=\"on\" data-toolbar=\"both\" data-toolbar-fixed=\"off\">Forces occultes pr\u00e9sentation version web<br\/><\/a>\n","protected":false},"excerpt":{"rendered":"<p>Le document ci-dessous a \u00e9t\u00e9 r\u00e9alis\u00e9 et mis en page par Fr\u00e9d\u00e9ric-Georges Roux en d\u00e9cembre 2011 \u00e0 partir de la bande sonore et d&rsquo;images captur\u00e9es dans une des versions du film Forces Occultes en ligne sur le Web, Conform\u00e9ment aux &hellip; <a href=\"https:\/\/monperejeanmamy.fr\/?page_id=333\">Continuer la lecture <span class=\"meta-nav\">&rarr;<\/span><\/a><\/p>\n","protected":false},"author":1,"featured_media":0,"parent":0,"menu_order":0,"comment_status":"closed","ping_status":"closed","template":"","meta":[],"folder":[],"_links":{"self":[{"href":"https:\/\/monperejeanmamy.fr\/index.php?rest_route=\/wp\/v2\/pages\/333"}],"collection":[{"href":"https:\/\/monperejeanmamy.fr\/index.php?rest_route=\/wp\/v2\/pages"}],"about":[{"href":"https:\/\/monperejeanmamy.fr\/index.php?rest_route=\/wp\/v2\/types\/page"}],"author":[{"embeddable":true,"href":"https:\/\/monperejeanmamy.fr\/index.php?rest_route=\/wp\/v2\/users\/1"}],"replies":[{"embeddable":true,"href":"https:\/\/monperejeanmamy.fr\/index.php?rest_route=%2Fwp%2Fv2%2Fcomments&post=333"}],"version-history":[{"count":6,"href":"https:\/\/monperejeanmamy.fr\/index.php?rest_route=\/wp\/v2\/pages\/333\/revisions"}],"predecessor-version":[{"id":754,"href":"https:\/\/monperejeanmamy.fr\/index.php?rest_route=\/wp\/v2\/pages\/333\/revisions\/754"}],"wp:attachment":[{"href":"https:\/\/monperejeanmamy.fr\/index.php?rest_route=%2Fwp%2Fv2%2Fmedia&parent=333"}],"wp:term":[{"taxonomy":"folder","embeddable":true,"href":"https:\/\/monperejeanmamy.fr\/index.php?rest_route=%2Fwp%2Fv2%2Ffolder&post=333"}],"curies":[{"name":"wp","href":"https:\/\/api.w.org\/{rel}","templated":true}]}}