{"id":355,"date":"2021-02-19T15:33:19","date_gmt":"2021-02-19T14:33:19","guid":{"rendered":"http:\/\/monperejeanmamy.fr\/?page_id=355"},"modified":"2021-03-06T10:41:26","modified_gmt":"2021-03-06T09:41:26","slug":"veille-darmes","status":"publish","type":"page","link":"https:\/\/monperejeanmamy.fr\/?page_id=355","title":{"rendered":"Veille d&rsquo;armes"},"content":{"rendered":"<p style=\"text-align: justify;\"><em>Veille d&rsquo;armes<\/em> est un film fran\u00e7ais en noir et blanc r\u00e9alis\u00e9 par Jacques de Baroncelli et sorti en France le 1er mai 1925.<\/p>\n<p style=\"text-align: justify;\"><img loading=\"lazy\" class=\"alignright size-full wp-image-356\" src=\"http:\/\/monperejeanmamy.fr\/wp-content\/uploads\/2021\/02\/Veille-d-armes-affiche.jpg\" alt=\"\" width=\"212\" height=\"286\" \/>Sujet : le capitaine d&rsquo;un cuirass\u00e9 coul\u00e9 lors d&rsquo;un combat est traduit en conseil de guerre pour avoir commis une faute. Sa femme, pr\u00e9sente \u00e0 bord \u00e0 l&rsquo;insu de son mari, parvient \u00e0 le disculper.<\/p>\n<p style=\"text-align: justify;\">Le sc\u00e9nario est de\u00a0Jacques de Baroncelli, d&rsquo;apr\u00e8s une pi\u00e8ce\u00a0 en 5 actes de Claude Farr\u00e8re et Lucien N\u00e9poty repr\u00e9sent\u00e9e pour la premi\u00e8re fois au th\u00e9\u00e2tre du Gymnase le 5 janvier 1917. Jean Mamy y tient le r\u00f4le d&rsquo;un marin.<\/p>\n<h2>Distribution<\/h2>\n<ul>\n<li>Maurice Schutz : le commandant de Corlaix<\/li>\n<li>Jean Bradin : l&rsquo;enseigne de vaisseau d&rsquo;Artelles<\/li>\n<li>Gaston Modot : le lieutenant de vaisseau Brambourg<\/li>\n<li>Abel Sovet : un lieutenant<\/li>\n<li>Fabien Haziza : le cannonier Leduc<\/li>\n<li>Jean Mamy : un marin<\/li>\n<li>Adolphe Cand\u00e9 : le commandant Morbraz<\/li>\n<li>Annette Benson : Alice de Corlaix<\/li>\n<li>Nina Vanna : Jeanne de Corlaix<\/li>\n<\/ul>\n<p>&nbsp;<\/p>\n","protected":false},"excerpt":{"rendered":"<p>Veille d&rsquo;armes est un film fran\u00e7ais en noir et blanc r\u00e9alis\u00e9 par Jacques de Baroncelli et sorti en France le 1er mai 1925. Sujet : le capitaine d&rsquo;un cuirass\u00e9 coul\u00e9 lors d&rsquo;un combat est traduit en conseil de guerre pour &hellip; <a href=\"https:\/\/monperejeanmamy.fr\/?page_id=355\">Continuer la lecture <span class=\"meta-nav\">&rarr;<\/span><\/a><\/p>\n","protected":false},"author":2,"featured_media":0,"parent":0,"menu_order":0,"comment_status":"closed","ping_status":"closed","template":"","meta":[],"folder":[],"_links":{"self":[{"href":"https:\/\/monperejeanmamy.fr\/index.php?rest_route=\/wp\/v2\/pages\/355"}],"collection":[{"href":"https:\/\/monperejeanmamy.fr\/index.php?rest_route=\/wp\/v2\/pages"}],"about":[{"href":"https:\/\/monperejeanmamy.fr\/index.php?rest_route=\/wp\/v2\/types\/page"}],"author":[{"embeddable":true,"href":"https:\/\/monperejeanmamy.fr\/index.php?rest_route=\/wp\/v2\/users\/2"}],"replies":[{"embeddable":true,"href":"https:\/\/monperejeanmamy.fr\/index.php?rest_route=%2Fwp%2Fv2%2Fcomments&post=355"}],"version-history":[{"count":1,"href":"https:\/\/monperejeanmamy.fr\/index.php?rest_route=\/wp\/v2\/pages\/355\/revisions"}],"predecessor-version":[{"id":357,"href":"https:\/\/monperejeanmamy.fr\/index.php?rest_route=\/wp\/v2\/pages\/355\/revisions\/357"}],"wp:attachment":[{"href":"https:\/\/monperejeanmamy.fr\/index.php?rest_route=%2Fwp%2Fv2%2Fmedia&parent=355"}],"wp:term":[{"taxonomy":"folder","embeddable":true,"href":"https:\/\/monperejeanmamy.fr\/index.php?rest_route=%2Fwp%2Fv2%2Ffolder&post=355"}],"curies":[{"name":"wp","href":"https:\/\/api.w.org\/{rel}","templated":true}]}}