{"id":396,"date":"2021-02-22T10:02:09","date_gmt":"2021-02-22T09:02:09","guid":{"rendered":"http:\/\/monperejeanmamy.fr\/?page_id=396"},"modified":"2021-03-14T09:19:55","modified_gmt":"2021-03-14T08:19:55","slug":"au-pilori-14-mars-1941","status":"publish","type":"page","link":"https:\/\/monperejeanmamy.fr\/?page_id=396","title":{"rendered":"\u00ab Mort au Juif \u00bb"},"content":{"rendered":"<p style=\"text-align: center;\"><em>Au Pilori<\/em>, 14 mars 1941 (Paul Riche)<\/p>\n<blockquote>\n<p style=\"text-align: justify;\">Cet article est sans nul doute l\u2019article antis\u00e9mite le plus virulent qui ait \u00e9t\u00e9 \u00e9crit par Paul Riche. Le titre, <em>Mort au Juif<\/em>, dans lequel \u00ab Juif \u00bb est au singulier pourrait, \u00e0 la rigueur, en att\u00e9nuer la port\u00e9e (il ne s\u2019agirait pas d\u2019exterminer \u00ab les Juifs \u00bb mais seulement \u00ab le \u00bb symbole juif \u00bb), mais la teneur des autres articles n&rsquo;apporte gu\u00e8re de circonstances att\u00e9nuantes \u00e0 son antis\u00e9mitisme de plume.<\/p>\n<\/blockquote>\n<p><img loading=\"lazy\" class=\"aligncenter size-full wp-image-398\" src=\"http:\/\/monperejeanmamy.fr\/wp-content\/uploads\/2021\/02\/PRiche-Pilori-19410314-Mort-au-Juif.jpg\" alt=\"\" width=\"1332\" height=\"797\" srcset=\"https:\/\/monperejeanmamy.fr\/wp-content\/uploads\/2021\/02\/PRiche-Pilori-19410314-Mort-au-Juif.jpg 1332w, https:\/\/monperejeanmamy.fr\/wp-content\/uploads\/2021\/02\/PRiche-Pilori-19410314-Mort-au-Juif-300x180.jpg 300w, https:\/\/monperejeanmamy.fr\/wp-content\/uploads\/2021\/02\/PRiche-Pilori-19410314-Mort-au-Juif-1024x613.jpg 1024w, https:\/\/monperejeanmamy.fr\/wp-content\/uploads\/2021\/02\/PRiche-Pilori-19410314-Mort-au-Juif-768x460.jpg 768w, https:\/\/monperejeanmamy.fr\/wp-content\/uploads\/2021\/02\/PRiche-Pilori-19410314-Mort-au-Juif-500x300.jpg 500w\" sizes=\"(max-width: 1332px) 100vw, 1332px\" \/><\/p>\n<p style=\"text-align: justify;\">Ce cri a retenti une centaine de fois au cours des si\u00e8cles. Ce n\u2019est pas un cri de haine. C\u2019est un cri de lib\u00e9ration.<\/p>\n<p style=\"text-align: justify;\">Mort au Juif ! Mort \u00e0 la vilenie, \u00e0 la duplicit\u00e9, \u00e0 la ruse juive ! Mort \u00e0 l\u2019argument juif ! Mort \u00e0 l\u2019usure juive ! Mort \u00e0 la d\u00e9magogie juive ! Mort \u00e0 tout ce qui est faux, laid, sale, r\u00e9pugnant, n\u00e9gro\u00efde, m\u00e9tiss\u00e9, juif ! C\u2019est le dernier recours des hommes blancs traqu\u00e9s, vol\u00e9s, d\u00e9pouill\u00e9s, assassin\u00e9s par les s\u00e9mites et qui retrouvent la force de se d\u00e9gager de l\u2019abominable \u00e9treinte.<\/p>\n<p style=\"text-align: justify;\">Mort au Juif !<\/p>\n<p style=\"text-align: justify;\">C\u2019est l\u2019appel ultime d\u2019un Peuple d\u2019aryens qui est tomb\u00e9 dans le pi\u00e8ge gluant de la g\u00e9n\u00e9rosit\u00e9 et que les fauves juda\u00efques ont assailli.<\/p>\n<p style=\"text-align: justify;\">Mort au Juif ! Voil\u00e0 ce \u00e0 quoi nous sommes r\u00e9duits pour avoir \u00e9t\u00e9 confiants, sans d\u00e9fense, obligeants, charitables, accueillants, pour avoir trait\u00e9 les youpins sur un pied d\u2019\u00e9galit\u00e9, pour avoir accept\u00e9 les grands faux principes de la jud\u00e9o\u00adma\u00e7onnerie, pour nous \u00eatre emp\u00eatr\u00e9s dans le labyrinthe capitaliste de la R\u00e9pu\u00adblique juive, pour avoir \u00e9cout\u00e9 Blum, support\u00e9 Mandel, pour ne pas avoir bott\u00e9 Rotschild, secou\u00e9 Lazard, d\u00e9gringol\u00e9 Halphen, chass\u00e9 Worrns, foudroy\u00e9 Cor\u00adn\u00e9lius Hertz, pulv\u00e9ris\u00e9 les L\u00e9vy, les Cohen, les Kahn, les Kohn et les Kuhn, pour nous \u00eatre enjuivass\u00e9s !<\/p>\n<p style=\"text-align: justify;\">Mort ! Mort au Juif ! Oui. R\u00e9p\u00e9tons. R\u00e9p\u00e9tons-le ! Mort ! M.O.R.T. AU JUIF !<\/p>\n<p style=\"text-align: justify;\">L\u00e0 !<\/p>\n<p style=\"text-align: justify;\">Le Juif n\u2019est pas un homme, c\u2019est une b\u00eate puante. On se d\u00e9barrasse des poux. On combat les \u00e9pid\u00e9mies. On lutte contre les parasites. On monte \u00e0 l\u2019assaut des invasion microbiennes. On se d\u00e9fend contre le mal, contre la mort donc contre le Juif !<\/p>\n<p style=\"text-align: justify;\">Il faut extirper de la nation tout ce qui est juif. C\u2019est une n\u00e9cessit\u00e9 vitale. C\u2019est la seule condition de renaissance possible. Sans cela, nous ne gu\u00e9rirons pas\u00a0; nous ne nous rel\u00e8verons pas ; nous ne redeviendrons jamais la France.<\/p>\n<p style=\"text-align: justify;\">Il y eut dans le monde des probl\u00e8mes douloureux. des catastrophes nationa\u00adles : invasions de sauterelles, \u00e9ruptions volcaniques, inondations, l\u00e8pre\u00a0; nous luttons contre l\u2019alcoolisme. le ch\u00f4mage, la syphilis, la tuberculose. Depuis deux si\u00e8cles, le Juif est la maladie de la France.<\/p>\n<p style=\"text-align: justify;\">C\u2019est le microbe dont nous souffrons. Faisons \u0153uvrc de salubrit\u00e9 publique en repoussant le Juif ! En l\u2019obligeant \u00e0 s\u2019\u00e9loigner ! A vivre o\u00f9 il voudra, mais pas ici, mais pas chez nous, mais pas sur le sol de notre patrie que nous avons mis deux mille ans \u00e0 construire et deux cents ans d\u2019enjuivement ma\u00e7onnico-\u00adanglais \u00e0 perdre.<\/p>\n<p style=\"text-align: justify;\">L\u2019Europe est aryenne. La France est celte, gauloise, latine, aryenne. Hors d\u2019ici. les s\u00e9mites\u00a0!<\/p>\n<p style=\"text-align: justify;\">Chassons le Juif ! Mort an Juif\u00a0!<\/p>\n<p style=\"text-align: justify;\">Car enfin, bon Dieu ! La petite plaisanterie d\u00e9passe les bornes. On nous tua 1.700.000 des n\u00f4tres entre 1914 et 1918, on nous vola tout notre argent, on nous poussa \u00e0 la catastrophe de 1940, deux millions d\u2019entre-nous sont prisonniers. tout cela pour des int\u00e9r\u00eats juifs ! Pour que Rotschild, Lazard, Halphcn, Stern, David-Weil, Bloch-Lain\u00e9, Fould, Heine, Beckmann, Cahcn d\u2019Anvers, Maycr et autres repus d\u2019or puissent suer leur graisse dans les ch\u00e2teaux de province, pour que tous ces youtres \u00e0 milliards (qu\u2019ils nous ont extorqu\u00e9s) puissent continuer leur m\u00e9tier d\u2019usuriers \u00e0 notre d\u00e9triment !<\/p>\n<p style=\"text-align: justify;\">Il est un moment o\u00f9 le vase d\u00e9borde. Nous n\u2019en pouvons plus d\u2019indignation. I1 nous faut agir.<\/p>\n<p style=\"text-align: justify;\">Et puisque les avertissements. les campagnes, les protestations n\u2019ont pas l\u2019air d\u2019\u00e9mouvoir les Juifs de Vichy et leurs hommes de paille, qu\u2019ils nous d\u00e9l\u00e8\u00adguent en grands visiteurs charg\u00e9s de copieuse missions, nous allons proc\u00e9der autrement.<\/p>\n<p style=\"text-align: justify;\">Mort au Juif !<\/p>\n<p style=\"text-align: justify;\">Nous allons constituer une \u00e9quipe de d\u00e9blayage. Il ne sera pas difficile, hein, les gars ! de rassembler une l\u00e9gion antijuive qui se chargera du premier travail. Qu\u2019on nous \u00e9crive ! Vite ! Nous classerons les braves par muscles et par bonne volont\u00e9.<\/p>\n<p style=\"text-align: justify;\">Nous allons faire du bon boulot fran\u00e7ais.<\/p>\n<p style=\"text-align: justify;\">Ah ! Le Juif Worms continue \u00e0 nous d\u00e9fier ! Ah ! Le Juif David-Weil1 est pass\u00e9 \u00e0 Paris ! Ah ! Les commer\u00e7ants juifs ont des combines avec les commis\u00adsaires enjuiv\u00e9s ! Ah ! Les Juifs stockent notre alimentation et font du march\u00e9 noir ! 84 francs le litre d\u2019huile ! 200 fr. le kilo de jambon ! Ah ! Le Juif Gregh, grand manitou du ravitaillement g\u00e9n\u00e9ral derri\u00e8re l\u2019enjuiv\u00e9 Achard, a laiss\u00e9 re\u00advenir \u00e0 vide d\u2019Afrique Occidentale 250.000 tonnes de cargos, pour prot\u00e9ger ses petites combines avec l\u2019Uruguay ! Ah ! Le Juif Rueff a laiss\u00e9 s\u2019\u00e9vader quarante milliards ! Ah ! Les Juifs am\u00e9ricains se m\u00ealent de mettre l\u2019embargo sur notre or, affament la population fran\u00e7aise, attendent avec app\u00e9tit le mois prochain o\u00f9 nous serons priv\u00e9s de pain ! sp\u00e9culent sur nos colonies, jouent avec notre peau et celle des malheureux Fran\u00e7ais qu\u2019ils entourloupent dans les troupes gaullis\u00adtes, nous conduisent a une d\u00e9faite plus grave encore que celle de l\u2019\u00e9t\u00e9 dernier\u00a0! veulent nous faire d\u00e9finitivement crever ! Eh bien ! Ils cr\u00e8veront avant nous ! Mort au Juif !<\/p>\n<p style=\"text-align: justify;\">Entendez-vous, Parisiens, Fran\u00e7ais de la zone occup\u00e9e ! Demain, il n\u2019y aura plus de pain, plus de viande ici pendant qu\u2019en zone non occup\u00e9e on tue 15.000 t\u00eates de b\u00e9tail de trop en un mois, et que l\u2019Afrique du Nard regorge de stocks !<\/p>\n<p style=\"text-align: justify;\">Demain, il y aura pour les paysans fran\u00e7ais une catastrophe encore plus grave. Partout, en zone non occup\u00e9e, individuellement, avec pr\u00e9caution, sans bruit, les Juifs ont ACHET\u00c9 LA TERRE. Contre du papier-monnaie. nos culti\u00advateurs ont vendu leurs fermes, leurs champs, leurs b\u00eates, leurs outils. Ils sont devenus les fermiers des Juifs. Des dizaines de milliers d\u2019hectares sont depuis cet \u00e9t\u00e9 AUX MAINS DES JUIFS. ALERTE ! ALERTE ! Nous disons ici, sa\u00adchant bien quels seront nos moyens futurs et nos buts, qu\u2019un jour nous rendrons la terre aux paysans, mais que nous ne rendrons pas l\u2019argent aux Juifs. Mort au Juif, voleur de notre sol national !<\/p>\n<p style=\"text-align: justify;\">En avant les gars !<\/p>\n<p style=\"text-align: justify;\">Formons la cha\u00eene ! Ici, on veut des c\u0153urs, propres, pour le grand d\u00e9\u00adblayage ! De n\u2019importe quel parti, pourvu que l\u2019homme sait de sang blanc ! I1 est temps que finisse la com\u00e9die imprudente des youtres qui se gorgent de nos efforts et qui exploitent odieusement l\u2019ouvrier fran\u00e7ais.<\/p>\n<p style=\"text-align: justify;\">Juifs et capitalistes, c\u2019est tout un ! Youtres et enjuiv\u00e9s sont complices ! Les usuriers et les marchands noirs paieront le meurtre de nos <a href=\"http:\/\/fils.de\">fils. de<\/a> nos fr\u00e8res et les souffrances du Peuple !<\/p>\n<p style=\"text-align: justify;\">Ecrasons les poux ! Mort au Juif ! Que la France se reprenne, se rel\u00e8ve, se r\u00e9veille, se rassemble, se gare du danger, combatte pour elle-m\u00eame.<\/p>\n<p style=\"text-align: justify;\">Mort au Juif ! Au secours les \u00ab go\u00efm \u00bb, les petits gars en qui br\u00fble encore un peu de feu du pays fran\u00e7ais, qui croient que l\u2019avenir est possible et que tout peut \u00eatre sauv\u00e9 ! Venez \u00e0 nous !<\/p>\n<p style=\"text-align: justify;\">Mort, mort \u00e0 tout ce qui est Juif.<\/p>\n<p style=\"text-align: right;\"><strong>Paul Riche<\/strong><\/p>\n","protected":false},"excerpt":{"rendered":"<p>Au Pilori, 14 mars 1941 (Paul Riche) Cet article est sans nul doute l\u2019article antis\u00e9mite le plus virulent qui ait \u00e9t\u00e9 \u00e9crit par Paul Riche. Le titre, Mort au Juif, dans lequel \u00ab Juif \u00bb est au singulier pourrait, \u00e0 &hellip; <a href=\"https:\/\/monperejeanmamy.fr\/?page_id=396\">Continuer la lecture <span class=\"meta-nav\">&rarr;<\/span><\/a><\/p>\n","protected":false},"author":1,"featured_media":397,"parent":0,"menu_order":0,"comment_status":"closed","ping_status":"closed","template":"","meta":[],"folder":[],"_links":{"self":[{"href":"https:\/\/monperejeanmamy.fr\/index.php?rest_route=\/wp\/v2\/pages\/396"}],"collection":[{"href":"https:\/\/monperejeanmamy.fr\/index.php?rest_route=\/wp\/v2\/pages"}],"about":[{"href":"https:\/\/monperejeanmamy.fr\/index.php?rest_route=\/wp\/v2\/types\/page"}],"author":[{"embeddable":true,"href":"https:\/\/monperejeanmamy.fr\/index.php?rest_route=\/wp\/v2\/users\/1"}],"replies":[{"embeddable":true,"href":"https:\/\/monperejeanmamy.fr\/index.php?rest_route=%2Fwp%2Fv2%2Fcomments&post=396"}],"version-history":[{"count":5,"href":"https:\/\/monperejeanmamy.fr\/index.php?rest_route=\/wp\/v2\/pages\/396\/revisions"}],"predecessor-version":[{"id":1468,"href":"https:\/\/monperejeanmamy.fr\/index.php?rest_route=\/wp\/v2\/pages\/396\/revisions\/1468"}],"wp:featuredmedia":[{"embeddable":true,"href":"https:\/\/monperejeanmamy.fr\/index.php?rest_route=\/wp\/v2\/media\/397"}],"wp:attachment":[{"href":"https:\/\/monperejeanmamy.fr\/index.php?rest_route=%2Fwp%2Fv2%2Fmedia&parent=396"}],"wp:term":[{"taxonomy":"folder","embeddable":true,"href":"https:\/\/monperejeanmamy.fr\/index.php?rest_route=%2Fwp%2Fv2%2Ffolder&post=396"}],"curies":[{"name":"wp","href":"https:\/\/api.w.org\/{rel}","templated":true}]}}