{"id":400,"date":"2021-02-22T15:57:45","date_gmt":"2021-02-22T14:57:45","guid":{"rendered":"http:\/\/monperejeanmamy.fr\/?page_id=400"},"modified":"2021-02-24T09:04:57","modified_gmt":"2021-02-24T08:04:57","slug":"au-pilori-17-janvier-1941","status":"publish","type":"page","link":"https:\/\/monperejeanmamy.fr\/?page_id=400","title":{"rendered":"Lettre ouverte d&rsquo;un groupe de lecteurs de \u00a0l&rsquo;ancien \u00ab Paris-Soir \u00bb au sieur Jean Prouvost"},"content":{"rendered":"<p style=\"text-align: center;\"><em>Au Pilori<\/em>, 17 janvier 1941 (Paul Riche)<\/p>\n<p><img loading=\"lazy\" class=\"size-full wp-image-401 alignnone\" src=\"http:\/\/monperejeanmamy.fr\/wp-content\/uploads\/2021\/02\/PRiche-Pilori-19410117-scaled.jpg\" alt=\"\" width=\"2560\" height=\"1004\" srcset=\"https:\/\/monperejeanmamy.fr\/wp-content\/uploads\/2021\/02\/PRiche-Pilori-19410117-scaled.jpg 2560w, https:\/\/monperejeanmamy.fr\/wp-content\/uploads\/2021\/02\/PRiche-Pilori-19410117-300x118.jpg 300w, https:\/\/monperejeanmamy.fr\/wp-content\/uploads\/2021\/02\/PRiche-Pilori-19410117-1024x402.jpg 1024w, https:\/\/monperejeanmamy.fr\/wp-content\/uploads\/2021\/02\/PRiche-Pilori-19410117-768x301.jpg 768w, https:\/\/monperejeanmamy.fr\/wp-content\/uploads\/2021\/02\/PRiche-Pilori-19410117-1536x603.jpg 1536w, https:\/\/monperejeanmamy.fr\/wp-content\/uploads\/2021\/02\/PRiche-Pilori-19410117-2048x803.jpg 2048w, https:\/\/monperejeanmamy.fr\/wp-content\/uploads\/2021\/02\/PRiche-Pilori-19410117-500x196.jpg 500w\" sizes=\"(max-width: 2560px) 100vw, 2560px\" \/><\/p>\n<p><strong>\u00a0<\/strong>Monsieur,<\/p>\n<p style=\"text-align: justify;\">Nous n&rsquo;avons pas l&rsquo;honneur de vous conna\u00eetre personnellement. Si nous ne vous connaissons que par votre journal, dont nous \u00e9tions les assidus lecteurs.<\/p>\n<p style=\"text-align: justify;\">Nous avions, en leur temps, suivi avec int\u00e9r\u00eat les efforts techniques que vous avez d\u00e9ploy\u00e9s pour capter instantan\u00e9ment les nouvelles des quatre coins du monde.<\/p>\n<p style=\"text-align: justify;\">Gr\u00e2ce \u00e0 vous, nous avions l&rsquo;impression d&rsquo;\u00eatre en contact avec l&rsquo;univers entier.<\/p>\n<p style=\"text-align: justify;\">Un univers bien tourment\u00e9 ! Que de crimes en \u00e9talage ! Que de voleurs en vedette ! Que deux nations hostiles \u00e0 la France ! Que d&rsquo;alli\u00e9s g\u00e9n\u00e9reux et babillards !<\/p>\n<p style=\"text-align: justify;\">C&rsquo;\u00e9tait votre univers ! Celui que vous nous d\u00e9criviez cette fois par jour, dans vos sept \u00e9ditions successives.<\/p>\n<p style=\"text-align: justify;\">Parmi vos collaborateurs, vous aviez rassembl\u00e9 les plus grands noms fran\u00e7ais et \u00e9trangers : des ministres, des acad\u00e9miciens, des reporters :<\/p>\n<p style=\"text-align: justify;\">L\u00e9on Blum (Juif), Yvon Delbos, Hore Belisha (Juif), Henderson, Andr\u00e9 Maurois (Juif), Andr\u00e9 Chaumeix\u2026<\/p>\n<p style=\"text-align: justify;\">Votre \u00e9quipe isra\u00e9lite \u00e9tait habile : Pierre Lazareff, Jules Sauerwein et les innombrables informateurs youpins plus ou moins anonymes.<\/p>\n<p style=\"text-align: justify;\">Grand journal, <em>Paris-Soir<\/em> ! Tirage : 2 millions.<\/p>\n<p style=\"text-align: justify;\">Nous croyons b\u00e9atement, totalement, ce que vous impr\u00e9gnez (oh ! Nous \u00e9tions cr\u00e9dules\u00a0!).<\/p>\n<p style=\"text-align: justify;\">Vos Isra\u00e9lites Anglais nous ont dit que l&rsquo;Angleterre \u00e9tait l&rsquo;ami de la France. Nous l&rsquo;avons cru.<\/p>\n<p style=\"text-align: justify;\">Vos Isra\u00e9lites allemands, que l&rsquo;Allemagne \u00e9tait terroris\u00e9e par une bande. Nous l&rsquo;avons cru.<\/p>\n<p style=\"text-align: justify;\">Que Hitler \u00e9tait un barbare, un Attila. Nous \u00e9tions pouss\u00e9s \u00e0 le croire. Vous l\u2019imprimiez puissamment. Vous \u00e9taliez des d\u00e9tails en apparence v\u00e9ridique.<\/p>\n<p style=\"text-align: justify;\">Vos Isra\u00e9lites fran\u00e7ais proclamaient, focalisaient que les forces morales, spirituelles et mat\u00e9rielles \u00e9taient du c\u00f4t\u00e9 des D\u00e9mocraties. Nous \u00e9tions b\u00eates, mais nous avons cru cela aussi.<\/p>\n<p style=\"text-align: justify;\">Vous nous avez surtout dit que notre arm\u00e9e \u00e9tait pr\u00eate ; notre ligne Maginot invincible ; nos chefs, comp\u00e9tents ; nos soldats, enthousiastes\u00a0; nos ex-amis anglais loyaux ; que la France \u00e9tait un pays libre ; que les Fran\u00e7ais \u00e9taient les ma\u00eetres chez eux ; et que le racisme n&rsquo;existait pas.<\/p>\n<p style=\"text-align: justify;\">Qu\u2019en regard, l&rsquo;arm\u00e9e allemande \u00e9tait d\u00e9sorganis\u00e9e, rudoy\u00e9e, inf\u00e9rieure \u00e0 la n\u00f4tre en qualit\u00e9 d&rsquo;armes, en moral, en dynamisme ! Sur le point de succomber \u00e0 la famine ! Au blocus ! Priv\u00e9e de p\u00e9trole et de mati\u00e8res premi\u00e8res ! Et que, d\u00e9sesp\u00e9r\u00e9e, elle se montrerait inutilement cruelle, sauvage, sadique !<\/p>\n<p style=\"text-align: justify;\">La sensibilit\u00e9 de votre public s&rsquo;aiguisait \u00e0 la lecture de votre feuille. Les Allemands ! Nous les avions pris \u00e0 tel point pour des massacreurs, et la panique a saisi des millions des n\u00f4tres quand leur arm\u00e9e a crev\u00e9 nos faibles digues de l&rsquo;inexistante ligne de nos fortifications du Nord.<\/p>\n<p style=\"text-align: justify;\">Six millions de lecteurs de <em>Paris-Soir<\/em> se sont enfuis sur les routes, qui croyaient \u00e0 l&rsquo;\u00e9pouvantable, \u00e0 leur mort imm\u00e9diate, \u00e0 la destruction de Paris, \u00e0 l&#8217;emploi des gaz, aux Huns !<\/p>\n<p style=\"text-align: justify;\">\u00c0 tous les racontars imb\u00e9ciles de vos Isra\u00e9lites anglais, fran\u00e7ais, russes, tartare, papous !<\/p>\n<p style=\"text-align: justify;\">De vous pousse-gogos !<\/p>\n<p style=\"text-align: justify;\">Or, Monsieur, depuis cet \u00e9t\u00e9, ces 6 millions de lecteurs sont rentr\u00e9s chez eux, par petits paquets, craintifs, h\u00e9sitants, ne croyant pas retrouver leur toit, osant \u00e0 peine coudoyer les troupes d&rsquo;occupations.<\/p>\n<p style=\"text-align: justify;\">Ils ont relu les anciens num\u00e9ros de votre <em>Paris-Soir<\/em> datant d\u2019\u00e0 peine trois mois, d&rsquo;avant la chute dans l&rsquo;ab\u00eeme.<\/p>\n<p style=\"text-align: justify;\">Que de souvenirs sous nos doigts, Monsieur Prouvost ! Que exclamations sur nos l\u00e8vres !<\/p>\n<p style=\"text-align: justify;\">C&rsquo;est \u00e7a, votre information, votre presse, votre canard, votre \u00e9quipe, votre usine \u00e0 bobards !<\/p>\n<p style=\"text-align: justify;\">Usine \u00e0 mensonges ! \u00c0 calomnies ! \u00c0 pousse-\u00e0-la-guerre ! \u00c0 paniquades ! \u00c0 Maginotteries malgr\u00e9 ! \u00c0\u00a0 Anglichures ! \u00c0 D\u00e9moglousseries ! \u00c0 crachottages sur l&rsquo;adversaire ! \u00c0 Je-fous-mon-camp-sous-l\u2019averse\u00a0! \u00c0 Prouvoscations et trouille\u00a0!<\/p>\n<p style=\"text-align: justify;\">Vous \u00eates le plus sacr\u00e9 grand menteur, la fripouille la plus d\u00e9go\u00fbtante, le salopard le plus immonde, le criminel le plus inf\u00e2me, la mentalit\u00e9 la plus excr\u00e9mentielle, la fleur de cloaque la plus purulente, qui est jamais foul\u00e9 le trottoir de gauche de la rue Montmartre, M. Prouvost !<\/p>\n<p style=\"text-align: justify;\">Et nous nous maintenons ici dans les termes les plus d\u00e9licats de la d\u00e9cence la plus respectueuse.<\/p>\n<p style=\"text-align: justify;\">Quant \u00e0 vos Juifs, ministres et acad\u00e9miciens, ce sont des \u00ab\u00a0boniyoudimenteurs\u00a0\u00bb, de la haute pustule de Yite, des \u00ab\u00a0Ord Belisha\u00a0\u00bb, des \u00ab\u00a0Anglais-Maurois\u00a0\u00bb, des \u00ab\u00a0Porc-Lazareff\u00a0\u00bb.<\/p>\n<p style=\"text-align: justify;\">Il n&rsquo;y a en nous aucune haine contre vous, Monsieur Prouvost, aucune animosit\u00e9.<\/p>\n<p style=\"text-align: justify;\">Mais nous avons des comptes \u00e0 r\u00e9gler froidement<\/p>\n<p style=\"text-align: justify;\">on nous a appris l&rsquo;autre jour une bonne nouvelle.<\/p>\n<p style=\"text-align: justify;\">Il para\u00eet que vous allez revenir \u00e0 Paris, Monsieur Prouvost.<\/p>\n<p style=\"text-align: justify;\">Vous vantez, par personne bien renseign\u00e9e, de r\u00e9int\u00e9grer votre repaire du 1<sup>er<\/sup> arrondissement.<\/p>\n<p style=\"text-align: justify;\">Tant mieux, tant mieux, Monsieur Prouvost. Nous vous attendons. Nous irons m\u00eame vous chercher \u00e0 la gare.<\/p>\n<p style=\"text-align: justify;\">Pour vous dire plus vite ce que nous avons sur le c\u0153ur Monsieur Prouvost.<\/p>\n<p style=\"text-align: justify;\">Et nous en avons ! Plus que nous en pourrons dire ! Nous en avons tellement que cela nous \u00e9touffe ! Et que nous nous pourrons pas exprimer tant nos mots sont gros !<\/p>\n<p style=\"text-align: justify;\">Par ce que, s&rsquo;il ne s&rsquo;agissait que de nous, M. Prouvost ! Mais il y a 2 millions de nos camarades, des lecteurs de <em>Paris-Soir<\/em>, qui sont sur la paille, dans les camps ! Il y a, en outre, 200\u00a0000 autres lecteurs de <em>Paris-Soir<\/em> qui, depuis cet \u00e9t\u00e9, pourrissent lentement dans la terre fran\u00e7aise glac\u00e9e.<\/p>\n<p style=\"text-align: justify;\">Cela fait un sacr\u00e9 syndicat de lecteurs de l&rsquo;ancien <em>Paris-Soir<\/em>, n&rsquo;est-ce pas Monsieur Prouvost\u00a0?<\/p>\n<p style=\"text-align: justify;\">Alors ! Vous me comprenez bien ! Ce ne sont pas nos mots qui sont trop gros ! Ce sont nos poings qui n&rsquo;en peuvent plus d&rsquo;attendre ! Ce sont nos dents qui ont le go\u00fbt de mordre.<\/p>\n<p style=\"text-align: justify;\">Que voulez-vous ! Nous sommes nerveux. Cher Monsieur Prouvost !<\/p>\n<p style=\"text-align: justify;\">Ce sont nos bras qui veulent se d\u00e9tendre et vous serrez \u00e0 vous \u00e9touffer, ce sont nos poitrines qui ont besoin de faire \u00e9clater du mensonge sur elle, ce sont nos yeux qui veulent voir clair devant eux et ne plus rencontrer les bandits.<\/p>\n<p style=\"text-align: justify;\">Revenez-nous vite, Monsieur Prouvost !<\/p>\n<p>La terre a besoin d&rsquo;engrais.<\/p>\n<p style=\"text-align: right;\"><em>Un groupe de lecteurs de l\u2019ex-<\/em>Paris-Soir<br \/>\n<em>pour copie conforme<br \/>\n<\/em><strong>Paul Riche<\/strong><\/p>\n<p>&nbsp;<\/p>\n","protected":false},"excerpt":{"rendered":"<p>Au Pilori, 17 janvier 1941 (Paul Riche) \u00a0Monsieur, Nous n&rsquo;avons pas l&rsquo;honneur de vous conna\u00eetre personnellement. Si nous ne vous connaissons que par votre journal, dont nous \u00e9tions les assidus lecteurs. Nous avions, en leur temps, suivi avec int\u00e9r\u00eat les &hellip; <a href=\"https:\/\/monperejeanmamy.fr\/?page_id=400\">Continuer la lecture <span class=\"meta-nav\">&rarr;<\/span><\/a><\/p>\n","protected":false},"author":1,"featured_media":397,"parent":0,"menu_order":0,"comment_status":"closed","ping_status":"closed","template":"","meta":[],"folder":[],"_links":{"self":[{"href":"https:\/\/monperejeanmamy.fr\/index.php?rest_route=\/wp\/v2\/pages\/400"}],"collection":[{"href":"https:\/\/monperejeanmamy.fr\/index.php?rest_route=\/wp\/v2\/pages"}],"about":[{"href":"https:\/\/monperejeanmamy.fr\/index.php?rest_route=\/wp\/v2\/types\/page"}],"author":[{"embeddable":true,"href":"https:\/\/monperejeanmamy.fr\/index.php?rest_route=\/wp\/v2\/users\/1"}],"replies":[{"embeddable":true,"href":"https:\/\/monperejeanmamy.fr\/index.php?rest_route=%2Fwp%2Fv2%2Fcomments&post=400"}],"version-history":[{"count":4,"href":"https:\/\/monperejeanmamy.fr\/index.php?rest_route=\/wp\/v2\/pages\/400\/revisions"}],"predecessor-version":[{"id":481,"href":"https:\/\/monperejeanmamy.fr\/index.php?rest_route=\/wp\/v2\/pages\/400\/revisions\/481"}],"wp:featuredmedia":[{"embeddable":true,"href":"https:\/\/monperejeanmamy.fr\/index.php?rest_route=\/wp\/v2\/media\/397"}],"wp:attachment":[{"href":"https:\/\/monperejeanmamy.fr\/index.php?rest_route=%2Fwp%2Fv2%2Fmedia&parent=400"}],"wp:term":[{"taxonomy":"folder","embeddable":true,"href":"https:\/\/monperejeanmamy.fr\/index.php?rest_route=%2Fwp%2Fv2%2Ffolder&post=400"}],"curies":[{"name":"wp","href":"https:\/\/api.w.org\/{rel}","templated":true}]}}