{"id":403,"date":"2021-02-22T17:57:05","date_gmt":"2021-02-22T16:57:05","guid":{"rendered":"http:\/\/monperejeanmamy.fr\/?page_id=403"},"modified":"2021-02-27T06:26:11","modified_gmt":"2021-02-27T05:26:11","slug":"selection-darticles-publies-dans-au-pilori","status":"publish","type":"page","link":"https:\/\/monperejeanmamy.fr\/?page_id=403","title":{"rendered":"S\u00e9lection d&rsquo;articles publi\u00e9s dans \u00ab Au Pilori \u00bb"},"content":{"rendered":"<p style=\"text-align: justify;\"><em>Au Pilori<\/em> \u00e9tait un journal hebdomadaire d&rsquo;extr\u00eame droite fond\u00e9 en 1938, qui devint en 1940 l&rsquo;une des publications antis\u00e9mites les plus virulentes de l&rsquo;\u00e9poque de l&rsquo;Occupation.<\/p>\n<p style=\"text-align: justify;\">Il para\u00eet tout d&rsquo;abord sous le titre <em>Le Pilori<\/em>, avant de changer de nom en juillet 1940 \u00e0 la faveur d&rsquo;une \u00e9volution de l&rsquo;\u00e9quipe r\u00e9dactionnelle. Son sous-titre \u00e9tait : \u00ab <em>Hebdomadaire de combat pour la d\u00e9fense des int\u00e9r\u00eats fran\u00e7ais<\/em>\u00a0\u00bb.<\/p>\n<p style=\"text-align: justify;\">Organe social de la R\u00e9novation fran\u00e7aise, <em>Au Pilori<\/em> \u00e9tait dirig\u00e9 par Jean Lestandi, son commanditaire puis directeur administratif, avec pour principaux r\u00e9dacteurs : Lucien Pemjean, Urbain Gohier, Robert-Jullien Courtine, futur chroniqueur gastronomique du Monde, Paul Vigouroux, Jean Marqu\u00e8s-Rivi\u00e8re et Jean Mamy, sous le pseudonyme principal de Paul Riche. Trois directeurs politiques se succ\u00e8dent: Robert Pierret jusqu&rsquo;en septembre 1941, Maurice de S\u00e9r\u00e9 jusqu&rsquo;au 4 f\u00e9vrier 1943 et enfin Jean Drault.<\/p>\n<p style=\"text-align: justify;\">Sa publication \u00e9tait subventionn\u00e9e par les services de propagande allemands. Les membres de l&rsquo;\u00e9quipe n&rsquo;h\u00e9sitaient pas \u00e0 d\u00e9noncer publiquement dans les colonnes de leur journal certaines personnalit\u00e9s soup\u00e7onn\u00e9es \u00e0 tort ou \u00e0 raison d&rsquo;\u00eatre juives, ou telle profession pratiqu\u00e9e par des juifs.<\/p>\n<p style=\"text-align: justify;\">Pendant toute la guerre, la r\u00e9daction du journal occupera l&rsquo;h\u00f4tel particulier du 43 rue de Monceau, dans le 8<sup>\u00e8me<\/sup> arrondissement de Paris<\/p>\n<h1>Articles de Jean Mamy (divers pseudonymes)<\/h1>\n<ul>\n<li><a href=\"http:\/\/monperejeanmamy.fr\/?page_id=396\"><em>Mort au Juif<\/em><\/a>, 14 mars1941, sign\u00e9 Paul Riche<\/li>\n<li><a href=\"http:\/\/monperejeanmamy.fr\/?page_id=400\"><em>Lettre ouverte d&rsquo;un groupe de lecteurs de l&rsquo;ancien \u00ab <\/em>Paris-Soir <em>\u00bb au sieur Pouvost<\/em><\/a>, 17 janvier 1941, sign\u00e9 Paul Riche pour copie conforme<\/li>\n<li><a href=\"http:\/\/monperejeanmamy.fr\/?page_id=429\"><em>\u00c0 la cravache<\/em><\/a>, 24 janvier 1941, sign\u00e9 Paul Riche<\/li>\n<li><a href=\"http:\/\/monperejeanmamy.fr\/?page_id=440\"><em>Pacifiste<\/em>ries<\/a>, 24 janvier 1941, sign\u00e9 J.M. de Renan<\/li>\n<li><a href=\"http:\/\/monperejeanmamy.fr\/?page_id=445\"><em>Nous clouons au pilori : Marc-Astral Rucart<\/em><\/a>, 7 f\u00e9vrier 1041, sign\u00e9 Paul Riche<\/li>\n<li><a href=\"http:\/\/monperejeanmamy.fr\/?page_id=450\"><em>Les yeux dans les yeux, mon Mar\u00e9chal !<\/em><\/a>, 7 f\u00e9vrier 1941 sign\u00e9 Paul Riche<\/li>\n<li><a href=\"http:\/\/monperejeanmamy.fr\/?page_id=457\"><em>La jeunesse qu&rsquo;on s&rsquo;arrache<\/em><\/a>, 21 f\u00e9vrier 1941, sign\u00e9 Paul Riche<\/li>\n<li><a href=\"http:\/\/monperejeanmamy.fr\/?page_id=461\"><em>Que faut-il penser de l&rsquo;Acte Constitutionnel n\u00b07 ?<\/em><\/a>, 21 f\u00e9vrier 1941, Sign\u00e9 J.M.<\/li>\n<li><a href=\"http:\/\/monperejeanmamy.fr\/?page_id=464\"><em>La trahison spirituelle de la Franc-Ma\u00e7onnerie<\/em><\/a>, 21 f\u00e9vrier 1941, sign\u00e9 P.R.<\/li>\n<li><a href=\"http:\/\/monperejeanmamy.fr\/?page_id=467\"><em>Le village de la corruption,<\/em><\/a> 28 f\u00e9vrier 1941, sign\u00e9 P.R.<\/li>\n<li><em><a href=\"http:\/\/monperejeanmamy.fr\/?page_id=471\">Le F:. Marc de caf\u00e9<\/a>,<\/em> 28 f\u00e9vrier 1941, sign\u00e9 Paul Riche<\/li>\n<li><a href=\"http:\/\/monperejeanmamy.fr\/?page_id=492\"><em>Pneu \u00e0 Vauquelin<\/em><\/a>, 28 f\u00e9vrier 1941, sign\u00e9 Jules, puis Paul Riche pour copie conforme<\/li>\n<li><a href=\"http:\/\/monperejeanmamy.fr\/?page_id=497\"><em>Pourquoi ?<\/em><\/a>, 21 mars 1941, sign\u00e9 Paul Riche<\/li>\n<li><a href=\"http:\/\/monperejeanmamy.fr\/?page_id=504\"><em>Le peuple a faim<\/em><\/a>, 21 mars 1041, sign\u00e9 Jean-Charles-Marie<\/li>\n<li><a href=\"http:\/\/monperejeanmamy.fr\/?page_id=511\"><em>Ath\u00e9isme ma\u00e7onnique<\/em><\/a>, 3 avril 1941, sign\u00e9 Paul Riche<\/li>\n<li><a href=\"http:\/\/monperejeanmamy.fr\/?page_id=518\"><em>Et tant pis!&#8230;,<\/em><\/a> 10 avril 1941, sign\u00e9 Paul Riche<\/li>\n<li><a href=\"http:\/\/monperejeanmamy.fr\/?page_id=526\"><em>\u00ab La Presse et les Juifs \u00bb par Lucien Pemjean<\/em>,<\/a> 17 avril 1941, sign\u00e9 P.R.<\/li>\n<li><a href=\"http:\/\/monperejeanmamy.fr\/?page_id=533\"><em>Devrait-il y avoir une question juive en France ?<\/em><\/a>, 17 avril 1941, sign\u00e9 Paul Riche<\/li>\n<li><a href=\"http:\/\/monperejeanmamy.fr\/?page_id=540\"><em>Enjuiv\u00e9s !<\/em><\/a>, 1<sup>er<\/sup> mai 1941, sign\u00e9 Paul Riche<\/li>\n<li><a href=\"http:\/\/monperejeanmamy.fr\/?page_id=548\"><em>Le Haut patronat, \u00e0 la broche !<\/em><\/a>, 8 mai 1941, sign\u00e9 Paul Riche<\/li>\n<li><a href=\"http:\/\/monperejeanmamy.fr\/?page_id=555\"><em>Tirez les premiers, Messieurs les Anglais<\/em><\/a>, 29 mai 1941, sign\u00e9 Paul Riche<\/li>\n<li><a href=\"http:\/\/monperejeanmamy.fr\/?page_id=563\"><em>Pour la R\u00e9publique, Hip ! Hip ! M&#8230; !<\/em><\/a>, 5 juin 1941, sign\u00e9 P.R.<\/li>\n<li><a href=\"http:\/\/monperejeanmamy.fr\/?page_id=570\"><em>Pan, sur le Maroselli !<\/em><\/a>, 6 juin 1941, sign\u00e9 Paul Riche<\/li>\n<li><a href=\"http:\/\/monperejeanmamy.fr\/?page_id=577\"><em>Les Juifs vont-ils \u00eatres frapp\u00e9s interdits ?<\/em><\/a>, 12 juin 1941, sign\u00e9 J.M.<\/li>\n<li><em><a href=\"http:\/\/monperejeanmamy.fr\/?page_id=584\">Guerre \u00e0 l&rsquo;Angleterre, \u00e0 l&rsquo;attaque !<\/a>,<\/em> 12 juin 1941, sign\u00e9 Paul Riche<\/li>\n<li><a href=\"http:\/\/monperejeanmamy.fr\/?page_id=592\"><em>D\u00e9blayage \u00e0 la bombe !<\/em><\/a>, 19 juin 1941, sign\u00e9 Pal Riche<\/li>\n<li><a href=\"http:\/\/monperejeanmamy.fr\/?page_id=601\"><em>Les assises de la Jeunesse fran\u00e7aise, salle Wagram, (14 juin 1941)<\/em><\/a>,\u00a0 19 juin 1941, sign\u00e9 J.M.<\/li>\n<li><a href=\"http:\/\/monperejeanmamy.fr\/?page_id=607\"><em>Les Soviets partout ? Oui, battus ! Les vieillards rouges<\/em><\/a>, 3 juillet 1941, sign\u00e9 Paul Riche<\/li>\n<li><a href=\"http:\/\/monperejeanmamy.fr\/?page_id=614\"><em>Le tout-pourri mondain<\/em><\/a>, 3 juillet 1941, sign\u00e9 P.R.<\/li>\n<li><a href=\"http:\/\/monperejeanmamy.fr\/?page_id=621\"><em>Abel Bonnard et Vauquelin \u00e0 Wagram<\/em><\/a>, 3 juillet 1941, sign\u00e9 P.R.<\/li>\n<li><a href=\"http:\/\/monperejeanmamy.fr\/?page_id=627\"><em>Du Pape mal inform\u00e9 au Pape bien inform\u00e9<\/em><\/a>, 1<sup>e<\/sup> juillet 1943, sign\u00e9 J.M.<\/li>\n<li><a href=\"http:\/\/monperejeanmamy.fr\/?page_id=634\"><em>LE V\u00c9RITABLE SCANDALE DE MEG\u00c8VE<\/em><\/a>, 1<sup>e<\/sup> juillet 1943, sign\u00e9 J.M.<\/li>\n<\/ul>\n<p>&nbsp;<\/p>\n","protected":false},"excerpt":{"rendered":"<p>Au Pilori \u00e9tait un journal hebdomadaire d&rsquo;extr\u00eame droite fond\u00e9 en 1938, qui devint en 1940 l&rsquo;une des publications antis\u00e9mites les plus virulentes de l&rsquo;\u00e9poque de l&rsquo;Occupation. Il para\u00eet tout d&rsquo;abord sous le titre Le Pilori, avant de changer de nom &hellip; <a href=\"https:\/\/monperejeanmamy.fr\/?page_id=403\">Continuer la lecture <span class=\"meta-nav\">&rarr;<\/span><\/a><\/p>\n","protected":false},"author":1,"featured_media":397,"parent":0,"menu_order":0,"comment_status":"closed","ping_status":"closed","template":"","meta":[],"folder":[],"_links":{"self":[{"href":"https:\/\/monperejeanmamy.fr\/index.php?rest_route=\/wp\/v2\/pages\/403"}],"collection":[{"href":"https:\/\/monperejeanmamy.fr\/index.php?rest_route=\/wp\/v2\/pages"}],"about":[{"href":"https:\/\/monperejeanmamy.fr\/index.php?rest_route=\/wp\/v2\/types\/page"}],"author":[{"embeddable":true,"href":"https:\/\/monperejeanmamy.fr\/index.php?rest_route=\/wp\/v2\/users\/1"}],"replies":[{"embeddable":true,"href":"https:\/\/monperejeanmamy.fr\/index.php?rest_route=%2Fwp%2Fv2%2Fcomments&post=403"}],"version-history":[{"count":47,"href":"https:\/\/monperejeanmamy.fr\/index.php?rest_route=\/wp\/v2\/pages\/403\/revisions"}],"predecessor-version":[{"id":738,"href":"https:\/\/monperejeanmamy.fr\/index.php?rest_route=\/wp\/v2\/pages\/403\/revisions\/738"}],"wp:featuredmedia":[{"embeddable":true,"href":"https:\/\/monperejeanmamy.fr\/index.php?rest_route=\/wp\/v2\/media\/397"}],"wp:attachment":[{"href":"https:\/\/monperejeanmamy.fr\/index.php?rest_route=%2Fwp%2Fv2%2Fmedia&parent=403"}],"wp:term":[{"taxonomy":"folder","embeddable":true,"href":"https:\/\/monperejeanmamy.fr\/index.php?rest_route=%2Fwp%2Fv2%2Ffolder&post=403"}],"curies":[{"name":"wp","href":"https:\/\/api.w.org\/{rel}","templated":true}]}}