{"id":409,"date":"2021-02-22T18:35:09","date_gmt":"2021-02-22T17:35:09","guid":{"rendered":"http:\/\/monperejeanmamy.fr\/?page_id=409"},"modified":"2021-03-27T17:00:26","modified_gmt":"2021-03-27T16:00:26","slug":"selection-darticle-parus-dans-lappel","status":"publish","type":"page","link":"https:\/\/monperejeanmamy.fr\/?page_id=409","title":{"rendered":"S\u00e9lection d&rsquo;articles publi\u00e9s dans \u00ab L&rsquo;Appel \u00bb"},"content":{"rendered":"<p style=\"text-align: justify;\"><em><img loading=\"lazy\" class=\"alignright wp-image-641\" src=\"http:\/\/monperejeanmamy.fr\/wp-content\/uploads\/2021\/02\/Affiche-L-Appel-227x300.jpg\" alt=\"\" width=\"166\" height=\"217\" \/>L\u2019Appel<\/em>, \u00ab<em> organe de la Ligue fran\u00e7aise d&rsquo;\u00e9puration, d&rsquo;entraide sociale et de collaboration europ\u00e9enne<\/em> \u00bb, \u00e9tait une revue collaborationniste fran\u00e7aise dirig\u00e9e par Pierre Costantini du Parti populaire fran\u00e7ais (PPF).<\/p>\n<p style=\"text-align: justify;\">Les deux principaux collaborateurs de ce p\u00e9riodique \u00e9taient Robert J. Courtine et Paul Riche. Le g\u00e9rant \u00e9tait Augustin Raymond1 et le num\u00e9ro 1 est paru le 6 mars 1941.<\/p>\n<p style=\"text-align: justify;\">Cette publication est surtout connue aujourd&rsquo;hui pour les textes que l&rsquo;\u00e9crivain antis\u00e9mite Louis-Ferdinand C\u00e9line y fit para\u00eetre sous l&rsquo;Occupation..<\/p>\n<h1 style=\"text-align: justify;\"><strong>Quelques articles de Paul Riche<\/strong><\/h1>\n<ul>\n<li><a href=\"http:\/\/monperejeanmamy.fr\/?page_id=1629\"><em>Les noms sont connus, patience !<\/em><\/a> (21 ao\u00fbt 1941, d\u00e9nonciation de la Synarchie)<\/li>\n<li><a href=\"http:\/\/monperejeanmamy.fr\/?page_id=651\"><em>Alerte aux anti-ma\u00e7ons !<\/em><\/a><\/li>\n<li><a href=\"http:\/\/monperejeanmamy.fr\/?page_id=657\"><em>Aux Fascistes Fran\u00e7ais !<\/em><\/a><\/li>\n<li><a href=\"http:\/\/monperejeanmamy.fr\/?page_id=663\"><em>Aux frama\u00e7onnards collaborationnistes !<\/em><\/a><\/li>\n<li><a href=\"http:\/\/monperejeanmamy.fr\/?page_id=670\"><em>Choc de g\u00e9n\u00e9rations<\/em><\/a><\/li>\n<li><a href=\"http:\/\/monperejeanmamy.fr\/?page_id=689\"><em>L&rsquo;heure de la d\u00e9cision<\/em><\/a><\/li>\n<li><a href=\"http:\/\/monperejeanmamy.fr\/?page_id=694\"><em>La France sauv\u00e9e par les m\u00e8res ?<\/em><\/a><\/li>\n<li><a href=\"http:\/\/monperejeanmamy.fr\/?page_id=699\"><em>Le Juif et la \u00ab personne humaine \u00bb<\/em><\/a><\/li>\n<li><a href=\"http:\/\/monperejeanmamy.fr\/?page_id=704\"><em>Les R\u00e9publicains porteront-ils l\u2019\u00e9toile jaune ?<\/em><\/a><\/li>\n<li><a href=\"http:\/\/monperejeanmamy.fr\/?page_id=709\"><em>Menaces sur la France<\/em><\/a><\/li>\n<li><a href=\"http:\/\/monperejeanmamy.fr\/?page_id=714\"><em>Pour un Christianisme positif<\/em><\/a><\/li>\n<li><a href=\"http:\/\/monperejeanmamy.fr\/?page_id=719\"><em>Racisme, espoir fran\u00e7ais<\/em><\/a><\/li>\n<li><em><a href=\"http:\/\/monperejeanmamy.fr\/?page_id=724\">Socialisme, oui ! Social-d\u00e9mocratie, non !<\/a><\/em><\/li>\n<li><a href=\"http:\/\/monperejeanmamy.fr\/?page_id=730\"><em>Une man\u0153uvre ma\u00e7onnique<\/em><\/a><\/li>\n<\/ul>\n<p>&nbsp;<\/p>\n<p>&nbsp;<\/p>\n","protected":false},"excerpt":{"rendered":"<p>L\u2019Appel, \u00ab organe de la Ligue fran\u00e7aise d&rsquo;\u00e9puration, d&rsquo;entraide sociale et de collaboration europ\u00e9enne \u00bb, \u00e9tait une revue collaborationniste fran\u00e7aise dirig\u00e9e par Pierre Costantini du Parti populaire fran\u00e7ais (PPF). Les deux principaux collaborateurs de ce p\u00e9riodique \u00e9taient Robert J. Courtine &hellip; <a href=\"https:\/\/monperejeanmamy.fr\/?page_id=409\">Continuer la lecture <span class=\"meta-nav\">&rarr;<\/span><\/a><\/p>\n","protected":false},"author":1,"featured_media":422,"parent":0,"menu_order":0,"comment_status":"closed","ping_status":"closed","template":"","meta":[],"folder":[],"_links":{"self":[{"href":"https:\/\/monperejeanmamy.fr\/index.php?rest_route=\/wp\/v2\/pages\/409"}],"collection":[{"href":"https:\/\/monperejeanmamy.fr\/index.php?rest_route=\/wp\/v2\/pages"}],"about":[{"href":"https:\/\/monperejeanmamy.fr\/index.php?rest_route=\/wp\/v2\/types\/page"}],"author":[{"embeddable":true,"href":"https:\/\/monperejeanmamy.fr\/index.php?rest_route=\/wp\/v2\/users\/1"}],"replies":[{"embeddable":true,"href":"https:\/\/monperejeanmamy.fr\/index.php?rest_route=%2Fwp%2Fv2%2Fcomments&post=409"}],"version-history":[{"count":31,"href":"https:\/\/monperejeanmamy.fr\/index.php?rest_route=\/wp\/v2\/pages\/409\/revisions"}],"predecessor-version":[{"id":1641,"href":"https:\/\/monperejeanmamy.fr\/index.php?rest_route=\/wp\/v2\/pages\/409\/revisions\/1641"}],"wp:featuredmedia":[{"embeddable":true,"href":"https:\/\/monperejeanmamy.fr\/index.php?rest_route=\/wp\/v2\/media\/422"}],"wp:attachment":[{"href":"https:\/\/monperejeanmamy.fr\/index.php?rest_route=%2Fwp%2Fv2%2Fmedia&parent=409"}],"wp:term":[{"taxonomy":"folder","embeddable":true,"href":"https:\/\/monperejeanmamy.fr\/index.php?rest_route=%2Fwp%2Fv2%2Ffolder&post=409"}],"curies":[{"name":"wp","href":"https:\/\/api.w.org\/{rel}","templated":true}]}}