{"id":429,"date":"2021-02-23T15:11:52","date_gmt":"2021-02-23T14:11:52","guid":{"rendered":"http:\/\/monperejeanmamy.fr\/?page_id=429"},"modified":"2021-02-24T09:06:19","modified_gmt":"2021-02-24T08:06:19","slug":"au-pilori-24-janvier-1941","status":"publish","type":"page","link":"https:\/\/monperejeanmamy.fr\/?page_id=429","title":{"rendered":"\u00c0 la cravache"},"content":{"rendered":"<p style=\"text-align: center;\"><em>Au Pilori<\/em>, 24 janvier 1941 (Paul Riche)<\/p>\n<p style=\"text-align: justify;\"><img loading=\"lazy\" class=\"alignleft wp-image-430\" src=\"http:\/\/monperejeanmamy.fr\/wp-content\/uploads\/2021\/02\/PRiche-Pilori-19410124-162x300.jpg\" alt=\"\" width=\"158\" height=\"284\" \/>Il y a des gens qui s&rsquo;imaginent que J\u00e9sus \u00e9tait un doux !<\/p>\n<p style=\"text-align: justify;\">Je me permets de parler librement sur ce th\u00e8me, et sur le temps qui me pla\u00eet, \u00e9tudiant soir et matin les \u00c9vangiles jusqu&rsquo;\u00e0 plus soif.<\/p>\n<p style=\"text-align: justify;\">Un doux, J\u00e9sus ?<\/p>\n<p style=\"text-align: justify;\">Avec les humbles oui ! Avec les petits, oui ! Avec la foule affam\u00e9e ! Avec les malades ! Avec les gosses ! Avec les Marie-Madeleine ! M\u00eame avec Judas ! (Qui a eu le courage de se punir lui-m\u00eame. Prenez-en de la graine, youtres et francs-ma\u00e7ons !)<\/p>\n<p style=\"text-align: justify; padding-left: 40px;\">Mais avec les pharisiens ?<br \/>\nMais avec les Juifs ?<br \/>\nMais avec les marchands du Temple ?<br \/>\nTous les trafiquants du spirituel !<\/p>\n<p style=\"text-align: justify;\">Les gros, les pontifes, les hauts grades, les 200 familles d&rsquo;H\u00e9breux, les trusts de l&rsquo;\u00e9poque, les salauds cr\u00e9pus qui lapidaient tout ce qui n&rsquo;adorait pas l\u2019or ! (Mangez-le donc, votre Veau ! Salomons !)<\/p>\n<p style=\"text-align: justify;\">Jamais cravache ne fut manie plus vigoureusement ! Jamais pareilles insultes ne furent lanc\u00e9es \u00e0 la face du mensonge.<\/p>\n<p style=\"text-align: justify;\">Jamais on n&rsquo;entendit de semblables mal\u00e9dictions :<\/p>\n<p style=\"text-align: justify; padding-left: 40px;\">&#8211;\u00a0\u00a0 la ruine des repus de mati\u00e8re,<br \/>\n&#8211;\u00a0\u00a0 la d\u00e9ch\u00e9ance des m\u00e9dicastres et des magiciens,<\/p>\n<p style=\"text-align: justify;\">Avec des mots pr\u00e9cis : Serpents ! Race de vip\u00e8res ! S\u00e9pulcres bourr\u00e9s d\u2019os de macchab\u00e9es et de pourri !<\/p>\n<p style=\"text-align: justify;\">Nous sommes loin des verbosit\u00e9 d\u00e9magogique de nos proph\u00e8tes r\u00e9publicains.<\/p>\n<p style=\"text-align: justify; padding-left: 40px;\">On ne flattait pas le peuple l\u00e0-bas !<br \/>\nOn se battait.<br \/>\nContre le Mal.<\/p>\n<p style=\"text-align: justify;\">Aujourd&rsquo;hui comme alors, le chr\u00e9tien n&rsquo;a pas fini de se faire les muscles : contre les crabes ! Contre les crapauds ! Contre De Gaulle ! Contre Vichy ! Contre la la\u00efcit\u00e9 ! Et aussi contre les cagots ! Contre la jud\u00e9o-sacristie et contre la jud\u00e9o-loge !<\/p>\n<p style=\"text-align: justify;\">Car nous qui savons que la vie est ascendante \u00e0 travers le temporel, nous avons l&rsquo;immense reproche \u00e0 faire \u00e0 l&rsquo;\u00c9glise, qui m\u00eale ind\u00e9finiment spirituel et temporel, d&rsquo;\u00eatre enjuiv\u00e9e, ma\u00e7onnis\u00e9e ! d\u2019\u0153uvrer dans le vide mondain ou d\u00e9magogique ! de se tortiller \u00e0 Vichy ! de converser avec le Juif, de le prot\u00e9ger, de le mettre sur le m\u00eame plan que l\u2019aryen.<\/p>\n<p style=\"text-align: justify;\">Il y a linge propre et linge sale, \u00e2me neuve et \u00e2me souill\u00e9e, loyaut\u00e9 et fa\u00e7ade.<\/p>\n<p style=\"text-align: justify;\">Si certains chr\u00e9tiens ne s&rsquo;\u00e9taient pas encro\u00fbt\u00e9s dans la b\u00e9atitude mystique, dans le conformisme de b\u00e9nitier et de confessionnal, dans les complaisances politiques tortueuses, nous n&rsquo;en serions pas l\u00e0 !<\/p>\n<p style=\"text-align: justify;\">Nous n&rsquo;aurions pas besoin de lutter contre le communisme mat\u00e9rialiste, parce que nous aurions fait une communaut\u00e9.<\/p>\n<p style=\"text-align: justify;\">Pas besoin de lutter contre les trusts parce que nous aurions contraint les riches \u00e0 partager.<br \/>\nNi contre la ma\u00e7onnerie, cette pr\u00e9tendue lumi\u00e8re qui ne vit que dans l&rsquo;ombre.<br \/>\nNi contre l&rsquo;Angleterre, parce qu&rsquo;un chr\u00e9tien ne fume pas, ne boit pas de whisky et ne pi\u00e9tine pas l&rsquo;univers de ses godasses verniss\u00e9es dans le sang.<br \/>\nNi contre le Juif, parce que le juda\u00efsme aurait claqu\u00e9 comme un cauchemar idiot.<br \/>\nNi contre les \u00ab lumi\u00e8res \u00bb qui r\u00e9digent <em>L&rsquo; \u0152uvre<\/em>, en s&rsquo;imaginant qu&rsquo;encadrer des salet\u00e9s<br \/>\nsur Drumont entre deux couplets dithyrambiques sur Zola et Pelletan, \u00e7a ne se voit pas!<\/p>\n<p style=\"text-align: justify;\"><em>L&rsquo; \u0152uvre<\/em> devrait changer le titre et s&rsquo;appeler : <em>L&rsquo;Autruche<\/em> !<\/p>\n<p style=\"text-align: justify;\">Moi ? <em>L&rsquo; \u0152uvre 41<\/em> ! De gauche antifasciste ? Point du tout : je n\u2019ai repris le programme ma\u00e7onnique que par habitude, mais le patron et pour la collaboration. Foi de \u00ab Cam\u00e9l\u00e9on \u00bb !<\/p>\n<p style=\"text-align: justify;\">\u00c0 ! Que n\u2019ai-je la poigne du Christ pour ass\u00e9ner des verges !<\/p>\n<p style=\"text-align: justify;\">Il y a des coups de pied au n\u00e9o-la\u00efque qui se perdent.<\/p>\n<p style=\"text-align: right;\">Paul Riche<\/p>\n<p>&nbsp;<\/p>\n","protected":false},"excerpt":{"rendered":"<p>Au Pilori, 24 janvier 1941 (Paul Riche) Il y a des gens qui s&rsquo;imaginent que J\u00e9sus \u00e9tait un doux ! Je me permets de parler librement sur ce th\u00e8me, et sur le temps qui me pla\u00eet, \u00e9tudiant soir et matin &hellip; <a href=\"https:\/\/monperejeanmamy.fr\/?page_id=429\">Continuer la lecture <span class=\"meta-nav\">&rarr;<\/span><\/a><\/p>\n","protected":false},"author":2,"featured_media":397,"parent":0,"menu_order":0,"comment_status":"closed","ping_status":"closed","template":"","meta":[],"folder":[],"_links":{"self":[{"href":"https:\/\/monperejeanmamy.fr\/index.php?rest_route=\/wp\/v2\/pages\/429"}],"collection":[{"href":"https:\/\/monperejeanmamy.fr\/index.php?rest_route=\/wp\/v2\/pages"}],"about":[{"href":"https:\/\/monperejeanmamy.fr\/index.php?rest_route=\/wp\/v2\/types\/page"}],"author":[{"embeddable":true,"href":"https:\/\/monperejeanmamy.fr\/index.php?rest_route=\/wp\/v2\/users\/2"}],"replies":[{"embeddable":true,"href":"https:\/\/monperejeanmamy.fr\/index.php?rest_route=%2Fwp%2Fv2%2Fcomments&post=429"}],"version-history":[{"count":6,"href":"https:\/\/monperejeanmamy.fr\/index.php?rest_route=\/wp\/v2\/pages\/429\/revisions"}],"predecessor-version":[{"id":482,"href":"https:\/\/monperejeanmamy.fr\/index.php?rest_route=\/wp\/v2\/pages\/429\/revisions\/482"}],"wp:featuredmedia":[{"embeddable":true,"href":"https:\/\/monperejeanmamy.fr\/index.php?rest_route=\/wp\/v2\/media\/397"}],"wp:attachment":[{"href":"https:\/\/monperejeanmamy.fr\/index.php?rest_route=%2Fwp%2Fv2%2Fmedia&parent=429"}],"wp:term":[{"taxonomy":"folder","embeddable":true,"href":"https:\/\/monperejeanmamy.fr\/index.php?rest_route=%2Fwp%2Fv2%2Ffolder&post=429"}],"curies":[{"name":"wp","href":"https:\/\/api.w.org\/{rel}","templated":true}]}}