{"id":440,"date":"2021-02-23T15:34:08","date_gmt":"2021-02-23T14:34:08","guid":{"rendered":"http:\/\/monperejeanmamy.fr\/?page_id=440"},"modified":"2021-02-24T09:08:13","modified_gmt":"2021-02-24T08:08:13","slug":"au-pilori-24-janvier-1941-j-m-de-renan","status":"publish","type":"page","link":"https:\/\/monperejeanmamy.fr\/?page_id=440","title":{"rendered":"Pacifistreries"},"content":{"rendered":"<p style=\"text-align: center;\"><em>Au Pilori<\/em>, 24 janvier 1941 (J.M. de Renan, ex-v\u00e9n\u00e9rable du G.O.D.F.<\/p>\n<p style=\"text-align: justify;\"><img loading=\"lazy\" class=\"alignright wp-image-441\" src=\"http:\/\/monperejeanmamy.fr\/wp-content\/uploads\/2021\/02\/JMdeRenan-Pilori-19410124-154x300.jpg\" alt=\"\" width=\"241\" height=\"453\" \/>Le courrier nous apporte une imp\u00e9tueuse missive sur papier \u00e0 en-t\u00eate de la mairie de Bordeaux de M. Gabriel Lafaye\u00a0 qui, de son \u00ab bureau d&rsquo;\u00e9tudes sur le mouvement social \u00bb (???) proteste contre mon erreur d&rsquo;il y a 15 jours o\u00f9 je l&rsquo;avais gratifi\u00e9 de l&rsquo;horrible titre de F:.\u00a0 \u00ab M\u00f4ssieur \u00bb Lafaye affirme qu&rsquo;il ne fait pas partie des quatre (?) ob\u00e9diences. Il n&rsquo;est pas un monstre triangul\u00e9, un trois points honni, un vilain sectaire. Bon ! Bon ! Je n&rsquo;ai ni le temps ni le go\u00fbt de me muer en bureau de renseignements. Admettons qu&rsquo;il n&rsquo;est pas \u00e9t\u00e9 marqu\u00e9 au fer initiatique. J&rsquo;aime mieux le taquiner sur un point plus d\u00e9licat.<\/p>\n<p style=\"text-align: justify;\">Car la suite de sa lettre nous fait \u00e9carquiller l\u2019attention :<\/p>\n<p style=\"text-align: justify;\">\u00ab Je pense que la t\u00e2che essentielle consiste \u00e0 reconstruire la France sous l&rsquo;\u00e9gide du Mar\u00e9chal P\u00e9tain. Pour cela il convient que l&rsquo;\u0153uvre de r\u00e9novation nationale soit dirig\u00e9e par ceux qui, pacifistes de toujours, ont depuis 1938 combattu la propagande belliciste\u2026 \u00bb.<\/p>\n<p style=\"text-align: justify;\">Ah ! Ah ! Nous y voil\u00e0 !<\/p>\n<p style=\"text-align: justify;\">Pacifistes de toujours !<\/p>\n<p style=\"text-align: justify;\">Ainsi, pour faire partie de l&rsquo;\u00e9quipe dirigeante, il faut avoir \u00e9t\u00e9, ou \u00eatre, pacifistes !<\/p>\n<p style=\"text-align: justify;\">Passifistes ! Passif ! Avoir fait preuve de pacifismo-passivit\u00e9 !<\/p>\n<p style=\"text-align: justify;\">\u00catre un mou, un doux, un enfant de ch\u0153ur, un b\u00e9b\u00e9 rose tout blond, un syndicaliste poupin \u00e0 la bouche sucr\u00e9e, aux mots de miel, avec des fleurs dans les mains, les yeux vers le troisi\u00e8me nuage, et chanter des cantiques \u00e0 la Paix !<\/p>\n<p style=\"text-align: justify;\">La Paix ! La Paix ! Ou qu\u2019on est heureux sur terre ! Ou qu\u2019on peut devenir un peu gras, en taquinant le jardinet, en cultivant le goujon, en saluant le capitaine et le cur\u00e9, en payant son petit imp\u00f4t et en aimant bien tout le monde !<\/p>\n<p style=\"text-align: justify;\">La Paix, avec la chaine de montre sur le ventre, et les pantoufles \u00e0 la papa sur les petons !<\/p>\n<p style=\"text-align: justify;\">La Paix-popote pour personnes p\u00e9p\u00e8res ! La Paix-Lafaye ! La Paix-Herriot ! La Paix-Blum ! La Paix-Durand-Dupont ! La Paix flasque des petits poussahs !<\/p>\n<p style=\"text-align: justify;\">Le Paradis syndicalo-terrestre des vieux r\u00e9publicains assoupis et des jeunes g\u00e9n\u00e9rations bien sages o\u00f9 tout le monde travaille en bras de chemise sous l\u2019\u0153il mouill\u00e9 de Monseigneur l\u2019Archev\u00eaque, du V\u00e9n\u00e9rable qui a d\u00e9cor\u00e9 sa barbe, et d\u2019un \u00ab M\u00f4ssieur Lafaye \u00bb de l\u2019endroit qui fera un beau discours dimanche apr\u00e8s-midi \u00e0 la f\u00eate du village, si on a bien cir\u00e9 ses chaussures et ses compliments pour le patron !<\/p>\n<p style=\"text-align: justify;\">Ce cher patron qui distribue tout son \u00ab fric \u00bb \u00e0 ses ouvriers.<\/p>\n<p style=\"text-align: justify;\">Comme \u00e7a, subitement, pour faire la Paix !<\/p>\n<p style=\"text-align: justify;\">Et ce n\u2019est pas tout : les Juifs ne volent plus le chr\u00e9tien. Ils rendent l\u2019argent !<\/p>\n<p style=\"text-align: justify;\">La Paix, vous dis-je !<\/p>\n<p style=\"text-align: justify;\">Tout \u00e7a sous l\u2019\u00e9gide du Mar\u00e9chal P\u00e9tain qui est bien content parce qu\u2019il n\u2019a plus d\u2019ennuis.<\/p>\n<p style=\"text-align: justify;\">Comme \u00e7a, \u00e0 Vichy, on aura fait la Paix.<\/p>\n<p style=\"text-align: justify;\">Les royalistes envoient des fleurs \u00e0 M. Hitler ! Les communistes ne jurent que par M. Mercier et M. de Gaulle f\u00e9licite M. Flandin par t\u00e9l\u00e9gramme.<\/p>\n<p style=\"text-align: justify;\">C\u2019est congratulant ! \u00c0 en pleurer de plaisir. \u00c0 s\u2019en moucher tant c\u2019est beau ! Humanit\u00e9 ! Humanit\u00e9 ! \u00d4 gloire des Grands Principes ! Quelle merveille que ce petit monde ! Et ce \u00ab M\u00f4ssieur Lafaye \u00bb, quel ange gardien. De la part d\u2019un ancien d\u00e9put\u00e9, c\u2019est bien joli d\u2019avoir festonn\u00e9 les choses avec tant de go\u00fbt !<\/p>\n<p style=\"text-align: justify;\">Dansons la Paix !<\/p>\n<p style=\"text-align: justify;\">Eh bien ici, on ne se sent pas pacifiste du tout, mais pas du tout ! Et on ne se r\u00e9clame pas toute la sainte journ\u00e9e du Mar\u00e9chal P\u00e9tain.<\/p>\n<p style=\"text-align: justify;\">Non pas qu\u2019il y ait le moindre doute sur l\u2019absolue n\u00e9cessit\u00e9 d\u2019ob\u00e9ir aux ordres de notre chef de l\u2019\u00c9tat.<\/p>\n<p style=\"text-align: justify;\">Mais parce que le nombre de ceux qui, pour cacher leurs tares, se placent impudemment sous l\u2019\u00e9gide du Mar\u00e9chal P\u00e9tain augmente d\u00e9mesur\u00e9ment.<\/p>\n<p style=\"text-align: justify;\">Le Mar\u00e9chal P\u00e9tain sert, sans s\u2019en douter, de paravent \u00e0 la bande la plus inf\u00e2me de crabes, crabissimes, crabillons et crabus de la naus\u00e9abonde R\u00e9publique d\u2019hier.<\/p>\n<p style=\"text-align: justify;\">Celle de la Paix ! de la juive, juridique, parlementaire, syndicaliste, ma\u00e7onnique et trustifiante Paix.<\/p>\n<p style=\"text-align: justify;\">Nous ne sommes plus en Paix, \u00ab M\u00f4ssieur Lafaye \u00bb, nous sommes en guerre. Nous ne sommes plus des petits saints, passifs, poussifs, nous sommes des Combattants. Des Combattants sans cartouches, mais des Combattants quand m\u00eame !<\/p>\n<p style=\"text-align: justify;\">Contre les Juifs d\u2019abord ! Contre les responsables de la d\u00e9b\u00e2cle ensuite : tout l\u2019ancien personnel parlementaire et journalistique de l\u2019ex-R\u00e9publique juive, ce grouillis de cabotins, qui reviennent parader avec leurs anciens titres devant nos yeux \u00e9c\u0153ur\u00e9s.<\/p>\n<p style=\"text-align: justify;\">On prend les m\u00eames Lafaye et on recommence.<\/p>\n<p style=\"text-align: justify;\">Et contre les pacifistes surtout ! Parce que le pacifisme conduit \u00e0 toutes les l\u00e2chet\u00e9s ; les utopies ; les promesses non tenues ; les tapis verts de la S.D.N. ! Les fripouilleries juda\u00efques ! Les apaisements de b\u00e9nitiers ! Les compromis syndicaux ! Les salet\u00e9s juridiques ! Les ventres bourgeois ! Les \u00e9bahissements de M. Na\u00eff devant le sacr\u00e9 Compte-en-banque ! Les scrutins et les ch\u0153urs b\u00e9b\u00eates ! Le cousinage de l\u2019Angleterre et les d\u00e9b\u00e2cles sur la route avec nos poings contre les tanks !<\/p>\n<p style=\"text-align: justify;\">La Paix humaine, c\u2019est la mort, l\u2019arr\u00eat, le vide, l\u2019inertie, un r\u00eave de mati\u00e8re, la jouissance d\u2019un boyau.<\/p>\n<p style=\"text-align: justify;\">Sus au boyau ! Cette bo\u00eete \u00e0 glous-glous des pacifistes r\u00e9volutionnaires nationaux.<\/p>\n<p style=\"text-align: justify;\">Et d\u2019abord, ne parlez plus de R\u00e9volution nationale sans que les r\u00e9volutionnaires soient l\u00e0.<\/p>\n<p style=\"text-align: justify;\">Personne n\u2019est mandat\u00e9 pour faire une r\u00e9volution en l\u2019absence de nos prisonniers, de ceux que les pacifistes ont envoy\u00e9s \u00e0 la guerre, pour d\u00e9fendre la Paix.<\/p>\n<p style=\"text-align: justify;\">Car on vous la promet \u00e0 leur retour \u2014tant nous leur hurlerons la v\u00e9rit\u00e9\u2014 les talons clot\u00e9s sur la figure et le feu dans les temples pacifistes la\u00efques ou autres, la fess\u00e9e magistrale d\u2019un peuple en furie le jour o\u00f9 les muscles de ceux qui reviendront des camps se d\u00e9tendront en juste r\u00e9pression.<\/p>\n<p style=\"text-align: justify;\">Ce jour-l\u00e0 nous verrons si \u00ab M\u00f4ssieur Lafaye \u00bb et son \u00e9quipe :. Frot, Montagnon, dirigeront quelque chose, si le parapluie-\u00e9gide de Vichy sera crev\u00e9, et si les anciens chevaliers du tr\u00e9teau pourront articuler une syllabe menteuse.<\/p>\n<p style=\"text-align: justify;\">Construire dans la Paix-Lafaye ? Jamais ! Il faut d\u00e9blayer.<\/p>\n<p style=\"text-align: right;\">J.M. de Renan<br \/>\nEx-V\u00e9n\u00e9rable du G:.D:.O:.F:.<\/p>\n","protected":false},"excerpt":{"rendered":"<p>Au Pilori, 24 janvier 1941 (J.M. de Renan, ex-v\u00e9n\u00e9rable du G.O.D.F. Le courrier nous apporte une imp\u00e9tueuse missive sur papier \u00e0 en-t\u00eate de la mairie de Bordeaux de M. Gabriel Lafaye\u00a0 qui, de son \u00ab bureau d&rsquo;\u00e9tudes sur le mouvement &hellip; <a href=\"https:\/\/monperejeanmamy.fr\/?page_id=440\">Continuer la lecture <span class=\"meta-nav\">&rarr;<\/span><\/a><\/p>\n","protected":false},"author":2,"featured_media":397,"parent":0,"menu_order":0,"comment_status":"closed","ping_status":"closed","template":"","meta":[],"folder":[],"_links":{"self":[{"href":"https:\/\/monperejeanmamy.fr\/index.php?rest_route=\/wp\/v2\/pages\/440"}],"collection":[{"href":"https:\/\/monperejeanmamy.fr\/index.php?rest_route=\/wp\/v2\/pages"}],"about":[{"href":"https:\/\/monperejeanmamy.fr\/index.php?rest_route=\/wp\/v2\/types\/page"}],"author":[{"embeddable":true,"href":"https:\/\/monperejeanmamy.fr\/index.php?rest_route=\/wp\/v2\/users\/2"}],"replies":[{"embeddable":true,"href":"https:\/\/monperejeanmamy.fr\/index.php?rest_route=%2Fwp%2Fv2%2Fcomments&post=440"}],"version-history":[{"count":3,"href":"https:\/\/monperejeanmamy.fr\/index.php?rest_route=\/wp\/v2\/pages\/440\/revisions"}],"predecessor-version":[{"id":484,"href":"https:\/\/monperejeanmamy.fr\/index.php?rest_route=\/wp\/v2\/pages\/440\/revisions\/484"}],"wp:featuredmedia":[{"embeddable":true,"href":"https:\/\/monperejeanmamy.fr\/index.php?rest_route=\/wp\/v2\/media\/397"}],"wp:attachment":[{"href":"https:\/\/monperejeanmamy.fr\/index.php?rest_route=%2Fwp%2Fv2%2Fmedia&parent=440"}],"wp:term":[{"taxonomy":"folder","embeddable":true,"href":"https:\/\/monperejeanmamy.fr\/index.php?rest_route=%2Fwp%2Fv2%2Ffolder&post=440"}],"curies":[{"name":"wp","href":"https:\/\/api.w.org\/{rel}","templated":true}]}}