{"id":445,"date":"2021-02-23T15:48:46","date_gmt":"2021-02-23T14:48:46","guid":{"rendered":"http:\/\/monperejeanmamy.fr\/?page_id=445"},"modified":"2021-02-24T09:09:25","modified_gmt":"2021-02-24T08:09:25","slug":"au-pilori-7-fevrier-1941-paul-riche","status":"publish","type":"page","link":"https:\/\/monperejeanmamy.fr\/?page_id=445","title":{"rendered":"Nous clouons au pilori : Marc-Astral Rucart"},"content":{"rendered":"<p style=\"text-align: center;\"><em>Au Pilori<\/em>, 7 f\u00e9vrier 1941 (Paul Riche)<\/p>\n<p style=\"text-align: justify;\">Il y a des gars qui sont n\u00e9s coiff\u00e9s.<\/p>\n<p style=\"text-align: justify;\">D&rsquo;autres pr\u00e9sentent, d\u00e8s l&rsquo;enfance, et pour toujours, les signes les plus incontestables du cr\u00e9tinisme obtus.<\/p>\n<p style=\"text-align: justify;\">Le sieur Rucart est de ces derniers. La pers\u00e9v\u00e9rance avec laquelle il s&rsquo;est obstin\u00e9 \u00e0 manifester la plus crasse b\u00eatise est ph\u00e9nom\u00e9nale.<\/p>\n<p style=\"text-align: justify;\"><img loading=\"lazy\" class=\"alignright size-large wp-image-446\" src=\"http:\/\/monperejeanmamy.fr\/wp-content\/uploads\/2021\/02\/PRiche-Pilori-19410207-1-274x1024.jpg\" alt=\"\" width=\"274\" height=\"1024\" srcset=\"https:\/\/monperejeanmamy.fr\/wp-content\/uploads\/2021\/02\/PRiche-Pilori-19410207-1-274x1024.jpg 274w, https:\/\/monperejeanmamy.fr\/wp-content\/uploads\/2021\/02\/PRiche-Pilori-19410207-1-80x300.jpg 80w, https:\/\/monperejeanmamy.fr\/wp-content\/uploads\/2021\/02\/PRiche-Pilori-19410207-1-768x2874.jpg 768w, https:\/\/monperejeanmamy.fr\/wp-content\/uploads\/2021\/02\/PRiche-Pilori-19410207-1-scaled.jpg 684w\" sizes=\"(max-width: 274px) 100vw, 274px\" \/>On ne s&rsquo;aurait trouver, dans la III\u00e8me R\u00e9publique, de type plus raffin\u00e9 de l&rsquo;abruti parlementaire, de l&rsquo;obs\u00e9quieux valet de Loge pr\u00eat \u00e0 toutes les sales besognes, du Domestique-Ministre de la plus incommensurable nullit\u00e9.<\/p>\n<p style=\"text-align: justify;\">Vers 1923, apr\u00e8s quelques scribouillages style coll\u00e9gien-boutonneux dans des feuilles de chou locales du Loiret et de l\u2019Aisne, o\u00f9 il professait le royalisme, notre Rucart, sur conseil int\u00e9ress\u00e9, endosse une casaque tricolore pour se faire battre \u00e0 \u00c9pinal au Conseil d&rsquo;arrondissement.<\/p>\n<p style=\"text-align: justify;\">\u00c0 force de trifouiller le gogo et de l\u00e9cher les bottes radicales-socialistes, il se hisse \u00e0 la d\u00e9putation en 1928.<\/p>\n<p style=\"text-align: justify;\">En m\u00eame temps, Arriviste-Rucart avait tremp\u00e9 sont nez dans la Ma\u00e7onnerie : la pire : la th\u00e9osophique, celle des Hauts Barboteux du Droit Humain (Loges mixtes) ; les nuageux du Symbolisme \u00c9sot\u00e9rique !<\/p>\n<p style=\"text-align: justify;\">Fr\u00e8re Rucart monta rapidement les \u00e9chelons triangul\u00e9s de la Boutique. Quelques ann\u00e9es plus tard, il \u00e9tait 33\u00e8me, membre du Conseil national de cet obscurissime ob\u00e9dience.<\/p>\n<p style=\"text-align: justify;\">C&rsquo;est ici que l&rsquo;Astral commence.<\/p>\n<p style=\"text-align: justify;\">L\u2019Astral ?<\/p>\n<p style=\"text-align: justify;\">Tartempion-Rucart faisait partie de la Loge dite \u00ab le Comte de Saint-Germain \u00bb, panier de magico-loufoques qui perdaient leur temps \u00e0 \u00ab s&rsquo;\u00e9vaporer dans le mental \u00e9sot\u00e9rique, \u00e0 se parfaire dans l&rsquo; \u00ab Astral \u00bb (sic) .<\/p>\n<p style=\"text-align: justify;\">L\u2019Astral est cette r\u00e9gion particuli\u00e8re de l\u2019imb\u00e9cillit\u00e9, ou l\u2019initi\u00e9 s&rsquo;obstine \u00e0 ne pas penser, o\u00f9 l\u2019\u0153il fixe de l&rsquo;ignare s&rsquo;arr\u00eate sur le point mort de l&rsquo;abrutissement total, o\u00f9 on interroge les tables, les bouts de bois, les cure-dents, les hochets symboliques, et o\u00f9 on attend le fant\u00f4me, l&rsquo;au-del\u00e0, l&rsquo;ectoplasme, le craquement du meuble, le pet du dieu.<\/p>\n<p style=\"text-align: justify;\">Tous les piqu\u00e9s de la th\u00e9osophie se titillient l&rsquo;imagination avec ces hurluberluficoteries.<\/p>\n<p style=\"text-align: justify;\">Billenbuis-Rucart ne manqua pas de se pr\u00e9cipiter dans cet ultime badaudissim\u00e9rie.<\/p>\n<p style=\"text-align: justify;\">Il en r\u00e9sulte des cons\u00e9quences d&rsquo;une ampleur effrayante.<\/p>\n<p style=\"text-align: justify;\">D&rsquo;abord le rapport sur les \u00e9v\u00e9nements du 6 f\u00e9vrier. Pour du nettoyage astral, c&rsquo;\u00e9tait bien fait ! L&rsquo;affaire fut astralis\u00e9e, dans les r\u00e8gles ! Quel \u00e9touffade !<\/p>\n<p style=\"text-align: justify;\">Blum r\u00e9compensa notre astraliseur et le nomma garde des Sceaux, puis ministre de la Sant\u00e9 Publique, en lui imposant un certain nombre de Juifs dans son cabinet donc un \u00ab schnock \u00bb du plus beau d\u00e9cati : le F :. Rodrigues, un autre astralitou, le pr\u00e9dicateur mortellement raseur, du \u00ab Droit de Vivre \u00bb.<\/p>\n<p style=\"text-align: justify;\">Astral-Rucart allumait des bougies devant un Bouddha sis sur la chemin\u00e9e minist\u00e9rielle et faisait retirer son personnel stup\u00e9fi\u00e9, avant chaque Conseil des ministres.<\/p>\n<p style=\"text-align: justify;\">\u2014 Laissez-moi seul ! Je vais interroger l&rsquo;Astral (sic).<\/p>\n<p style=\"text-align: justify;\">C&rsquo;est cet idiot qui faisait changer l&rsquo;orientation de sa table pour \u00ab rester dans le flux magn\u00e9tique vital \u00bb.<\/p>\n<p style=\"text-align: justify;\">C&rsquo;est ce p\u00e9rilleux trou-du-ministre qui se vantait publiquement, dans un banquet ma\u00e7onnique, \u00e0 Saint-Di\u00e9, de faire approuver au pr\u00e9alable, les listes des d\u00e9corations de son minist\u00e8re par les Ob\u00e9diences ma\u00e7onniques.<\/p>\n<p style=\"text-align: justify;\">C\u2019est ce scandaleux protecteur des youpins qui accorda, en tant que garde des Sceaux, un nombre invraisemblable de naturalisations.<\/p>\n<p style=\"text-align: justify;\">C&rsquo;est ce doux vaporeux qui, rencontrant chez Maxim&rsquo;s des \u00ab femmes d&rsquo;industriels \u00bb n\u00e9es \u00ab Machinchovitch \u00bb, les prenaient pour des visualisations extra-temporelles, jusqu&rsquo;\u00e0 ce que le commissaire du quartier vienne v\u00e9rifier l&rsquo;identit\u00e9 sp\u00e9ciale de la demoiselle immatricul\u00e9e quelque part \u00e0 la Pr\u00e9fecture.<\/p>\n<p style=\"text-align: justify;\">C&rsquo;est ce th\u00e9osofoutre qui nommait sa th\u00e9osofesse (une autre astraliseuse) : la S :. \u00c9liane Brault (membre de la Loge Le G\u00e9n\u00e9ral Peign\u00e9-Adoption) secr\u00e9taire g\u00e9n\u00e9rale du Comit\u00e9 de l&rsquo;Enfance. Ce ne fut que tout derni\u00e8rement qu&rsquo;on expulsa de sa sin\u00e9cure cet ectoplasmique\u00a0 dame.<\/p>\n<p style=\"text-align: justify;\">Aujourd&rsquo;hui, Trou-du-Rucart s\u2019est astralis\u00e9, para\u00eet-il. On ne le retrouve plus \u00e0 \u00c9pinal, ni nulle part. Les becs de gaz et les cordes ne serviront \u00e0 rien l\u00e0-bas.<\/p>\n<p style=\"text-align: justify;\">Dommage ! Il doit faire beau dans l&rsquo;astral.<\/p>\n<p style=\"text-align: right;\">Paul Riche<\/p>\n","protected":false},"excerpt":{"rendered":"<p>Au Pilori, 7 f\u00e9vrier 1941 (Paul Riche) Il y a des gars qui sont n\u00e9s coiff\u00e9s. D&rsquo;autres pr\u00e9sentent, d\u00e8s l&rsquo;enfance, et pour toujours, les signes les plus incontestables du cr\u00e9tinisme obtus. Le sieur Rucart est de ces derniers. La pers\u00e9v\u00e9rance &hellip; <a href=\"https:\/\/monperejeanmamy.fr\/?page_id=445\">Continuer la lecture <span class=\"meta-nav\">&rarr;<\/span><\/a><\/p>\n","protected":false},"author":2,"featured_media":397,"parent":0,"menu_order":0,"comment_status":"closed","ping_status":"closed","template":"","meta":[],"folder":[],"_links":{"self":[{"href":"https:\/\/monperejeanmamy.fr\/index.php?rest_route=\/wp\/v2\/pages\/445"}],"collection":[{"href":"https:\/\/monperejeanmamy.fr\/index.php?rest_route=\/wp\/v2\/pages"}],"about":[{"href":"https:\/\/monperejeanmamy.fr\/index.php?rest_route=\/wp\/v2\/types\/page"}],"author":[{"embeddable":true,"href":"https:\/\/monperejeanmamy.fr\/index.php?rest_route=\/wp\/v2\/users\/2"}],"replies":[{"embeddable":true,"href":"https:\/\/monperejeanmamy.fr\/index.php?rest_route=%2Fwp%2Fv2%2Fcomments&post=445"}],"version-history":[{"count":3,"href":"https:\/\/monperejeanmamy.fr\/index.php?rest_route=\/wp\/v2\/pages\/445\/revisions"}],"predecessor-version":[{"id":485,"href":"https:\/\/monperejeanmamy.fr\/index.php?rest_route=\/wp\/v2\/pages\/445\/revisions\/485"}],"wp:featuredmedia":[{"embeddable":true,"href":"https:\/\/monperejeanmamy.fr\/index.php?rest_route=\/wp\/v2\/media\/397"}],"wp:attachment":[{"href":"https:\/\/monperejeanmamy.fr\/index.php?rest_route=%2Fwp%2Fv2%2Fmedia&parent=445"}],"wp:term":[{"taxonomy":"folder","embeddable":true,"href":"https:\/\/monperejeanmamy.fr\/index.php?rest_route=%2Fwp%2Fv2%2Ffolder&post=445"}],"curies":[{"name":"wp","href":"https:\/\/api.w.org\/{rel}","templated":true}]}}