{"id":457,"date":"2021-02-23T16:18:20","date_gmt":"2021-02-23T15:18:20","guid":{"rendered":"http:\/\/monperejeanmamy.fr\/?page_id=457"},"modified":"2021-02-24T09:12:18","modified_gmt":"2021-02-24T08:12:18","slug":"au-pilori-21-fevrier-1941-signe-paul-riche","status":"publish","type":"page","link":"https:\/\/monperejeanmamy.fr\/?page_id=457","title":{"rendered":"La jeunesse qu\u2019on s\u2019arrache"},"content":{"rendered":"<p style=\"text-align: center;\"><em>Au Pilori,<\/em> 21 f\u00e9vrier 1941 (sign\u00e9 Paul Riche)<\/p>\n<p style=\"text-align: justify;\">La lutte para\u00eet engag\u00e9e entre ces Messieurs la\u00efques et ces Messieurs de robe noire : les instituteurs d\u2019\u00e2me rouge et les J\u00e9suites pr\u00eacheurs de crucifixion.<\/p>\n<p style=\"text-align: justify;\">Paris contre Vichy, probl\u00e8me politique ? Pas du tout. Nous sommes en plein fanatisme : religieux contre anticl\u00e9ricaux.<\/p>\n<p style=\"text-align: justify;\">On marquerait les coups en gueulant de joie, comme au combat de boxe s&rsquo;il il ne s&rsquo;agissait que deux.<\/p>\n<p style=\"text-align: justify;\">Mais il s&rsquo;agit d&rsquo;autre chose ; pardon, ma France ! Il s&rsquo;agit des g\u00e9n\u00e9rations qui viennent, de nos fils, de nos moutards, nous joupiots, nos bambins, nos lardons, nos petiots, nos mouchtatiots. Excusez du peu.<img loading=\"lazy\" class=\"aligncenter size-full wp-image-459\" src=\"http:\/\/monperejeanmamy.fr\/wp-content\/uploads\/2021\/02\/PRiche-Pilori-19410221-scaled.jpg\" alt=\"\" width=\"2560\" height=\"953\" srcset=\"https:\/\/monperejeanmamy.fr\/wp-content\/uploads\/2021\/02\/PRiche-Pilori-19410221-scaled.jpg 2560w, https:\/\/monperejeanmamy.fr\/wp-content\/uploads\/2021\/02\/PRiche-Pilori-19410221-300x112.jpg 300w, https:\/\/monperejeanmamy.fr\/wp-content\/uploads\/2021\/02\/PRiche-Pilori-19410221-1024x381.jpg 1024w, https:\/\/monperejeanmamy.fr\/wp-content\/uploads\/2021\/02\/PRiche-Pilori-19410221-768x286.jpg 768w, https:\/\/monperejeanmamy.fr\/wp-content\/uploads\/2021\/02\/PRiche-Pilori-19410221-1536x572.jpg 1536w, https:\/\/monperejeanmamy.fr\/wp-content\/uploads\/2021\/02\/PRiche-Pilori-19410221-2048x762.jpg 2048w, https:\/\/monperejeanmamy.fr\/wp-content\/uploads\/2021\/02\/PRiche-Pilori-19410221-500x186.jpg 500w\" sizes=\"(max-width: 2560px) 100vw, 2560px\" \/><\/p>\n<p style=\"text-align: justify;\">Nous aussi nous avons \u00e9t\u00e9 m\u00f4mes.<\/p>\n<p style=\"text-align: justify;\">Ah ! Comment qu&rsquo;on l\u2019a \u00e9t\u00e9, tiraill\u00e9s, harponn\u00e9s, d\u00e9pec\u00e9s, \u00e9miett\u00e9s, jet\u00e9s de gauche \u00e0 droite, de cagots en instituteurs ! Quel champ de bataille, notre pauvre petite enfance !<\/p>\n<p style=\"text-align: justify;\">Oh nous a saccag\u00e9 nos jeunes ann\u00e9es. On a tent\u00e9 de nous abrutir avec d\u2019absurdes hypoth\u00e8ses, avec des fourbis estampill\u00e9s Trucs ou en Machins, avec des Sciences et des Contre-Sciences, avec des d\u00e9bats entre \u00ab professeux \u00bb, entre enjuiv\u00e9s et juiffus, entre Rabin-Monseigneur et Talmud-Pion, entre Science-Kabbale et Latin-Youtre.<\/p>\n<p style=\"text-align: justify;\">On nous a mang\u00e9 la confiance \u00e0 toutes les sauces.<\/p>\n<p style=\"text-align: justify;\">Nous croyions \u2014 jeunes que nous \u00e9tions (oh ! puceaux !)\u2014 Sinon \u00e0 un monde parfait, du moins \u00e0 un monde possible. Nous avions, chose ch\u00e8re ! pr\u00e9cieuse ! de l&rsquo;enthousiasme, du feu \u00e0 vivre, la joie de construire des \u00e9merveillements, des na\u00efvet\u00e9s, la passion de l&rsquo;\u0153uvre. Nous \u00e9tions propres, sans une ombre de volont\u00e9 \u00e0 mal faire. On allait vers la vie, tout naturellement, sans contraintes, sans d\u00e9tours, sans couloirs, sans antichambres, sans sacristies, sans Grand-Orient. On s&rsquo;\u00e9tait donn\u00e9s tout entiers \u00e0 la grande promesse de Vivre.<\/p>\n<p style=\"text-align: justify;\">Ah ! Les bandits !<\/p>\n<p style=\"text-align: justify;\">F\u00e9rocement ! De tous les c\u00f4t\u00e9s qui se sont pr\u00e9cipit\u00e9s sur nous, fragile ! Et je te vaccine ! Et je t&rsquo;inocule de la th\u00e9orie ! Et du st\u00e9rile ! Et du pustuleux ! Et du factice ! Et de l&rsquo;utopique ! Un peu de baliverne ! Une abracadabrance ! La mienne ! Non, la mienne. Viens sur ma soutane ! L\u00e9chez ma jaquette !<\/p>\n<p style=\"text-align: justify;\">Ah ! Les mufles !<\/p>\n<p style=\"text-align: justify;\">Du c\u00f4t\u00e9 cagot, d\u00e9formant syst\u00e9matiquement la pens\u00e9e chr\u00e9tienne primitive, on offrait un cat\u00e9chisme \u00e9dulcor\u00e9 \u00e0 la mode bourgeoisiote de 1880, une th\u00e9ologie de bedaud, des idoles en pl\u00e2tre du style bondieuseries de Saint-Sulpice. Un effroyable d\u00e9cor pa\u00efen de purgatoire, d\u2019enfer, de damnation, de crucifixion, de solitude, de mac\u00e9ration dans le dogme, de d\u00e9vastation de l&rsquo;esprit par l&rsquo;effroi du mal, de caut\u00e9risation de tout.<\/p>\n<p style=\"text-align: justify;\">Un contre-\u00c9vangile !<\/p>\n<p style=\"text-align: justify;\">Nous, m\u00f4mes traqu\u00e9s, on sentait chaque jour s&rsquo;appesantir sur nos \u00e9paules une d\u00e9fense de plus, une interdiction lourde. Et je te coupe ! Et je te cisaille ! Pas espoir ! Sauf dans le malaxeur-concasseur j\u00e9suite, le dogme-\u00e9pouvantail, la s\u00e9rie noire ! Et maintenant, va petit mousse ! Tu es arriv\u00e9, mon s\u00e9minariste, avec sur tes \u00e9paules ce recommandable fardeau de mal\u00e9dictions, cette belle morveuse suggestion d\u00e9g\u00e9n\u00e9rescente, la magique souffrance des cat\u00e9chum\u00e8nes, l&rsquo;\u00e9pouvantable p\u00e9ch\u00e9 originel, l&rsquo;abominable sacril\u00e8ge de vivre, marqu\u00e9 du pouce bigot !<\/p>\n<p style=\"text-align: justify;\">Ah ! J\u00e9sus !<\/p>\n<p style=\"text-align: justify;\">Du c\u00f4t\u00e9 anticl\u00e9rical, une pareille bande d&rsquo;hommes encore plus noirs nous imposait avec rage son autre petit d\u00e9cor, en carton-p\u00e2te tricolore, celui-l\u00e0. Avec eux, il fallait descendre du singe, saluer Darwin, l\u00e9cher la bave de Rousseau, se frotter de l\u2019ail de Voltaire, adorer l\u2019ion, l&rsquo;\u00e9lectron, le proton, la \u00ab math\u00e9matoc \u00bb et les symboles chimiques. Je vous salue mon H2SO4 ! Notre Atome qui \u00eates aux cieux ! Se paillassonner aux pieds de l&rsquo;Impuissance-humaine-\u00e0-comprendre-sa-destin\u00e9e-\u00e9ternelle ! (Les petits-enfants hindous en savent plus que les vieilles barbes europ\u00e9ennes \u00e0 ce sujet). S\u2019avouer tout de go vaincu, tortue, la\u00efque, d\u00e9vot dans le doute ! Rer\u00e9p\u00e9ter : \u00ab je ne sais pas ! Nous ne savons pas ! Peut-\u00eatre que ! \u00bb. Perroqueter : \u00ab Hypoth\u00e8se ! Supposition ! \u00bb. : Avaler la prose des grands bonzes en redingote : Poincar\u00e9, Bergson et autres t\u00eatus, pi\u00e9tiner la m\u00e9taphysique parce que \u00ab \u00e7a n&rsquo;existe pas ! \u00bb (C&rsquo;est le prof\u2019 qui l\u2019a dit et c\u2019est pas dans programme !). Et plus tard, quand on a tourn\u00e9 toutes les pages, \u00e9puis\u00e9 tous les trucs et qu&rsquo;on a d\u00e9couvert la ficelle, on s&rsquo;aper\u00e7oit que cet \u00e9gout de l&rsquo;enseignement conduit \u00e0 un triangle : au temple ma\u00e7onnique, \u00e0 un J\u00e9hovah symbolique dont la substance est une rem\u00e2chure de quartier, un sen-sen-gum de Grands Principes,\u00a0 une chique kabbalistique, le mythe des ignares, le cocasse, un soliveau juif pour \u00e9lections : Le Grand Architecte de l\u2019Univers, pas moinsss !<\/p>\n<p style=\"text-align: justify;\">Sectaires !<\/p>\n<p style=\"text-align: justify;\">La France est devenue un champ st\u00e9rile d&rsquo;id\u00e9es juives. Le peuple avait besoin d&rsquo;une morale, d&rsquo;une \u00e9l\u00e9vation au-dessus de la mat\u00e9rialit\u00e9 de sa t\u00e2che quotidienne, d&rsquo;un id\u00e9al religieux simple est clairement con\u00e7u. Sous pr\u00e9texte de combattre des superstitions n\u00e9fastes, les rouges communisants, les barbifieux du petit p\u00e8re Combes et autre potentats du \u00ab Savoir \u00e0 tout faire \u00bb, ont \u00e9ject\u00e9 des ann\u00e9es durant, sans en comprendre la b\u00eatise, du dogme d\u00e9mocratique juif, du Talmud baptis\u00e9 philosophie, de la science des \u00e2nes. Ils ont pourri le national jusqu&rsquo;\u00e0 l&rsquo;os, en effleurant les cerveaux, de leur baguette de prestidigitateur de l&rsquo;\u00c9cole Normale. Ces descripteurs ampoul\u00e9s de la plan\u00e8te ne voyaient que par le trou de leur mat\u00e9rialisme myope. Le monde, c&rsquo;est ce machin-l\u00e0. Rond, en boule, cinq parties avec de l&rsquo;eau autour ! Voyez la carte. \u00c9ph\u00e9m\u00e8re, mortel et g\u00e9ographique ! Surtout pas de Dieu ! \u00c7a n&rsquo;existe pas ! Dieu ? Ce barbu ? Cette idole \u00e0 n\u00e8gres ! Fi ! Nous les anticl\u00e9ricaux ! Les forts en th\u00e8me, nous les costauds, nous nions Dieu, l&rsquo;Esprit, l\u2019\u00c2me, l\u2019\u00catre, tout ce bataclan pour artistes ou proph\u00e8tes ! Nous adorons le Progr\u00e8s ! Les Principes ! Les Symboles ! Hiram ! Ah ! Ah ! la lettre G ! L&rsquo;\u00e9toile flamboyante ! Voil\u00e0 qui est neuf ! Et puis, les copains du quartier ! La philosophie apr\u00e8s boire ! L&rsquo;id\u00e9al bistro ! Votez pour moi ! Le gouvernement par en bas ! La r\u00e9volution sociale ! Le tourneboulage du Grand soir ! L\u2019atome de demain ! Demain, on gouvernera gratis ! Et vive la Libert\u00e9, nom d&rsquo;un Pernod ! Qu&rsquo;on se saoule de mots ! Et qu&rsquo;on en cr\u00e8ve. Car nous l&rsquo;affirmons ! Et c&rsquo;est vrai puisqu&rsquo;on l&rsquo;imprime ! Nous descendons d&rsquo;un gorille au nom latin ! Nom d&rsquo;une pipelette ! Et nous ne doutons pas qu&rsquo;il faut douter de tout.<\/p>\n<p style=\"text-align: justify;\">R\u00e9sultat : les petits Fran\u00e7ais macaquis\u00e9s ont fait un bref galop de singe quand leurs officiers polytechniciens leur ont ouvert les vannes de la d\u00e9route. Le grand Architecte n&rsquo;a pas fonctionn\u00e9 en faveur de ses fils.<\/p>\n<p style=\"text-align: justify;\">Il fallait r\u00e9parer tout \u00e7a, en juin 1940. C&rsquo;est alors que l&rsquo;autre \u00e9quipe, la noire, cette secte intime en d\u00e9saccord avec tout ce que l&rsquo;\u00c9glise repr\u00e9sente de forces saines, montra tout \u00e0 coup le bout de son mufle. Elle attendait son heure d&rsquo;avant le p\u00e8re Combes, d&rsquo;avant Mac-Mahon, d&rsquo;avant 1789, d&rsquo;avant Coligny, d&rsquo;avant Galil\u00e9e, d&rsquo;avant le soleil. Ces faux chr\u00e9tiens, qui font du christianisme \u00e0 la glu, ces pharisiens que J\u00e9sus fouetterait jusqu&rsquo;au sang corrompu, se sont ru\u00e9s avidement sur les bonnes places de l&rsquo;enseignement avec un app\u00e9tit de hy\u00e8nes. Il s&rsquo;agissait de ravauder leurs bondieuseries de 1880, de r\u00e9installer le dogme ent\u00e9n\u00e9br\u00e9e, de fonctionner en barrette \u00e0 pompon, de th\u00e9ocratiser, d\u00e9viriliser, d\u00e9sid\u00e9aliser, enfantdech\u0153uriser, moinillonner, b\u00e9tifier et d&rsquo;instruire nos gosses, non pas selon Dieu, mais selon la th\u00e9orie discutable d&rsquo;une secte particuli\u00e8re de compilateurs th\u00e9ologues.<\/p>\n<p style=\"text-align: justify;\">Et l&rsquo;on nous dit : faites des enfants !<\/p>\n<p style=\"text-align: justify;\">Pour les voir matriculer par ces \u00ab gangs \u00bb de r\u00e9trogrades, de plantigrades, de hauts grades et de d\u00e9gradateurs !<\/p>\n<p style=\"text-align: justify;\">Le monde est en proie aux convulsions des magiciens de toutes les ob\u00e9diences.<\/p>\n<p style=\"text-align: justify;\">Il faut que cr\u00e8ve l&rsquo;abc\u00e8s des m\u00e9cr\u00e9ances avant que nous puissions vivre, que s&rsquo;\u00e9croulent les Ma\u00e7onneries, les architectures tortueuses, les acharnements des sectes, avant que nous puissions poser la premi\u00e8re pierre du monde de demain : l&rsquo;enfant-roi.<\/p>\n<p style=\"text-align: justify;\">Que disparaissent les n\u00e9o-la\u00efques dans leurs nu\u00e9es, les Vichyssois int\u00e9gristes dans leurs sacristies politiques, et les Juifs dans leur d\u00e9sert aurifi\u00e9 pour qu&rsquo;une parcelle de la V\u00e9rit\u00e9 \u00e9tincelle sur ce peuple !<\/p>\n<p style=\"text-align: right;\">Paul Riche<\/p>\n<p style=\"text-align: justify;\">P.S.\u2014 je tiens \u00e0 signaler spontan\u00e9ment que j&rsquo;ai \u00e9t\u00e9 induit en erreur au sujet de M. Andr\u00e9 Demaison \u2014 qui ne nous a pas \u00e9crit mais que nous savons \u00eatre pein\u00e9s d&rsquo;avoir \u00e9t\u00e9 attaqu\u00e9s injustement. Qu&rsquo;il excuse cette balle \u00e9gar\u00e9e. Je ferai des reproches n\u00e9cessaires \u00e0 mon informateur.<\/p>\n","protected":false},"excerpt":{"rendered":"<p>Au Pilori, 21 f\u00e9vrier 1941 (sign\u00e9 Paul Riche) La lutte para\u00eet engag\u00e9e entre ces Messieurs la\u00efques et ces Messieurs de robe noire : les instituteurs d\u2019\u00e2me rouge et les J\u00e9suites pr\u00eacheurs de crucifixion. Paris contre Vichy, probl\u00e8me politique ? Pas &hellip; <a href=\"https:\/\/monperejeanmamy.fr\/?page_id=457\">Continuer la lecture <span class=\"meta-nav\">&rarr;<\/span><\/a><\/p>\n","protected":false},"author":2,"featured_media":397,"parent":0,"menu_order":0,"comment_status":"closed","ping_status":"closed","template":"","meta":[],"folder":[],"_links":{"self":[{"href":"https:\/\/monperejeanmamy.fr\/index.php?rest_route=\/wp\/v2\/pages\/457"}],"collection":[{"href":"https:\/\/monperejeanmamy.fr\/index.php?rest_route=\/wp\/v2\/pages"}],"about":[{"href":"https:\/\/monperejeanmamy.fr\/index.php?rest_route=\/wp\/v2\/types\/page"}],"author":[{"embeddable":true,"href":"https:\/\/monperejeanmamy.fr\/index.php?rest_route=\/wp\/v2\/users\/2"}],"replies":[{"embeddable":true,"href":"https:\/\/monperejeanmamy.fr\/index.php?rest_route=%2Fwp%2Fv2%2Fcomments&post=457"}],"version-history":[{"count":3,"href":"https:\/\/monperejeanmamy.fr\/index.php?rest_route=\/wp\/v2\/pages\/457\/revisions"}],"predecessor-version":[{"id":488,"href":"https:\/\/monperejeanmamy.fr\/index.php?rest_route=\/wp\/v2\/pages\/457\/revisions\/488"}],"wp:featuredmedia":[{"embeddable":true,"href":"https:\/\/monperejeanmamy.fr\/index.php?rest_route=\/wp\/v2\/media\/397"}],"wp:attachment":[{"href":"https:\/\/monperejeanmamy.fr\/index.php?rest_route=%2Fwp%2Fv2%2Fmedia&parent=457"}],"wp:term":[{"taxonomy":"folder","embeddable":true,"href":"https:\/\/monperejeanmamy.fr\/index.php?rest_route=%2Fwp%2Fv2%2Ffolder&post=457"}],"curies":[{"name":"wp","href":"https:\/\/api.w.org\/{rel}","templated":true}]}}