{"id":464,"date":"2021-02-23T17:07:57","date_gmt":"2021-02-23T16:07:57","guid":{"rendered":"http:\/\/monperejeanmamy.fr\/?page_id=464"},"modified":"2021-02-24T09:14:34","modified_gmt":"2021-02-24T08:14:34","slug":"au-pilori-21-fevrier-1941-signe-p-r","status":"publish","type":"page","link":"https:\/\/monperejeanmamy.fr\/?page_id=464","title":{"rendered":"La trahison spirituelle de la Franc-Ma\u00e7onnerie"},"content":{"rendered":"<p style=\"text-align: center;\"><em>Au Pilori,<\/em> 21 f\u00e9vrier 1941 (sign\u00e9 P.R., initiales de Paul Riche=<\/p>\n<p style=\"text-align: justify;\">Notre collaborateur J. Marqu\u00e8s-Rivi\u00e8re, l\u2019auteur appr\u00e9ci\u00e9 de tant d\u2019ouvrages sur l\u2019occultisme et la Franc-Ma\u00e7onnerie, publie chez Jean Renard une nouvelle \u00e9dition, revue et augment\u00e9e, de son fameux livre : La trahison spirituelle de la Franc-Ma\u00e7onnerie dont nous appr\u00e9ci\u00e2mes la premi\u00e8re version en 1931.<\/p>\n<p style=\"text-align: justify;\">La nouvelle \u00e9dition comporte une s\u00e9rie de documents nouveaux de la plus grande importance. Les textes cit\u00e9s, les \u00ab planches \u00bb, photographi\u00e9es, prouvent irr\u00e9futablement la responsabilit\u00e9 de la secte ma\u00e7onnique dans les malheurs de notre pays.<\/p>\n<p style=\"text-align: justify;\">Entre autres, une lettre adress\u00e9e \u00e0 toutes les loges par le Grand Orient de France et c\u00e9l\u00e9brant victorieusement la r\u00e9forme pour \u00ab inaptitude psychologique \u00bb de l\u2019objecteur de conscience.<\/p>\n<p style=\"text-align: justify;\"><img loading=\"lazy\" class=\" wp-image-465 alignright\" src=\"http:\/\/monperejeanmamy.fr\/wp-content\/uploads\/2021\/02\/PR-Pilori-19410221-267x1024.jpg\" alt=\"\" width=\"268\" height=\"995\" \/>G\u00e9rard Leretour\u00a0 nous a particuli\u00e8rement frapp\u00e9. La Ma\u00e7onnerie se faisait gloire d\u2019antimilitarisme, de pacifisme utopique, d\u2019antireligion, de n\u00e9gation m\u00e9taphysique. Soci\u00e9t\u00e9 de libre pens\u00e9e, elle ne pouvait rassembler que des m\u00e9diocres, des fumeux, des arrivistes, des fripouilles, des badauds et des fous. Les plus dangereux des Ma\u00e7ons, \u00e0 la lumi\u00e8re des faits, apparaissent encore des sinc\u00e8res na\u00effs dont se servaient habilement les dirigeants de la secte, qui entra\u00eenaient le petit peuple abus\u00e9 des initi\u00e9s primaires vers les utopies du jour.<\/p>\n<p style=\"text-align: justify;\">Un autre document sensationnel est l\u2019aveu effarant que fit une certaine loge \u00ab la Montagne \u00bb de la d\u00e9composition de l\u2019organisme. L\u2019union spirituelle ne r\u00e9gnait pas chez les francs-ma\u00e7ons, la solidarit\u00e9 dans le mal les cimentait davantage.<\/p>\n<p style=\"text-align: justify;\">Cet ouvrage nous semble contenir les \u00e9l\u00e9ments les plus complets, les plus solides et les plus modernes qui aient \u00e9t\u00e9 publi\u00e9s sur la question.<\/p>\n<p style=\"text-align: justify;\">Le public y trouvera des textes datant de 1940, \u00e0 la veille de la d\u00e9b\u00e2cle et du d\u00e9cret de dissolution des Soci\u00e9t\u00e9s Secr\u00e8tes.<\/p>\n<p style=\"text-align: justify;\">Nous ne pouvons faire mieux que de laisser l\u2019auteur pr\u00e9senter sa conclusion avec laquelle nous sommes enti\u00e8rement d\u2019accord :<\/p>\n<p style=\"text-align: justify;\">\u00ab Sur tous les plans, la Ma\u00e7onnerie \u00e9tait condamn\u00e9e : que ce fut par la place pr\u00e9pond\u00e9rante qu\u2019elle avait prise dans la r\u00e9action conservatrice du pouvoir, car rien n\u2019\u00e9tait plus conservateur que les radicaux et les socialistes, avocats et gens d\u2019affaires pour le plupart ; que ce fut par la prime cynique offerte au moindre effort aux recommandations, \u00e0 la tromperie ; que ce fut par l\u2019\u0153uvre de d\u00e9moralisation spirituelle que le la\u00efcisme a fait \u00e0 travers ce pays ; que ce fut par ses attaches internationales avec des \u00e9l\u00e9ments qui se moquaient du d\u00e9sordre g\u00e9n\u00e9ral pourvu que leurs int\u00e9r\u00eats particuliers fussent sauvegard\u00e9s ; que ce fut par sa veulerie st\u00e9rile qui a fait des Fran\u00e7ais un peuple de bavards \u00e9go\u00efstes, orgueilleux et fats, fiers d\u2019un syst\u00e8me pseudo-d\u00e9mocratique qui donnait l\u2019illusion \u00e0 ces pauvres fous de diriger la machine gouvernementale ; que ce fut par son id\u00e9ologie anticl\u00e9ricale, antihitl\u00e9tienne, antifaciste, anticeci, et anticel\u00e0 qui a provoqu\u00e9 la guerre et arr\u00eat\u00e9 toutes les possibilit\u00e9s de paix depuis 1918, sur tous les plans, la Franc-Ma\u00e7onnerie \u00e9tait jug\u00e9e et devait dispara\u00eetre. Et comme elle avait li\u00e9 son destin \u00e0 celui de la France, elle a entra\u00een\u00e9 celle-ci dans sa chute \u00bb.<\/p>\n<p>Livre indispensable pour mesurer l\u2019\u00e9tendue du mal ma\u00e7onnique.<\/p>\n<p style=\"text-align: right;\">P.R.<\/p>\n<p><em>La trahison spirituelle de la F.-M. &#8211;<\/em> J.Marqu\u00e8s-Rivi\u00e8re, chez Renard, 1 vol. 20 fr.<\/p>\n","protected":false},"excerpt":{"rendered":"<p>Au Pilori, 21 f\u00e9vrier 1941 (sign\u00e9 P.R., initiales de Paul Riche= Notre collaborateur J. Marqu\u00e8s-Rivi\u00e8re, l\u2019auteur appr\u00e9ci\u00e9 de tant d\u2019ouvrages sur l\u2019occultisme et la Franc-Ma\u00e7onnerie, publie chez Jean Renard une nouvelle \u00e9dition, revue et augment\u00e9e, de son fameux livre : &hellip; <a href=\"https:\/\/monperejeanmamy.fr\/?page_id=464\">Continuer la lecture <span class=\"meta-nav\">&rarr;<\/span><\/a><\/p>\n","protected":false},"author":2,"featured_media":397,"parent":0,"menu_order":0,"comment_status":"closed","ping_status":"closed","template":"","meta":[],"folder":[],"_links":{"self":[{"href":"https:\/\/monperejeanmamy.fr\/index.php?rest_route=\/wp\/v2\/pages\/464"}],"collection":[{"href":"https:\/\/monperejeanmamy.fr\/index.php?rest_route=\/wp\/v2\/pages"}],"about":[{"href":"https:\/\/monperejeanmamy.fr\/index.php?rest_route=\/wp\/v2\/types\/page"}],"author":[{"embeddable":true,"href":"https:\/\/monperejeanmamy.fr\/index.php?rest_route=\/wp\/v2\/users\/2"}],"replies":[{"embeddable":true,"href":"https:\/\/monperejeanmamy.fr\/index.php?rest_route=%2Fwp%2Fv2%2Fcomments&post=464"}],"version-history":[{"count":2,"href":"https:\/\/monperejeanmamy.fr\/index.php?rest_route=\/wp\/v2\/pages\/464\/revisions"}],"predecessor-version":[{"id":490,"href":"https:\/\/monperejeanmamy.fr\/index.php?rest_route=\/wp\/v2\/pages\/464\/revisions\/490"}],"wp:featuredmedia":[{"embeddable":true,"href":"https:\/\/monperejeanmamy.fr\/index.php?rest_route=\/wp\/v2\/media\/397"}],"wp:attachment":[{"href":"https:\/\/monperejeanmamy.fr\/index.php?rest_route=%2Fwp%2Fv2%2Fmedia&parent=464"}],"wp:term":[{"taxonomy":"folder","embeddable":true,"href":"https:\/\/monperejeanmamy.fr\/index.php?rest_route=%2Fwp%2Fv2%2Ffolder&post=464"}],"curies":[{"name":"wp","href":"https:\/\/api.w.org\/{rel}","templated":true}]}}