{"id":467,"date":"2021-02-23T17:13:32","date_gmt":"2021-02-23T16:13:32","guid":{"rendered":"http:\/\/monperejeanmamy.fr\/?page_id=467"},"modified":"2021-02-24T09:15:32","modified_gmt":"2021-02-24T08:15:32","slug":"au-pilori-28-fevrier-1941-signe-p-r","status":"publish","type":"page","link":"https:\/\/monperejeanmamy.fr\/?page_id=467","title":{"rendered":"Le village de la corruption"},"content":{"rendered":"<p style=\"text-align: center;\"><em>Au Pilori,<\/em> 28 f\u00e9vrier 1941 (sign\u00e9 P.R., initiales de Paul Riche)<\/p>\n<p>Telle \u00e9tait notre R\u00e9publique parlementaire.<\/p>\n<p style=\"text-align: justify;\">Pillage des deniers publics ; pillage des gogos confiants ; pillage de l\u2019\u00e9pargne ; pillage et gaspillage.<\/p>\n<p style=\"text-align: justify;\">L\u2019histoire de cette France malade depuis 1870 est une lourde cha\u00eene de scandales. Jamais hommes politiques n\u2019ont \u00e9t\u00e9 \u00e0 ce point corrupteurs et corrompus ; paravents de toutes les basses besognes de banques, profiteurs \u00e0 tous \u00e9tages de la masse \u00e9norme d\u2019argent que le peuple faisait, par force, affluer aux guichets des percepteurs.<\/p>\n<p><img loading=\"lazy\" class=\"aligncenter size-full wp-image-468\" src=\"http:\/\/monperejeanmamy.fr\/wp-content\/uploads\/2021\/02\/PR-Pilori-19410228-scaled.jpg\" alt=\"\" width=\"1416\" height=\"2560\" srcset=\"https:\/\/monperejeanmamy.fr\/wp-content\/uploads\/2021\/02\/PR-Pilori-19410228-scaled.jpg 1416w, https:\/\/monperejeanmamy.fr\/wp-content\/uploads\/2021\/02\/PR-Pilori-19410228-166x300.jpg 166w, https:\/\/monperejeanmamy.fr\/wp-content\/uploads\/2021\/02\/PR-Pilori-19410228-566x1024.jpg 566w, https:\/\/monperejeanmamy.fr\/wp-content\/uploads\/2021\/02\/PR-Pilori-19410228-768x1389.jpg 768w, https:\/\/monperejeanmamy.fr\/wp-content\/uploads\/2021\/02\/PR-Pilori-19410228-849x1536.jpg 849w, https:\/\/monperejeanmamy.fr\/wp-content\/uploads\/2021\/02\/PR-Pilori-19410228-1133x2048.jpg 1133w\" sizes=\"(max-width: 1416px) 100vw, 1416px\" \/><\/p>\n<p style=\"text-align: justify;\">Tous les parlementaires quels qu\u2019ils soient ont \u00e9t\u00e9, soit des agents d\u2019ex\u00e9cution, soit les t\u00e9moins consentants, de ce vol national.<\/p>\n<p style=\"text-align: justify;\">Pillage ? Il faudra bien que les dossiers s\u2019ouvrent un jour, que les bouches parlent, que les hauts fonctionnaires avouent, soit dans le bureau d\u2019un juge d\u2019instruction, soit sous nos poings.<\/p>\n<p style=\"text-align: justify;\">On saura alors l\u2019importance de la razzia dans la m\u00e9tallurgie, dans les usines d\u2019armement, dans l\u2019aviation surtout o\u00f9 les personnages les plus inad\u00e9quats \u00e9taient charg\u00e9s de la r\u00e9partition des fonds.<\/p>\n<p style=\"text-align: justify;\">Corruption parlementaire ? Il suffit d\u2019\u00e9couter les histoires des dessous de n\u2019importe qu\u2019elle \u00e9lection pour \u00eatre fix\u00e9.<\/p>\n<p style=\"text-align: justify;\">Le populo fran\u00e7ais a \u00e9t\u00e9 bien bluff\u00e9, par des Fran\u00e7ais qui n\u2019en m\u00e9ritent pas le nom et par des Juifs qui m\u00e9ritent bien le leur.<\/p>\n<p style=\"text-align: justify;\">Le parlement \u00e9tait une usine \u00e0 pomper la substance nationale, \u00e0 vider les poches et \u00e0 r\u00e9partir les magots vol\u00e9s.<\/p>\n<p style=\"text-align: justify;\">Il faut effacer Chambre des d\u00e9put\u00e9s et mettre au fronton du b\u00e2timent : Pillage et Corruption.<\/p>\n<p style=\"text-align: justify;\">Tout notre travail, toutes nos \u00e9conomies, tout notre effort besogneux fut dilapid\u00e9 par les pattes crochues de ces gens-l\u00e0.<\/p>\n<p style=\"text-align: justify;\">Nous luttons ici contre la Ma\u00e7onnerie et la juiverie ; ajoutons aussi : l\u2019ex-parlementarisme, la bo\u00eete aux voleurs.<\/p>\n<p style=\"text-align: justify;\">Parlementaire : bonimenteur, filou, pourri, futur condamn\u00e9 de droit commun.<\/p>\n<p style=\"text-align: justify;\">Ces parlementaires \u00e9taient les agents des trusts, ni plus ni moins, pas autre chose que les hommes de main du gang capitaliste.<\/p>\n<p style=\"text-align: justify;\">Parlementaires francs-ma\u00e7ons ou non, juifs ou non, ne repr\u00e9sentaient pas le peuple mais les int\u00e9r\u00eats particuliers de la banque, de la d\u00e9voreuse d\u2019\u00e9pargne.<\/p>\n<p style=\"text-align: justify;\">Nous votions pour nos bourreaux, pour des traitres.<\/p>\n<p style=\"text-align: justify;\">Nous donnions notre confiance \u00e0 des salauds d\u2019une impudence sans limites.<\/p>\n<p style=\"text-align: justify;\">Le peuple fran\u00e7ais, gouvern\u00e9 hier par le pillage et la corruption, doit rejeter de lui ces deux mal\u00e9dictions.<\/p>\n<p style=\"text-align: justify;\">Il \u00e9tait un pays balkanique dont on se gaussait autrefois, o\u00f9 les fonctionnaires vivaient de gros pourboires, o\u00f9, du haut en bas, tout l\u2019\u00c9tat \u00e9tait corrompu, o\u00f9 pour obtenir la moindre chose l\u00e9gitime de l\u2019administration, il fallait payer, o\u00f9 un passeport co\u00fbtait un gros billet et les faveurs d\u2019un ministre un paquet important de gros billets.<\/p>\n<p style=\"text-align: justify;\">Ce pays s\u2019est relev\u00e9 depuis gr\u00e2ce \u00e0 une \u00e9quipe d\u2019hommes courageux dont certains ont sacrifi\u00e9 leur vie pour combattre ces deux monstres : le pillage et la corruption.<\/p>\n<p style=\"text-align: justify;\">Les Fran\u00e7ais doivent se r\u00e9volter contre eux-m\u00eames, cesser d\u2019\u00eatre gogos, cesser de c\u00e9der \u00e0 ces habitudes faciles, refuser la corruption sous tous les plans. On ne nous imposera plus les m\u00e9thodes abjectes du capitalisme qui achetait toutes les consciences. Les bobards \u00e9lectifs des singes ex-parlementaires ne nous touchent plus. Nous voulons un \u00c9tat propre, neuf, pour collaborer dignement avec l\u2019Europe. Nous refusons d\u2019\u00eatre vol\u00e9s, pill\u00e9s, grug\u00e9s, par des bandes de fonctionnaires aux ordres du bluff. Nous refusons de payer plus longtemps un Parlement qui s\u2019est montr\u00e9 indigne de la France, un Conseil national qui est un garage de fripouilles, les vestiges d\u2019une R\u00e9publique de faisans.<\/p>\n<p style=\"text-align: justify;\">Il se peut que Vichy et les \u00e9quipes hier au pouvoir prennent la France pour un cadavre \u00e0 d\u00e9pecer. Nous, nous combattrons tous les charognards.<\/p>\n<p style=\"text-align: right;\">P.R.<\/p>\n","protected":false},"excerpt":{"rendered":"<p>Au Pilori, 28 f\u00e9vrier 1941 (sign\u00e9 P.R., initiales de Paul Riche) Telle \u00e9tait notre R\u00e9publique parlementaire. Pillage des deniers publics ; pillage des gogos confiants ; pillage de l\u2019\u00e9pargne ; pillage et gaspillage. L\u2019histoire de cette France malade depuis 1870 &hellip; <a href=\"https:\/\/monperejeanmamy.fr\/?page_id=467\">Continuer la lecture <span class=\"meta-nav\">&rarr;<\/span><\/a><\/p>\n","protected":false},"author":2,"featured_media":397,"parent":0,"menu_order":0,"comment_status":"closed","ping_status":"closed","template":"","meta":[],"folder":[],"_links":{"self":[{"href":"https:\/\/monperejeanmamy.fr\/index.php?rest_route=\/wp\/v2\/pages\/467"}],"collection":[{"href":"https:\/\/monperejeanmamy.fr\/index.php?rest_route=\/wp\/v2\/pages"}],"about":[{"href":"https:\/\/monperejeanmamy.fr\/index.php?rest_route=\/wp\/v2\/types\/page"}],"author":[{"embeddable":true,"href":"https:\/\/monperejeanmamy.fr\/index.php?rest_route=\/wp\/v2\/users\/2"}],"replies":[{"embeddable":true,"href":"https:\/\/monperejeanmamy.fr\/index.php?rest_route=%2Fwp%2Fv2%2Fcomments&post=467"}],"version-history":[{"count":2,"href":"https:\/\/monperejeanmamy.fr\/index.php?rest_route=\/wp\/v2\/pages\/467\/revisions"}],"predecessor-version":[{"id":491,"href":"https:\/\/monperejeanmamy.fr\/index.php?rest_route=\/wp\/v2\/pages\/467\/revisions\/491"}],"wp:featuredmedia":[{"embeddable":true,"href":"https:\/\/monperejeanmamy.fr\/index.php?rest_route=\/wp\/v2\/media\/397"}],"wp:attachment":[{"href":"https:\/\/monperejeanmamy.fr\/index.php?rest_route=%2Fwp%2Fv2%2Fmedia&parent=467"}],"wp:term":[{"taxonomy":"folder","embeddable":true,"href":"https:\/\/monperejeanmamy.fr\/index.php?rest_route=%2Fwp%2Fv2%2Ffolder&post=467"}],"curies":[{"name":"wp","href":"https:\/\/api.w.org\/{rel}","templated":true}]}}