{"id":471,"date":"2021-02-24T08:57:08","date_gmt":"2021-02-24T07:57:08","guid":{"rendered":"http:\/\/monperejeanmamy.fr\/?page_id=471"},"modified":"2021-02-24T08:59:26","modified_gmt":"2021-02-24T07:59:26","slug":"au-pilori-28-fevrier-1941-signe-paul-riche","status":"publish","type":"page","link":"https:\/\/monperejeanmamy.fr\/?page_id=471","title":{"rendered":"Le F:. Marc-de-caf\u00e9"},"content":{"rendered":"<p style=\"text-align: center;\"><em>Au Pilori,<\/em> 28 f\u00e9vrier 1941 (sign\u00e9 Paul Riche)<\/p>\n<p style=\"text-align: justify;\">J\u2019ai sur ma table un joli papelard qui \u00e9mane de certaines administrations. C&rsquo;est un tract cucu-anglophile, tir\u00e9 \u00e0 d\u2019innombrables exemplaires \u2014para\u00eet-il\u2014 par les mains expertes de dame au cerveau de buse, qui \u00ab font \u00bb dans la politique internationale, au lieu de ravauder les chaussettes en souffrance de leurs \u00e9poux. Ces dames et ces messieurs leurs coll\u00e8gues jouent au proph\u00e8te, voui, voui ! Et au proph\u00e8te anglais, tiens, tiens ! Ces petits hiboux volontaires de l&rsquo;Inintelligence Service pr\u00e9voient non seulement le temps qu&rsquo;il fera demain, l&rsquo;humeur de leur chef la semaine prochaine, les num\u00e9ros sortants de la Loterie Nationale, et tout et tout, mais encore l&rsquo;avenir de la France, pas moinsss ! Pour l&rsquo;ann\u00e9e en cours, eh ! Pourquoi pas ? Avec des dates, mois par mois, comme je vous le dis ! Jour par jour, exactement ! Il n&rsquo;y manque plus que les heures ! ! ! Que j&rsquo;en devienne podagre \u00e0 l&rsquo;instant si je mens !<\/p>\n<p><img loading=\"lazy\" class=\"aligncenter size-full wp-image-473\" src=\"http:\/\/monperejeanmamy.fr\/wp-content\/uploads\/2021\/02\/PRiche-Pilori-19410228-1-scaled.jpg\" alt=\"\" width=\"2560\" height=\"1088\" srcset=\"https:\/\/monperejeanmamy.fr\/wp-content\/uploads\/2021\/02\/PRiche-Pilori-19410228-1-scaled.jpg 2560w, https:\/\/monperejeanmamy.fr\/wp-content\/uploads\/2021\/02\/PRiche-Pilori-19410228-1-300x128.jpg 300w, https:\/\/monperejeanmamy.fr\/wp-content\/uploads\/2021\/02\/PRiche-Pilori-19410228-1-1024x435.jpg 1024w, https:\/\/monperejeanmamy.fr\/wp-content\/uploads\/2021\/02\/PRiche-Pilori-19410228-1-768x326.jpg 768w, https:\/\/monperejeanmamy.fr\/wp-content\/uploads\/2021\/02\/PRiche-Pilori-19410228-1-1536x653.jpg 1536w, https:\/\/monperejeanmamy.fr\/wp-content\/uploads\/2021\/02\/PRiche-Pilori-19410228-1-2048x870.jpg 2048w, https:\/\/monperejeanmamy.fr\/wp-content\/uploads\/2021\/02\/PRiche-Pilori-19410228-1-500x213.jpg 500w\" sizes=\"(max-width: 2560px) 100vw, 2560px\" \/><\/p>\n<p style=\"text-align: justify;\">Ah ! Mes concierges ! Oh ! Bonne M\u00e8re Sainte-Vierge, tenez-moi les c\u00f4tes ! O rigolade, j\u2019en cr\u00e8ve ! Hi ! hi ! hi ! Ah ! ah ! ah ! Oh ! oh ! oh !<\/p>\n<p style=\"text-align: justify;\">On a d\u00e9j\u00e0 vu dans ce pays, les ans pass\u00e9s, beaucoup de badauderies et de badauds. Et quand on dit badauderies et badauds, on est poli, on s&rsquo;exprime comme un monsieur-tout-le-monde-tr\u00e8s-bien, on joue \u00e0 l&rsquo;ancien premier communiants, on se rappelle qu&rsquo;il y a des dames, on ne veut effaroucher personne, les oreilles chastes n&rsquo;entendront pas ce qu&rsquo;on pense, il faut rester lisible et d\u00e9cent, il y a des mots trop gros pour qu&rsquo;on les imprime, nous n&rsquo;irons pas au-del\u00e0 de notre tact. Tenons-nous la bouche \u00e0 deux mains. Rabelais ! Notre-P\u00e8re Rabelais ! Pardonnez-nous notre d\u00e9licatesse.<\/p>\n<p style=\"text-align: justify;\">\u2026 Beaucoup de badauderies ! De badauds et d\u2019archi-bourr\u00e9s du cervelet, des gens dont toute l\u2019existence se sera pass\u00e9 \u00e0 croire d\u00e9sesp\u00e9r\u00e9ment \u00e0 des utopies idiotissimes, navrantissimes, lamentablissimes, \u00e0 des principes de carton-p\u00e2te, des arm\u00e9es sur le papier, des cuirass\u00e9s de statistique, \u00e0 des reportages juifs menteurs, mensongif\u00e8res, mensongi-barbus, \u00e0 du fakir Churchill, des albionades, des ma\u00e7onnouilles, des am\u00e9ricocasseries, du devin 39, du tarot 41, du d\u00e9mago-yankee 42, du valet de c\u0153ur de Gaulle, de la dame de tr\u00e8fle Roosevelt, de la Russie qui joue son jeu, de l\u2019Afrique qui remue l\u2019orteil, de la magie youtre-oc\u00e9an.<\/p>\n<p style=\"text-align: justify; padding-left: 80px;\"><em>Ah ! les \u2026 corbillons !<\/em><br \/>\n<em>Dans mon Fran\u00e7ais moyen<\/em><br \/>\n<em>Qu\u2019y met-on ?<\/em><br \/>\n<em>Du bourre-mou d\u2019Albion.<\/em><\/p>\n<p style=\"text-align: justify;\">Tout \u00e7a, c\u2019est la faute au F:. marc de caf\u00e9<\/p>\n<p style=\"text-align: justify;\">Le F:. marc de caf\u00e9 nous a d\u00e9j\u00e0 annonc\u00e9 depuis 1920 quelques mirages-miracles dont nous rappelons la liste \u00e0 titre documentaire hilarant. De quoi se taper un peu le badaud par terre.<\/p>\n<p style=\"text-align: justify;\">Au temps de la conqu\u00eate de l&rsquo;\u00c9thiopie le F:. marc de caf\u00e9 avait curieusement proph\u00e9tis\u00e9 la victoire du n\u00e8gre N\u00e9gus sur l&rsquo;Italie arm\u00e9e jusqu&rsquo;aux dents.<\/p>\n<p style=\"text-align: justify;\">En avant, les grandes campagnes de \u00ab g\u00f4che \u00bb ! \u00ab Les sanctions \u00bb scand\u00e9es en cadence par les bandes de yites qui encadraient notre jeunesse estudiantine, les saloperies et les chiquenaudes au fascisme qui avait os\u00e9 lutter ( l\u2019espouvantable bougre !) Contre l&rsquo;anarchie int\u00e9rieure et dissoudre (le premier !) les Loges ma\u00e7onniques. Il nous arriva, rue de Puteaux, une centaine d&rsquo;Italiens fumants, d\u00e9gueulant leur rage d&rsquo;avoir \u00e9tait fess\u00e9s et purg\u00e9s.<\/p>\n<p style=\"text-align: justify;\">Six mois plus tard, le F:. Sarrault crachotent \u00e0 par-dessus le Rhin des propos imb\u00e9ciles, lors de la reprise de la Rh\u00e9nanie par les troupes allemandes, le F:. Marc de caf\u00e9 s&#8217;empressa de proph\u00e9tis\u00e9 la chute prochaine des nazis : par l&rsquo;int\u00e9rieur ! Qu&rsquo;il va s&rsquo;effondrer ! Le r\u00e9gime \u00e0 Hitler ! Et vous verrez ce que vous verrez ! La R\u00e9volution, la vraie ! Fraternisation des peuples ! Et des popus ! Et des masses ! Tout par en bas ! Ah ! Ah ! L&rsquo;avenir est \u00e0 nous !<\/p>\n<p style=\"text-align: justify;\">F:. Marc de caf\u00e9 se refoutit dedans.<\/p>\n<p style=\"text-align: justify;\">Un dimanche suivant, papa Chautemps s&rsquo;en fut \u00e0 la p\u00eache. Le Sublime Prince du Royal Cocuage encaissa pendant son week-end la r\u00e9union de l&rsquo;Autriche au Reich.<\/p>\n<p style=\"text-align: justify;\">Pan ! Sur le triangle ! Et sur les m\u00e9diums de la d\u00e9mocratie !<\/p>\n<p style=\"text-align: justify;\">Le F:. Marc de caf\u00e9 voulu se rattrapait sur la guerre espagnole ! L\u00e0, les Ben\u00eat-Badauds en prirent plein le cr\u00e9dule, jusqu&rsquo;au bec. \u00c7a rapporte, une guerre civile ! \u00c7a se vend, les \u00e9ditions \u00ab de derni\u00e8re heure \u00bb ! \u00c7a se monnaye, les \u00ab tubards \u00bb, les chuchotis, les \u00ab confidentielles \u00bb, les \u00ab je la tiens de quelqu&rsquo;un qui est plac\u00e9 pour le savoir \u00bb, les \u00ab Notre F:. Machin-Truc qui a \u00e9t\u00e9 en Espagne nous dit que \u00bb, les \u00ab Franco est vaincu, foutu, perdu, ras\u00e9, nettoy\u00e9, on n&rsquo;en parle plus ! Matrid ne sera jamais pris. Je mise \u00e0 vingt contre un pour les R\u00e9publicains ! Il n&rsquo;est pas possible que les rouges ne gagnent pas ! Le monde entier est contre Franco ! Des canons, des avions ! Encore quelques jours ! Et patatras ! Poum ! Poum ! Du Frente Popular, y en a pus ! \u00bb<\/p>\n<p style=\"text-align: justify;\">Le F:. Marc de caf\u00e9 avait foutu son camp avant les rouges.<\/p>\n<p style=\"text-align: justify;\">Vint gu\u00e9guerre 39.<\/p>\n<p style=\"text-align: justify;\">On allait voir ce qu&rsquo;on allait voir ! Jammy-Schmidt avait promis ! Daladier avait d\u00e9clar\u00e9 ! Gamelin, c&rsquo;est un malin ! Paul Reynaud, c&rsquo;est du costaud ! L&rsquo;Angleterre et par derri\u00e8re ! Nos enfants sont par devant, mais c&rsquo;est pour la bonne cause ! Des Juifs, il y en a pas en France, et puis : d\u00e9fense de parler des Juifs, c&rsquo;est mal \u00e9lev\u00e9. Moi, le F:. Marc de caf\u00e9, j&rsquo;interdis les conversations dangereuses ! Un homme en vaut un autre, d&rsquo;autant plus qu&rsquo;entre un youtre install\u00e9 \u00e0 l&rsquo;h\u00f4tel Majestic, qui touche son fric sur les munitions qu&rsquo;il vend, et un simple imb\u00e9cile de pionnier fran\u00e7ais assis dans la mouise devant la ligne Capitalo-Maginot, il y a toute la diff\u00e9rence d&rsquo;un peigne-cul \u00e0 un homme qui conna\u00eet la chanson des \u00e9cus !<\/p>\n<p style=\"text-align: justify;\">Et nous vaincrons, nom de nom, par ce que nous sommes les plus forts ! Pologne, Norv\u00e8ge, Belgique, Hollande et Sainte-Genevi\u00e8ve sont avec nous. Moi, le T:. Illustre F:. Marc de caf\u00e9, je vous le dis ! Nom d\u2019un Mandel ! Allez vous faire tuer sans crainte ! Plus vite que \u00e7a ! Qu&rsquo;est-ce que vous risquez ! Bande de d\u00e9gonfl\u00e9s !<\/p>\n<p style=\"text-align: justify;\">C&rsquo;\u00e9tait l&rsquo;ann\u00e9e derni\u00e8re !<\/p>\n<p style=\"text-align: justify;\">Aujourd&rsquo;hui, le F:. Marc de caf\u00e9 n&rsquo;a pas d\u00e9sarm\u00e9. Dans toutes les tinettes de la France verbeuse, le Tout-hier-petit-bourgeois-badaud-cocu-content se repasse du bobard \u00e0 la tonne !<\/p>\n<p style=\"text-align: justify;\">Le F:. Marc de caf\u00e9 nous annonce donc l&rsquo;ann\u00e9e qui vient ! Comique et triste ! Cette pestilence ma\u00e7onnique court les rues et les couloirs des minist\u00e8res, fait bavasser les fonctionnaires, les dames t\u00eatues et tortues, le populo pas desso\u00fbl\u00e9, fait se gratter les d\u00e9mang\u00e9s de la d\u00e9mago, les r\u00e9publicains jusqu&rsquo;\u00e0 l&rsquo;os, ceux qui vivent du suffrage universel, et ceux qui en cr\u00e8vent \u2014 une date s&rsquo;inscrive sur les calepins des bluff\u00e9s par avance, des imb\u00e9ciles mang\u00e9s tout crus par l\u2019Anglais-Juif-Am\u00e9ricain, tous les Foutus-son-camp de juin dernier, encore furieux de leur frousse, qui r\u00e2lotent la pouillerie de leur hargne.<\/p>\n<p style=\"text-align: justify;\">Ils le sauront leur ch\u00e2timent, mes potes ! Plus tard, leurs enfants lors peindront la barbe en toutes couleurs, on leur fera copier le verbe : \u00ab Je suis madame l&rsquo;Autruche qui, la t\u00eate dans le sable, regarde les choses avec son croupion \u00bb, et ils finiront leur existence coiff\u00e9s d&rsquo;un bonnet d\u2019\u00e2ne jaune juif, aux armes d\u00e9goulinantes de croix de Lorraine, avec cette inscription : \u00ab <em>Poire cocue !<\/em> \u00bb<\/p>\n<p style=\"text-align: right;\">Paul Riche<\/p>\n","protected":false},"excerpt":{"rendered":"<p>Au Pilori, 28 f\u00e9vrier 1941 (sign\u00e9 Paul Riche) J\u2019ai sur ma table un joli papelard qui \u00e9mane de certaines administrations. C&rsquo;est un tract cucu-anglophile, tir\u00e9 \u00e0 d\u2019innombrables exemplaires \u2014para\u00eet-il\u2014 par les mains expertes de dame au cerveau de buse, qui &hellip; <a href=\"https:\/\/monperejeanmamy.fr\/?page_id=471\">Continuer la lecture <span class=\"meta-nav\">&rarr;<\/span><\/a><\/p>\n","protected":false},"author":2,"featured_media":397,"parent":0,"menu_order":0,"comment_status":"closed","ping_status":"closed","template":"","meta":[],"folder":[],"_links":{"self":[{"href":"https:\/\/monperejeanmamy.fr\/index.php?rest_route=\/wp\/v2\/pages\/471"}],"collection":[{"href":"https:\/\/monperejeanmamy.fr\/index.php?rest_route=\/wp\/v2\/pages"}],"about":[{"href":"https:\/\/monperejeanmamy.fr\/index.php?rest_route=\/wp\/v2\/types\/page"}],"author":[{"embeddable":true,"href":"https:\/\/monperejeanmamy.fr\/index.php?rest_route=\/wp\/v2\/users\/2"}],"replies":[{"embeddable":true,"href":"https:\/\/monperejeanmamy.fr\/index.php?rest_route=%2Fwp%2Fv2%2Fcomments&post=471"}],"version-history":[{"count":4,"href":"https:\/\/monperejeanmamy.fr\/index.php?rest_route=\/wp\/v2\/pages\/471\/revisions"}],"predecessor-version":[{"id":477,"href":"https:\/\/monperejeanmamy.fr\/index.php?rest_route=\/wp\/v2\/pages\/471\/revisions\/477"}],"wp:featuredmedia":[{"embeddable":true,"href":"https:\/\/monperejeanmamy.fr\/index.php?rest_route=\/wp\/v2\/media\/397"}],"wp:attachment":[{"href":"https:\/\/monperejeanmamy.fr\/index.php?rest_route=%2Fwp%2Fv2%2Fmedia&parent=471"}],"wp:term":[{"taxonomy":"folder","embeddable":true,"href":"https:\/\/monperejeanmamy.fr\/index.php?rest_route=%2Fwp%2Fv2%2Ffolder&post=471"}],"curies":[{"name":"wp","href":"https:\/\/api.w.org\/{rel}","templated":true}]}}