{"id":497,"date":"2021-02-24T09:31:00","date_gmt":"2021-02-24T08:31:00","guid":{"rendered":"http:\/\/monperejeanmamy.fr\/?page_id=497"},"modified":"2021-02-24T09:31:00","modified_gmt":"2021-02-24T08:31:00","slug":"pourquoi","status":"publish","type":"page","link":"https:\/\/monperejeanmamy.fr\/?page_id=497","title":{"rendered":"Pourquoi ?"},"content":{"rendered":"<p style=\"text-align: center;\"><em>Au Pilori,<\/em> 21 mars 1941, sign\u00e9 Paul Riche<\/p>\n<p style=\"text-align: justify;\">Posons quelques questions :<\/p>\n<p style=\"text-align: justify;\"><strong>Pourquoi<\/strong> a-t-on attendu que 108 bateaux fran\u00e7ais soient saisis par les Anglais pour faire une d\u00e9claration d\u2019une fermet\u00e9 tr\u00e8s relative ?<\/p>\n<p style=\"text-align: justify;\"><strong>Pourquoi,<\/strong> d\u00e8s le premier bateau saisi, n\u2019a-t-on pas d\u00e9cid\u00e9 de convoyer notre marine marchande ?<\/p>\n<p style=\"text-align: justify;\"><strong>Pourquoi<\/strong>, en particulier, le Mendoza, sur qui tant de publicit\u00e9 a \u00e9t\u00e9 faite, n\u2019a-t-il pas \u00e9t\u00e9 accompagn\u00e9 par des forces fran\u00e7aises ?<\/p>\n<p style=\"text-align: justify;\"><strong>Pourquoi<\/strong> tol\u00e8re-t-on l\u2019influence n\u00e9faste de l\u2019ambassadeur am\u00e9ricain \u00e0 Vichy ?<\/p>\n<p style=\"text-align: justify;\"><strong>Pourquoi<\/strong> les six journalistes am\u00e9ricains accr\u00e9dit\u00e9s \u00e0 Vichy sont-ils Juifs ?<\/p>\n<p style=\"text-align: justify;\"><strong>Pourquoi<\/strong> laisse-t-on les deux principaux d\u2019entre-eux \u00ab arroser \u00bb d\u00e9mesur\u00e9ment les milieux gouvernementaux ?<\/p>\n<p style=\"text-align: justify;\"><strong>Pourquoi<\/strong> tol\u00e8re-t-on \u00e0 Vichy l\u2019existence avou\u00e9e du grand Kahal juif qui conspire contre la France ?<\/p>\n<p style=\"text-align: justify;\"><strong>Pourquoi<\/strong> le Juif Netter, descendant du fondateur de l\u2019Alliance Isra\u00e9lite Universitaire, est-il toujours actuaire-contr\u00f4leur au minist\u00e8re de la Production nationale ?<\/p>\n<p style=\"text-align: justify;\"><strong>Pourquoi<\/strong> permet-on aux Juifs d\u2019acqu\u00e9rir de vastes propri\u00e9t\u00e9s en France et en Afrique du Nord ?<\/p>\n<p style=\"text-align: justify;\"><strong>Pourquoi<\/strong> est-il impossible aux colons d\u2019Afrique du Nord de faire respecter les lois prot\u00e9geant la vente des propri\u00e9t\u00e9s aux Juifs ?<\/p>\n<p style=\"text-align: justify;\"><strong>Pourquoi<\/strong> l\u2019\u0153uvre admirable de l\u2019amiral Abrial est-elle frein\u00e9e par les intrigues ?<\/p>\n<p style=\"text-align: justify;\"><strong>Pourquoi<\/strong> le proc\u00e8s de Riom ne s\u2019ouvre-t-il pas ?<\/p>\n<p style=\"text-align: justify;\"><strong>Pourquoi<\/strong> a-t-on rel\u00e2ch\u00e9 Jules Moch et consorts-youdis ?<\/p>\n<p style=\"text-align: justify;\"><strong>Pourquoi<\/strong> Daladier, Reynaud, Mandel et Blum ne sont-ils pas fusill\u00e9s ?<\/p>\n<p style=\"text-align: justify;\"><strong>Pourquoi<\/strong> les enqu\u00eates sur la Franc-Ma\u00e7onnerie sont-elles arr\u00eat\u00e9es depuis trois mois ?<\/p>\n<p style=\"text-align: justify;\"><strong>Pourquoi<\/strong> ne d\u00e9cr\u00e8te-t-on pas la suppression des indemnit\u00e9s aux parlementaires ?<\/p>\n<p style=\"text-align: justify;\"><img loading=\"lazy\" class=\"alignleft size-medium wp-image-462\" src=\"http:\/\/monperejeanmamy.fr\/wp-content\/uploads\/2021\/02\/JM-Pilori-19410221-244x300.jpg\" alt=\"\" width=\"244\" height=\"300\" srcset=\"https:\/\/monperejeanmamy.fr\/wp-content\/uploads\/2021\/02\/JM-Pilori-19410221-244x300.jpg 244w, https:\/\/monperejeanmamy.fr\/wp-content\/uploads\/2021\/02\/JM-Pilori-19410221-833x1024.jpg 833w, https:\/\/monperejeanmamy.fr\/wp-content\/uploads\/2021\/02\/JM-Pilori-19410221-768x945.jpg 768w, https:\/\/monperejeanmamy.fr\/wp-content\/uploads\/2021\/02\/JM-Pilori-19410221-1249x1536.jpg 1249w, https:\/\/monperejeanmamy.fr\/wp-content\/uploads\/2021\/02\/JM-Pilori-19410221-1665x2048.jpg 1665w, https:\/\/monperejeanmamy.fr\/wp-content\/uploads\/2021\/02\/JM-Pilori-19410221.jpg 1688w\" sizes=\"(max-width: 244px) 100vw, 244px\" \/><strong>Pourquoi<\/strong> ne pas chasser d\u00e9finitivement des milieux politiques MM. Frot, Mistler, Frossard, Barthe, etc., qui sont la honte de la France ?<\/p>\n<p style=\"text-align: justify;\"><strong>Pourquoi<\/strong> les Juifs ne sont-ils pas purement et simplement d\u00e9chus, sans exception aucune, de la nationalit\u00e9 fran\u00e7aise ?<\/p>\n<p style=\"text-align: justify;\"><strong>Pourquoi<\/strong> ne pas placer la question juive sur son v\u00e9ritable terrain : celui du racisme, et interdire le m\u00e9tissage ?<\/p>\n<p style=\"text-align: justify;\"><strong>Pourquoi<\/strong> nier que l\u2019\u00c9glise, de par les j\u00e9suites antiracistes, est plus enjuiv\u00e9e que jamais ?<\/p>\n<p style=\"text-align: justify;\"><strong>Pourquoi<\/strong> b\u00e2tir sur la vieille j\u00e9suiterie au lieu de s\u2019appuyer sur les forces neuves europ\u00e9ennes ?<\/p>\n<p style=\"text-align: justify;\">Pourquoi les V\u00e9n\u00e9rables Francs-Ma\u00e7ons, dont on poss\u00e8de la liste, \u00e9dit\u00e9e par les ob\u00e9diences, ne sont-ils pas interrog\u00e9s sur la composition de leurs Loges, et l\u2019activit\u00e9 de leurs adh\u00e9rents ?<\/p>\n<p style=\"text-align: justify;\"><strong>Pourquoi<\/strong> ne coffre-t-on pas d\u00e9finitivement les meneurs communistes dont les tracts injurieux et mensongers recommencent \u00e0 circuler l\u00e0-bas ?<\/p>\n<p style=\"text-align: justify;\">Pourquoi ne fait-on pas une politique sociale large qui donne au peuple ce \u00e0 quoi il a droit : du travail et une justice.<\/p>\n<p style=\"text-align: justify;\"><strong>Pourquoi<\/strong> d\u00e9cide-t-on d\u2019attribuer la somme \u00e9norme de 3 milliards pour l\u2019embellissement du port de Marseille et 15 millions seulement pour les sinistr\u00e9s du Nord ?<\/p>\n<p style=\"text-align: justify;\"><strong>Pourquoi<\/strong> ne double-t-on pas les allocations de ch\u00f4mage ?<\/p>\n<p style=\"text-align: justify;\"><strong>Pourquoi<\/strong> les Juifs sont-ils encore en place au cin\u00e9ma, dans la production et l\u2019exploitation, sans qu\u2019aucun commissaire-g\u00e9rant ait \u00e9t\u00e9 nomm\u00e9 ?<\/p>\n<p style=\"text-align: justify;\"><strong>Pourquoi<\/strong> joue-t-on vis-\u00e0-vis de la zone occup\u00e9e la politique de la faim ?<\/p>\n<p style=\"text-align: justify;\"><strong>Pourquoi<\/strong> parler de R\u00e9volution nationale, puisqu\u2019on n\u2019est ni r\u00e9volutionnaire, ni nationale, mais conservateur et Juif ?<\/p>\n<p style=\"text-align: right;\">Paul Riche<\/p>\n","protected":false},"excerpt":{"rendered":"<p>Au Pilori, 21 mars 1941, sign\u00e9 Paul Riche Posons quelques questions : Pourquoi a-t-on attendu que 108 bateaux fran\u00e7ais soient saisis par les Anglais pour faire une d\u00e9claration d\u2019une fermet\u00e9 tr\u00e8s relative ? Pourquoi, d\u00e8s le premier bateau saisi, n\u2019a-t-on &hellip; <a href=\"https:\/\/monperejeanmamy.fr\/?page_id=497\">Continuer la lecture <span class=\"meta-nav\">&rarr;<\/span><\/a><\/p>\n","protected":false},"author":2,"featured_media":397,"parent":0,"menu_order":0,"comment_status":"closed","ping_status":"closed","template":"","meta":[],"folder":[],"_links":{"self":[{"href":"https:\/\/monperejeanmamy.fr\/index.php?rest_route=\/wp\/v2\/pages\/497"}],"collection":[{"href":"https:\/\/monperejeanmamy.fr\/index.php?rest_route=\/wp\/v2\/pages"}],"about":[{"href":"https:\/\/monperejeanmamy.fr\/index.php?rest_route=\/wp\/v2\/types\/page"}],"author":[{"embeddable":true,"href":"https:\/\/monperejeanmamy.fr\/index.php?rest_route=\/wp\/v2\/users\/2"}],"replies":[{"embeddable":true,"href":"https:\/\/monperejeanmamy.fr\/index.php?rest_route=%2Fwp%2Fv2%2Fcomments&post=497"}],"version-history":[{"count":1,"href":"https:\/\/monperejeanmamy.fr\/index.php?rest_route=\/wp\/v2\/pages\/497\/revisions"}],"predecessor-version":[{"id":499,"href":"https:\/\/monperejeanmamy.fr\/index.php?rest_route=\/wp\/v2\/pages\/497\/revisions\/499"}],"wp:featuredmedia":[{"embeddable":true,"href":"https:\/\/monperejeanmamy.fr\/index.php?rest_route=\/wp\/v2\/media\/397"}],"wp:attachment":[{"href":"https:\/\/monperejeanmamy.fr\/index.php?rest_route=%2Fwp%2Fv2%2Fmedia&parent=497"}],"wp:term":[{"taxonomy":"folder","embeddable":true,"href":"https:\/\/monperejeanmamy.fr\/index.php?rest_route=%2Fwp%2Fv2%2Ffolder&post=497"}],"curies":[{"name":"wp","href":"https:\/\/api.w.org\/{rel}","templated":true}]}}