{"id":504,"date":"2021-02-24T18:51:08","date_gmt":"2021-02-24T17:51:08","guid":{"rendered":"http:\/\/monperejeanmamy.fr\/?page_id=504"},"modified":"2021-02-24T18:51:08","modified_gmt":"2021-02-24T17:51:08","slug":"le-peuple-a-faim","status":"publish","type":"page","link":"https:\/\/monperejeanmamy.fr\/?page_id=504","title":{"rendered":"Le peuple a faim"},"content":{"rendered":"<p style=\"text-align: center;\"><em>Au Pilori<\/em>, 21 mars 1941, sign\u00e9 Jean-Charles Marie, ses trois pr\u00e9noms<\/p>\n<p style=\"text-align: justify;\">Ces lignes s&rsquo;adressent \u00e0 ceux qui ne sont pas du \u00ab peuple \u00bb, \u00e0 ceux qui se sont mis volontairement, de leur propre initiative, hors du \u00ab peuple \u00bb :<\/p>\n<p style=\"text-align: justify;\">Les bourgeois, les repus, les arriv\u00e9s, les \u00e9go\u00efstes, les Vichyssois, les inspecteurs des finances, les polytechniciens, les hauts grad\u00e9s, les conseillers nationaux, les anglophiles, les attentistes, les mous, les indiff\u00e9rents, les inactifs, les galonn\u00e9s incapables, les fonctionnaires arrivistes, les sectaires, les aigris, les pr\u00e9dicateurs de tous dogmes (la\u00efques ou magiques), les bien-pensants, les milliardaires, les Juifs, les meneurs professionnels, les agents de De Gaulle, de Churchill-Street, de Ralingrad, de New-Porc-Hebraishland, les interm\u00e9diaires, les marchands noirs, les fils \u00e0 papa, les strat\u00e8ges de caf\u00e9, les bavards, les mouchards, les scribouillards aux ordres.<\/p>\n<p><img loading=\"lazy\" class=\"aligncenter size-full wp-image-505\" src=\"http:\/\/monperejeanmamy.fr\/wp-content\/uploads\/2021\/02\/JC-Marie-Pilori-19410321-scaled.jpg\" alt=\"\" width=\"2560\" height=\"1083\" srcset=\"https:\/\/monperejeanmamy.fr\/wp-content\/uploads\/2021\/02\/JC-Marie-Pilori-19410321-scaled.jpg 2560w, https:\/\/monperejeanmamy.fr\/wp-content\/uploads\/2021\/02\/JC-Marie-Pilori-19410321-300x127.jpg 300w, https:\/\/monperejeanmamy.fr\/wp-content\/uploads\/2021\/02\/JC-Marie-Pilori-19410321-1024x433.jpg 1024w, https:\/\/monperejeanmamy.fr\/wp-content\/uploads\/2021\/02\/JC-Marie-Pilori-19410321-768x325.jpg 768w, https:\/\/monperejeanmamy.fr\/wp-content\/uploads\/2021\/02\/JC-Marie-Pilori-19410321-1536x650.jpg 1536w, https:\/\/monperejeanmamy.fr\/wp-content\/uploads\/2021\/02\/JC-Marie-Pilori-19410321-2048x866.jpg 2048w, https:\/\/monperejeanmamy.fr\/wp-content\/uploads\/2021\/02\/JC-Marie-Pilori-19410321-500x212.jpg 500w\" sizes=\"(max-width: 2560px) 100vw, 2560px\" \/><\/p>\n<p style=\"text-align: justify;\">\u00c0 ceux qui ne vivent pas de leur travail, mais qui vivent du travail quotidien des autres, de ceux qu\u2019universellement on appelle : le peuple.<\/p>\n<p style=\"text-align: justify; padding-left: 40px;\">Le peuple \u00e0 faim.<br \/>\nLes peuples ont faim.<br \/>\nDe quoi ont-ils faim ?<\/p>\n<p style=\"text-align: justify;\">Pas de leurs illusions, de leurs souffrances, leurs engourdissements d\u00e9magogiques d\u2019hier, bien s\u00fbr !<\/p>\n<p style=\"text-align: justify;\">Ils ont faim de r\u00e9alit\u00e9 ! De clart\u00e9 ! De v\u00e9rit\u00e9 ! De justice ! De mieux-\u00eatre moral !<\/p>\n<p style=\"text-align: justify;\">On ne vit pas que de manger et boire. On n\u2019aspire pas au seul confort, \u00e0 la paix b\u00e9ate et bourgeoise dans un \u00ab home \u00bb de roman ! On ne d\u00e9sire pas que le repos.<\/p>\n<p style=\"text-align: justify;\">On peut aussi ne peut vouloir que le travail, ne plus aimer que le mouvement ne plus vivre que pour produire.<\/p>\n<p style=\"text-align: justify;\">Les peuples ont faim de mouvement.<\/p>\n<p style=\"text-align: justify;\">Ils ont faim de se mouvoir seuls, de rejeter loin de les emp\u00eacheurs de s&rsquo;entraider, de travailler en rond.<\/p>\n<p style=\"text-align: justify;\">Les emp\u00eacheurs de manger \u00e0 sa faim aussi : les Am\u00e9ricoquins et les Angloutisseurs, les Chuifs, les gav\u00e9s, ma\u00eetres du blocus.<\/p>\n<p style=\"text-align: justify;\">L&rsquo;Europe a faim d&rsquo;\u00eatre l&rsquo;Europe. La France de la zone occup\u00e9e a faim d&rsquo;\u00eatre la France tout enti\u00e8re, de repousser les Vichyssois et les Juiffus dans leur n\u00e9ant, de se r\u00e9tablir dans une dignit\u00e9, un ordre, une justice qui balaiera toute la pourriture jud\u00e9o-parlementaire, toute l\u2019abjecte bureaucratie capitaliste, toute la j\u00e9suiterie, tout le d\u00e9sordre qui nous prive du pain quotidien de notre activit\u00e9.<\/p>\n<p style=\"text-align: justify;\">La France a faim et soif de se retrouver entre gens du peuple et de quitter cette d\u00e9froque bourgeoise, cet habit ridiculement \u00e9triqu\u00e9, ce costume de carnaval bancaire, ce masque de sp\u00e9culateur juifs qu&rsquo;elle porte depuis le r\u00e9gime des assignats de Law, depuis que l&rsquo;Angleterre nous inocula le Juif et la \u00ab ma\u00e7onnite \u00bb.<\/p>\n<p style=\"text-align: justify;\">Ce peuple qui a faim de travail, faim de nettet\u00e9, faim de joie ne peut \u00eatre rassasi\u00e9 par les d\u00e9crets quotidiens de Vichy.<\/p>\n<p style=\"text-align: justify;\">On ne nourrit pas un peuple avec des d\u00e9chets de constitution, des lambeaux de bureaucratie, de la d\u00e9liquescence d&rsquo;autocratie.<\/p>\n<p style=\"text-align: justify;\">On ne peut pas nourrir un peuple de mieux-\u00eatre moral, quand les nourrisseurs sont eux-m\u00eames des pillards, de petits bandits.<\/p>\n<p style=\"text-align: justify;\">Faim de pain, de viande, de peur, huiles, de tous produits qui sont en abondance dans notre Afrique du Nord et que les cent-huit bateaux fran\u00e7ais saisis par la valetaille anglaise auraient d\u00fb livrer dans nos ports, s&rsquo;il s&rsquo;\u00e9tait trouv\u00e9 un amiral pour commander la flotte d\u00e8s le premier jour, et un homme qui engage le Mar\u00e9chal dans la voie de la fermet\u00e9 vis-\u00e0-vis de la youtrerie am\u00e9ricaine et anglaise.<\/p>\n<p style=\"text-align: justify;\">La France a faim d\u2019\u00eatre un peuple, d&rsquo;\u00eatre d\u00e9fendue contre ceux qui veulent la ruiner d\u00e9finitivement, contre les goulus d&rsquo;argent, Juifs, am\u00e9ricains, anglais et capitalistes fran\u00e7ais, contre ceux qui ne parlent de notre empire que pour le piller, le livrer, l&rsquo;\u00e9changer, le morceler et s&rsquo;en repa\u00eetre.<\/p>\n<p style=\"text-align: justify;\">La France a faim d&rsquo;\u00eatre d\u00e9livr\u00e9e de ses tyranneaux, de ces petits joufflus ben\u00eats, de ces ex-potaches : Bouthillier , Dumoulin\u00a0 et patati, qui s&rsquo;imaginent \u00eatre des constructeurs imp\u00e9rialistes, et qui ne sont que les sous-lieutenants du r\u00e9gime de l&rsquo;Or, incapables d&rsquo;attirer sur eux le regard d&rsquo;un seul honn\u00eate ouvrier, d&rsquo;un seul p\u00e8re de famille, d&rsquo;un seul paysan, d\u2019un seul fran\u00e7ais.<\/p>\n<p style=\"text-align: justify;\">Le peuple a faim, faim, faim ! Il lui faut manger, non seulement le pain qu&rsquo;on lui refuse, non seulement les victuailles dont l&rsquo;Angleterre et Vichy le privent, mais manger le pain de justice auquel il a droit.<\/p>\n<p style=\"text-align: justify;\">Car la supr\u00eame honte de Vichy consiste n&rsquo;avoir rien fait pour r\u00e9tablir l&rsquo;ordre vrai.<\/p>\n<p style=\"text-align: justify;\">\u00c0 n&rsquo;avoir puni aucun coupable : ni Mandel, ni Daladier, ni Lebrun, ni Blum, ni Raynaud, ni les 900 parlementaires responsables, ni les chefs militaires incapables, ni les tra\u00eetres, ni les agitateurs.<\/p>\n<p style=\"text-align: justify;\">Tous les criminels sont en place et en s\u00e9curit\u00e9.<\/p>\n<p style=\"text-align: justify;\">Le peuple a faim, non de vengeance, mais d&rsquo;\u00e9quit\u00e9. Aujourd&rsquo;hui tous ceux qui travaillent en France regardent tout ce qui profite avec des yeux affam\u00e9s.<\/p>\n<p style=\"text-align: justify;\">Et, un jour prochain, le g\u00e9ant peuple se jettera sur la caste parasite qui l\u2019affame, qui le prive de tout, de ce qu&rsquo;il faut pour le ventre, de ce qu&rsquo;il faut pour l&rsquo;esprit, de ce qu&rsquo;il faut pour avoir l&rsquo;\u00e2me et le corps tranquilles.<\/p>\n<p style=\"text-align: justify;\">Un peu de nourriture et beaucoup de salubrit\u00e9.<\/p>\n<p style=\"text-align: justify;\">Et le g\u00e9ant peuple mangera \u00e0 sa faim de g\u00e9ant.<\/p>\n<p style=\"text-align: right;\">Jean-Charles Marie<\/p>\n","protected":false},"excerpt":{"rendered":"<p>Au Pilori, 21 mars 1941, sign\u00e9 Jean-Charles Marie, ses trois pr\u00e9noms Ces lignes s&rsquo;adressent \u00e0 ceux qui ne sont pas du \u00ab peuple \u00bb, \u00e0 ceux qui se sont mis volontairement, de leur propre initiative, hors du \u00ab peuple \u00bb &hellip; <a href=\"https:\/\/monperejeanmamy.fr\/?page_id=504\">Continuer la lecture <span class=\"meta-nav\">&rarr;<\/span><\/a><\/p>\n","protected":false},"author":2,"featured_media":397,"parent":0,"menu_order":0,"comment_status":"closed","ping_status":"closed","template":"","meta":[],"folder":[],"_links":{"self":[{"href":"https:\/\/monperejeanmamy.fr\/index.php?rest_route=\/wp\/v2\/pages\/504"}],"collection":[{"href":"https:\/\/monperejeanmamy.fr\/index.php?rest_route=\/wp\/v2\/pages"}],"about":[{"href":"https:\/\/monperejeanmamy.fr\/index.php?rest_route=\/wp\/v2\/types\/page"}],"author":[{"embeddable":true,"href":"https:\/\/monperejeanmamy.fr\/index.php?rest_route=\/wp\/v2\/users\/2"}],"replies":[{"embeddable":true,"href":"https:\/\/monperejeanmamy.fr\/index.php?rest_route=%2Fwp%2Fv2%2Fcomments&post=504"}],"version-history":[{"count":1,"href":"https:\/\/monperejeanmamy.fr\/index.php?rest_route=\/wp\/v2\/pages\/504\/revisions"}],"predecessor-version":[{"id":506,"href":"https:\/\/monperejeanmamy.fr\/index.php?rest_route=\/wp\/v2\/pages\/504\/revisions\/506"}],"wp:featuredmedia":[{"embeddable":true,"href":"https:\/\/monperejeanmamy.fr\/index.php?rest_route=\/wp\/v2\/media\/397"}],"wp:attachment":[{"href":"https:\/\/monperejeanmamy.fr\/index.php?rest_route=%2Fwp%2Fv2%2Fmedia&parent=504"}],"wp:term":[{"taxonomy":"folder","embeddable":true,"href":"https:\/\/monperejeanmamy.fr\/index.php?rest_route=%2Fwp%2Fv2%2Ffolder&post=504"}],"curies":[{"name":"wp","href":"https:\/\/api.w.org\/{rel}","templated":true}]}}