{"id":526,"date":"2021-02-25T09:35:22","date_gmt":"2021-02-25T08:35:22","guid":{"rendered":"http:\/\/monperejeanmamy.fr\/?page_id=526"},"modified":"2021-02-25T09:44:08","modified_gmt":"2021-02-25T08:44:08","slug":"la-presse-et-les-juifs-par-lucien-pemjean","status":"publish","type":"page","link":"https:\/\/monperejeanmamy.fr\/?page_id=526","title":{"rendered":"\u00ab La Presse et les Juifs \u00bb par Lucien Pemjean"},"content":{"rendered":"<p style=\"text-align: center;\"><em>Au Pilori<\/em>, 17 avril 1941, sign\u00e9 P.R. (initiales de Paul Riche<\/p>\n<p><img loading=\"lazy\" class=\"aligncenter size-large wp-image-527\" src=\"http:\/\/monperejeanmamy.fr\/wp-content\/uploads\/2021\/02\/PR-Pilori-19410417-1024x880.jpg\" alt=\"\" width=\"584\" height=\"502\" srcset=\"https:\/\/monperejeanmamy.fr\/wp-content\/uploads\/2021\/02\/PR-Pilori-19410417-1024x880.jpg 1024w, https:\/\/monperejeanmamy.fr\/wp-content\/uploads\/2021\/02\/PR-Pilori-19410417-300x258.jpg 300w, https:\/\/monperejeanmamy.fr\/wp-content\/uploads\/2021\/02\/PR-Pilori-19410417-768x660.jpg 768w, https:\/\/monperejeanmamy.fr\/wp-content\/uploads\/2021\/02\/PR-Pilori-19410417-1536x1320.jpg 1536w, https:\/\/monperejeanmamy.fr\/wp-content\/uploads\/2021\/02\/PR-Pilori-19410417-349x300.jpg 349w, https:\/\/monperejeanmamy.fr\/wp-content\/uploads\/2021\/02\/PR-Pilori-19410417.jpg 1620w\" sizes=\"(max-width: 584px) 100vw, 584px\" \/><\/p>\n<p style=\"text-align: justify;\">Document qui nous remplit \u00e0 la fois de stup\u00e9faction et de rage ! Nous ne soup\u00e7onnions pas le mal si grand ! Devant nous, gr\u00e2ce \u00e0 Pemjean, s\u2019\u00e9tale le spectacle de la presse pourrie et juive d&rsquo;hier. On compte sur ses doigts les hommes int\u00e8gres, les aryens, les Fran\u00e7ais de bonne souche. Tout \u00e9tait juif dans les journaux. Tout, tout ! Le livre de Pemjean doit \u00eatre diffus\u00e9 abondamment. Le public a le droit de savoir, a le devoir de conna\u00eetre qui le renseignait au temps de la R\u00e9publique des camarades, qui a dirig\u00e9 l&rsquo;opinion, qui l&rsquo;a pouss\u00e9 \u00e0 la guerre, qui a soutenu les gouvernements d\u00e9valuateurs, qui a fait la politique de l&rsquo;Angleterre, qui a commandit\u00e9 les journaux menteurs, qui a \u00e9crit les textes ignobles, qui a assassin\u00e9 mentalement ce pays : les Juifs, rien que les Juifs !<\/p>\n<p style=\"text-align: justify;\">Les preuves sont irr\u00e9futables. La nomenclature des Isra\u00e9lites en place dans les journaux suffit \u00e0 \u00e9clairer compl\u00e8tement le lecteur. D\u00e9sormais, il ne sera plus possible aux Juifs de nier que, par la voie de la presse, ils commandaient la France.<\/p>\n<p style=\"text-align: justify;\">Lucien Pemjean cite deux ou trois exemples caract\u00e9ristiques de la domination juive dans la presse : l\u2019histoire de l\u2019Agence Havas y est racont\u00e9e tout au long, celle de Panama, l\u2019\u00e9tranglement du Quotidien, l\u2019assaut donn\u00e9 \u00e0 l\u2019Ami du Peuple, et de nouvelles lumi\u00e8res sur l\u2019affaire de Bazil Zaharoff\u00a0 avant cette guerre, et ses rapports avec M. de Kerillis .<\/p>\n<p style=\"text-align: justify;\">Livre d\u2019un lutteur et d\u2019un honn\u00eate homme !<\/p>\n<p style=\"text-align: justify;\">Document indispensable \u00e0 ceux que la question juive int\u00e9resse et aussi \u00e0 ceux qu\u2019elle n\u2019int\u00e9resse pas encore. Qu\u2019ils apprennent \u00e0 conna\u00eetre les Juifs et \u00e0 se d\u00e9fendre contre eux.<\/p>\n<p style=\"text-align: justify;\">Nouvelles \u00c9ditions Fran\u00e7aises : <em>La Presse et les Juifs<\/em>, 1vol. : 10 francs.<\/p>\n<p style=\"text-align: right;\">P.R.<\/p>\n<h3>Notes de l&rsquo;\u00e9diteur du site :<\/h3>\n<blockquote>\n<p style=\"text-align: justify;\">[1] Sir Basil Zaharoff (de son vrai nom Zacharias Basileos Zarapoulos), (1850-1936) \u00e9tait un marchand d&rsquo;armes gr\u00e9co-russe et financier, directeur et pr\u00e9sident de la soci\u00e9t\u00e9 Maxim-Vickers-Armstrong durant la Premi\u00e8re Guerre mondiale. On dit de lui qu&rsquo;il a aliment\u00e9 les conflits en vendant des armes \u00e0 des nations ennemies. Il est \u00ab\u00a0caricatur\u00e9\u00a0\u00bb par Herg\u00e9, le c\u00e9l\u00e8bre dessinateur belge, p\u00e8re de <em>Tintin<\/em>, dans <em>L\u2019oreille cass\u00e9e<\/em> sous le nom de Bazaroff, page 33, derni\u00e8re case .<\/p>\n<p><img loading=\"lazy\" class=\"aligncenter size-full wp-image-528\" src=\"http:\/\/monperejeanmamy.fr\/wp-content\/uploads\/2021\/02\/Basil-Bazaroff-Herge.jpg\" alt=\"\" width=\"298\" height=\"262\" \/><\/p>\n<p style=\"text-align: justify;\">[2] Henry de K\u00e9rillis (ou Henri) (1889-1958), journaliste et politique fran\u00e7ais. Il est l&rsquo;un des deux d\u00e9put\u00e9s non communistes votant contre les accords de Munich (octobre 1938). Il est \u00e0 Londres le 18 juin 1940 aupr\u00e8s du g\u00e9n\u00e9ral de Gaulle \u00e0 qui il offre ses services, puis part pour New York o\u00f9 il collabore, avec Genevi\u00e8ve Tabouis, au journal fran\u00e7ais <em>Pour la victoire<\/em>. Ses articles constituent dans un premier temps un \u00e9loge de la R\u00e9sistance et du g\u00e9n\u00e9ral de Gaulle. En 1943, alors que les communaut\u00e9s fran\u00e7aises d&rsquo;Am\u00e9rique se d\u00e9chirent entre giraudistes et gaullistes, il finit par prendre parti en apportant son soutien \u00e0 Giraud, d\u00e9plorant \u00ab l&rsquo;intransigeance \u00bb qui lui semble venir surtout \u00ab du g\u00e9n\u00e9ral install\u00e9 \u00e0 Londres plut\u00f4t que d&rsquo;Alger \u00bb. Lorsque de Gaulle s&rsquo;impose finalement, il fait titrer \u00ab <em>le peuple fran\u00e7ais d\u00e9savouera<\/em> \u00bb, affirmant que la concentration des pouvoirs civils et militaires entre les mains du G\u00e9n\u00e9ral est contraire aux principes d\u00e9mocratiques. La rupture est d\u00e9cisive et K\u00e9rillis voue alors au g\u00e9n\u00e9ral de Gaulle une haine f\u00e9roce. Dans une allusion \u00e0 ce dernier, il \u00e9crit encore : \u00ab Ce que le mar\u00e9chal P\u00e9tain a fait, sur le corps bless\u00e9 de la R\u00e9publique, d&rsquo;autres soldats pourraient \u00eatre tent\u00e9s de le faire dans l&rsquo;avenir, en abusant de leur prestige ou de la force arm\u00e9e qui leur a \u00e9t\u00e9 confi\u00e9e \u00bb. Il est ulc\u00e9r\u00e9 par la pr\u00e9sence des communistes dans le gouvernement provisoire. Il leur reproche d&rsquo;avoir approuv\u00e9 le Pacte germano-sovi\u00e9tique et d&rsquo;avoir refus\u00e9 de servir dans l&rsquo;arm\u00e9e fran\u00e7aise. Apr\u00e8s la capture de son fils par la Milice fran\u00e7aise, suivi de sa mort, il met en cause la responsabilit\u00e9 personnelle du g\u00e9n\u00e9ral de Gaulle et \u00e9crit un violent article, intitul\u00e9 <em>P\u00e9tain faisait mieux<\/em>, qui n&rsquo;est finalement pas publi\u00e9. Son chagrin et son ressentiment furent r\u00e9sum\u00e9s dans son livre paru en 1945 et intitul\u00e9 <em>De Gaulle dictateur<\/em>.<\/p>\n<\/blockquote>\n","protected":false},"excerpt":{"rendered":"<p>Au Pilori, 17 avril 1941, sign\u00e9 P.R. (initiales de Paul Riche Document qui nous remplit \u00e0 la fois de stup\u00e9faction et de rage ! Nous ne soup\u00e7onnions pas le mal si grand ! Devant nous, gr\u00e2ce \u00e0 Pemjean, s\u2019\u00e9tale le &hellip; <a href=\"https:\/\/monperejeanmamy.fr\/?page_id=526\">Continuer la lecture <span class=\"meta-nav\">&rarr;<\/span><\/a><\/p>\n","protected":false},"author":2,"featured_media":397,"parent":0,"menu_order":0,"comment_status":"closed","ping_status":"closed","template":"","meta":[],"folder":[],"_links":{"self":[{"href":"https:\/\/monperejeanmamy.fr\/index.php?rest_route=\/wp\/v2\/pages\/526"}],"collection":[{"href":"https:\/\/monperejeanmamy.fr\/index.php?rest_route=\/wp\/v2\/pages"}],"about":[{"href":"https:\/\/monperejeanmamy.fr\/index.php?rest_route=\/wp\/v2\/types\/page"}],"author":[{"embeddable":true,"href":"https:\/\/monperejeanmamy.fr\/index.php?rest_route=\/wp\/v2\/users\/2"}],"replies":[{"embeddable":true,"href":"https:\/\/monperejeanmamy.fr\/index.php?rest_route=%2Fwp%2Fv2%2Fcomments&post=526"}],"version-history":[{"count":2,"href":"https:\/\/monperejeanmamy.fr\/index.php?rest_route=\/wp\/v2\/pages\/526\/revisions"}],"predecessor-version":[{"id":539,"href":"https:\/\/monperejeanmamy.fr\/index.php?rest_route=\/wp\/v2\/pages\/526\/revisions\/539"}],"wp:featuredmedia":[{"embeddable":true,"href":"https:\/\/monperejeanmamy.fr\/index.php?rest_route=\/wp\/v2\/media\/397"}],"wp:attachment":[{"href":"https:\/\/monperejeanmamy.fr\/index.php?rest_route=%2Fwp%2Fv2%2Fmedia&parent=526"}],"wp:term":[{"taxonomy":"folder","embeddable":true,"href":"https:\/\/monperejeanmamy.fr\/index.php?rest_route=%2Fwp%2Fv2%2Ffolder&post=526"}],"curies":[{"name":"wp","href":"https:\/\/api.w.org\/{rel}","templated":true}]}}