{"id":533,"date":"2021-02-25T09:43:15","date_gmt":"2021-02-25T08:43:15","guid":{"rendered":"http:\/\/monperejeanmamy.fr\/?page_id=533"},"modified":"2021-02-25T09:44:37","modified_gmt":"2021-02-25T08:44:37","slug":"devrait-il-y-avoir-une-question-juive-en-france","status":"publish","type":"page","link":"https:\/\/monperejeanmamy.fr\/?page_id=533","title":{"rendered":"Devrait-il y avoir une question juive en France ?"},"content":{"rendered":"<p style=\"text-align: center;\"><em>Au pilori<\/em>, 17 avril 1941, sign\u00e9 Paul Riche<\/p>\n<p style=\"text-align: justify;\">\u00ab <strong>ON<\/strong> \u00bb avait r\u00e9solu de r\u00e9soudre la question juive. Contraint ou de bon gr\u00e9, \u00ab <strong>ON<\/strong> \u00bb veut prendre des mesures, modifier le d\u00e9cret sur les Juifs, le compl\u00e9ter, l\u2019orner, l&rsquo;agr\u00e9menter, le fignoler, en faire une loi, un de ses joyaux parfaits que l&rsquo;histoire recueillera plus tard comme le mod\u00e8le d\u00e9finitif de la haute pens\u00e9e de l\u2019an Vichy 41, que les ma\u00eetres d&rsquo;\u00e9cole encadreront, que les maires feront grav\u00e9s sur les panneaux des \u00e9difices publics, et qu&rsquo;un jour le nouveau Grand Orient de France, enfin ressuscit\u00e9, fera distribuer en brochure de propagande avec, sur la couverture tricolore, l&rsquo;\u00e9toile juive \u00e0 six branches, entourant la francisque celte, orn\u00e9 de cette d\u00e9dicace : \u00ab <em>France, terre b\u00e9nie des juifs !<\/em> \u00bb.<\/p>\n<p style=\"text-align: justify;\">D&rsquo;abord, devrait-il y avoir une question juive en France ?<\/p>\n<p><img loading=\"lazy\" class=\"aligncenter size-large wp-image-534\" src=\"http:\/\/monperejeanmamy.fr\/wp-content\/uploads\/2021\/02\/PRiche-Pilori-19410417-1024x650.jpg\" alt=\"\" width=\"584\" height=\"371\" srcset=\"https:\/\/monperejeanmamy.fr\/wp-content\/uploads\/2021\/02\/PRiche-Pilori-19410417-1024x650.jpg 1024w, https:\/\/monperejeanmamy.fr\/wp-content\/uploads\/2021\/02\/PRiche-Pilori-19410417-300x190.jpg 300w, https:\/\/monperejeanmamy.fr\/wp-content\/uploads\/2021\/02\/PRiche-Pilori-19410417-768x488.jpg 768w, https:\/\/monperejeanmamy.fr\/wp-content\/uploads\/2021\/02\/PRiche-Pilori-19410417-1536x975.jpg 1536w, https:\/\/monperejeanmamy.fr\/wp-content\/uploads\/2021\/02\/PRiche-Pilori-19410417-2048x1300.jpg 2048w, https:\/\/monperejeanmamy.fr\/wp-content\/uploads\/2021\/02\/PRiche-Pilori-19410417-473x300.jpg 473w\" sizes=\"(max-width: 584px) 100vw, 584px\" \/><\/p>\n<p style=\"text-align: justify;\">\u00c0 vrai dire, nous ne la connaissons que par ce que nous y sommes forc\u00e9s. Nous pr\u00e9f\u00e9rerions ne point la conna\u00eetre. Pour nous, elle n&rsquo;est que question aryenne, latine, celte, gauloise, fran\u00e7aise, r\u00e9gionale, savoyarde, auvergnate, proven\u00e7ale. La question juive ne devrait regarder que les Juifs. Nous ne sommes pas Juifs, Dieu merci. Trouvons nos solutions.<\/p>\n<p style=\"text-align: justify;\">Mais \u00ab <strong>ON<\/strong> \u00bb nous emp\u00eatre avec la question juive. \u00ab <strong>ON<\/strong> \u00bb nous dit qu&rsquo;en France, il y a des Juifs, il faut qu&rsquo;il y en ait, il doit y en avoir, ils y sont venus, donc ils y doivent rester, non seulement y rester, mais s\u2019y assimiler ; ils l&rsquo;ont d\u00e9j\u00e0 fait, para\u00eet-il ; il n&rsquo;est plus besoin que d&rsquo;avaliser cette assimilation, que d&rsquo;ent\u00e9riner la d\u00e9cision, que de les reconna\u00eetre de notre sang, que d&rsquo;\u00e9tablir quelques discriminations superficielles !&#8230;<\/p>\n<p style=\"text-align: justify;\">Qui \u00ab <strong>ON<\/strong> \u00bb ? Quel est ce \u00ab <strong>ON<\/strong> \u00bb ? Cette puissante \u00e9manation impersonnelle de l&rsquo;autre zone, cette entit\u00e9 pr\u00e9pond\u00e9rante, qui, par del\u00e0 la barri\u00e8re protectrice de la ligne de d\u00e9marcation, dissimule la couleur de son mufle, nous impose sa loi capricieuse, nous souffle son haleine emboucan\u00e9e, crachote vers nous une bave teint\u00e9e de mod\u00e9rantisme, pleine d&rsquo;une onction mi-domestique, mi-hargneuse, nous suppliant et nous toisant \u00e0 la fois, superbe et larmoyante, sadique H\u00e9rodiade, et pitoyable Marie-Madeleine !<\/p>\n<p style=\"text-align: justify;\">\u00ab <strong>ON<\/strong> \u00bb est judas souriant, apeur\u00e9, m\u00e9fiant, aimable, terrifi\u00e9, anxieux, insolent, timide, audacieux, puant, servile.<\/p>\n<p style=\"text-align: justify;\">Car M. X. Vallat \u00e9tait l&rsquo;homme tout d\u00e9sign\u00e9 qu\u2019 \u00ab <strong>ON<\/strong> \u00bb pouvait supposer capable d&rsquo;imposer ici une th\u00e9orie longuement m\u00fbri dans les Kahals et chez les rabbins de notre station thermale d\u00e9guis\u00e9e en capitale. Nationaliste, d&rsquo;extr\u00eame droite, mutil\u00e9s de guerre, M. X. Vallat r\u00e9unit, en apparence \u2014croyait-\u00ab <strong>ON<\/strong> \u00bb\u2014 toutes les qualit\u00e9s qu&rsquo;il faut pour apporter aux antijuifs les apaisements l\u00e9gitimes, donner des assurances pour l&rsquo;avenir. Arranger l\u2019affaire de la question juive !<\/p>\n<p style=\"text-align: justify;\">La m\u00e9thode est adroite. Elle ne nous \u00e9tonne pas. Nous nous y attendions. Nous voyons bien comment, d&rsquo;autre part, la Ma\u00e7onnerie fait d\u00e9fendre ici ses id\u00e9es par des individus, d&rsquo;\u00e9loquence incontestable, qui semblent vierges d&rsquo;attache directe avec la secte. La juiverie fait mieux encore. Ces ambassadeurs sont plus imposants, d&rsquo;allure plus authentiquement nationale. On se tromperait sur leurs motifs r\u00e9els. Leur autorit\u00e9 personnelle aurait pu nous \u00e9branler.<\/p>\n<p style=\"text-align: justify;\">Nous ne voulons pas en perdre un point. Tous les arguments que M. Vallat a fait franchir \u00e0 la ligne de d\u00e9marcation nous semble si biologiquement int\u00e9ressant, si digne d&rsquo;examen microscopique, que nous tenons \u00e0 les pr\u00e9ciser avec minutie.<\/p>\n<p style=\"text-align: justify;\">Par cons\u00e9quent, toute la suite d&rsquo;arguments dont use M. Vallat et qu\u2019\u00ab <strong>ON<\/strong> \u00bb a mis tant de mal \u00e0 r\u00e9diger \u00e0 Vichy s&rsquo;\u00e9croule du seul fait que qu&rsquo;il est impossible de juger la question juive selon l&rsquo;angle national, c&rsquo;est-\u00e0-dire suivant la notion d&rsquo;un \u00c9tat fictif, o\u00f9 les individus se coagulent sur un sol, mais qu&rsquo;on doit la juger selon l&rsquo;angle racial, c&rsquo;est-\u00e0-dire selon la conception d&rsquo;une R\u00e9alit\u00e9 spirituelle et biologique, o\u00f9 les individus expriment une \u00e2me collective inn\u00e9e. Nous sommes une nation \u00ab blanche \u00bb et non une nation \u00ab m\u00e9tiss\u00e9e \u00bb.<\/p>\n<p style=\"text-align: justify;\">Que vient faire M. Vallat dans cette affaire ?<\/p>\n<p style=\"text-align: justify;\">Nous voulons \u2014 pour le bien de notre pays\u2014 que tous les Juifs soient d\u00e9pouill\u00e9s \u00e0 jamais de la nationalit\u00e9 fran\u00e7aise. Nous voulons qu&rsquo;ils soient chass\u00e9s de la m\u00e9tropole et de l&rsquo;Afrique du Nord. Nous voulons reprendre leurs biens, \u00e0 nous vol\u00e9s, et les redistribuer aux Fran\u00e7ais.<\/p>\n<p style=\"text-align: right;\">Paul Riche<\/p>\n","protected":false},"excerpt":{"rendered":"<p>Au pilori, 17 avril 1941, sign\u00e9 Paul Riche \u00ab ON \u00bb avait r\u00e9solu de r\u00e9soudre la question juive. Contraint ou de bon gr\u00e9, \u00ab ON \u00bb veut prendre des mesures, modifier le d\u00e9cret sur les Juifs, le compl\u00e9ter, l\u2019orner, l&rsquo;agr\u00e9menter, &hellip; <a href=\"https:\/\/monperejeanmamy.fr\/?page_id=533\">Continuer la lecture <span class=\"meta-nav\">&rarr;<\/span><\/a><\/p>\n","protected":false},"author":2,"featured_media":397,"parent":0,"menu_order":0,"comment_status":"closed","ping_status":"closed","template":"","meta":[],"folder":[],"_links":{"self":[{"href":"https:\/\/monperejeanmamy.fr\/index.php?rest_route=\/wp\/v2\/pages\/533"}],"collection":[{"href":"https:\/\/monperejeanmamy.fr\/index.php?rest_route=\/wp\/v2\/pages"}],"about":[{"href":"https:\/\/monperejeanmamy.fr\/index.php?rest_route=\/wp\/v2\/types\/page"}],"author":[{"embeddable":true,"href":"https:\/\/monperejeanmamy.fr\/index.php?rest_route=\/wp\/v2\/users\/2"}],"replies":[{"embeddable":true,"href":"https:\/\/monperejeanmamy.fr\/index.php?rest_route=%2Fwp%2Fv2%2Fcomments&post=533"}],"version-history":[{"count":1,"href":"https:\/\/monperejeanmamy.fr\/index.php?rest_route=\/wp\/v2\/pages\/533\/revisions"}],"predecessor-version":[{"id":535,"href":"https:\/\/monperejeanmamy.fr\/index.php?rest_route=\/wp\/v2\/pages\/533\/revisions\/535"}],"wp:featuredmedia":[{"embeddable":true,"href":"https:\/\/monperejeanmamy.fr\/index.php?rest_route=\/wp\/v2\/media\/397"}],"wp:attachment":[{"href":"https:\/\/monperejeanmamy.fr\/index.php?rest_route=%2Fwp%2Fv2%2Fmedia&parent=533"}],"wp:term":[{"taxonomy":"folder","embeddable":true,"href":"https:\/\/monperejeanmamy.fr\/index.php?rest_route=%2Fwp%2Fv2%2Ffolder&post=533"}],"curies":[{"name":"wp","href":"https:\/\/api.w.org\/{rel}","templated":true}]}}