{"id":540,"date":"2021-02-25T09:49:55","date_gmt":"2021-02-25T08:49:55","guid":{"rendered":"http:\/\/monperejeanmamy.fr\/?page_id=540"},"modified":"2021-02-25T09:51:51","modified_gmt":"2021-02-25T08:51:51","slug":"enjuives","status":"publish","type":"page","link":"https:\/\/monperejeanmamy.fr\/?page_id=540","title":{"rendered":"Enjuiv\u00e9s !"},"content":{"rendered":"<p style=\"text-align: center;\"><em>Au Pilori<\/em>, 1<sup>er<\/sup> mai 1941, sign\u00e9 Paul Riche<\/p>\n<p style=\"text-align: justify;\">L\u2019enjuiv\u00e9 fleurit en France comme la mauvaise herbe.<\/p>\n<p><img loading=\"lazy\" class=\"aligncenter size-large wp-image-541\" src=\"http:\/\/monperejeanmamy.fr\/wp-content\/uploads\/2021\/02\/PRiche-Pilori-19410501-1024x498.jpg\" alt=\"\" width=\"584\" height=\"284\" srcset=\"https:\/\/monperejeanmamy.fr\/wp-content\/uploads\/2021\/02\/PRiche-Pilori-19410501-1024x498.jpg 1024w, https:\/\/monperejeanmamy.fr\/wp-content\/uploads\/2021\/02\/PRiche-Pilori-19410501-300x146.jpg 300w, https:\/\/monperejeanmamy.fr\/wp-content\/uploads\/2021\/02\/PRiche-Pilori-19410501-768x373.jpg 768w, https:\/\/monperejeanmamy.fr\/wp-content\/uploads\/2021\/02\/PRiche-Pilori-19410501-1536x747.jpg 1536w, https:\/\/monperejeanmamy.fr\/wp-content\/uploads\/2021\/02\/PRiche-Pilori-19410501-2048x995.jpg 2048w, https:\/\/monperejeanmamy.fr\/wp-content\/uploads\/2021\/02\/PRiche-Pilori-19410501-500x243.jpg 500w\" sizes=\"(max-width: 584px) 100vw, 584px\" \/><\/p>\n<p style=\"text-align: justify;\">Cette cervelle en friche s&rsquo;est laiss\u00e9e envahir par des broussailles de pr\u00e9jug\u00e9s juda\u00efsants. Gogo, na\u00eff, ent\u00eat\u00e9, harmonieux, r\u00e9tif, d\u00e9daigneux, bel esprit, hypocrite, l&rsquo;enjuiv\u00e9 prot\u00e8ge son Juif. Il en veut. Il en reveut. Et de le plaindre. Et de b\u00ealer contre nous : \u00ab Si les Juifs quittaient la France, nous n&rsquo;aurions plus cette belle odeur lib\u00e9rale d&rsquo;aimable pourri, qui fut le charme de la R\u00e9publique petite et grande bourgeoise. Que ferions-nous sans nos Juifs ? J&rsquo;aime mon Juif ! Je l&rsquo;adore ! C&rsquo;est mon toutou ! Mon f\u00e9tiche ! Mon num\u00e9ro 13 ! Mon grand masseur ch\u00e9ri ! Mon mignon ! Mon cr\u00e9pu gentil ! Ma nounou ! Mon peton joli ! Ma poup\u00e9e youtre ! Mon oreiller ! Cher Abraham ! Doux Mo\u00efse ! Cohen ador\u00e9 ! Reste ! Revienst ! Encore ! Jusqu&rsquo;\u00e0 plus soif ! Toi, rien que toi ! \u00bb<\/p>\n<p style=\"text-align: justify;\">Ah ! Jupiter !<\/p>\n<p style=\"text-align: justify;\"><em>Quousque tandem<\/em>\u2026 ! Jusques \u00e0 quand, badauds, ben\u00eats, b\u00eatas, bougres de billes-en-buis, ou sentimentalement le r\u00f4le de paillasson du Juif ? Sont-ils vraiment si doux, les pieds youpins sur l&rsquo;\u00e9chine ? Dont le de volupt\u00e9. Chacun son go\u00fbt.<\/p>\n<p style=\"text-align: justify;\">On peut diviser les enjuiv\u00e9s en plusieurs cat\u00e9gories : les uns le sont par ignorance, les autres par conviction, d&rsquo;autres par int\u00e9r\u00eat. Ces stupides go\u00efm, bluff\u00e9s par la malignit\u00e9 d&rsquo;Isra\u00ebl, piaillent comme des paons quand on leur dit qu&rsquo;ils font partie d&rsquo;une conjuration d&rsquo;ensemble admirablement orchestr\u00e9e et dirig\u00e9e :<\/p>\n<p style=\"text-align: justify;\">\u2014 Moi ? \u00c0 la solde des Juifs ! Pour qui nous prenez-vous ? Ma d\u00e9fense des isra\u00e9lites est purement d\u00e9sint\u00e9ress\u00e9e. Ce n&rsquo;est pas comme votre antis\u00e9mitisme suspect.<\/p>\n<p style=\"text-align: justify;\">Et de nous traiter abondamment de voyous et de vendus.<\/p>\n<p style=\"text-align: justify;\">Notre collection de lettres anonymes provenant des supp\u00f4ts d&rsquo;Isra\u00ebl augmente r\u00e9guli\u00e8rement en nombre et en qualit\u00e9 d&rsquo;injures.<\/p>\n<p style=\"text-align: justify;\">Tant mieux, le pus sort de l&rsquo;abc\u00e8s.<\/p>\n<p style=\"text-align: justify;\">Distinguons donc parmi nos amoureux de la race faisand\u00e9e.<\/p>\n<p style=\"text-align: justify;\">L\u2019enjuiv\u00e9 n\u00b01 ignore totalement la question juive. Anticapitalistes convaincus, il s&rsquo;imagine que l&rsquo;antis\u00e9mitisme est un proc\u00e9d\u00e9 habile du haut patronat ou des partis de la d\u00e9funte extr\u00eame-droite pour faire d\u00e9vier la lutte engag\u00e9e contre le capitalisme vers des questions secondaires. \u00ab Moi, les Juifs, connais pas ! Sept contre les patrons que je lutte : juifs ou pas ! Et d&rsquo;abord, je ne veux pas me battre contre les petits, seulement contre les gros. Abat le capitalisme ! De Wendel ou Rothschild, c&rsquo;est tout un ! \u00bb<\/p>\n<p style=\"text-align: justify;\">Ce communiste a tort. La haute bourgeoisie fran\u00e7aise, \u00e9puis\u00e9e de paresse, n&rsquo;arrivait pas depuis 20 ans \u00e0 faire \u00ab suer \u00bb \u00e0 son argent plus de 5 %. C&rsquo;est le Juif, avec ses proc\u00e9d\u00e9s ing\u00e9nieux, qui a retard\u00e9 l&rsquo;agonie du capitalisme d&rsquo;au moins 50 ans, plongeant la classe ouvri\u00e8re dans d&rsquo;\u00e9pouvantables souffrances. La r\u00e9volution sociale se serait effectu\u00e9e beaucoup plus t\u00f4t sans l&rsquo;habilet\u00e9 machiav\u00e9lique des Juifs qui ont trouv\u00e9 mille moyens artificiels de maintenir le prol\u00e9tariat en \u00e9tat de suj\u00e9tion. Amis ouvrier, contre le capitalisme, d&rsquo;accord, 100 % avec vous ! Mais les agents les plus remuants du capitalisme sont les Juifs. Ne les manquons pas.<\/p>\n<p style=\"text-align: justify;\">Quant aux petits Juifs, meneurs de syndicats ou marchands noirs, ils font le jeu des gros. Et puis, il n&rsquo;y a pas de petits Juifs. Tout brocanteur, tout pouilleux juif a, dans sa paillasse, plus d&rsquo;argent malhonn\u00eatement extorqu\u00e9 au \u00ab go\u00efm \u00bb que le moindre travailleur fran\u00e7ais n&rsquo;a d&rsquo;\u00e9conomies.<\/p>\n<p style=\"text-align: justify;\">Grands ou petits, les Juifs sont des parasites. Fran\u00e7ais, d\u00e9barrassons nous de nos poux !<\/p>\n<p style=\"text-align: justify;\">L\u2019enjuiv\u00e9 n\u00b02 est le monsieur \u00ab fortiche \u00bb en philosophie qui pr\u00e9tend que tout homme en valant un autre, un Juif vaut bien un aryen. N&#8217;emp\u00eachons pas ce raseur de se ravaler lui-m\u00eame au rang de sa propre inf\u00e9riorit\u00e9 de pens\u00e9e. Il fut aussi des savants qui pr\u00e9tendirent que l&rsquo;homme descendait du singe. Nous n&rsquo;avons pas vu jusqu&rsquo;\u00e0 pr\u00e9sent un peuple de singes, de sauvages, de primaires ou de Juifs, capables de construire des cath\u00e9drales ou des temples, une nation, une civilisation. Non ! Un homme n&rsquo;en vaut pas un autre. Seules les \u0153uvres des peuples prouvent ce qu&rsquo;ils sont. Les hommes de race blanche prouveront leur valeur dans l&rsquo;avenir autant et plus encore que jadis, n&rsquo;en d\u00e9plaise \u00e0 notre philosophe talmudique.<\/p>\n<p style=\"text-align: justify;\">L\u2019enjuiv\u00e9 n\u00b03 est le sentimental qui conna\u00eet personnellement un Juif. Ah ! Celui-l\u00e0 ! Impossible de d\u00e9loger le Juif de son c\u0153ur, de ses sens, de sa peau. Il est malade physiquement d&rsquo;intoxication juive. Le youpin le cajole, le flatte, lui pr\u00eate de l&rsquo;argent, lui fait des cadeaux, s&rsquo;installe chez lui, prom\u00e8ne les enfants, s\u00e9duit la bonne, fait risette \u00e0 sa femme, la pilote au th\u00e9\u00e2tre, au cin\u00e9ma, aux courses, au march\u00e9 aux puces, fait les courses, ram\u00e8ne les victuailles du march\u00e9 noir. C&rsquo;est un copain. C&rsquo;est un \u00e9poux. C&rsquo;est une ma\u00eetresse. C&rsquo;est un boulet dor\u00e9 et charnel riv\u00e9 ind\u00e9fectiblement au pied ou au cou de l\u2019enjuiv\u00e9. Rien \u00e0 faire pour le gu\u00e9rir. Il est enjudaill\u00e9 jusqu&rsquo;\u00e0 la mort. Le Juif est roi dans cette maison l\u00e0.<\/p>\n<p style=\"text-align: justify;\">L\u2019enjuiv\u00e9 n\u00b04 est le gaulliste, particuli\u00e8rement fielleux, qui ram\u00e8ne tout \u00e0 sa haine de l&rsquo;Allemagne. Depuis quelques jours \u2014 depuis cette fess\u00e9e magistrale des man\u0153uvriers anglo-am\u00e9ricains en Yougoslavie et en Gr\u00e8ce, nous recevons des lettres de ce genre :<\/p>\n<p style=\"text-align: justify;\">\u00ab\u00a0 <em>Nous aimons pas l&rsquo;Angleterre, mais nous d\u00e9testons l&rsquo;Allemagne<\/em> \u00bb.<\/p>\n<p style=\"text-align: justify;\">Il veut, le na\u00eff, r\u00e9tablir l&rsquo;Europe dans son d\u00e9sordre pr\u00e9c\u00e9dent, reconstituer des trait\u00e9s de Versailles, de Westphalie ou autres mirages. D\u00e9virilis\u00e9, abruti de haine aveugle, incapable de penser autre chose que des injures vis-\u00e0-vis de l&rsquo;occupant, il m\u00eale sa fureur rancuni\u00e8re \u00e0 l&rsquo;esp\u00e9rance de voir triompher n&rsquo;importe quelle cause injuste pourvue qu&rsquo;il \u00e9chappe \u00e0 la torture d&rsquo;un ordre nouveau dominant sa petite anarchie individualiste.<\/p>\n<p style=\"text-align: justify;\">L\u2019enjuiv\u00e9 n\u00b05 est sourd, aveugle, insensible, imp\u00e9n\u00e9trable, invuln\u00e9rable \u00e0 la question juive. Qu&rsquo;on ne lui en parle pas. Qu&rsquo;on ne lui demande rien. Il ne veut pas la conna\u00eetre. D\u00e8s que vous prononcez le mot \u00ab juif \u00bb devant lui, il se bouche les oreilles. \u00ab Vous ne me rendrez pas antis\u00e9mite ! \u00bb Qui songe \u00e0 cela ? On cherche \u00e0 \u00e9veiller son attention, \u00e0 lui montrer le mal, \u00e0 lui ouvrir les yeux, \u00e0 le faire r\u00e9fl\u00e9chir. Peine perdue. Il s&rsquo;en tient \u00e0 son ignorance volontaire, \u00e0 sa petite conviction intime. Pour lui, il n&rsquo;y a pas de question juive, ni en France, ni ailleurs ; il n&rsquo;y en aura jamais. Semblable au h\u00e9risson qui se met en boule d\u00e8s qu&rsquo;il a peur, notre enjuiv\u00e9 se barde d&rsquo;indiff\u00e9rence. Tous les arrosoirs de conseils chaleureux ou de documents probants qu&rsquo;on d\u00e9versera sur lui n&rsquo;\u00e9branleront pas son refoulement obstin\u00e9. Laissons cet ent\u00eat\u00e9 rem\u00e2cher sa b\u00e9atitude fumeuse. Il cr\u00e8vera dans la surdit\u00e9.<\/p>\n<p style=\"text-align: justify;\">L\u2019enjuiv\u00e9 n\u00b06 est le journaliste, avocat, \u00e9crivain ou politicien qui s&rsquo;est compromis publiquement avec des Juifs pendant nombre d&rsquo;ann\u00e9es.<\/p>\n<p style=\"text-align: justify;\">Ex-membre du comit\u00e9 de la L.I.C.A., ex-pr\u00e9sident de ceci, ex-secr\u00e9taire de cela, ayant \u00e9crit des tas d\u2019enjuiveries, il s&rsquo;est embourb\u00e9. Impossible \u00e0 lui de refuser le serment de main d&rsquo;un Juif. Impossible de le combattre. Le sable mouvant de la compromission l&rsquo;engloutira tout entier. Adieu, ministre, d\u00e9put\u00e9, avocat juda\u00efsants, vous en avez jusqu&rsquo;au cou. Encore un peu, la t\u00eate y passera. Vous pr\u00e9tendiez nous faire assimiler les Juifs ? Ce sont eux qui vous ont mang\u00e9. Et votre pens\u00e9e squelettique ne pourra plus servir \u00e0 rien. Tant pis. De profundis !<\/p>\n<p style=\"text-align: justify;\">L\u2019enjuiv\u00e9 n\u00b07 l&rsquo;est par int\u00e9r\u00eat. Son patron juif lui a confi\u00e9 la g\u00e9rance de son commerce. Homme de paille, complaisant, c&rsquo;est lui maintenant qui \u00e0 la signature des ch\u00e8ques, des traites, des lettres et des effets. Il commande orgueilleusement au personnel de la maison. Il fait figure de chef. Il gagne trois cents francs par mois de plus qu&rsquo;hier, juste de quoi boucher l&rsquo;augmentation du prix de la vie. Il endosse toutes les responsabilit\u00e9s de l&rsquo;affaire. Si elle est b\u00e9n\u00e9ficiaire, il aura le droit de signer les bilans. Si elle fait faillite, il sera le condamn\u00e9. Cette bonne poire de goy fera tous les frais de la \u00ab combine \u00bb. \u00c0 vendre son droit d\u2019aryen pour un plat de lentilles, on n&rsquo;y gagne la servitude \u2014 et des mois de prison\u2014 qui sait !<\/p>\n<p style=\"text-align: justify;\">Ce n&rsquo;est pas Paris qui maintiendra les youpins sur le tr\u00f4ne. On commence \u00e0 comprendre ici qu&rsquo;il est pass\u00e9 en 1939, dans les hautes soci\u00e9t\u00e9s secr\u00e8tes isra\u00e9lites qui dominaient notre franc-ma\u00e7onnerie d\u2019enjuiv\u00e9s, un mot d&rsquo;ordre d&rsquo;agression contre l\u2019aryen, venant des grands Kahals internationaux. La France \u00e9tait colonie juive. L&rsquo;homme de la rue, ankylos\u00e9 autrefois par les pr\u00e9jug\u00e9s antiracistes commence \u00e0 pouvoir le dire, le proclamer, s&rsquo;en agacer tout haut.<\/p>\n<p style=\"text-align: justify;\">D&rsquo;autant plus que les Juifs rentr\u00e9s \u00e0 Paris comme des reptiles rel\u00e8vent la t\u00eate cyniquement. Ils publient m\u00eame un journal ! Parfaitement. Nous l&rsquo;avons entre les mains. Il s&rsquo;intitule : \u00ab Informations Juives \u00bb. Il est \u00e9dit\u00e9 au 17 de la rue Saint-Georges, au si\u00e8ge du Grand Consistoire. Il est imprim\u00e9 18, rue Bleue. Il est distribu\u00e9 dans toute la zone occup\u00e9e, par la poste. Cinq bureaux d&rsquo;inscriptions pour la d\u00e9fense des int\u00e9r\u00eats juifs sont ouverts en plein Paris : 60, rue Rodier (9\u00e8me) ; 9, rue Vauquelin (5\u00e8me) ; 14, place des Vosges (4\u00e8me) ; 75 rue Julien-Lacroix (20\u00e8me)\u00a0 et 17, rue Saint-Georges (9\u00e8me) !!! C\u2019est un comble.<\/p>\n<p style=\"text-align: justify;\">D&rsquo;un bout \u00e0 l&rsquo;autre de la r\u00e9gion parisienne, ce n&rsquo;est qu&rsquo;un cri : les Juifs rentrent ! Ils se r\u00e9installent ! Ils continuent comme par le pass\u00e9 ! Rien n&rsquo;est chang\u00e9 ! On n\u2019y touche pas ! Ils ont m\u00eame plus de facilit\u00e9s que les aryens ! Leur argent leur a co\u00fbt\u00e9 moins de scrupules. Il leur ouvre davantage de portes !<\/p>\n<p style=\"text-align: justify;\">Et tous les enjuiv\u00e9s de les aider dans le \u00ab <em>b\u00e9dide commerce<\/em> \u00bb. Aujourd&rsquo;hui comme hier, les Juifs tiennent le march\u00e9 noir, le petit et moyen n\u00e9goces, la Banque, voire des journaux, par personne interpos\u00e9e.<\/p>\n<p style=\"text-align: justify;\">Crions dur la v\u00e9rit\u00e9 sur les toits. D\u00e9bouchons les oreilles. Ouvrons les yeux. Secouons les faibles, les h\u00e9sitants, les inconscients.<\/p>\n<p style=\"text-align: justify;\">Le Juif vous menace de plus en plus. R\u00e9veillez-vous.<\/p>\n<p style=\"text-align: right;\">Paul Riche<\/p>\n","protected":false},"excerpt":{"rendered":"<p>Au Pilori, 1er mai 1941, sign\u00e9 Paul Riche L\u2019enjuiv\u00e9 fleurit en France comme la mauvaise herbe. Cette cervelle en friche s&rsquo;est laiss\u00e9e envahir par des broussailles de pr\u00e9jug\u00e9s juda\u00efsants. Gogo, na\u00eff, ent\u00eat\u00e9, harmonieux, r\u00e9tif, d\u00e9daigneux, bel esprit, hypocrite, l&rsquo;enjuiv\u00e9 prot\u00e8ge &hellip; <a href=\"https:\/\/monperejeanmamy.fr\/?page_id=540\">Continuer la lecture <span class=\"meta-nav\">&rarr;<\/span><\/a><\/p>\n","protected":false},"author":2,"featured_media":397,"parent":0,"menu_order":0,"comment_status":"closed","ping_status":"closed","template":"","meta":[],"folder":[],"_links":{"self":[{"href":"https:\/\/monperejeanmamy.fr\/index.php?rest_route=\/wp\/v2\/pages\/540"}],"collection":[{"href":"https:\/\/monperejeanmamy.fr\/index.php?rest_route=\/wp\/v2\/pages"}],"about":[{"href":"https:\/\/monperejeanmamy.fr\/index.php?rest_route=\/wp\/v2\/types\/page"}],"author":[{"embeddable":true,"href":"https:\/\/monperejeanmamy.fr\/index.php?rest_route=\/wp\/v2\/users\/2"}],"replies":[{"embeddable":true,"href":"https:\/\/monperejeanmamy.fr\/index.php?rest_route=%2Fwp%2Fv2%2Fcomments&post=540"}],"version-history":[{"count":2,"href":"https:\/\/monperejeanmamy.fr\/index.php?rest_route=\/wp\/v2\/pages\/540\/revisions"}],"predecessor-version":[{"id":546,"href":"https:\/\/monperejeanmamy.fr\/index.php?rest_route=\/wp\/v2\/pages\/540\/revisions\/546"}],"wp:featuredmedia":[{"embeddable":true,"href":"https:\/\/monperejeanmamy.fr\/index.php?rest_route=\/wp\/v2\/media\/397"}],"wp:attachment":[{"href":"https:\/\/monperejeanmamy.fr\/index.php?rest_route=%2Fwp%2Fv2%2Fmedia&parent=540"}],"wp:term":[{"taxonomy":"folder","embeddable":true,"href":"https:\/\/monperejeanmamy.fr\/index.php?rest_route=%2Fwp%2Fv2%2Ffolder&post=540"}],"curies":[{"name":"wp","href":"https:\/\/api.w.org\/{rel}","templated":true}]}}