{"id":548,"date":"2021-02-25T10:01:22","date_gmt":"2021-02-25T09:01:22","guid":{"rendered":"http:\/\/monperejeanmamy.fr\/?page_id=548"},"modified":"2021-02-25T10:01:22","modified_gmt":"2021-02-25T09:01:22","slug":"le-haut-patronat-a-la-broche","status":"publish","type":"page","link":"https:\/\/monperejeanmamy.fr\/?page_id=548","title":{"rendered":"Le Haut patronat, \u00e0 la broche !"},"content":{"rendered":"<p style=\"text-align: center;\"><em>Au Pilori,<\/em> 8 mai 1941, sign\u00e9 Paul Riche<\/p>\n<p style=\"text-align: justify;\">Vichy continue \u00e0 bafouer la France.<\/p>\n<p><img loading=\"lazy\" class=\"aligncenter size-large wp-image-549\" src=\"http:\/\/monperejeanmamy.fr\/wp-content\/uploads\/2021\/02\/PRiche-Pilori-19410508-1024x673.jpg\" alt=\"\" width=\"584\" height=\"384\" srcset=\"https:\/\/monperejeanmamy.fr\/wp-content\/uploads\/2021\/02\/PRiche-Pilori-19410508-1024x673.jpg 1024w, https:\/\/monperejeanmamy.fr\/wp-content\/uploads\/2021\/02\/PRiche-Pilori-19410508-300x197.jpg 300w, https:\/\/monperejeanmamy.fr\/wp-content\/uploads\/2021\/02\/PRiche-Pilori-19410508-768x505.jpg 768w, https:\/\/monperejeanmamy.fr\/wp-content\/uploads\/2021\/02\/PRiche-Pilori-19410508-1536x1009.jpg 1536w, https:\/\/monperejeanmamy.fr\/wp-content\/uploads\/2021\/02\/PRiche-Pilori-19410508-2048x1346.jpg 2048w, https:\/\/monperejeanmamy.fr\/wp-content\/uploads\/2021\/02\/PRiche-Pilori-19410508-456x300.jpg 456w\" sizes=\"(max-width: 584px) 100vw, 584px\" \/><\/p>\n<p style=\"text-align: justify;\">La bande de hauts requins qui fut \u00e0 l&rsquo;origine de nos malheurs, qui, pendant des ann\u00e9es, suscita, pour s\u2019en engraisser, les d\u00e9valuations de notre franc, qui, par ses d\u00e9go\u00fbtantes sp\u00e9culations, fut le plus l\u00e9gitime pr\u00e9texte \u00e0 l&rsquo;agitation communiste, qui, sciemment, nous poussa la guerre, sans vouloir la pr\u00e9parer, se pavane encore, le col haut, dans les coulisses du soi-disant \u00c9tat de Vichy.<\/p>\n<p style=\"text-align: justify;\">En 1939, quand cet imb\u00e9cile de Daladier, abruti de Pernod, eut malgr\u00e9 tout la force d&rsquo;imposer au grand patronat la r\u00e9duction jusqu&rsquo;\u00e0 5% de ses b\u00e9n\u00e9fices de guerre, ce fut un toll\u00e9 de plastrons. M. de Wendel prit la parole au S\u00e9nat pour protester : \u00ab Cinq pour cent ! Pour qui prend-on les hauts bourgeois fran\u00e7ais ? Pour d\u2019honn\u00eates gens, peut-\u00eatre ? Pour des patriotes ? Pour des chr\u00e9tiens ? On s&rsquo;est tromp\u00e9 ! Il n&rsquo;en est rien ! Nous avons heureusement de perfides moyens de parer \u00e0 ces restrictions, indignes de notre pass\u00e9 de glorieux voleurs ! \u00bb<\/p>\n<p style=\"text-align: justify;\">Et les sieur de Wendel d\u2019ameuter la clique des repus contre cette volont\u00e9 abominable\u00a0 socialiste de juguler les trusts.<\/p>\n<p style=\"text-align: justify;\">Des ordres stricts furent donn\u00e9s aux grands patrons fran\u00e7ais : pas de b\u00e9n\u00e9fices de guerre, pas de mat\u00e9riel de guerre !<\/p>\n<p style=\"text-align: justify;\">Mais la France, dans tout \u00e7a ?<\/p>\n<p style=\"text-align: justify;\">La France ? Eh bien, qu&rsquo;elle paye ! Si elle ne payait pas, tant pis pour elle.<\/p>\n<p style=\"text-align: justify;\">On travailla au ralenti. On nous donna des canons sans obus, des avions sans moteur, des fusils sans cartouches.<\/p>\n<p style=\"text-align: justify;\">C&rsquo;est ainsi qu&rsquo;on perdit la guerre ! On aurait voulu la perdre qu&rsquo;on aurait pas agi autrement.<\/p>\n<p style=\"text-align: justify;\">Pas beaucoup de d\u00e9g\u00e2ts : quelques villes ras\u00e9es ! Cent mille morts ! Deux fois rien.<\/p>\n<p style=\"text-align: justify;\">Ces cent mille morts fran\u00e7ais n&rsquo;auront pas pes\u00e9 plus lourd dans les souvenirs de ces bandits de la finance qu&rsquo;un banco \u00e0 Deauville.<\/p>\n<p style=\"text-align: justify;\">On prit sa grosse auto, les bijoux de madame, les clefs de la villa, et on s&rsquo;en fut vers le Sud.<\/p>\n<p style=\"text-align: justify;\">Il y avait encore des plages o\u00f9 attendre la fin de la bourrasque, en fumant des cigares.<\/p>\n<p style=\"text-align: justify;\">Puis, nos grands seigneurs de l&rsquo;\u00e9lectricit\u00e9, de la m\u00e9tallurgie, des filatures, remont\u00e8rent sur Vichy. Ils y retrouv\u00e8rent leurs fauteuils-club et leurs Juifs : le Tout-Paris des dents longues.<\/p>\n<p style=\"text-align: justify;\">C&rsquo;est alors que les grandes conspirations commenc\u00e8rent.<\/p>\n<p style=\"text-align: justify;\">La d\u00e9b\u00e2cle de 1940 aurait pu apporter \u00e0 ces minuscules milliardaires des id\u00e9es neuves en mati\u00e8re de construction sociale. Une r\u00e9volution juste pouvait se faire par en haut. Il aurait \u00e9t\u00e9 curieux pour nous, apr\u00e8s avoir tant m\u00e9dit de l&rsquo;\u00e9go\u00efsme patronal, que nous soyons d\u00e9mentis et qu&rsquo;une saine conception d&rsquo;un ordre communautaire rempla\u00e7ant tout \u00e0 coup l&rsquo;ancienne anarchie oligarchique, soit venue nous frapper d&rsquo;une chiquenaude aimable. Il n&rsquo;en fut malheureusement rien. Nos proph\u00e9ties de malheur \u00e9taient justes.<\/p>\n<p style=\"text-align: justify;\">Ces requins n&rsquo;\u00e9taient que des charognards.<\/p>\n<p style=\"text-align: justify;\">Vichy n&rsquo;a pas seulement consolid\u00e9 les int\u00e9r\u00eats capitalistes existant avant 1939 . Il a cr\u00e9\u00e9 une caste nouvelle n\u00e9e de la d\u00e9faite, celle des grands comit\u00e9s d&rsquo;organisation.<\/p>\n<p style=\"text-align: justify;\">Ce haut patronat multimilliardaire, mais affameur de prol\u00e9tariat et cr\u00e9ateur de ch\u00f4mage, pr\u00e9tend prendre en main la direction industrielle et commerciale d&rsquo;un pays \u00e0 bout de souffle qu&rsquo;il a lui-m\u00eame ruin\u00e9. Ces faillis se font organisateurs. Ils ont cas\u00e9 leurs hommes \u00e0 tous les \u00e9tages de cette caricature d&rsquo;\u00c9tat. Ils ont construit un \u00e9difice mirobolant de fausses corporations sociales. Tout le confort des apparences y est pr\u00e9vu : organisations ouvri\u00e8res, assurances, primes, grands travaux, cong\u00e9s pay\u00e9s, toutes choses arrach\u00e9es \u00e0 coups de gr\u00e8ves ces derni\u00e8res ann\u00e9es et consenties majestueusement aujourd&rsquo;hui par ses ventrus jouant aux philanthropes. Il n&rsquo;y manque que l&rsquo;indispensable consentement de la nation.<\/p>\n<p style=\"text-align: justify;\">Il manque surtout l&rsquo;\u00e9quilibre dans les r\u00e9partitions. Il y manque la justice il y manque l&rsquo;honn\u00eatet\u00e9 cr\u00e9atrice.<\/p>\n<p style=\"text-align: justify;\">On ne construit pas un \u00c9tat sur un syst\u00e8me financier ploutocratique. L\u2019or national d\u00e9tenu par quelques doigts crochus ne peut commander la masse des nationaux. La d\u00e9tention de quelques milliers de coffres-forts plus ou moins bien acquis ne constitue pas la puissance. Le mouvement du peuple, son enthousiasme \u00e0 construire, son ardeur \u00e0 repousser les maux qui l&rsquo;assaillent, sa volont\u00e9 de cr\u00e9er, sont le seul potentiel national. Le reste n&rsquo;est qu&rsquo;un symbole non appropriable.<\/p>\n<p style=\"text-align: justify;\">Mais ces dor\u00e9s sur tranche n&rsquo;ont jamais rien su, ni rien appris. Ce sont des outres pleines d&rsquo;orgueil, de formules et de chiffres.<\/p>\n<p style=\"text-align: justify;\">Ces coquins se sont enferm\u00e9s dans une tour d&rsquo;ivoire financi\u00e8re croyant na\u00efvement que leur syst\u00e8me social mirifique, enfant\u00e9 par des polytechniciens imbib\u00e9s d&rsquo;occultisme juif, pouvait co\u00efncider avec les int\u00e9r\u00eats r\u00e9els de la France.<\/p>\n<p style=\"text-align: justify;\">Sourds au cri du peuple, n&rsquo;\u00e9coutant que la voix aigu\u00eb de la haute finance : Londres, Wall-Street, l&rsquo;amiral Leahy et Radio-Washington, ils ont continu\u00e9 \u00e0 faire \u0153uvre de pillards et de comptables, de bourgeois immodestes et gav\u00e9s, se disant cyniquement que les Fran\u00e7ais se contenteraient encore de leur allocation de ch\u00f4mage et des surprises de la Loterie Nationale.<\/p>\n<p style=\"text-align: justify;\">Gagner du temps voil\u00e0 leur tactique ; c&rsquo;est toujours \u00e7a de gagn\u00e9.<\/p>\n<p style=\"text-align: justify;\">Nos capitalistes sont des enfants en jaquette, chapeau melon et compte en banque. Nous avons d\u00e9j\u00e0 vu dans ce pays des aristocraties plus prestigieuses \u00eatre jet\u00e9es par-dessus bord sans ambages.<\/p>\n<p style=\"text-align: justify;\">Nous ne souhaitons pas \u00e0 nous vichyssois que des coups de balai.<\/p>\n<p style=\"text-align: justify;\">Ces niais n&rsquo;ont pas compris qu&rsquo;ils ne vivaient que sur le prestige t\u00e9nu de la r\u00e9ussite tr\u00e8s \u00e9ph\u00e9m\u00e8re de leurs grands-p\u00e8res. La R\u00e9publique 39 attaquait bien le capitalisme, mais elle y croyait encore. Les radicaux, les socialistes, voire les communistes, le soutenaient comme un vieillard malade qu&rsquo;on ne saurait d\u00e9cemment tuer et dont on attend patiemment le dernier soupir. Aujourd&rsquo;hui, la fuite de notre or aux \u00c9tats-Unis nous a lav\u00e9s de nos soucis d&rsquo;argent. La r\u00e9volution ne s&rsquo;est pas faite dans la rue. Elle s&rsquo;est faite dans les esprits. Hier, nous n&rsquo;imaginions pas pouvoir vivre sans cette fameuse r\u00e9serve de m\u00e9tal \u00e0 la Banque de France, qui gageait notre papier. Cette b\u00e9quille aurifi\u00e8e a disparu sans que nous en souffrions. C\u2019est donc que nous n\u2019en avions pas besoin. Voil\u00e0 un la v\u00e9ritable r\u00e9volution nationale.<\/p>\n<p style=\"text-align: justify;\">Et c&rsquo;est aussi pourquoi Vichy-Trust, sans le savoir lui-m\u00eame, s&rsquo;est suicid\u00e9 et sans bruit.<\/p>\n<p style=\"text-align: justify;\">Ce petit \u00eelot d&rsquo;insens\u00e9s capitalistes agonise dans l&rsquo;illusion qu&rsquo;il gouverne l&rsquo;univers au moyen d\u2019ondes bancaires magiques. Un jour prochain, on coupera le contact. L\u2019\u00celot se r\u00e9sorbera, vivra quelque temps sur lui-m\u00eame, mangera les derni\u00e8res vignettes num\u00e9rot\u00e9es de ses caisses de titres pr\u00e9cipitamment sauv\u00e9s, et ce sera fini.<\/p>\n<p style=\"text-align: justify;\">Mais le peuple d\u00e9cha\u00een\u00e9, furibond, monstrueusement dress\u00e9, se souviendra vivement du mal qu&rsquo;on lui a fait. L&rsquo;avoir pouss\u00e9 \u00e0 la guerre, lui avoir tu\u00e9 cent mille de ses fils, avoir g\u00e2ch\u00e9 trois ans de la vie de deux millions d&rsquo;autres, avoir consenti \u00e0 l&rsquo;Angleterre et \u00e0 l&rsquo;Am\u00e9rique un blocus \u00e9vitable, avoir refus\u00e9 la collaboration, voire le renversement des alliances qui nous pla\u00e7aient en meilleure posture pour signer la paix, avoir prot\u00e9g\u00e9 sans cesse les responsables de la guerre, avoir affam\u00e9 les Fran\u00e7ais, avoir accapar\u00e9 l&rsquo;essentiel des denr\u00e9es et des mati\u00e8res premi\u00e8res, avoir profit\u00e9 de la d\u00e9faite pour constituer une mafia compacte de financiers avides, apr\u00e8s avoir tu\u00e9 la France, avoir voulu, comme des n\u00e9crophages, s\u2019en repa\u00eetre jusqu&rsquo;\u00e0 l&rsquo;assouplissement de sa fin immonde, voil\u00e0 les crimes qu&rsquo;on ne pardonnera pas aux hommes de la s\u00e9pulture de la R\u00e9publique.<\/p>\n<p style=\"text-align: justify;\">Les noms de ces bandits sont tous connus. Les listes sont dress\u00e9es. Elles ne comprennent pas que des sous-ordres. Les parlementaires paieront pour eux-m\u00eames, mais ils ne sont que les valets vous de la haute banque. Les j\u00e9suites, les badernes v\u00e9tustes, les dignitaires des ob\u00e9diences, les Juifs, la haute finance, sont pris en flagrant d\u00e9lit de machiav\u00e9lisme : ils ont voulu forcer la France \u00e0 vivre sous la chaussette \u00e0 clous, sous l&rsquo;\u00e9treinte de l&rsquo;or, sous la f\u00e9rule de l&rsquo;hypocrisie. Nous armerons le peuple de cette trique dont nous recommandions l&#8217;emploi l&rsquo;autre jour contre les imb\u00e9ciles qui pr\u00eatent l&rsquo;oreille \u00e0 l&rsquo;anglais. Nous caresserons avec joie les \u00e9paules de cet \u00e9pouvantable grouillis de biens\u00e9ants de Vichy qui s&rsquo;imaginent avoir m\u00e9rit\u00e9 le respect de la France, parce qu&rsquo;apr\u00e8s avoir falsifi\u00e9 les livres de comptes et les textes l\u00e9gislatifs, ils se sont assis sans pudeur sur le canap\u00e9 encore chaud de la R\u00e9publique complaisante et assassine. Ces bourgeois sont cuits, ou plut\u00f4t \u00e0 cuire : \u00e0 la broche ! \u00c0 la broche !<\/p>\n<p style=\"text-align: justify;\">Le haut patronat est un abc\u00e8s dans la nation. La France le cr\u00e8vera le jour o\u00f9 ce prurit sera devenu sa plus de pr\u00e9occupation. Dans l&rsquo;int\u00e9r\u00eat du pays, qu&rsquo;il vienne donc vite, le matin chirurgical de la d\u00e9livrance v\u00e9ritablement r\u00e9volutionnaire !<\/p>\n<p style=\"text-align: justify;\">\u00c0 la broche, le haut patronat juif ou autre !<\/p>\n<p>Ceci compensera nos cartes de pain.<\/p>\n<p style=\"text-align: right;\">Paul Riche<\/p>\n","protected":false},"excerpt":{"rendered":"<p>Au Pilori, 8 mai 1941, sign\u00e9 Paul Riche Vichy continue \u00e0 bafouer la France. La bande de hauts requins qui fut \u00e0 l&rsquo;origine de nos malheurs, qui, pendant des ann\u00e9es, suscita, pour s\u2019en engraisser, les d\u00e9valuations de notre franc, qui, &hellip; <a href=\"https:\/\/monperejeanmamy.fr\/?page_id=548\">Continuer la lecture <span class=\"meta-nav\">&rarr;<\/span><\/a><\/p>\n","protected":false},"author":2,"featured_media":397,"parent":0,"menu_order":0,"comment_status":"closed","ping_status":"closed","template":"","meta":[],"folder":[],"_links":{"self":[{"href":"https:\/\/monperejeanmamy.fr\/index.php?rest_route=\/wp\/v2\/pages\/548"}],"collection":[{"href":"https:\/\/monperejeanmamy.fr\/index.php?rest_route=\/wp\/v2\/pages"}],"about":[{"href":"https:\/\/monperejeanmamy.fr\/index.php?rest_route=\/wp\/v2\/types\/page"}],"author":[{"embeddable":true,"href":"https:\/\/monperejeanmamy.fr\/index.php?rest_route=\/wp\/v2\/users\/2"}],"replies":[{"embeddable":true,"href":"https:\/\/monperejeanmamy.fr\/index.php?rest_route=%2Fwp%2Fv2%2Fcomments&post=548"}],"version-history":[{"count":1,"href":"https:\/\/monperejeanmamy.fr\/index.php?rest_route=\/wp\/v2\/pages\/548\/revisions"}],"predecessor-version":[{"id":550,"href":"https:\/\/monperejeanmamy.fr\/index.php?rest_route=\/wp\/v2\/pages\/548\/revisions\/550"}],"wp:featuredmedia":[{"embeddable":true,"href":"https:\/\/monperejeanmamy.fr\/index.php?rest_route=\/wp\/v2\/media\/397"}],"wp:attachment":[{"href":"https:\/\/monperejeanmamy.fr\/index.php?rest_route=%2Fwp%2Fv2%2Fmedia&parent=548"}],"wp:term":[{"taxonomy":"folder","embeddable":true,"href":"https:\/\/monperejeanmamy.fr\/index.php?rest_route=%2Fwp%2Fv2%2Ffolder&post=548"}],"curies":[{"name":"wp","href":"https:\/\/api.w.org\/{rel}","templated":true}]}}