{"id":555,"date":"2021-02-25T10:45:26","date_gmt":"2021-02-25T09:45:26","guid":{"rendered":"http:\/\/monperejeanmamy.fr\/?page_id=555"},"modified":"2021-02-25T10:46:56","modified_gmt":"2021-02-25T09:46:56","slug":"tirez-les-premiers-messieurs-les-anglais","status":"publish","type":"page","link":"https:\/\/monperejeanmamy.fr\/?page_id=555","title":{"rendered":"Tirez les premiers, Messieurs les Anglais"},"content":{"rendered":"<p style=\"text-align: center;\">Au Pilori, 29 mai 1941, sign\u00e9 Paul Riche<\/p>\n<p><img loading=\"lazy\" class=\"aligncenter size-large wp-image-556\" src=\"http:\/\/monperejeanmamy.fr\/wp-content\/uploads\/2021\/02\/PRiche-Pilori-19410529-861x1024.jpg\" alt=\"\" width=\"584\" height=\"695\" srcset=\"https:\/\/monperejeanmamy.fr\/wp-content\/uploads\/2021\/02\/PRiche-Pilori-19410529-861x1024.jpg 861w, https:\/\/monperejeanmamy.fr\/wp-content\/uploads\/2021\/02\/PRiche-Pilori-19410529-252x300.jpg 252w, https:\/\/monperejeanmamy.fr\/wp-content\/uploads\/2021\/02\/PRiche-Pilori-19410529-768x913.jpg 768w, https:\/\/monperejeanmamy.fr\/wp-content\/uploads\/2021\/02\/PRiche-Pilori-19410529-1292x1536.jpg 1292w, https:\/\/monperejeanmamy.fr\/wp-content\/uploads\/2021\/02\/PRiche-Pilori-19410529-1722x2048.jpg 1722w\" sizes=\"(max-width: 584px) 100vw, 584px\" \/><\/p>\n<p style=\"text-align: justify;\">La radio youtre de Londres nous a menac\u00e9 l&rsquo;autre soir de bombardements \u00e9ventuels sur Paris si nous collaborions effectivement \u00e0 la construction de la nouvelle Europe. Il y fut dit textuellement : \u00ab q<em>ue Paris ne serait plus consid\u00e9r\u00e9e comme ville ouverte, si\u2026, etc\u2026<\/em> \u00bb. On nous promet des Spitfire et des Blenheim munis d\u2019engins explosifs et incendiaires. On veut violemment d\u00e9tourner la France de son destin, faire couler du sang fran\u00e7ais pour l&rsquo;int\u00e9r\u00eat anglais, d\u00e9truire quelque chose de notre sol et de notre chair, nous blesser, nous abattre quand nous d\u00e9fendons \u2014 pour une fois\u2014 notre pays, notre continent, notre avenir.<\/p>\n<p style=\"text-align: justify;\">Bien.<\/p>\n<p style=\"text-align: justify;\">Le Juif Boris, le Juif Weisskopf, le Juif Cassini dit Cassin, les Juifs Schumann et Berheim de la radio aux listes de Londres nous mettent en demeure de c\u00e9der \u00e0 leurs vomissements de haine. Les Juifs Rappoport, Weill, Porger, Recheinbach, Torr\u00e8s, Rozan, Mathews, Tolge, de l&rsquo;\u00e9tat-major de de Gaulle ne trouve rien de mieux que de bombarder Paris pour obliger la France \u00e0 se remorquer derri\u00e8re les financiers anglo-am\u00e9ricains.<\/p>\n<p style=\"text-align: justify;\">Ces bandits internationaux, ces t\u00eates cr\u00e9pues aux faces simiesques, ayant \u00e0 leur disposition des engins de mort, n&rsquo;h\u00e9siteraient pas \u00e0 faire de fra\u00eeches victimes fran\u00e7aises pour assouvir leur sadisme.<\/p>\n<p style=\"text-align: justify;\">Nous nous indignons pas. Notons le danger.<\/p>\n<p style=\"text-align: justify;\">Nous savons ainsi que si nous voulons collaborer, puisque nous voulons collaborer, puisque nous devons collaborer, puisqu&rsquo;il est de notre int\u00e9r\u00eat, de notre avenir, de notre destin, d&rsquo;\u00eatre un des facteurs puissants de l&rsquo;Europe de demain, puisque, selon le mot du Mar\u00e9chal, la France reste souveraine, pr\u00e9tend le rester, d\u00e9fendre son sol, ses hommes et ses biens contre ces assaillants anglais, nous serons meurtris, bombard\u00e9s, assi\u00e9g\u00e9s, bloqu\u00e9s, vou\u00e9s aux injures, aux coups, \u00e0 la destruction.<\/p>\n<p style=\"text-align: justify;\">Rien ne peut plus nous surprendre de la part de l&rsquo;Angleterre.<\/p>\n<p style=\"text-align: justify;\">Apr\u00e8s Dunkerque, apr\u00e8s Mers-el-Kebir, apr\u00e8s Dakar, apr\u00e8s le Gabon, nous savons d\u00e9finitivement \u00e0 quoi nous en tenir.<\/p>\n<p style=\"text-align: justify;\">Seuls, les incurables sourds et aveugles qui s\u00e9vissent encore dans certains coins de quartier, n&rsquo;ont pas entendu les coups de mitrailleuses frappant les marins du \u00ab Bretagne \u00bb, n&rsquo;ont pas vu les corps mutil\u00e9s de nos matelots du \u00ab Provence \u00bb, n&rsquo;ont pas ressenti les chocs qui ont frapp\u00e9 nos officiers des a\u00e9rodromes de Syrie.<\/p>\n<p style=\"text-align: justify;\">Les pirates qui br\u00fbl\u00e8rent Jeanne-d&rsquo;Arc, qui nous ravag\u00e8rent pendant des si\u00e8cles, qui nous vol\u00e8rent le Canada et les Indes, qui jet\u00e8rent bas notre empereur Napol\u00e9on, qui maintinrent l&rsquo;Europe en \u00e9tat d&rsquo;agressivit\u00e9 int\u00e9rieure, \u00e0 leur profit, qui r\u00e9duisirent en esclavage le monde entier sous le couteau de ses banquiers juifs, qui ont fait depuis toujours que piller, trafiquer, rafler, appauvrir, ne peuvent pas agir autrement envers nous qu\u2019en tuant nos honn\u00eates enfants qui d\u00e9fendent notre bien moral et mat\u00e9riel. Hier, nos soldats et nos marins. Demain, nos civils, peut-\u00eatre\u2026<\/p>\n<p style=\"text-align: justify;\">La City se sent traqu\u00e9e. Wall Street voit d\u00e9j\u00e0 sa perte. Roosevelt s&rsquo;affole apr\u00e8s Churchill. La bande internationale des gangsters du sterling et du dollar pr\u00e9voit son ch\u00e2timent. Attention aux ruades. Quand cr\u00e8ve la b\u00eate m\u00e9chante, elle cherche \u00e0 lancer, avant son agonie derni\u00e8re, le coup brutal du d\u00e9mon.<\/p>\n<p style=\"text-align: justify;\">C&rsquo;est pourquoi nos petits, nos m\u00e8res, nos femmes, nous-m\u00eames, sommes menac\u00e9s dans le ciel. Il nous faudra nous prot\u00e9ger, souffrir encore, voir se d\u00e9truire nos biens, voir dispara\u00eetre quelques-uns de notre peuple. Sans rien pouvoir dire ni faire, car nous n&rsquo;avons plus de riposte. Les poings serr\u00e9s, le c\u0153ur contrit et gonfl\u00e9 d&rsquo;impuissance, nous allons supporter qu&rsquo;on nous pilonne \u00e0 coups d&rsquo;explosifs fulgurants, qu&rsquo;on mette le feu \u00e0 notre ville et ses faubourgs, \u00e0 ce Paris que les Allemands de 1940 ont respect\u00e9 dignement et o\u00f9 chacun a retrouv\u00e9 ses biens prot\u00e9g\u00e9s !<\/p>\n<p style=\"text-align: justify;\">Paris, \u00ab notre Paname \u00bb, est vis\u00e9 par les avions anglais. Paris, ses titis, ses gar\u00e7ons et filles sera peut-\u00eatre bless\u00e9 demain par la volont\u00e9 d&rsquo;inf\u00e2mes Juifs londoniens. De ce rocher britannique, aussi dur que le c\u0153ur de l&rsquo;odieux Churchill, partiront des avions porteurs de mort qui viendront cracher le feu sur notre capitale d&rsquo;\u00cele-de-France, Paris serait la victime innocente et sans d\u00e9fense, offerte aux coups de la brute d&rsquo;outre-Manche !<\/p>\n<p style=\"text-align: justify;\">Chiens ! Vous n&rsquo;\u00eates que des chiens, messieurs les Anglais : vous et vos Juifs !<br \/>\nIl semble que nous n&rsquo;ayons aucun moyen de nous prot\u00e9ger.<br \/>\n\u00c0 moins que nous ne fassions, pour une fois, preuve d&rsquo;esprit de d\u00e9cision.<\/p>\n<p style=\"text-align: justify;\">\u00c0 un homme raisonnable, on parle un langage raisonnable. \u00c0 une brute, on oppose les moyens qui la tiennent en respect. \u00c0 un fauve, ont fait go\u00fbter la gifle de la cravache et la cuisson du fer rouge.<\/p>\n<p style=\"text-align: justify;\">Nous allons donc parler \u00e0 ses bouledogues de Londres le langage qui leur convient :<\/p>\n<p style=\"text-align: justify;\">\u00ab <em>Messieurs les Anglais<\/em>,<\/p>\n<p style=\"text-align: justify;\">\u00ab <em>Vous pr\u00e9tendez bombarder ce Paris et sa banlieue, si malgr\u00e9 vous nous commen\u00e7ons \u00e0 remonter la pente de nos faiblesses, \u00e0 reconstruire nos ruines, \u00e0 faire nos premiers pas dans l&rsquo;Europe nouvelle, vers notre avenir fran\u00e7ais. Cette menace nous honore. Nous relevons le d\u00e9fi. Faites ce que bon vous semblera. \u00c0 votre aise. Voici notre ville, ses toits, ses palais, ses \u00e9glises, ses richesses, ses usines. Voici nos ouvriers, nos \u00e9coles, nos maisons. Voici notre peuple. \u00c0 votre disposition. Frappez. Paris est une ville ouverte \u00e0 vos coups.<\/em><\/p>\n<p style=\"text-align: justify;\">\u00ab <em>Mais, nous avons \u00e9galement parmi nous \u2014 pour notre r\u00e9pugnance\u2014 un certain nombre de vos cong\u00e9n\u00e8res juifs, quelques milliers, quelques dizaines, quelques centaines de milliers<\/em>.<\/p>\n<p style=\"text-align: justify;\">\u00ab <em>Nous avons aussi nos organisations antijuives, nos \u00e9quipes, nos hommes pleins de volont\u00e9 et de feu. Nos moyens d&rsquo;action, nos listes de Juifs.<\/em><\/p>\n<p style=\"text-align: justify;\">\u00ab <em>Jusqu&rsquo;\u00e0 pr\u00e9sent, ces \u00e9quipes n&rsquo;ont pas fonctionn\u00e9. Vos violences n&rsquo;ont \u00e9t\u00e9 que verbales. Pas un Juif n&rsquo;a \u00e9t\u00e9 frapp\u00e9, ni m\u00eame insult\u00e9. On a pas tir\u00e9 le poil de la barbe d&rsquo;un rabbin. On n\u2019a bott\u00e9 ni un s\u00e9phardi, ni un eskenazi, ni un kalmouck. Vos L\u00e9vy, vos Cohen, vos Pollacks grouillent en paix. Ils font le march\u00e9 noir. Ils traficotent. Ils nous d\u00e9go\u00fbten. Nous les m\u00e9prisons. Mais nous les avons laiss\u00e9s vivre<\/em>.<\/p>\n<p style=\"text-align: justify;\">\u00ab <em>Vos gros Juifs sont \u00e9galement en place. Worms est \u00e0 Paris, David-David Weill est \u00e0 Vichy. Rueff quelque part en France et tutti quanti.<\/em><\/p>\n<p style=\"text-align: justify;\">\u00ab O\u00f9 qu&rsquo;ils soient, ils sont \u00e0 port\u00e9e de notre main.<br \/>\n\u00ab <em>Commencez-vous \u00e0 comprendre, Messieurs les Anglais ?<br \/>\n<\/em>\u00ab <em>Pour une fois, les Juifs vont servir \u00e0 quelque chose.<\/em><\/p>\n<p style=\"text-align: justify;\">\u00ab <em>Vos youdis de Londres nous menace de vos bombes. Nous ne pouvons r\u00e9agir contre eux. C&rsquo;est dommage. Nous r\u00e9agirons donc contre ceux de Paris.<\/em><\/p>\n<p style=\"text-align: justify;\"><em>\u00ab\u00a0 Nous appliquerons la loi juive : celle du talion. Pour un \u0153il fran\u00e7ais, trois yeux juifs. Pour une dent de chez nous, trois dents youtres. Pour un mort aryen, trois cadavres juifs. Pour cent tu\u00e9s \u00e0 Paris, trois cents victimes isra\u00e9lites.<\/em><\/p>\n<p style=\"text-align: justify;\"><em>\u00ab\u00a0 Nous ne vous mena\u00e7ons pas. Nous vous disons simplement ce que nous ferons, si vous mettez, vous, vos menaces \u00e0 ex\u00e9cution.<\/em><\/p>\n<p style=\"text-align: justify;\"><em>\u00ab Nous sommes s\u00fbrs que notre proposition est assez simple que vous la compreniez.<\/em><\/p>\n<p style=\"text-align: justify;\"><em>\u00ab Et nous ne nous excusons pas de ce proc\u00e9d\u00e9 sans grandeur. La lutte contre vous ne peut \u00eatre que basse. Il n&rsquo;y a pas de panache \u00e0 poursuivre des rats, \u00e0 lutter contre la vermine, \u00e0 attaquer un mal g\u00e9n\u00e9ral. Notre grandeur est dans notre d\u00e9cision totale de nous prot\u00e9ger par n&rsquo;importe quel moyen.<\/em><\/p>\n<p style=\"text-align: justify;\">\u00ab <em>Nous le ferons. Le lendemain de votre premier bombardement. Il suffira d&rsquo;un coup de t\u00e9l\u00e9phone d&rsquo;un de nos chefs pour que nous nous mettions au travail. Nous pensons ainsi vous r\u00e9fl\u00e9chirez avant de commencer.<\/em><\/p>\n<p>\u00ab <em>Donc, c&rsquo;est bien entendu : trois pour un.<br \/>\n<\/em><em>\u00ab Vous \u00eates bien avertis :<br \/>\n<\/em><em>\u00ab Nous ne leur r\u00e9p\u00e9terons plus.<br \/>\n<\/em><em>\u00ab Et maintenant : tirez les premiers, Messieurs les Anglais ! \u00bb<\/em><\/p>\n<p style=\"text-align: right;\">Paul Riche<\/p>\n","protected":false},"excerpt":{"rendered":"<p>Au Pilori, 29 mai 1941, sign\u00e9 Paul Riche La radio youtre de Londres nous a menac\u00e9 l&rsquo;autre soir de bombardements \u00e9ventuels sur Paris si nous collaborions effectivement \u00e0 la construction de la nouvelle Europe. Il y fut dit textuellement : &hellip; <a href=\"https:\/\/monperejeanmamy.fr\/?page_id=555\">Continuer la lecture <span class=\"meta-nav\">&rarr;<\/span><\/a><\/p>\n","protected":false},"author":2,"featured_media":397,"parent":0,"menu_order":0,"comment_status":"closed","ping_status":"closed","template":"","meta":[],"folder":[],"_links":{"self":[{"href":"https:\/\/monperejeanmamy.fr\/index.php?rest_route=\/wp\/v2\/pages\/555"}],"collection":[{"href":"https:\/\/monperejeanmamy.fr\/index.php?rest_route=\/wp\/v2\/pages"}],"about":[{"href":"https:\/\/monperejeanmamy.fr\/index.php?rest_route=\/wp\/v2\/types\/page"}],"author":[{"embeddable":true,"href":"https:\/\/monperejeanmamy.fr\/index.php?rest_route=\/wp\/v2\/users\/2"}],"replies":[{"embeddable":true,"href":"https:\/\/monperejeanmamy.fr\/index.php?rest_route=%2Fwp%2Fv2%2Fcomments&post=555"}],"version-history":[{"count":2,"href":"https:\/\/monperejeanmamy.fr\/index.php?rest_route=\/wp\/v2\/pages\/555\/revisions"}],"predecessor-version":[{"id":561,"href":"https:\/\/monperejeanmamy.fr\/index.php?rest_route=\/wp\/v2\/pages\/555\/revisions\/561"}],"wp:featuredmedia":[{"embeddable":true,"href":"https:\/\/monperejeanmamy.fr\/index.php?rest_route=\/wp\/v2\/media\/397"}],"wp:attachment":[{"href":"https:\/\/monperejeanmamy.fr\/index.php?rest_route=%2Fwp%2Fv2%2Fmedia&parent=555"}],"wp:term":[{"taxonomy":"folder","embeddable":true,"href":"https:\/\/monperejeanmamy.fr\/index.php?rest_route=%2Fwp%2Fv2%2Ffolder&post=555"}],"curies":[{"name":"wp","href":"https:\/\/api.w.org\/{rel}","templated":true}]}}