{"id":563,"date":"2021-02-25T10:52:58","date_gmt":"2021-02-25T09:52:58","guid":{"rendered":"http:\/\/monperejeanmamy.fr\/?page_id=563"},"modified":"2021-02-25T10:52:58","modified_gmt":"2021-02-25T09:52:58","slug":"pour-la-republique-hip-hip-m","status":"publish","type":"page","link":"https:\/\/monperejeanmamy.fr\/?page_id=563","title":{"rendered":"Pour la R\u00e9publique, Hip ! Hip ! M\u2026 !"},"content":{"rendered":"<p style=\"text-align: center;\"><em>Au Pilori<\/em>, 5 juin 1941, sign\u00e9 P.R. Initiales de Paul Riche<\/p>\n<p style=\"text-align: justify;\">Il ne faudrait plus prendre les Fran\u00e7ais pour ce qu\u2019ils \u00e9taient hier : des \u00e9lecteurs ind\u00e9finiment abusables et abus\u00e9s.<\/p>\n<p style=\"text-align: justify;\">Les politiciens se trompent quand ils croient que rien n\u2019est chang\u00e9 dans l\u2019esprit public. La d\u00e9faite nous a d\u00e9barrass\u00e9s de nos pr\u00e9jug\u00e9s, de nos h\u00e9sitations, de nos contraintes. Il y a certains pi\u00e8ges d\u00e9magogiques dans lesquels le peuple ne tombera plus.<\/p>\n<p><img loading=\"lazy\" class=\"aligncenter size-large wp-image-564\" src=\"http:\/\/monperejeanmamy.fr\/wp-content\/uploads\/2021\/02\/PR-Pilori-19410605-416x1024.jpg\" alt=\"\" width=\"416\" height=\"1024\" srcset=\"https:\/\/monperejeanmamy.fr\/wp-content\/uploads\/2021\/02\/PR-Pilori-19410605-416x1024.jpg 416w, https:\/\/monperejeanmamy.fr\/wp-content\/uploads\/2021\/02\/PR-Pilori-19410605-122x300.jpg 122w, https:\/\/monperejeanmamy.fr\/wp-content\/uploads\/2021\/02\/PR-Pilori-19410605-768x1888.jpg 768w, https:\/\/monperejeanmamy.fr\/wp-content\/uploads\/2021\/02\/PR-Pilori-19410605-833x2048.jpg 833w, https:\/\/monperejeanmamy.fr\/wp-content\/uploads\/2021\/02\/PR-Pilori-19410605-scaled.jpg 1041w\" sizes=\"(max-width: 416px) 100vw, 416px\" \/><\/p>\n<p style=\"text-align: justify;\">Vichy, \u00e0 la faveur de la d\u00e9faite, a b\u00e2cl\u00e9 un r\u00e9gime de terreur rose, de profiteurs d\u2019ancienne droite, de g\u00e9n\u00e9raux incapables, de pseudo fascisme, contre lequel nous nous sommes \u00e9lev\u00e9s les premiers. Il n\u2019est pas question ici de soutenir un instant les man\u0153uvres de turpitude par lesquelles les trusts se sont renforc\u00e9s, les hauts comit\u00e9s d\u2019organisation d\u00e9truisirent le petit et le moyen patronat, les syndicalistes sinc\u00e8res sont enferm\u00e9 dans les camps de concentration avec les pires agitateurs, quand, d\u2019autre part, ce m\u00eame r\u00e9gime maintient en place les francs-ma\u00e7ons dans toutes les administrations et renomme \u00e0 leur poste les maires du Front populaire parce qu\u2019ils ont cri\u00e9 une fois : \u00ab Vive P\u00e9tain ! \u00bb.<\/p>\n<p style=\"text-align: justify;\">Toute cette confusion, ces pr\u00e9bendes, ces anomalies, ces injustices vichyssoises sont \u00e0 attaquer et \u00e0 d\u00e9truire.<\/p>\n<p style=\"text-align: justify;\">C\u2019est le grouillis politique des crabes qui s\u2019agitent l\u00e0-bas sous la personne du chef de l\u2019\u00c9tat fran\u00e7ais.<\/p>\n<p style=\"text-align: justify;\">Par contre, dans cette d\u00e9faite totale, dans cette d\u00e9b\u00e2cle compl\u00e8te, nous avons retrouv\u00e9 miraculeusement un seul \u00e9l\u00e9ment sauveur que nous avions perdu depuis pas mal de temps : L\u2019unit\u00e9 fran\u00e7aise en la personne du mar\u00e9chal P\u00e9tain.<\/p>\n<p style=\"text-align: justify;\">Les gens de la zone occup\u00e9e ne peuvent comprendre r\u00e9ellement ce que repr\u00e9sentent la personne et le symbole du Mar\u00e9chal P\u00e9tain.<\/p>\n<p style=\"text-align: justify;\">Dans cette France dite libre, qui est \u00e0 la fois le refuge d\u2019un gouvernement provisoire assailli de soucis et la poubelle de toute la racaille qui op\u00e8re \u00e0 visage d\u00e9couvert contre l\u2019\u00c9tat nouveau, le Mar\u00e9chal est l\u2019honn\u00eatet\u00e9, la volont\u00e9 de travail, la droiture, le salut.<\/p>\n<p style=\"text-align: justify;\">Le jour o\u00f9 il rentrera \u00e0 Paris, la capitale retrouvera avec \u00e9tonnement le visage d\u2019une France qu\u2019elle n\u2019a jamais connue. Car derri\u00e8re le mar\u00e9chal, il n\u2019y a pas de vieilles gens, de sectes, de profiteurs. Ceux-l\u00e0 ne vivent que dans son ombre. Derri\u00e8re le Mar\u00e9chal, dans sa lumi\u00e8re, il n\u2019y a que la jeunesse, celle qui va de trente \u00e0 quinze ans. La r\u00e9alit\u00e9, l\u2019avenir de la France sont l\u00e0. On n\u2019imagine pas ici la force supr\u00eame, totale, de cette entit\u00e9 fran\u00e7aise ressuscit\u00e9e. Et c\u2019est ce renouveau national, cette pousse vivante de notre race, le seul rameau qui conditionne notre futur qu\u2019une clique de politiciens retors voudrait d\u00e9truire sous pr\u00e9texte de redresser la situation politique \u00e0 leur profit.<\/p>\n<p style=\"text-align: justify;\">Sous couleur d\u2019opposer \u00e0 des groupes capitalistes une construction populaire plus d\u00e9magogique, intitule R\u00e9publique, on mettrait bas l\u2019unit\u00e9 fran\u00e7aise.<\/p>\n<p style=\"text-align: justify;\">En d\u00e9clarant lutter contre les trusts, le cl\u00e9ricalisme et la r\u00e9action, on d\u00e9cha\u00eenerait \u00e0 nouveau l\u2019anarchie, l\u2019irresponsabilit\u00e9, les masses.<\/p>\n<p style=\"text-align: justify;\">On d\u00e9truirait l\u2019\u0153uvre du Mar\u00e9chal. On songerait \u00e0 la remplacer. On n\u00e9gligerait de continuer \u00e0 r\u00e9diger les principes de la nouvelle constitution, d\u2019en observer les principes, d\u2019en assurer la continuit\u00e9.<\/p>\n<p style=\"text-align: justify;\">Nous ne marchons pas. Ni pour Vichy, ni pour Paris. Ni pour la droite, ni pour la gauche. Ni pour les pseudo fascistes, ni pour les pseudo nationaux-socialistes.<\/p>\n<p style=\"text-align: justify;\">Nous sommes pour l\u2019unit\u00e9 fran\u00e7aise, pour le Mar\u00e9chal, pour la jeune France, pour la propret\u00e9, pour l\u2019\u00e9quilibre, pour la nation retrouv\u00e9e.<\/p>\n<p style=\"text-align: justify;\">Contre toute esp\u00e8ce de personnalit\u00e9 politicienne d\u2019hier.<\/p>\n<p style=\"text-align: justify;\">Car nous en avons assez des pr\u00e9bendiers du budget de l\u2019Air, des magnats de la R\u00e9publique qui veulent doubler leurs trois cents millions mal acquis, de ces man\u0153uvriers qui tentent de pousser l\u2019occupant contre me non-occup\u00e9 et qui r\u00eaveraient \u2014si cela leur \u00e9tait consenti\u2014 de faire de la politique int\u00e9rieure avec des fusils \u00e9trangers.<\/p>\n<p style=\"text-align: justify;\">L\u00e0-bas, caricature de fascisme. Ici, caricature de collaboration. En fait, man\u0153uvre politique : gauche contre droite. Le jeu parlementaire continue.<\/p>\n<p style=\"text-align: justify;\">L\u2019Europe, elle, n\u2019attend pas. Nous voulons collaborer loyalement, sinc\u00e8rement, pleinement. Mais nous ne pouvons collaborer \u00e0 l\u2019Europe qu\u2019en reconstruisant la France.<\/p>\n<p style=\"text-align: justify;\">Dans cette France nouvelle, le peuple a toute sa place. On nous parle de r\u00e9publique autoritaire. R\u00e9publique ? Non, parce qu\u2019irresponsabilit\u00e9. Autorit\u00e9 ? Oui. Qui la d\u00e9tiendra ?<\/p>\n<p style=\"text-align: justify;\">Un Comit\u00e9 ? Non.<br \/>\nUn Parlement ? Non.<br \/>\nLa Banque ? Non.<br \/>\nQui donc ?<\/p>\n<p style=\"text-align: justify;\">Un seul chef, arbitre entre le peuple et les puissants et ma\u00eetres de Comit\u00e9s, du Parlement et de la Banque.<\/p>\n<p style=\"text-align: justify;\">Sous le Mar\u00e9chal, symbole de l\u2019unit\u00e9 fran\u00e7aise, il faudra un chef unique, qui viendra \u00e0 son heure, un chef qui ait le pouvoir effectif et absolu de lutter pour le peuple contre la domination de la Banque, des hauts grades ma\u00e7onniques ou cl\u00e9ricaux, des sectes polytechniciennes, des comit\u00e9s politiques, de tous les despotes.<\/p>\n<p style=\"text-align: justify;\">Un chef ! Un peuple ! Une France !<\/p>\n<p style=\"text-align: justify;\">Unit\u00e9 fran\u00e7aise ! Pour que ce peuple puisse retrouver son \u00e9quilibre, travailler avec joie dans l\u2019ordre nouveau consenti et populairement prot\u00e9g\u00e9.<\/p>\n<p style=\"text-align: right;\">P.R.<\/p>\n","protected":false},"excerpt":{"rendered":"<p>Au Pilori, 5 juin 1941, sign\u00e9 P.R. Initiales de Paul Riche Il ne faudrait plus prendre les Fran\u00e7ais pour ce qu\u2019ils \u00e9taient hier : des \u00e9lecteurs ind\u00e9finiment abusables et abus\u00e9s. Les politiciens se trompent quand ils croient que rien n\u2019est &hellip; <a href=\"https:\/\/monperejeanmamy.fr\/?page_id=563\">Continuer la lecture <span class=\"meta-nav\">&rarr;<\/span><\/a><\/p>\n","protected":false},"author":2,"featured_media":397,"parent":0,"menu_order":0,"comment_status":"closed","ping_status":"closed","template":"","meta":[],"folder":[],"_links":{"self":[{"href":"https:\/\/monperejeanmamy.fr\/index.php?rest_route=\/wp\/v2\/pages\/563"}],"collection":[{"href":"https:\/\/monperejeanmamy.fr\/index.php?rest_route=\/wp\/v2\/pages"}],"about":[{"href":"https:\/\/monperejeanmamy.fr\/index.php?rest_route=\/wp\/v2\/types\/page"}],"author":[{"embeddable":true,"href":"https:\/\/monperejeanmamy.fr\/index.php?rest_route=\/wp\/v2\/users\/2"}],"replies":[{"embeddable":true,"href":"https:\/\/monperejeanmamy.fr\/index.php?rest_route=%2Fwp%2Fv2%2Fcomments&post=563"}],"version-history":[{"count":1,"href":"https:\/\/monperejeanmamy.fr\/index.php?rest_route=\/wp\/v2\/pages\/563\/revisions"}],"predecessor-version":[{"id":565,"href":"https:\/\/monperejeanmamy.fr\/index.php?rest_route=\/wp\/v2\/pages\/563\/revisions\/565"}],"wp:featuredmedia":[{"embeddable":true,"href":"https:\/\/monperejeanmamy.fr\/index.php?rest_route=\/wp\/v2\/media\/397"}],"wp:attachment":[{"href":"https:\/\/monperejeanmamy.fr\/index.php?rest_route=%2Fwp%2Fv2%2Fmedia&parent=563"}],"wp:term":[{"taxonomy":"folder","embeddable":true,"href":"https:\/\/monperejeanmamy.fr\/index.php?rest_route=%2Fwp%2Fv2%2Ffolder&post=563"}],"curies":[{"name":"wp","href":"https:\/\/api.w.org\/{rel}","templated":true}]}}