{"id":570,"date":"2021-02-25T10:58:24","date_gmt":"2021-02-25T09:58:24","guid":{"rendered":"http:\/\/monperejeanmamy.fr\/?page_id=570"},"modified":"2021-02-25T10:58:24","modified_gmt":"2021-02-25T09:58:24","slug":"pan-sur-le-maroselli","status":"publish","type":"page","link":"https:\/\/monperejeanmamy.fr\/?page_id=570","title":{"rendered":"Pan, sur le Maroselli !"},"content":{"rendered":"<p style=\"text-align: center;\">Au Pilori, 6 juin 1941, sign\u00e9 Paul Riche<\/p>\n<p style=\"text-align: justify;\">Nous avons re\u00e7u dans nos bureaux un dr\u00f4le de pistolet.<\/p>\n<p style=\"text-align: justify;\">Il s&rsquo;agit du s\u00e9nateur Maroselli.<\/p>\n<p><img loading=\"lazy\" class=\"aligncenter size-large wp-image-571\" src=\"http:\/\/monperejeanmamy.fr\/wp-content\/uploads\/2021\/02\/PRiche-Pilori-19410605-438x1024.jpg\" alt=\"\" width=\"438\" height=\"1024\" srcset=\"https:\/\/monperejeanmamy.fr\/wp-content\/uploads\/2021\/02\/PRiche-Pilori-19410605-438x1024.jpg 438w, https:\/\/monperejeanmamy.fr\/wp-content\/uploads\/2021\/02\/PRiche-Pilori-19410605-128x300.jpg 128w, https:\/\/monperejeanmamy.fr\/wp-content\/uploads\/2021\/02\/PRiche-Pilori-19410605-768x1796.jpg 768w, https:\/\/monperejeanmamy.fr\/wp-content\/uploads\/2021\/02\/PRiche-Pilori-19410605-657x1536.jpg 657w, https:\/\/monperejeanmamy.fr\/wp-content\/uploads\/2021\/02\/PRiche-Pilori-19410605-876x2048.jpg 876w, https:\/\/monperejeanmamy.fr\/wp-content\/uploads\/2021\/02\/PRiche-Pilori-19410605-scaled.jpg 1095w\" sizes=\"(max-width: 438px) 100vw, 438px\" \/><\/p>\n<p style=\"text-align: justify;\">Le sieur Maroselli venait nous prier \u2014que dis-je\u2014 nous intimer tr\u00e8s respectueusement son d\u00e9sir de voir rectifier nos accusations.<\/p>\n<p style=\"text-align: justify;\">Le sieur Maroselli est physiquement du genre porcin, la t\u00eate grassement charnue, le cou volumineux, les fesses pleines d&rsquo;importance, le ventre gonfl\u00e9 de choses intestines. L\u2019air chafouins, mi-bistrot, mi-patron de maison discr\u00e8te, un peu gar\u00e7on charcutier, un peu commis-voyageur, il symbolise assez bien le comitard fessu, gonfl\u00e9 \u00e0 bloc de mots creux, de bon-gar\u00e7onisme et de saloperie \u00e0 imaginer toutes les combines de canton et de couloirs du S\u00e9nat.<\/p>\n<p style=\"text-align: justify;\">La gueule du sieur Maroselli est typiquement r\u00e9publicaine. Il n&rsquo;y a pas plus m\u00e9diocre, plus p\u00e9teux et plus enfl\u00e9.<\/p>\n<p style=\"text-align: justify;\">Le sieur Maroselli, s\u00e9nateur de je ne sais plus quel fouillis de cossus d\u00e9partementaux, agitait sa grosse petite personne devant notre directeur politique en bafouillant des vasouillet\u00e9s :<\/p>\n<p style=\"text-align: justify;\">\u2014 Vous comprenez, vous m&rsquo;avez fait du tort, tout ce que vous avez dit, c&rsquo;est pas vrai, na ! Et la preuve, c&rsquo;est que j&rsquo;ai cinquante t\u00e9moins pour moi, na ! Et puis vous avez parl\u00e9 d&rsquo;une dame ! Oh ! L\u00e0 ! L\u00e0 ! Alors on a mis un nom sur la dame ! Oh ! L\u00e0 ! L\u00e0 ! (Tiens, pourquoi ?) Et le mari de la dame n&rsquo;est pas content. Rectifiez, sinon, moi, Maroselli, foutre d&rsquo;un petit cochon rose et gras comme ma propre hure, je vous obligerai \u00e0 publier ma grande lettre, na !<\/p>\n<p style=\"text-align: justify;\">Et de nous confier le pr\u00e9cieux papier rituel que nous infligent g\u00e9n\u00e9ralement avec force menace nos protestataires, et que nous ne publions jamais, car nous savons ce que nous disons et \u00e0 qui nous avons affaire.<\/p>\n<p style=\"text-align: justify;\">Si j&rsquo;avais plong\u00e9 plut\u00f4t mon nez dans votre dossier, je ne vous aurais pas laiss\u00e9 sortir du bureau sans dommages. Le fond de vos culottes aurait port\u00e9 la signature de mon d\u00e9vouement \u00e0 vous empress\u00e9.<\/p>\n<p style=\"text-align: justify;\">Car, de quoi s&rsquo;agit-il ? Comme disait Foch.<\/p>\n<p style=\"text-align: justify;\">En l&rsquo;esp\u00e8ce d&rsquo;un de nos plus d\u00e9go\u00fbtants parlementaires et menteurs de la pr\u00e9c\u00e9dente l\u00e9gislature.<\/p>\n<p style=\"text-align: justify;\">Cet impudent personnage, niant avoir particip\u00e9 au Front populaire, se r\u00e9clame aujourd&rsquo;hui du Mar\u00e9chal et pr\u00e9tend contribuer au rel\u00e8vement de la France apr\u00e8s avoir le plus pouss\u00e9 \u00e0 la d\u00e9b\u00e2cle.<\/p>\n<p style=\"text-align: justify;\">Voici nos documents :<\/p>\n<p style=\"text-align: justify;\">En 1937, le sieur Maroselli se consacrait \u2014 \u00e0 lui-m\u00eame et \u00e0 Jeanneney dont c&rsquo;\u00e9tait la f\u00eate\u2014 un num\u00e9ro entier de L&rsquo;Union D\u00e9mocratique de la Haute Sa\u00f4ne alors qu&rsquo;il venait d&rsquo;\u00eatre \u00e9lu s\u00e9nateur avec l\u2019appoint total des voix socialistes et communistes. Dans l&rsquo;\u00e9ditorial, il se fait outrageusement flatter par son patron le F:. Jeanneney. Il se recommande des FF:. Chautemps et Frossard. Il fait \u00e9tat de t\u00e9l\u00e9grammes d\u2019Herriot et du F:. L\u00e9on Blum, du F:. Violette, du F:. Dormoy, du F:. Gasnier-Duparc, etc\u2026 Toute la ma\u00e7onnerie, quoi !<\/p>\n<p style=\"text-align: justify;\">Maroselli \u00e9tait-il patronn\u00e9 par le Front popu, oui ou non ?<\/p>\n<p style=\"text-align: justify;\">Il re\u00e7oit ensuite le minist\u00e8re tout entier. Daladier en t\u00eate, entour\u00e9 des FF:. Chautemps, Sarraut, Delbos, Cot, Jean Zay, de Tessan, Liautey et Maugui\u00e8re.<\/p>\n<p style=\"text-align: justify;\">Et, dans ses discours, le Maroselli de flatter le Blum, se saluer le Chautemps, de l\u00e9cher le Delbos, de se mettre \u00e0 plat ventre devant le Cot, d&rsquo;inonder de salive et les autres petits pourris de l&rsquo;assembl\u00e9e.<\/p>\n<p style=\"text-align: justify;\">Jusqu&rsquo;au cou, il \u00e9tait Front popu, le Maroselli !<\/p>\n<p style=\"text-align: justify;\">Il avait du reste commis pas mal de d\u00e9g\u00e2ts dans la r\u00e9gion : le pillage de l&rsquo;H\u00f4tel du Lion Vert par ses bandes, le d\u00e9fil\u00e9, poing tendu et drapeau rouge, dans les rues de Vauvillers, l\u2019implantation de 5.000 communistes espagnols en Haute-Sa\u00f4ne \u00e0 la place des travailleurs fran\u00e7ais, contre l&rsquo;avis d\u00e9favorable du g\u00e9n\u00e9ral commandant la r\u00e9gion, etc., etc\u2026<\/p>\n<p style=\"text-align: justify;\">Ce n&rsquo;est pas le plus important.<\/p>\n<p style=\"text-align: justify;\">En f\u00e9vrier 1939, le Maroselli et rapporteur du budget de l&rsquo;Air. Dans un rapport secret pr\u00e9sent\u00e9 au S\u00e9nat, il avoue la carence totale de notre aviation. Que fait-il publiquement ? S&rsquo;oppose-t-il \u00e0 la guerre ? Commence-t-il une campagne pour pr\u00e9venir l&rsquo;opinion ? A-t-il une attitude minimement nationale ? Point du tout.<\/p>\n<p style=\"text-align: justify;\">Alors qu&rsquo;il sait l&rsquo;incapacit\u00e9 de notre arm\u00e9e de ses chefs, le m\u00eame Maroselli f\u00e9licite, dans l&rsquo; \u00ab \u0152uvre \u00bb du 6 f\u00e9vrier 1939, Daladier le nul. Il ose \u00e9crire que la France poss\u00e8de l&rsquo;arm\u00e9e et la cuirasse qui lui permettraient de repousser toutes les agressions (sic).<\/p>\n<p style=\"text-align: justify;\">Maroselli savait ! Non seulement il n&rsquo;a rien dit ! Il a encourag\u00e9 le peuple fran\u00e7ais \u00e0 se faire massacrer pour rien, sans armes.<\/p>\n<p style=\"text-align: justify;\">Le 4 juin 1940, en pleine d\u00e9b\u00e2cle, il scribouillait encore un article ridicule sur la fabrication de nos chars d&rsquo;assaut, dont il avait \u00e9galement la responsabilit\u00e9 devant le S\u00e9nat.<\/p>\n<p style=\"text-align: justify;\">Ensuite, comme nous l&rsquo;avons dit, il fuyait.<\/p>\n<p style=\"text-align: justify;\">Et c\u2019est ce personnage qui, abusant de la confiance du mar\u00e9chal P\u00e9tain, s&rsquo;est faire renommer maire de Luxeuil !<\/p>\n<p style=\"text-align: justify;\">C&rsquo;est ce pitre, ce menteur, cet incapable et ce responsable de nos malheurs qui a os\u00e9 grimper nos deux \u00e9tages, abusant de la bonne foi et de la patience de directeur politique !<\/p>\n<p style=\"text-align: justify;\">Sainte Jeanne-d&rsquo;Arc, faites qu&rsquo;il revienne !<\/p>\n<p style=\"text-align: justify;\">Maroselli est le type m\u00eame du politicien \u00e0 d\u00e9truire.<\/p>\n<p style=\"text-align: justify;\">Il faut qu&rsquo;on enseigne son nom dans les \u00e9coles comme une chose honteuse, f\u00e9tide, r\u00e9pugnamment odorif\u00e9rante.<\/p>\n<p style=\"text-align: justify;\">Le Mar\u00e9chal pr\u00e9serve d\u00e9sormais la France Maroselli. Nous ne marchons plus dans le Maroselli. Ne respirons plus le Maroselli. \u00c9vacuons le Maroselli.<\/p>\n<p style=\"text-align: justify;\">Au Winston Churchill, Maroselli !<\/p>\n<p style=\"text-align: justify;\">Ce fumier r\u00e9publicain ne peut servir qu&rsquo;\u00e0 engraisser la terre le jour o\u00f9 le peuple, lass\u00e9 d&rsquo;attendre Riom, se f\u00e2chera.<\/p>\n<p style=\"text-align: right;\">Paul Riche<\/p>\n","protected":false},"excerpt":{"rendered":"<p>Au Pilori, 6 juin 1941, sign\u00e9 Paul Riche Nous avons re\u00e7u dans nos bureaux un dr\u00f4le de pistolet. Il s&rsquo;agit du s\u00e9nateur Maroselli. Le sieur Maroselli venait nous prier \u2014que dis-je\u2014 nous intimer tr\u00e8s respectueusement son d\u00e9sir de voir rectifier &hellip; <a href=\"https:\/\/monperejeanmamy.fr\/?page_id=570\">Continuer la lecture <span class=\"meta-nav\">&rarr;<\/span><\/a><\/p>\n","protected":false},"author":2,"featured_media":397,"parent":0,"menu_order":0,"comment_status":"closed","ping_status":"closed","template":"","meta":[],"folder":[],"_links":{"self":[{"href":"https:\/\/monperejeanmamy.fr\/index.php?rest_route=\/wp\/v2\/pages\/570"}],"collection":[{"href":"https:\/\/monperejeanmamy.fr\/index.php?rest_route=\/wp\/v2\/pages"}],"about":[{"href":"https:\/\/monperejeanmamy.fr\/index.php?rest_route=\/wp\/v2\/types\/page"}],"author":[{"embeddable":true,"href":"https:\/\/monperejeanmamy.fr\/index.php?rest_route=\/wp\/v2\/users\/2"}],"replies":[{"embeddable":true,"href":"https:\/\/monperejeanmamy.fr\/index.php?rest_route=%2Fwp%2Fv2%2Fcomments&post=570"}],"version-history":[{"count":1,"href":"https:\/\/monperejeanmamy.fr\/index.php?rest_route=\/wp\/v2\/pages\/570\/revisions"}],"predecessor-version":[{"id":572,"href":"https:\/\/monperejeanmamy.fr\/index.php?rest_route=\/wp\/v2\/pages\/570\/revisions\/572"}],"wp:featuredmedia":[{"embeddable":true,"href":"https:\/\/monperejeanmamy.fr\/index.php?rest_route=\/wp\/v2\/media\/397"}],"wp:attachment":[{"href":"https:\/\/monperejeanmamy.fr\/index.php?rest_route=%2Fwp%2Fv2%2Fmedia&parent=570"}],"wp:term":[{"taxonomy":"folder","embeddable":true,"href":"https:\/\/monperejeanmamy.fr\/index.php?rest_route=%2Fwp%2Fv2%2Ffolder&post=570"}],"curies":[{"name":"wp","href":"https:\/\/api.w.org\/{rel}","templated":true}]}}