{"id":577,"date":"2021-02-25T11:04:01","date_gmt":"2021-02-25T10:04:01","guid":{"rendered":"http:\/\/monperejeanmamy.fr\/?page_id=577"},"modified":"2021-02-25T11:04:01","modified_gmt":"2021-02-25T10:04:01","slug":"les-juifs-vont-ils-etre-frappes-interdits","status":"publish","type":"page","link":"https:\/\/monperejeanmamy.fr\/?page_id=577","title":{"rendered":"Les Juifs vont-ils \u00eatre frapp\u00e9s Interdits ?"},"content":{"rendered":"<p style=\"text-align: center;\"><em>Au Pilori,<\/em> 12 juin 1941, sign\u00e9 J.M. (initiales de Jean Mamy)<\/p>\n<p><img loading=\"lazy\" class=\"aligncenter size-large wp-image-578\" src=\"http:\/\/monperejeanmamy.fr\/wp-content\/uploads\/2021\/02\/JM-Pilori-19410612-671x1024.jpg\" alt=\"\" width=\"584\" height=\"891\" srcset=\"https:\/\/monperejeanmamy.fr\/wp-content\/uploads\/2021\/02\/JM-Pilori-19410612-671x1024.jpg 671w, https:\/\/monperejeanmamy.fr\/wp-content\/uploads\/2021\/02\/JM-Pilori-19410612-196x300.jpg 196w, https:\/\/monperejeanmamy.fr\/wp-content\/uploads\/2021\/02\/JM-Pilori-19410612-768x1173.jpg 768w, https:\/\/monperejeanmamy.fr\/wp-content\/uploads\/2021\/02\/JM-Pilori-19410612-1006x1536.jpg 1006w, https:\/\/monperejeanmamy.fr\/wp-content\/uploads\/2021\/02\/JM-Pilori-19410612-1341x2048.jpg 1341w, https:\/\/monperejeanmamy.fr\/wp-content\/uploads\/2021\/02\/JM-Pilori-19410612.jpg 1632w\" sizes=\"(max-width: 584px) 100vw, 584px\" \/><\/p>\n<p style=\"text-align: justify;\">Des bruits courent qu\u2019un d\u00e9cret serait pris le 15 juin sur les Juifs, suite sans doute des heureuses mesures qui viennent d&rsquo;\u00eatre appliqu\u00e9es dans le Midi par l&rsquo;amiral Darlan.<\/p>\n<p style=\"text-align: justify;\">Ici, on interdirait enfin aux Juifs de fr\u00e9quenter les lieux publics, th\u00e9\u00e2tres, cin\u00e9mas, caf\u00e9s, restaurants. Il leur serait \u00e9galement interdit d&rsquo;avoir des appartements avec fen\u00eatres sur la rue.<\/p>\n<p style=\"text-align: justify;\">Bonne mesure, mais encore demi-mesure.<\/p>\n<p style=\"text-align: justify;\">Pourquoi ne lutter contre les Juifs qu&rsquo;\u00e0 coups de regrets et d&rsquo;excuses ? Les Juifs ne comprennent que les mesures radicales. Il faut, afin de purifier l&rsquo;atmosph\u00e8re, interdire \u00e0 la juiverie des quartiers entiers de Paris o\u00f9 elle n&rsquo;a que faire. Pour faire dispara\u00eetre les V, il suffit de faire dispara\u00eetre les Juifs.<\/p>\n<p style=\"text-align: justify;\">Les Juifs les plus arrogants se sont r\u00e9unis dans le XVI\u00e8me arrondissement et autour de l&rsquo;\u00c9toile. Les plus luxueux appartements appartiennent \u00e0 des Juifs. Depuis quelques mois ils sont install\u00e9s en tribu dans des meubl\u00e9s non d\u00e9clar\u00e9s. \u00c0 trois ou quatre par appartement ils sont autant de trafiquants du march\u00e9 noir de l&rsquo;alimentation et de la nouvelle.<\/p>\n<p style=\"text-align: justify;\">Ils occupent ces quartiers et en sont les ma\u00eetres. Par ailleurs, alors que des Fran\u00e7ais ne peuvent pas trouver \u00e0 se loger, les Juifs gardent pour eux-m\u00eames des appartements qu\u2019ils n&rsquo;habitent pas.<\/p>\n<p style=\"text-align: justify;\">Il faut d\u00e9clarer vacants tous les appartements lou\u00e9s ou appartenant \u00e0 des Juifs et avant qu&rsquo;il ne soit trop tard, avant que des man\u0153uvres de complaisance permettent au Juif de se prot\u00e9ger.<\/p>\n<p style=\"text-align: justify;\">Il faut agir \u00e0 Paris comme on a agi \u00e0 Strasbourg, o\u00f9 le Juif a enti\u00e8rement disparu. Cette \u00e9limination du Juif n&rsquo;est donc pas une impossibilit\u00e9. Nous ne poursuivons pas une chim\u00e8re. Il suffit de vouloir pour se d\u00e9barrasser du Juif, de ses vices et de sa crasse.<\/p>\n<p style=\"text-align: justify;\">Mais pour vouloir chasser le Juif il faut d&rsquo;abord, comme le dit C\u00e9line, \u00ab tuer le Juif qui est en nous \u00bb. Cette tache juive qui ses malgr\u00e9 nos efforts, a d\u00e9teint du si\u00e8cle sur nous. C&rsquo;est parce que la lutte officielle contre les Juifs est men\u00e9e par des gens d&rsquo;hier qui, au contraire de nous, veulent conserver pr\u00e9cis\u00e9ment leurs erreurs, leurs \u00e9go\u00efsmes et leur jud\u00e9o-intime, que cette lutte n&rsquo;avance pas.<\/p>\n<p style=\"text-align: justify;\">On ne devrait pas demander \u00e0 des amis des Juifs de lutter contre leurs protecteurs et leurs alli\u00e9s, car s&rsquo;ils sont assez l\u00e2ches pour accepter cette t\u00e2che, ils le sont aussi assez pour ne pas agir.<\/p>\n<p style=\"text-align: justify;\">Alors que la France exsangue nous appelle \u00e0 sa reconstruction, nous ne devrions pas avoir \u00e0 employer du temps \u00e0 r\u00e9clamer des mesures contre les Juifs, tellement elles sont n\u00e9cessaires et logiques.<\/p>\n<p style=\"text-align: justify;\">Si ces mesures doivent \u00eatre multiples, elles doivent \u00eatre aussi draconiennes. On ne peut avoir de piti\u00e9 pour un Juif puisque le Juif est incapable de ressentir autre chose que l&rsquo;ordure.<\/p>\n<p style=\"text-align: justify;\">Depuis huit mois, les Juifs ont fait leurs bagages, depuis huit mois ils sont pr\u00e9par\u00e9s \u00e0 partir d&rsquo;une heure \u00e0 l&rsquo;autre. Ils sont \u00e9tonn\u00e9s de la mansu\u00e9tude dont on fait preuve \u00e0 leur \u00e9gard. Mais, n&rsquo;ayant pas \u00e0 craindre un monde qu&rsquo;ils se savent oblig\u00e9s de quitter, on imagine le mal qu&rsquo;ils peuvent faire sciemment chaque fois qu&rsquo;ils en ont la possibilit\u00e9.<\/p>\n<p style=\"text-align: justify;\">Le rel\u00e8vement de la France ne peut d\u00e9buter que par l&rsquo;exclusion totale des Juifs dans notre soci\u00e9t\u00e9. Nous attendons la premi\u00e8re preuve nous montrant que l&rsquo;on veut ce rel\u00e8vement.<\/p>\n<p style=\"text-align: right;\">J.M.<\/p>\n","protected":false},"excerpt":{"rendered":"<p>Au Pilori, 12 juin 1941, sign\u00e9 J.M. (initiales de Jean Mamy) Des bruits courent qu\u2019un d\u00e9cret serait pris le 15 juin sur les Juifs, suite sans doute des heureuses mesures qui viennent d&rsquo;\u00eatre appliqu\u00e9es dans le Midi par l&rsquo;amiral Darlan. &hellip; <a href=\"https:\/\/monperejeanmamy.fr\/?page_id=577\">Continuer la lecture <span class=\"meta-nav\">&rarr;<\/span><\/a><\/p>\n","protected":false},"author":2,"featured_media":397,"parent":0,"menu_order":0,"comment_status":"closed","ping_status":"closed","template":"","meta":[],"folder":[],"_links":{"self":[{"href":"https:\/\/monperejeanmamy.fr\/index.php?rest_route=\/wp\/v2\/pages\/577"}],"collection":[{"href":"https:\/\/monperejeanmamy.fr\/index.php?rest_route=\/wp\/v2\/pages"}],"about":[{"href":"https:\/\/monperejeanmamy.fr\/index.php?rest_route=\/wp\/v2\/types\/page"}],"author":[{"embeddable":true,"href":"https:\/\/monperejeanmamy.fr\/index.php?rest_route=\/wp\/v2\/users\/2"}],"replies":[{"embeddable":true,"href":"https:\/\/monperejeanmamy.fr\/index.php?rest_route=%2Fwp%2Fv2%2Fcomments&post=577"}],"version-history":[{"count":1,"href":"https:\/\/monperejeanmamy.fr\/index.php?rest_route=\/wp\/v2\/pages\/577\/revisions"}],"predecessor-version":[{"id":579,"href":"https:\/\/monperejeanmamy.fr\/index.php?rest_route=\/wp\/v2\/pages\/577\/revisions\/579"}],"wp:featuredmedia":[{"embeddable":true,"href":"https:\/\/monperejeanmamy.fr\/index.php?rest_route=\/wp\/v2\/media\/397"}],"wp:attachment":[{"href":"https:\/\/monperejeanmamy.fr\/index.php?rest_route=%2Fwp%2Fv2%2Fmedia&parent=577"}],"wp:term":[{"taxonomy":"folder","embeddable":true,"href":"https:\/\/monperejeanmamy.fr\/index.php?rest_route=%2Fwp%2Fv2%2Ffolder&post=577"}],"curies":[{"name":"wp","href":"https:\/\/api.w.org\/{rel}","templated":true}]}}