{"id":584,"date":"2021-02-25T11:12:00","date_gmt":"2021-02-25T10:12:00","guid":{"rendered":"http:\/\/monperejeanmamy.fr\/?page_id=584"},"modified":"2021-02-25T11:12:00","modified_gmt":"2021-02-25T10:12:00","slug":"guerre-a-langleterre-a-lattaque","status":"publish","type":"page","link":"https:\/\/monperejeanmamy.fr\/?page_id=584","title":{"rendered":"Guerre \u00e0 l\u2019Angleterre, \u00e0 l\u2019attaque :"},"content":{"rendered":"<p style=\"text-align: center;\"><em>Au Pilori<\/em>, 12 juin 1941; sign\u00e9 Paul Riche<\/p>\n<p><img loading=\"lazy\" class=\"aligncenter size-large wp-image-585\" src=\"http:\/\/monperejeanmamy.fr\/wp-content\/uploads\/2021\/02\/PRiche-Pilori-19410612a-1024x71.jpg\" alt=\"\" width=\"584\" height=\"40\" srcset=\"https:\/\/monperejeanmamy.fr\/wp-content\/uploads\/2021\/02\/PRiche-Pilori-19410612a-1024x71.jpg 1024w, https:\/\/monperejeanmamy.fr\/wp-content\/uploads\/2021\/02\/PRiche-Pilori-19410612a-300x21.jpg 300w, https:\/\/monperejeanmamy.fr\/wp-content\/uploads\/2021\/02\/PRiche-Pilori-19410612a-768x53.jpg 768w, https:\/\/monperejeanmamy.fr\/wp-content\/uploads\/2021\/02\/PRiche-Pilori-19410612a-1536x107.jpg 1536w, https:\/\/monperejeanmamy.fr\/wp-content\/uploads\/2021\/02\/PRiche-Pilori-19410612a-2048x142.jpg 2048w, https:\/\/monperejeanmamy.fr\/wp-content\/uploads\/2021\/02\/PRiche-Pilori-19410612a-500x35.jpg 500w\" sizes=\"(max-width: 584px) 100vw, 584px\" \/><\/p>\n<p style=\"text-align: justify;\">Pourquoi a-t-on attendu pour r\u00e9agir contre les attentats anglais ?<\/p>\n<p style=\"text-align: justify;\">Le discours de l&rsquo;amiral Darlan \u00e9tait fort bon. Nous nous \u00e9tonnons simplement qu&rsquo;il vienne si tard. Pourquoi a-t-on attendu qu&rsquo;on nous ait pris une centaine de bateaux repr\u00e9sentant 120 milliards, pour r\u00e9agir par un discours ?<\/p>\n<p style=\"text-align: justify;\">Pourquoi notre flotte et notre aviation n&rsquo;ont-elles pas fonc\u00e9 d\u00e9j\u00e0 ? La meilleure fa\u00e7on de r\u00e9pondre \u00e9tant d&rsquo;attaquer violemment.<\/p>\n<p style=\"text-align: justify;\">Pourquoi notre arm\u00e9e n&rsquo;est-elle pas, depuis longtemps, descendue sur le Gabon pourchasser De Gaulle ?<\/p>\n<p style=\"text-align: justify;\">Pourquoi n&rsquo;avoir pas march\u00e9 sur Ha\u00effa o\u00f9 sont aussi les tra\u00eetres fran\u00e7ais ?<\/p>\n<p><img loading=\"lazy\" class=\"aligncenter size-large wp-image-586\" src=\"http:\/\/monperejeanmamy.fr\/wp-content\/uploads\/2021\/02\/PRiche-Pilori-19410612b-432x1024.jpg\" alt=\"\" width=\"432\" height=\"1024\" srcset=\"https:\/\/monperejeanmamy.fr\/wp-content\/uploads\/2021\/02\/PRiche-Pilori-19410612b-432x1024.jpg 432w, https:\/\/monperejeanmamy.fr\/wp-content\/uploads\/2021\/02\/PRiche-Pilori-19410612b-127x300.jpg 127w, https:\/\/monperejeanmamy.fr\/wp-content\/uploads\/2021\/02\/PRiche-Pilori-19410612b-768x1820.jpg 768w, https:\/\/monperejeanmamy.fr\/wp-content\/uploads\/2021\/02\/PRiche-Pilori-19410612b-648x1536.jpg 648w, https:\/\/monperejeanmamy.fr\/wp-content\/uploads\/2021\/02\/PRiche-Pilori-19410612b-864x2048.jpg 864w, https:\/\/monperejeanmamy.fr\/wp-content\/uploads\/2021\/02\/PRiche-Pilori-19410612b-scaled.jpg 1080w\" sizes=\"(max-width: 432px) 100vw, 432px\" \/><\/p>\n<p style=\"text-align: justify;\">Et maintenant que la Syrie est en jeu, pourquoi ne pas mobiliser tous les Fran\u00e7ais dignes de ce nom, envoyer l\u00e0-bas les centaines de milliers d&rsquo;hommes qu&rsquo;il faut ?<\/p>\n<p style=\"text-align: justify;\">Pourquoi nous laissons-nous affamer sans r\u00e9sistance ? Pourquoi nos bateaux d&rsquo;Am\u00e9rique du Sud ne sont-ils pas convoy\u00e9s ?<\/p>\n<p style=\"text-align: justify;\">Pourquoi n&rsquo;intervenons-nous pas puissamment pour abr\u00e9ger le conflit g\u00e9n\u00e9ral ?<\/p>\n<p style=\"text-align: justify;\">Guerre, guerre \u00e0 l&rsquo;Angleterre de toutes nos forces, par tous les moyens, \u00e0 l&rsquo;ext\u00e9rieur comme \u00e0 l&rsquo;int\u00e9rieur !<\/p>\n<p style=\"text-align: justify;\">On en aurait le droit \u00e0 moins, bon Dieu ! Si Dakar, Mers-el-K\u00e9bir, Nemours, Brest, Bordeaux, Beyrouth et 100 bateaux ne suffisent pas ! Si la Syrie n&rsquo;est pas la derni\u00e8re goutte de fiel que nous ayons bue !<\/p>\n<p style=\"text-align: justify;\">Nous avons des armes en Afrique. Nous avons une arm\u00e9e blanche, une arm\u00e9e de couleur, des officiers patriotes int\u00e9graux. On nous nous d\u00e9fend pas de prot\u00e9ger nos colonies. Bien au contraire.<\/p>\n<p style=\"text-align: justify;\">Miracle ! Nous avons encore la France en mains, la possibilit\u00e9 d&rsquo;exister militairement contre notre vieil ennemi : l&rsquo;Anglais, contre celui qui nous a trahis, vendus, l\u00e2ch\u00e9s, attaqu\u00e9s, meurtris.<\/p>\n<p style=\"text-align: justify;\">\u00c0 l&rsquo;attaque ! France contre tra\u00eetres ! France contre Juifs ! France contre City !<\/p>\n<p style=\"text-align: justify;\">Au point de vue ext\u00e9rieur, l&rsquo;effet sera excellent. Nous d\u00e9blayerons quelques bateaux anglais \u00e0 la surface de la mer. Cela nous permettra de nous ravitailler plus abondamment. Cela nous donnera une meilleure position en Europe. Cette collaboration marqu\u00e9e de notre sens nous \u00e9tablira dans tous nos droits, sur notre empire et sur notre territoire.<\/p>\n<p style=\"text-align: justify;\">Au point de vue int\u00e9rieur, grande \u00e9puration d&rsquo;esprit. Les Fran\u00e7ais commenceront \u00e0 reconsid\u00e9rer leurs forces et leur r\u00f4le dans le monde. La nation reprendra du souffle pour autant qu&rsquo;elle se sentira vivre et capable de frapper, m\u00eame si elle re\u00e7oit quelques coups. L&rsquo;apathie, l&rsquo;inertie, le d\u00e9sespoir seront balay\u00e9s. Nous aurons un but, un avenir proche. Notre manifestation de puissance d\u00e9marrera nos activit\u00e9s mentales et industrielles. Nous rena\u00eetrons.<\/p>\n<p style=\"text-align: justify;\">Peut-\u00eatre nous rendrait-on plus vite nos prisonniers.<\/p>\n<p style=\"text-align: justify;\">Sans compter que le plaisir inou\u00ef de casser la figure \u00e0 ceux qui nous ont entra\u00een\u00e9s dans leur orbe pour d\u00e9fendre leurs sales petits int\u00e9r\u00eats, pimente l&rsquo;aventure. Nous avons une revanche \u00e0 prendre sur l&rsquo;amiti\u00e9 tromp\u00e9e et bafou\u00e9e, sur notre confiance d\u2019hier attir\u00e9e dans le pi\u00e8ge juif, sur notre loyaut\u00e9 pi\u00e9tin\u00e9e par des goujats.<\/p>\n<p style=\"text-align: justify;\">Quand on a \u00e9t\u00e9 cocu, une belle vol\u00e9e \u00e0 la gourgandine soulage les muscles et l&rsquo;esprit. C&rsquo;est moins juridique, ce n&rsquo;est pas bien \u00e9lev\u00e9, ce n&rsquo;est pas recommand\u00e9 par les bien-pensants, mais c\u2019est sain, m\u00e2le, jeune et d\u00e9finitif.<\/p>\n<p style=\"text-align: justify;\">L\u2019Anglais nous a pris pour sa chose. Montrons-lui les dents. C&rsquo;est une question d&rsquo;honneur national. Il est vrai que les pacifistes d&rsquo;ici ont tant crach\u00e9 sur ces deux mots, qu&rsquo;on \u00e9tait accoutum\u00e9 \u00e0 rougir. Relevons-les de la boue o\u00f9 ils les avaient pr\u00e9cipit\u00e9s.<\/p>\n<p style=\"text-align: justify;\">Notre honneur national, c&rsquo;est de r\u00e9pondre aux coups par les coups. C&rsquo;est m\u00eame de pr\u00e9voir les intentions perfides et de frapper l&rsquo;adversaire avant qu&rsquo;il commence.<\/p>\n<p style=\"text-align: justify;\">Notre devoir international est d\u2019aider, par tous les moyens, \u00e0 abattre le bouledogue enrag\u00e9 qui pr\u00e9tend affamer l&rsquo;Europe.<\/p>\n<p style=\"text-align: justify;\">Guerre \u00e0 l&rsquo;Angleterre ! Guerre \u00e0 la City ! Guerre \u00e0 Wall Street !<\/p>\n<p style=\"text-align: justify;\">Oui, monsieur Moyen !<\/p>\n<p style=\"text-align: justify;\">Guerre aux gaullistes en m\u00eame temps ! Guerre au sabotage ! Guerre aux affameurs ! Guerre \u00e0 l\u2019Intelligence Service ! Guerre partout contre l&rsquo;Anglais !<\/p>\n<p style=\"text-align: justify;\">Et renaisse la France forte, la France, nation majeure ! La France qui d\u00e9fend son bien et qui frappe !<\/p>\n<p style=\"text-align: justify;\">La France int\u00e9grale !<\/p>\n<p style=\"text-align: right;\">Paul Riche<\/p>\n","protected":false},"excerpt":{"rendered":"<p>Au Pilori, 12 juin 1941; sign\u00e9 Paul Riche Pourquoi a-t-on attendu pour r\u00e9agir contre les attentats anglais ? Le discours de l&rsquo;amiral Darlan \u00e9tait fort bon. Nous nous \u00e9tonnons simplement qu&rsquo;il vienne si tard. Pourquoi a-t-on attendu qu&rsquo;on nous ait &hellip; <a href=\"https:\/\/monperejeanmamy.fr\/?page_id=584\">Continuer la lecture <span class=\"meta-nav\">&rarr;<\/span><\/a><\/p>\n","protected":false},"author":2,"featured_media":397,"parent":0,"menu_order":0,"comment_status":"closed","ping_status":"closed","template":"","meta":[],"folder":[],"_links":{"self":[{"href":"https:\/\/monperejeanmamy.fr\/index.php?rest_route=\/wp\/v2\/pages\/584"}],"collection":[{"href":"https:\/\/monperejeanmamy.fr\/index.php?rest_route=\/wp\/v2\/pages"}],"about":[{"href":"https:\/\/monperejeanmamy.fr\/index.php?rest_route=\/wp\/v2\/types\/page"}],"author":[{"embeddable":true,"href":"https:\/\/monperejeanmamy.fr\/index.php?rest_route=\/wp\/v2\/users\/2"}],"replies":[{"embeddable":true,"href":"https:\/\/monperejeanmamy.fr\/index.php?rest_route=%2Fwp%2Fv2%2Fcomments&post=584"}],"version-history":[{"count":1,"href":"https:\/\/monperejeanmamy.fr\/index.php?rest_route=\/wp\/v2\/pages\/584\/revisions"}],"predecessor-version":[{"id":587,"href":"https:\/\/monperejeanmamy.fr\/index.php?rest_route=\/wp\/v2\/pages\/584\/revisions\/587"}],"wp:featuredmedia":[{"embeddable":true,"href":"https:\/\/monperejeanmamy.fr\/index.php?rest_route=\/wp\/v2\/media\/397"}],"wp:attachment":[{"href":"https:\/\/monperejeanmamy.fr\/index.php?rest_route=%2Fwp%2Fv2%2Fmedia&parent=584"}],"wp:term":[{"taxonomy":"folder","embeddable":true,"href":"https:\/\/monperejeanmamy.fr\/index.php?rest_route=%2Fwp%2Fv2%2Ffolder&post=584"}],"curies":[{"name":"wp","href":"https:\/\/api.w.org\/{rel}","templated":true}]}}