{"id":592,"date":"2021-02-25T11:17:29","date_gmt":"2021-02-25T10:17:29","guid":{"rendered":"http:\/\/monperejeanmamy.fr\/?page_id=592"},"modified":"2021-02-25T11:17:29","modified_gmt":"2021-02-25T10:17:29","slug":"deblayage-a-la-bombe","status":"publish","type":"page","link":"https:\/\/monperejeanmamy.fr\/?page_id=592","title":{"rendered":"D\u00e9blayage \u00e0 la bombe !"},"content":{"rendered":"<p style=\"text-align: center;\"><em>Au Pilori,<\/em> 19 juin 1941, sign\u00e9 Paul Riche<\/p>\n<p><img loading=\"lazy\" class=\"aligncenter size-large wp-image-593\" src=\"http:\/\/monperejeanmamy.fr\/wp-content\/uploads\/2021\/02\/PRiche-Pilori-19410619-483x1024.jpg\" alt=\"\" width=\"483\" height=\"1024\" srcset=\"https:\/\/monperejeanmamy.fr\/wp-content\/uploads\/2021\/02\/PRiche-Pilori-19410619-483x1024.jpg 483w, https:\/\/monperejeanmamy.fr\/wp-content\/uploads\/2021\/02\/PRiche-Pilori-19410619-141x300.jpg 141w, https:\/\/monperejeanmamy.fr\/wp-content\/uploads\/2021\/02\/PRiche-Pilori-19410619-768x1630.jpg 768w, https:\/\/monperejeanmamy.fr\/wp-content\/uploads\/2021\/02\/PRiche-Pilori-19410619-724x1536.jpg 724w, https:\/\/monperejeanmamy.fr\/wp-content\/uploads\/2021\/02\/PRiche-Pilori-19410619-965x2048.jpg 965w, https:\/\/monperejeanmamy.fr\/wp-content\/uploads\/2021\/02\/PRiche-Pilori-19410619-scaled.jpg 1206w\" sizes=\"(max-width: 483px) 100vw, 483px\" \/><\/p>\n<p style=\"text-align: justify;\">J&rsquo;ai rencontr\u00e9 hier mon ami Loustolle, ing\u00e9nieur distingu\u00e9, inventeur d&rsquo;un tas de machines assez extraordinaires, antis\u00e9mite, antima\u00e7on, antij\u00e9suite depuis longtemps (le bienheureux !), pas trop d\u00e9prim\u00e9 d&rsquo;avoir tra\u00een\u00e9 pendant des ann\u00e9es les difficult\u00e9s et d\u00e9convenues dans un monde o\u00f9 Worms et son subordonn\u00e9 le fonctionnaire g\u00e9n\u00e9ral Paillasson de Pied-plats \u00e9taient rois.<\/p>\n<p style=\"text-align: justify;\">Loustolle revient d&rsquo;un camp de prisonniers o\u00f9 il fut enferm\u00e9 apr\u00e8s Dunkerque.<\/p>\n<p style=\"text-align: justify;\">Pour avoir vu tant de choses il n&rsquo;est pas trop m\u00e9chant. Je le trouve singuli\u00e8rement mod\u00e9r\u00e9 depuis quelque temps.<\/p>\n<p style=\"text-align: justify;\">Ce soir-l\u00e0, il en voulait aux urbanistes du si\u00e8cle dernier.<\/p>\n<p style=\"text-align: justify;\">\u2014 Regardez-moi ce Paris (et sa voix de basse faisait courber l&rsquo;\u00e9chine aux youtres de caf\u00e9). Quelle ville sale ! C&rsquo;est vieux, mal foutu, mal construit, plein de punaises, bourr\u00e9 de microbes, grouillant de tuberculose \u00e0 tous les \u00e9tages. Une salade de vieux moellons, de mauvais ciment, de poussi\u00e8re et de pipi. Un grand fumier qui cuit doucement au soleil. Un jour tout s\u2019effondrera d&rsquo;un seul coup, comme la R\u00e9publique. C&rsquo;est aussi vide et laid.\u00a0 On devrait tout br\u00fbler : les maisons, les meubles qui sont dedans et les gens qui y habitent.<\/p>\n<p style=\"text-align: justify;\">\u2014 Loustolle ! L\u00e0\u2026 vous exag\u00e9rez !<br \/>\n\u2014 Comment ! J&rsquo;exag\u00e8re\u2026<\/p>\n<p style=\"text-align: justify;\">La conversation devenait impossible, le d\u00e9nomm\u00e9 Loustolle commen\u00e7ant \u00e0 engloutir d\u00e9mesur\u00e9ment du Fran\u00e7ais moyen.<\/p>\n<p style=\"text-align: justify;\">Il est un fait incontestable que la France est en majorit\u00e9 d&rsquo;un bout \u00e0 l&rsquo;autre d&rsquo;une crasse r\u00e9pugnante : choses et gens. Le dehors r\u00e9v\u00e8le le dedans. La R\u00e9publique a institu\u00e9 le pourri jusque dans les moindres d\u00e9tails de la vie sociale. Le nombre des communes sans eau est invraisemblable. Le taudis est encore roi dans les grandes villes. L&rsquo;hygi\u00e8ne est inconnue dans les bas quartiers et sous les combles. Les grandes conceptions urbanistes y sont m\u00e9pris\u00e9es, parce que non lucratives. La propri\u00e9t\u00e9 b\u00e2tie vie d&rsquo;une exag\u00e9ration abominable du profit s&rsquo;ing\u00e9niant \u00e0 faire suer le plus d&rsquo;argent possible aux prol\u00e9taires sans-abri. Il faudra en arriver \u00e0 interdire l&rsquo;usage du loyer : immeubles gratuits. R\u00e9parations obligatoires \u00e0 la charge de l&rsquo;occupant. Tout fran\u00e7ais devra avoir sa maison.<\/p>\n<p style=\"text-align: justify;\">Autrefois, on construisait pour y habiter et s&rsquo;y plaire. Aujourd&rsquo;hui, on vend de la caserne au d\u00e9tail. On rafistole, on rabiboche, on ravaude, on repl\u00e2tre de vieilles baraques croulantes, suintantes d&rsquo;humidit\u00e9, pleines de vermine et d&rsquo;immondices. Bo\u00eetes \u00e0 chlorose, fabriques d\u2019\u00e9poumon\u00e9s. Quand on construit neuf, on entasse rapidement \u00e0 bon march\u00e9 des alv\u00e9oles minuscules de mauvais ciment et de cloisons de fibres jusqu&rsquo;\u00e0 n&rsquo;en plus pouvoir agglom\u00e9rer les \u00e9tages, les trous et les recoins. Tout est calcul\u00e9 au millim\u00e8tre. Torchis de boue et de bazar. On y cr\u00e8ve l&rsquo;\u00e9t\u00e9, on y g\u00e8le l&rsquo;hiver. Mais \u00e7a paie. Il n&rsquo;y a que du proprio juif l\u00e0-dessous.<\/p>\n<p style=\"text-align: justify;\">La civilisation, c&rsquo;est du toc bourgeois et youdi, c\u2019est du ch\u00e2teau vautour \u00e0 la gloire du fric, de la b\u00e2tisse \u00e0 b\u00e9tail. Des troglodytes, voil\u00e0 ce que nous sommes ! De pauvres petits fournicules aryens qui suons sang et eau pour entasser nos sept \u00e9tages de petits malaises les uns sur les autres, sans confort, sans luxe, sans hardiesse, sans g\u00e9nie, des gal\u00e9riens qui ramons dur pour engraisser nos youtres et super-youtres.<\/p>\n<p style=\"text-align: justify;\">\u00c0 force de cracher sur les si\u00e8cles royaux, on a fini par bouder l&rsquo;architecture. \u00c0 quoi bon b\u00e2tir ! On s\u2019est autant d\u00e9go\u00fbt\u00e9 d&rsquo;\u00e9difier la ville que de cultiver la campagne. Plus d&rsquo;efforts ! La France tend rapidement \u00e0 la cahute, tr\u00e8s suffisante pour un peuple grandissant de p\u00eacheurs \u00e0 la ligne.<\/p>\n<p style=\"text-align: justify;\">La France a lu trop de romans de Peaux-Rouges. Elle joue au Robinson.<\/p>\n<p style=\"text-align: justify;\">Trop de romans de paysannerie crasse : le magot dans le matelas, les meubles couverts de chiure de mouches, la marmaille pas mouch\u00e9e, le fumier devant la porte, les saouleries \u00e0 l&rsquo;auberge des saloperies \u00e0 haute voix pour faire rougir le cur\u00e9.<\/p>\n<p style=\"text-align: justify;\">Trop de romans petit-bourgeois : la jolie mansarde pouilleuse, l&rsquo;escalier pisseux, l&rsquo;appartement sur la cour, le mobilier en pitchpin, la fringale d&rsquo;amour sous les combles.<\/p>\n<p style=\"text-align: justify;\">Trop de romans d&rsquo;h\u00f4tels meubl\u00e9s : le lit en fer \u00e9maill\u00e9, le fauteuil trou\u00e9, le lavabo dans la chambre, le mauvais papier \u00e0 fleurs, le soupirail borgne, les romans f\u00e9tides d&rsquo;alc\u00f4ve, la couverture pourrie, le carreau branlant par terre.<\/p>\n<p style=\"text-align: justify;\">Trop de romans politiques, de consciences sales, des esprits tar\u00e9s, de g\u00e2chis d\u00e9magogiques, de compromissions ma\u00e7onniques.<\/p>\n<p style=\"text-align: justify;\">Jamais la R\u00e9publique ne rendit un pays aussi pouilleux : m\u0153urs et maisons.<\/p>\n<p style=\"text-align: justify;\">Nos lecteurs diront que nous ne savons pas ce que nous voulons. Hier, nous pensions prot\u00e9ger le pays contre les bombes anglaises. Prot\u00e9geons les monuments et les vies, d&rsquo;accord, mais \u00e0 bien consid\u00e9rer certains quartiers, on se dit qu&rsquo;un peu de nettoyage ne ferait pas de mal. Nous pourrions-nous utiliser nous-m\u00eames nos stocks d&rsquo;obus ?<\/p>\n<p style=\"text-align: justify;\">Et, pour commencer, il y a un certain ch\u00e2teau de Bourassol dont l&rsquo;installation rudimentaire et les habitants nous semblent totalement inutiles.<\/p>\n<p style=\"text-align: justify;\">Nettoyage ! Nettoyage !<\/p>\n<p style=\"text-align: justify;\">Et reconstruisons \u00e0 neuf les consciences si nous voulons avoir des maisons saines.<\/p>\n<p style=\"text-align: right;\">Paul Riche<\/p>\n","protected":false},"excerpt":{"rendered":"<p>Au Pilori, 19 juin 1941, sign\u00e9 Paul Riche J&rsquo;ai rencontr\u00e9 hier mon ami Loustolle, ing\u00e9nieur distingu\u00e9, inventeur d&rsquo;un tas de machines assez extraordinaires, antis\u00e9mite, antima\u00e7on, antij\u00e9suite depuis longtemps (le bienheureux !), pas trop d\u00e9prim\u00e9 d&rsquo;avoir tra\u00een\u00e9 pendant des ann\u00e9es les &hellip; <a href=\"https:\/\/monperejeanmamy.fr\/?page_id=592\">Continuer la lecture <span class=\"meta-nav\">&rarr;<\/span><\/a><\/p>\n","protected":false},"author":2,"featured_media":397,"parent":0,"menu_order":0,"comment_status":"closed","ping_status":"closed","template":"","meta":[],"folder":[],"_links":{"self":[{"href":"https:\/\/monperejeanmamy.fr\/index.php?rest_route=\/wp\/v2\/pages\/592"}],"collection":[{"href":"https:\/\/monperejeanmamy.fr\/index.php?rest_route=\/wp\/v2\/pages"}],"about":[{"href":"https:\/\/monperejeanmamy.fr\/index.php?rest_route=\/wp\/v2\/types\/page"}],"author":[{"embeddable":true,"href":"https:\/\/monperejeanmamy.fr\/index.php?rest_route=\/wp\/v2\/users\/2"}],"replies":[{"embeddable":true,"href":"https:\/\/monperejeanmamy.fr\/index.php?rest_route=%2Fwp%2Fv2%2Fcomments&post=592"}],"version-history":[{"count":1,"href":"https:\/\/monperejeanmamy.fr\/index.php?rest_route=\/wp\/v2\/pages\/592\/revisions"}],"predecessor-version":[{"id":594,"href":"https:\/\/monperejeanmamy.fr\/index.php?rest_route=\/wp\/v2\/pages\/592\/revisions\/594"}],"wp:featuredmedia":[{"embeddable":true,"href":"https:\/\/monperejeanmamy.fr\/index.php?rest_route=\/wp\/v2\/media\/397"}],"wp:attachment":[{"href":"https:\/\/monperejeanmamy.fr\/index.php?rest_route=%2Fwp%2Fv2%2Fmedia&parent=592"}],"wp:term":[{"taxonomy":"folder","embeddable":true,"href":"https:\/\/monperejeanmamy.fr\/index.php?rest_route=%2Fwp%2Fv2%2Ffolder&post=592"}],"curies":[{"name":"wp","href":"https:\/\/api.w.org\/{rel}","templated":true}]}}