{"id":601,"date":"2021-02-25T13:42:37","date_gmt":"2021-02-25T12:42:37","guid":{"rendered":"http:\/\/monperejeanmamy.fr\/?page_id=601"},"modified":"2021-02-25T13:42:37","modified_gmt":"2021-02-25T12:42:37","slug":"les-assises-de-la-jeunesse-francaise-salle-wagram-14-juin-1941","status":"publish","type":"page","link":"https:\/\/monperejeanmamy.fr\/?page_id=601","title":{"rendered":"Les assises de la Jeunesse fran\u00e7aise, salle Wagram, 14 juin 1941"},"content":{"rendered":"<p style=\"text-align: center;\"><em>Au Pilori<\/em>, 19 juin 1941, sign\u00e9 J.M., initiales de Jean Mamy<\/p>\n<p style=\"text-align: justify;\"><img loading=\"lazy\" class=\"alignright size-large wp-image-602\" src=\"http:\/\/monperejeanmamy.fr\/wp-content\/uploads\/2021\/02\/JM-Pilori-19410619-263x1024.jpg\" alt=\"\" width=\"263\" height=\"1024\" srcset=\"https:\/\/monperejeanmamy.fr\/wp-content\/uploads\/2021\/02\/JM-Pilori-19410619-263x1024.jpg 263w, https:\/\/monperejeanmamy.fr\/wp-content\/uploads\/2021\/02\/JM-Pilori-19410619-77x300.jpg 77w, https:\/\/monperejeanmamy.fr\/wp-content\/uploads\/2021\/02\/JM-Pilori-19410619-768x2986.jpg 768w, https:\/\/monperejeanmamy.fr\/wp-content\/uploads\/2021\/02\/JM-Pilori-19410619-395x1536.jpg 395w, https:\/\/monperejeanmamy.fr\/wp-content\/uploads\/2021\/02\/JM-Pilori-19410619-scaled.jpg 658w\" sizes=\"(max-width: 263px) 100vw, 263px\" \/>a r\u00e9volution nationale, ce n&rsquo;est pas seulement la lutte contre les francs-ma\u00e7ons, les Juifs et les trafiquants de toutes sortes, c&rsquo;est surtout la lutte des jeunes contre les vieux, d&rsquo;une jeune g\u00e9n\u00e9ration n&rsquo;ont vaincue contre un vieux r\u00e9gime. Dimanche dernier, aux Assises de la Jeunesse fran\u00e7aise qui se tenait salle Wagram, les jeunes jur\u00e8rent de poursuivre cette lutte jusqu&rsquo;au bout.<\/p>\n<p style=\"text-align: justify;\">Michel Serjeune, conseiller technique du Comit\u00e9 Jeunesse de France, parla le premier devant cette salle de jeunes o\u00f9 la moyenne d&rsquo;\u00e2ge, pour 400 d\u00e9l\u00e9gu\u00e9s, \u00e9tait de 22 ans. Il d\u00e9non\u00e7a \u00ab tous les salopards qui disent que la jeunesse ne s&rsquo;est pas battue l&rsquo;ann\u00e9e derni\u00e8re \u00bb. Pour faire la r\u00e9volution nationale, \u00ab il faut briser les vieux, responsables d&rsquo;avoir gaspill\u00e9 toutes nos richesses \u00bb.<\/p>\n<p style=\"text-align: justify;\">De Verdilhac pose ainsi le probl\u00e8me juif vis-\u00e0-vis de la jeunesse : \u00ab la jeunesse n&rsquo;a pas de haine contre les Juifs, elle ne veut plus simplement d\u2019eux en France. C&rsquo;est aux Juifs que la France doit sa religion de la combine. Si la race est encore intacte, la nation est malade. Tout est fauss\u00e9, tar\u00e9, corrompu, men\u00e9 par les gangsters politiques. Les r\u00e9duits de l&rsquo;ancien r\u00e9gime s\u2019incrustent et tentent de s&rsquo;opposer \u00e0 la r\u00e9volution par leur inertie et leur mauvaise volont\u00e9.<\/p>\n<p style=\"text-align: justify;\">\u00ab Les francs-ma\u00e7ons essayent de jouer leur dernier carte : le noyautage de la R\u00e9volution nationale \u00bb.<\/p>\n<p style=\"text-align: justify;\">Pellorson , chef de la propagande, montra ; lui aussi, la profondeur du foss\u00e9 qui s\u00e9pare les jeunes des vieux : \u00ab nous avons souffert, mais je ne veux attirer sur nous aucune piti\u00e9. Nous n&rsquo;avons rien de commun avec le monde us\u00e9 qui vient de s&rsquo;\u00e9crouler, car du fait de notre \u00e2ge, nous n&rsquo;appartenons pas \u00e0 ce monde \u00bb.<\/p>\n<p style=\"text-align: justify;\">Enfin, Georges Lamirand\u00a0 parla au nom du Mar\u00e9chal. Il convia la jeunesse \u00e0 construire le pays, \u00e0 le diriger et \u00e0 vivre. \u00ab Vous serez demain les chefs de ce pays.<\/p>\n<p style=\"text-align: justify;\">\u00a0Aujourd&rsquo;hui, ne cherchez pas \u00e0 comprendre, il n&rsquo;y a rien \u00e0 comprendre \u00bb.<\/p>\n<p style=\"text-align: justify;\">Les applaudissements ne cessaient d&rsquo;interrompre les paroles de cet homme qui peut d\u00e9clarer \u00e0 une tribune :<\/p>\n<p style=\"text-align: justify;\">\u00ab <em>Je ne suis pas un homme politique<\/em> \u00bb.<br \/>\nGeorges Lamirand promit de donner<\/p>\n<p style=\"text-align: justify;\">les moyens n\u00e9cessaires \u00e0 la jeunesse pour faire cette r\u00e9volution : \u00ab nous briserons les opposants. Jeunes, levez-vous pour la r\u00e9volution g\u00e9n\u00e9rale \u00bb.<\/p>\n<p style=\"text-align: justify;\">La r\u00e9union se termina au chant de La Marseillaise.<\/p>\n<p style=\"text-align: justify;\">Les jeunes ont tout \u00e0 refaire. Il leur faut lutter contre tous. Contre tous, ils feront la r\u00e9volution. Ils nous ont donn\u00e9 dimanche un tr\u00e8s beau spectacle d&rsquo;ordre et d&rsquo;enthousiasme. Nous les f\u00e9licitons vivement et nous leur apportons nos v\u0153ux pour la belle t\u00e2che qu&rsquo;ils ont entreprise et pour laquelle ils peuvent compter sur notre aide.<\/p>\n<p style=\"text-align: right;\">J.M.<\/p>\n","protected":false},"excerpt":{"rendered":"<p>Au Pilori, 19 juin 1941, sign\u00e9 J.M., initiales de Jean Mamy a r\u00e9volution nationale, ce n&rsquo;est pas seulement la lutte contre les francs-ma\u00e7ons, les Juifs et les trafiquants de toutes sortes, c&rsquo;est surtout la lutte des jeunes contre les vieux, &hellip; <a href=\"https:\/\/monperejeanmamy.fr\/?page_id=601\">Continuer la lecture <span class=\"meta-nav\">&rarr;<\/span><\/a><\/p>\n","protected":false},"author":2,"featured_media":397,"parent":0,"menu_order":0,"comment_status":"closed","ping_status":"closed","template":"","meta":[],"folder":[],"_links":{"self":[{"href":"https:\/\/monperejeanmamy.fr\/index.php?rest_route=\/wp\/v2\/pages\/601"}],"collection":[{"href":"https:\/\/monperejeanmamy.fr\/index.php?rest_route=\/wp\/v2\/pages"}],"about":[{"href":"https:\/\/monperejeanmamy.fr\/index.php?rest_route=\/wp\/v2\/types\/page"}],"author":[{"embeddable":true,"href":"https:\/\/monperejeanmamy.fr\/index.php?rest_route=\/wp\/v2\/users\/2"}],"replies":[{"embeddable":true,"href":"https:\/\/monperejeanmamy.fr\/index.php?rest_route=%2Fwp%2Fv2%2Fcomments&post=601"}],"version-history":[{"count":1,"href":"https:\/\/monperejeanmamy.fr\/index.php?rest_route=\/wp\/v2\/pages\/601\/revisions"}],"predecessor-version":[{"id":603,"href":"https:\/\/monperejeanmamy.fr\/index.php?rest_route=\/wp\/v2\/pages\/601\/revisions\/603"}],"wp:featuredmedia":[{"embeddable":true,"href":"https:\/\/monperejeanmamy.fr\/index.php?rest_route=\/wp\/v2\/media\/397"}],"wp:attachment":[{"href":"https:\/\/monperejeanmamy.fr\/index.php?rest_route=%2Fwp%2Fv2%2Fmedia&parent=601"}],"wp:term":[{"taxonomy":"folder","embeddable":true,"href":"https:\/\/monperejeanmamy.fr\/index.php?rest_route=%2Fwp%2Fv2%2Ffolder&post=601"}],"curies":[{"name":"wp","href":"https:\/\/api.w.org\/{rel}","templated":true}]}}