{"id":607,"date":"2021-02-25T13:50:17","date_gmt":"2021-02-25T12:50:17","guid":{"rendered":"http:\/\/monperejeanmamy.fr\/?page_id=607"},"modified":"2021-02-25T13:50:17","modified_gmt":"2021-02-25T12:50:17","slug":"les-soviets-partout-oui-battus-les-vieillards-rouges","status":"publish","type":"page","link":"https:\/\/monperejeanmamy.fr\/?page_id=607","title":{"rendered":"Les Soviets partout ? Oui, battus ! Les vieillards rouges"},"content":{"rendered":"<p style=\"text-align: center;\"><em>Au Pilori<\/em>, 3 juillet 1941, sign\u00e9 Paul Riche<\/p>\n<h1><img loading=\"lazy\" class=\"aligncenter size-full wp-image-608\" src=\"http:\/\/monperejeanmamy.fr\/wp-content\/uploads\/2021\/02\/PRiche-Pilori-19410703-scaled.jpg\" alt=\"\" width=\"2357\" height=\"2560\" srcset=\"https:\/\/monperejeanmamy.fr\/wp-content\/uploads\/2021\/02\/PRiche-Pilori-19410703-scaled.jpg 2357w, https:\/\/monperejeanmamy.fr\/wp-content\/uploads\/2021\/02\/PRiche-Pilori-19410703-276x300.jpg 276w, https:\/\/monperejeanmamy.fr\/wp-content\/uploads\/2021\/02\/PRiche-Pilori-19410703-943x1024.jpg 943w, https:\/\/monperejeanmamy.fr\/wp-content\/uploads\/2021\/02\/PRiche-Pilori-19410703-768x834.jpg 768w, https:\/\/monperejeanmamy.fr\/wp-content\/uploads\/2021\/02\/PRiche-Pilori-19410703-1414x1536.jpg 1414w, https:\/\/monperejeanmamy.fr\/wp-content\/uploads\/2021\/02\/PRiche-Pilori-19410703-1885x2048.jpg 1885w\" sizes=\"(max-width: 2357px) 100vw, 2357px\" \/><\/h1>\n<h1>Offensive ma\u00e7onnique<\/h1>\n<p style=\"text-align: justify;\">En zone libre, les m\u00eames vieillards ma\u00e7onnisants et sovietsisants en, voyous s\u00e9niles qui ont conduit la France \u00e0 l\u2019ab\u00eeme, continuent \u00e0 op\u00e9rer en toute tranquillit\u00e9, d&rsquo;accord avec leurs complices mondiaux.<\/p>\n<p style=\"text-align: justify;\">Les petits Ma\u00e7ons proc\u00e8dent par groupes occultes, sans liaison apparente entre eux. On se r\u00e9unit pour des belotes et des bridges. On propage des slogans. On attaque non seulement l&rsquo;Allemagne, mais Darlan, mais P\u00e9tain, mais la France. On voudrait tout sacrifier \u00e0 la victoire anglo-saxonne, \u00e0 la restitution aux juifs de leurs privil\u00e8ges mal acquis. Contre toute \u00e9vidence, on d\u00e9forme syst\u00e9matiquement les nouvelles du monde entier pour relancer le peuple fran\u00e7ais contre son vainqueur, ou, \u00e0 d\u00e9faut, le maintenir sous l&rsquo;oppression de l&rsquo;attentisme et du sabotage.<\/p>\n<p style=\"text-align: justify;\">L&rsquo;attaque de Syrie a quelque peu \u00e9branl\u00e9 ces tra\u00eetres. Le gaullisme perd pied mais les langues perfides tricotent de nouveaux maillons de filets menteurs. Plus se dessine l&rsquo;Europe nouvelle, plus on veut y opposer l&rsquo;Utopie, la B\u00eatise de la D\u00e9mocratie d&rsquo;hier.<\/p>\n<p style=\"text-align: justify;\">Sur l&rsquo;\u00e9chiquier jud\u00e9o-am\u00e9ricain, nous trouvons des personnages infiniment plus consid\u00e9rables que les petits cuistres de basses loges. Ce sont d&rsquo;anciens ministres, voire d&rsquo;ex-pr\u00e9sidents du Conseil soutenus \u00e0 la fois toutes les forces la\u00efques et cl\u00e9ricales qui m\u00e8nent ouvertement le jeu contre la France.<\/p>\n<h1 style=\"text-align: justify;\">\u00c0 Lyon, la conspiration des tar\u00e9s<\/h1>\n<p style=\"text-align: justify;\">Tel est, \u00e0 Lyon, le groupe Herriot<\/p>\n<p style=\"text-align: justify;\">L&rsquo;immonde ventru, pipeux, cuissu, qui, pendant de longues ann\u00e9es, couva des m\u00eames fesses le fauteuil de pr\u00e9sident de la Chambre et les petits poussins foireux du radical-socialisme, est encore le centre d&rsquo;une conspiration d&rsquo;hommes tar\u00e9s qui se servent de sa ventripotence politique pour tenter d&rsquo;introduire des grains de sable dans les hauts L&rsquo;\u00c9tat fran\u00e7ais. Autour d&rsquo;Herriot, ma\u00e7onnisant \u00e0 outrance, ancien conf\u00e9rencier en L:. (L:. Ernest Renan au G:. O:. D:. F:.), pr\u00e9sident des amis de l\u2019U.R.S.S., gravitent l\u2019ancien pr\u00e9fet :. Bollaert et sa femme, les anciens ministres du Front popu Jules Julien et F\u00e9vrier, et surtout, le sieur Justin Godart, le plus\u00a0 juda\u00efsant de tous nos hommes politiques, celui dont l&rsquo;activit\u00e9 fut toujours au service des int\u00e9r\u00eats juifs, qui figure dans les annuaires isra\u00e9lites comme pr\u00e9sident d&rsquo;honneur de nombreux de soci\u00e9t\u00e9s youtres.<\/p>\n<h1 style=\"text-align: justify;\">Trois hommes s\u00fbrs pour les Juifs : Herriot, Justin Godart et Paul Reynaud, disait un journal juif<\/h1>\n<p style=\"text-align: justify;\">Qui se ressemble s&rsquo;assemble. Un journal youtre de 1938 pouvait imprimer qu&rsquo;il y avait en France trois hommes \u00ab s\u00fbr \u00bb pour les Juifs : Herriot, Justin Godart et Paul Reynaud.<\/p>\n<p style=\"text-align: justify;\">Herriot aurait d\u00fb \u00eatre \u00e0 Riom. Qui lui a \u00e9vit\u00e9 le banc d&rsquo;infamie ? Ici, nous n&rsquo;h\u00e9sitons pas. Nous n&rsquo;avons pas peur des mots ni des r\u00e9actions, car nous transmettons fid\u00e8lement les r\u00e9flexions douloureuses et indign\u00e9es de nombreux catholiques qui voient avec \u00e9tonnement se d\u00e9rouler publiquement une \u00e9trange man\u0153uvre. L&rsquo;homme qui prot\u00e8ge Herriot est Mgr Gerlier, \u00e9v\u00eaque de Lyon, primat des Gaules.<\/p>\n<p style=\"text-align: justify;\">Herriot de son c\u00f4t\u00e9, \u2014\u00d4 surprise\u2014 est re\u00e7u \u00e0 Vichy apr\u00e8s avoir eu des rapports avec l&rsquo;amiral Leahy. Ainsi on trouve associ\u00e9s l&rsquo;Am\u00e9rique lib\u00e9rale, la franc-ma\u00e7onnerie universelle, le plus gros comitard de la R\u00e9publique et l&rsquo;\u00c9glise papale. Curieux char. Profonde orni\u00e8re. Man\u0153uvre suspecte. Puanteur des \u00ab combinazione \u00bb. Rage des \u00ab businessmen \u00bb. Souplesse youtre. Finauderie triple-ventrue.<\/p>\n<h1 style=\"text-align: justify;\">\u00c0 Toulouse : \u00ab vive le mar\u00e9chal ! \u00bb crie la ma\u00e7onnerie<\/h1>\n<p style=\"text-align: justify;\">Passons \u00e0 Toulouse o\u00f9 la ma\u00e7onnerie crie : \u00ab vive le Mar\u00e9chal ! \u00bb derri\u00e8re Maurice Sarraut, le v\u00e9ritable chef depuis vingt ans de feu la III\u00e8me R\u00e9publique.<\/p>\n<p style=\"text-align: justify;\">De m\u00eame que Mgr Gerlier a sauv\u00e9 Herriot de Riom, Maurice Sarraut a \u00e9vit\u00e9 le proc\u00e8s \u00e0 son fr\u00e8re Albert Sarraut, d&rsquo;aussi funeste m\u00e9moire.<\/p>\n<p style=\"text-align: justify;\">Maurice Sarraut, directeur de La D\u00e9p\u00eache de Toulouse, qui poss\u00e8de aussi La Garonne, est l&rsquo;homme qui fit tous les hommes politiques de gauche, en particulier le sieur Blum, pr\u00e9sident du Conseil \u00e0 la solde de la famille Sarraut. Nous reviendrons le jour sur les m\u00e9faits de la bande Sarraut, sur leurs tripotages dans l&rsquo;aviation, dans les p\u00e9troles, la guerre d&rsquo;Espagne, dans les travaux d&rsquo;am\u00e9nagement des poudreries du Sud-Ouest, aux usines de Brugni\u00e8res, etc\u2026 Pour l&rsquo;instant, r\u00e9v\u00e9lons simplement ceci :<\/p>\n<h1 style=\"text-align: justify;\">Albert Sarraut, politicien immonde<\/h1>\n<p style=\"text-align: justify;\">\u00c0 partir de la d\u00e9b\u00e2cle, La D\u00e9p\u00eache de Toulouse, qui \u00e9tait la citadelle de la d\u00e9mocratie la plus rougeoyante, se mit \u00e0 hurler plus fort que les autres : \u00ab Vive le Mar\u00e9chal ! \u00bb, car il s&rsquo;agissait de sauver toute la bande. Albert Sarraut, ce ministre tar\u00e9, \u00e0 la vie boueuse, Albert Sarraut, responsable mille fois de toute la politique int\u00e9rieure communisante et ma\u00e7onnique des derni\u00e8res ann\u00e9es de la R\u00e9publique, Albert Sarraut, politicien immonde poss\u00e9dant encore par devers lui le plus de dossiers secrets sur les hommes du r\u00e9gime, Albert Sarraut n&rsquo;est pas inqui\u00e9t\u00e9, malgr\u00e9 son pass\u00e9 d&rsquo;une telle fange que la fusillade s&rsquo;imposait dans les 24 heures. Maurice Sarraut couvre son fr\u00e9rot r\u00e9publicain de ces clameurs patriotiques. \u00c0 Vichy, on se tait. Le Mar\u00e9chal n&rsquo;a peut-\u00eatre pas pris garde aux gesticulations du pantin.<\/p>\n<p style=\"text-align: justify;\">Dans la r\u00e9gion, les Sarraut, Maurice et Albert, ont conserv\u00e9 la haute main sur tous les rouages administratifs. La pr\u00e9fecture et la d\u00e9l\u00e9gation sp\u00e9ciale rempla\u00e7ant le Conseil municipal de Toulouse, sont truff\u00e9es de \u00ab Sarrautistes \u00bb.<\/p>\n<p style=\"text-align: justify;\">Toute la r\u00e9gion en est infest\u00e9e. On a fait revenir de Nice le F:. Bouch\u00e8de, Ma\u00e7on important, pour le mettre \u00e0 la t\u00eate de la police.<\/p>\n<h1 style=\"text-align: justify;\">Les hommes de Sarraut \u00e0 Vichy, et vive la R\u00e9publique !<\/h1>\n<p style=\"text-align: justify;\">Le patron, c&rsquo;est toujours Maurice Sarraut qui, de Toulouse, surveille attentivement la possibilit\u00e9 de r\u00e9tablir la R\u00e9publique, la sainte et divine R\u00e9publique des camarades, la grande pourvoyeuse des combines et des Comit\u00e9s, la Marianne, croulante de graisse, d\u00e9bordante de bestialit\u00e9 et de compromissions douteuses, la d\u00e9esse jouisseuse, pourvoyeuse de tous ces vieillards ou vices un phare, go\u00fbtant secr\u00e8tement le breuvage r\u00e9pugnant la domination politique jusqu&rsquo;\u00e0 l&rsquo;ivresse et la d\u00e9gradation.<\/p>\n<p style=\"text-align: justify;\">Maurice Sarraut est le chef de toute la maffia qui a pr\u00e9cipit\u00e9 bas la France. Il est encore le chef de tous les charognards et de tous les attentistes d\u00e9mocrates. Il est toujours le chef d&rsquo;une trahison possible, d&rsquo;une conspiration ma\u00e7onnique \u00e9vidente, d&rsquo;une entreprise de camouflage nationaliste couvrant toutes les turpitudes du pass\u00e9, se maintenant dans l&rsquo;ombre du Mar\u00e9chal pour conserver ses positions secr\u00e8tes.<\/p>\n<p style=\"text-align: justify;\">Maurice Sarraut n&rsquo;agit pas. Son arm\u00e9e politicienne est pr\u00eate, l&rsquo;arme au pied.<\/p>\n<p style=\"text-align: justify;\">Voici pour Toulouse.<\/p>\n<p style=\"text-align: justify;\">Passons au troisi\u00e8me personnage qui joue bien dr\u00f4lement un petit jeu personnel dont la seule importance est de sembler \u00eatre pris en consid\u00e9ration.<\/p>\n<p style=\"text-align: justify;\">Il s&rsquo;agit du F:. \u2026., Au fait, pourquoi le nommer ?<\/p>\n<p style=\"text-align: justify;\">Il a l\u2019air moins important que les deux autres. Il l&rsquo;est. Il fut toujours un des valets de la politique parlementaire. Il s&rsquo;en pr\u00e9tend un des chefs. C&rsquo;est un de ces innombrables pions que des forces puissantes et obscures poussent sur l&rsquo;\u00e9chiquier de la diplomatie publique.<\/p>\n<p style=\"text-align: justify;\">Il fut ministre nombre de fois. Il fut l&rsquo;homme des Soviets. Il fut aux Finances trois jours, le temps de jouer \u00e0 la baisse du franc et de dispara\u00eetre sous les hu\u00e9es de la foule. Il fut de toutes les combinaisons juives. Il fut ami du trouble Navachine. Il est tr\u00e8s intelligent. Il a toujours besoin d&rsquo;argent.<\/p>\n<p style=\"text-align: justify;\">Que vient faire dans le tohu-bohu actuel ce chef des mous \u2014comme il s\u2019intitule\u2014 qui revient sur l&rsquo;eau exactement en m\u00eame temps que se d\u00e9clenche \u00e0 Vichy l&rsquo;offensive am\u00e9ricaine, \u00e0 Toulouse la consolidation du groupe ma\u00e7onnico-r\u00e9publicain, en Espagne le voyage du juda\u00efsant Gerlier, en Syrie l&rsquo;attaque gaulliste, en France un peu partout la floraison des brochures et des articles antieurop\u00e9ens divis\u00e9s en journaux bien-pensants d\u00e9sireux de prot\u00e9ger, selon Jacques Maritain, \u00ab la dignit\u00e9 de la personne humaine contre le totalitarisme \u00bb, \u00e0 Paris le sabotage de l&rsquo;alimentation.<\/p>\n<p style=\"text-align: justify;\">Est-ce par hasard que l\u2019ex-ministre de M\u2026 choisit ce jour pour se manifester un peu partout ?<\/p>\n<p style=\"text-align: justify;\">Co\u00efncidence ?<\/p>\n<p style=\"text-align: justify;\">Nous ne sommes pas si na\u00effs.<\/p>\n<p style=\"text-align: justify;\">Le ci-devant de M&#8230; vient jeter du lest se montrer \u00e0 Paris, s&rsquo;offrir en \u00e9vidence, bavarder, t\u00e2cher de savoir, para\u00eetre, figurer. Il est au fond \u2014pourquoi pas ?\u2014 Malgr\u00e9 un pass\u00e9 ind\u00e9niablement lourd, tent\u00e9 par la collaboration !<\/p>\n<p style=\"text-align: justify;\">Le jeu est pu\u00e9ril. Le personnage est ridicule. Qu&rsquo;on nous envoie, la prochaine fois, des pitres moins ben\u00eats.<\/p>\n<p style=\"text-align: justify;\">Que M\u2026 aille dire \u00e0 ses hauts grad\u00e9s qu&rsquo;il a manqu\u00e9 le coche.<\/p>\n<p style=\"text-align: justify;\">La collaboration sera faite par le Mar\u00e9chal, par la France, par le peuple, par le paysan, par l&rsquo;ouvrier, quand tous les politiciens d&rsquo;ancien r\u00e9gime seront chass\u00e9s impitoyablement, sans \u00e9gard pour leur froc, leur soutane ou leur jaquette.<\/p>\n<p style=\"text-align: justify;\">Les Juifs lancent sans vergogne \u00e0 la t\u00eate de l&rsquo;Europe : l&rsquo;Am\u00e9rique, la Russie, l&rsquo;\u00c9glise, les secteurs ma\u00e7onniques, les vieux pourris de la d\u00e9mocratie, les bonzes de tout poil qui s&rsquo;accrochent d\u00e9sesp\u00e9r\u00e9ment au radeau de l&rsquo;\u00c9tat fran\u00e7ais.<\/p>\n<p style=\"text-align: justify;\">Ce bombardement de forces obscures est pitoyable.<\/p>\n<p style=\"text-align: justify;\">L&rsquo;offensive ma\u00e7onnique internationale d\u00e9ploie ses grandes ailes de chauve-souris triangul\u00e9e :<\/p>\n<p style=\"text-align: justify;\">\u00c0 Washington, Roosevelt et 4.500.000 francs-ma\u00e7ons am\u00e9ricains.<br \/>\n\u00c0 Londres, le F:. Georges VI et 500.000 francs-ma\u00e7ons anglais.<br \/>\nEn France, toute la racailles des Herriot, des Sarraut, des de M&#8230; \u00e0 la t\u00eate de 50.000 francs- ma\u00e7ons fran\u00e7ais et de hauts grades.<br \/>\nEn Russie, les brutes de Staline.<\/p>\n<p style=\"text-align: justify;\">La guerre juive est grande ouverte.<\/p>\n<p style=\"text-align: justify;\">La haute Ma\u00e7onnerie, la grande juiverie, l&rsquo;\u00c9glise myst\u00e9rieuse et politique se sont mises d&rsquo;accord pour prot\u00e9ger les privil\u00e8ges de l&rsquo;or.<\/p>\n<p style=\"text-align: justify;\">La Ma\u00e7onnerie internationale est aux abois.<br \/>\nElle cr\u00e8ve de peur. Elle cr\u00e8vera bient\u00f4t tout \u00e0 fait sous les talons des Europ\u00e9ens.<\/p>\n<p style=\"text-align: justify;\">Ah ! Que vivement meurent nos vieillards rouges.<\/p>\n<p style=\"text-align: right;\">Paul Riche<\/p>\n","protected":false},"excerpt":{"rendered":"<p>Au Pilori, 3 juillet 1941, sign\u00e9 Paul Riche Offensive ma\u00e7onnique En zone libre, les m\u00eames vieillards ma\u00e7onnisants et sovietsisants en, voyous s\u00e9niles qui ont conduit la France \u00e0 l\u2019ab\u00eeme, continuent \u00e0 op\u00e9rer en toute tranquillit\u00e9, d&rsquo;accord avec leurs complices mondiaux. &hellip; <a href=\"https:\/\/monperejeanmamy.fr\/?page_id=607\">Continuer la lecture <span class=\"meta-nav\">&rarr;<\/span><\/a><\/p>\n","protected":false},"author":2,"featured_media":397,"parent":0,"menu_order":0,"comment_status":"closed","ping_status":"closed","template":"","meta":[],"folder":[],"_links":{"self":[{"href":"https:\/\/monperejeanmamy.fr\/index.php?rest_route=\/wp\/v2\/pages\/607"}],"collection":[{"href":"https:\/\/monperejeanmamy.fr\/index.php?rest_route=\/wp\/v2\/pages"}],"about":[{"href":"https:\/\/monperejeanmamy.fr\/index.php?rest_route=\/wp\/v2\/types\/page"}],"author":[{"embeddable":true,"href":"https:\/\/monperejeanmamy.fr\/index.php?rest_route=\/wp\/v2\/users\/2"}],"replies":[{"embeddable":true,"href":"https:\/\/monperejeanmamy.fr\/index.php?rest_route=%2Fwp%2Fv2%2Fcomments&post=607"}],"version-history":[{"count":1,"href":"https:\/\/monperejeanmamy.fr\/index.php?rest_route=\/wp\/v2\/pages\/607\/revisions"}],"predecessor-version":[{"id":609,"href":"https:\/\/monperejeanmamy.fr\/index.php?rest_route=\/wp\/v2\/pages\/607\/revisions\/609"}],"wp:featuredmedia":[{"embeddable":true,"href":"https:\/\/monperejeanmamy.fr\/index.php?rest_route=\/wp\/v2\/media\/397"}],"wp:attachment":[{"href":"https:\/\/monperejeanmamy.fr\/index.php?rest_route=%2Fwp%2Fv2%2Fmedia&parent=607"}],"wp:term":[{"taxonomy":"folder","embeddable":true,"href":"https:\/\/monperejeanmamy.fr\/index.php?rest_route=%2Fwp%2Fv2%2Ffolder&post=607"}],"curies":[{"name":"wp","href":"https:\/\/api.w.org\/{rel}","templated":true}]}}