{"id":614,"date":"2021-02-25T14:02:05","date_gmt":"2021-02-25T13:02:05","guid":{"rendered":"http:\/\/monperejeanmamy.fr\/?page_id=614"},"modified":"2021-02-25T14:02:05","modified_gmt":"2021-02-25T13:02:05","slug":"le-tout-pourri-mondain","status":"publish","type":"page","link":"https:\/\/monperejeanmamy.fr\/?page_id=614","title":{"rendered":"Le tout-pourri mondain"},"content":{"rendered":"<p style=\"text-align: center;\"><em>Au Pilori<\/em>, 3 juillet 1941, sign\u00e9 P.R. (initiales de Paul Riche)<\/p>\n<p style=\"text-align: justify;\">Il y a des Parisiens qui d\u00e9raillent.<br \/>\nIl y a des Fran\u00e7ais qui marchent sur la t\u00eate.<br \/>\nIl y a des chochottes, des donzelles qui n\u2019ont que du vent dans le cervelet.<br \/>\nIl y a des snobs qui dansent sur le corps de la patrie bless\u00e9e.<br \/>\nIl y a des pourris qui nous font regretter que les stukas les aient \u00e9pargn\u00e9s.<\/p>\n<p><img loading=\"lazy\" class=\"aligncenter size-full wp-image-615\" src=\"http:\/\/monperejeanmamy.fr\/wp-content\/uploads\/2021\/02\/PR-Pilori-19410703-scaled.jpg\" alt=\"\" width=\"1453\" height=\"2560\" srcset=\"https:\/\/monperejeanmamy.fr\/wp-content\/uploads\/2021\/02\/PR-Pilori-19410703-scaled.jpg 1453w, https:\/\/monperejeanmamy.fr\/wp-content\/uploads\/2021\/02\/PR-Pilori-19410703-170x300.jpg 170w, https:\/\/monperejeanmamy.fr\/wp-content\/uploads\/2021\/02\/PR-Pilori-19410703-581x1024.jpg 581w, https:\/\/monperejeanmamy.fr\/wp-content\/uploads\/2021\/02\/PR-Pilori-19410703-768x1353.jpg 768w, https:\/\/monperejeanmamy.fr\/wp-content\/uploads\/2021\/02\/PR-Pilori-19410703-872x1536.jpg 872w, https:\/\/monperejeanmamy.fr\/wp-content\/uploads\/2021\/02\/PR-Pilori-19410703-1162x2048.jpg 1162w\" sizes=\"(max-width: 1453px) 100vw, 1453px\" \/><\/p>\n<p style=\"text-align: justify;\">Voici l\u2019affaire :<\/p>\n<p style=\"text-align: justify;\">Un certain Pierre B\u00e8s, en r\u00e9alit\u00e9 Pierre de Berc, invita l\u2019autre apr\u00e8s-midi, 20 juin 1941, anniversaire douloureusement fameux, le Tout-Paris \u00e0 boire le jus de citron et le cocktail chez Ledoyen aux Champs-\u00c9lys\u00e9es, pour admirer une cinquantaine de mauvais tableaux de son cru.<\/p>\n<p style=\"text-align: justify;\">Ce Pierre B\u00e8s est un peintre mondain, vide et vain ; sans talent aucun, et \u00e0 coup s\u00fbr sans tact.<\/p>\n<p style=\"text-align: justify;\">Il portraitura cet hiver toute la \u00ab haute \u00bb : les \u00ab duss\u00e8ches \u00bb et les \u00ab pimb\u00e8ches \u00bb, les poivr\u00e9es et les minaudes, les pouliches et les guincheuses, la grande bande des mufflettes aux noms en accord\u00e9on et en d\u00e9vissoirs, les femmes des \u00ab banknotiers \u00bb, les \u00ab parlouzardes \u00bb, le Tout-Rupin, la vieille France faisand\u00e9e.<\/p>\n<p style=\"text-align: justify;\">Parmi cette voli\u00e8re, combien de Juives avou\u00e9es, sans compter celles qui se dissimulent sous le blason d\u2019un vieux beau ou d\u2019un petit crev\u00e9 : les Cohen de Chosechouette, les L\u00e9vy d\u2019Escarbagnas, les Youtreberg-de-l\u2019\u00c9tang.<\/p>\n<p style=\"text-align: justify;\">Toutes ces perruches avaient, ce printemps, incit\u00e9 leur modiste en folie \u00e0 leur pondre, pour le coin de la tronche vide, le plus inf\u00e2me et pustuleux \u00ab bibi \u00bb. Jamais la mode des chapeaux f\u00e9minins ne fut aussi bassement grotesque.<\/p>\n<p style=\"text-align: justify;\">Le peintre en \u00ab poires et papeaux \u00bb Pierre B\u00e8s griffonna et barbouilla ces horreurs. Collections d\u2019oiselles folles ! Pour exposer ces cro\u00fbtes, il fit imprimer des invitations avec ce tite sucr\u00e9 : \u00ab Leurs petits chapeaux \u00bb.<\/p>\n<p style=\"text-align: justify;\">On n\u2019est pas plus idiot.<\/p>\n<p style=\"text-align: justify;\">L\u2019exposition \u00e9tait parfaitement r\u00e9pugnante. Du reste, on ne venait pas l\u00e0 pour regarder la peinture\u2026<\/p>\n<p style=\"text-align: justify;\">\u2026 mais pour s\u2019y frotter le museau, papoter des insanit\u00e9s, s\u2019attoucher les inutilit\u00e9s.<\/p>\n<p style=\"text-align: justify;\">Quand nous arriv\u00e2mes, le clown parisien, Andr\u00e9 de Fouqui\u00e8res , en sueur, d\u00e9clamait des stupidit\u00e9s distingu\u00e9es \u00e0 l\u2019adresse de ces femelles. D\u00e9sesp\u00e9r\u00e9 de se faire \u00e9couter, il hurlait des alexandrins par dessus l\u2019insolent brouhaha. De guerre lasse, il s\u2019affala dans la cohue, absorb\u00e9 par les tapageurs, parmi lesquels l\u2019in\u00e9vitable p\u00e9d\u00e9raste.<\/p>\n<p style=\"text-align: justify;\">\u00c0 c\u00f4t\u00e9 de lui, Pierre B\u00e8s suait d\u2019angoisse, comme un voyou pris en fraude.<\/p>\n<p style=\"text-align: justify;\">Car il y a un an, ce m\u00eame troupeau de folichons s\u2019enfuyait sur la route en criaillant, en pi\u00e9tinant les bless\u00e9s et les morts.<br \/>\nIl y a un an, nos camarades tombaient par grappes, par poign\u00e9es, par camions, par bateaux.<br \/>\nIl y a un an, nous enterrions les victimes \u00e9parpill\u00e9es \u00e7\u00e0 et l\u00e0 dans les champs de bl\u00e9 m\u00fbr.<br \/>\nIl y a un an, la bourrasque folle passait sur nous.<br \/>\nIl y a juste un an, jour pour jour, nous pleurions des mots sans suite le long de nos campagnes de France, nous ravalions nos larmes.<br \/>\nIl y a un an que nos prisonniers nous regardent d\u2019un \u0153il froid, accumulant des pens\u00e9es contre nous.<\/p>\n<p style=\"text-align: justify;\">L\u2019anniversaire \u00e9tait bien choisi, Pierre B\u00e8s, Andr\u00e9 de Fouqui\u00e8res !<\/p>\n<p style=\"text-align: justify;\">Bravo !<\/p>\n<p style=\"text-align: justify;\">Le Tout-Paris continue \u00e0 \u00eatre daim.<br \/>\nCe n\u2019est pas cette ann\u00e9e 41 qui aura corrig\u00e9 les mufles.<\/p>\n<p style=\"text-align: right;\">P.R<\/p>\n<h1 style=\"text-align: center;\">\u00ab Leurs petits chapeaux \u00bb<\/h1>\n<p style=\"text-align: justify;\">Pierre B\u00e8s recevra chez Ledoyen, aux Champs-\u00c9lys\u00e9es, le vendredi 20 juin \u00e0 18 heures. Cocktail.<\/p>\n<p style=\"text-align: justify;\">Les portraits de la Princesse Sevastos, Madame Puvis de Chavannes, Madame de Pr\u00e9court, Madame Lef\u00e8vre-Dibon, Madame de Lyee de Belleau, La Comtesse R. de Montjou, Madame Gadala, La Baronne Powis de Tenbossche, La Baronne de Bellabre, Madame P. de Berc, Madame Lobstein, Madame Garnier d\u2019Assailly, La Vicoimtesse de la Motte-Rouge, La Comtesse de Montrichard, Mademoiselle de Lourmel, La Baronne de Bruignac, Madame Finaz, Madame P. de Montaignac, Madame de Laage de Meux, La Comtesse A. de Virel, Madame Hennel, La Comtesse de Pelet, Madame R. Lehideux, Madame P. Collin, Madame Dupuy-Bug, La Marquise de Breteuil, Madame V. Huitric, Madame Jannink, Madame Harle, Madame Marquet, Madame de Baudel, La Comtesse de S\u00e9douy, Madame Jouffray, Madame Cazal, Madame Herrenschmidt, La Comtesse de Roualle, La Vicomtesse Guy de la Grandi\u00e8re, La Comtesse d\u2019Oncieu de Chaffardon, La Comtesse Colonna, La Vicomtesse de Braves et de Mademoiselle Jacqueline Delubac, seront pr\u00e9sent\u00e9s par<\/p>\n<p style=\"text-align: justify;\">Mr Andr\u00e9 de Fouqui\u00e8res, Pr\u00e9sident des Parisiens de Paris.<\/p>\n<h1 style=\"text-align: justify;\">Note de l&rsquo;\u00e9diteur du site :<\/h1>\n<p style=\"text-align: justify;\">Andr\u00e9 Becq de Fouqui\u00e8res (1874-1959), est un conf\u00e9rencier et homme de lettres parisien et \u00ab\u00a0homme du monde\u00a0\u00bb fran\u00e7ais. Il participe \u00e0 de nombreux \u00e9v\u00e9nements mondains, notamment dans les principales stations baln\u00e9aires de l\u2019\u00e9poque : Deauville, Dinard, La Baule&#8230; Vers la fin de sa vie, il est \u00e9lu pr\u00e9sident des Parisiens de Paris.<\/p>\n","protected":false},"excerpt":{"rendered":"<p>Au Pilori, 3 juillet 1941, sign\u00e9 P.R. (initiales de Paul Riche) Il y a des Parisiens qui d\u00e9raillent. Il y a des Fran\u00e7ais qui marchent sur la t\u00eate. Il y a des chochottes, des donzelles qui n\u2019ont que du vent &hellip; <a href=\"https:\/\/monperejeanmamy.fr\/?page_id=614\">Continuer la lecture <span class=\"meta-nav\">&rarr;<\/span><\/a><\/p>\n","protected":false},"author":2,"featured_media":397,"parent":0,"menu_order":0,"comment_status":"closed","ping_status":"closed","template":"","meta":[],"folder":[],"_links":{"self":[{"href":"https:\/\/monperejeanmamy.fr\/index.php?rest_route=\/wp\/v2\/pages\/614"}],"collection":[{"href":"https:\/\/monperejeanmamy.fr\/index.php?rest_route=\/wp\/v2\/pages"}],"about":[{"href":"https:\/\/monperejeanmamy.fr\/index.php?rest_route=\/wp\/v2\/types\/page"}],"author":[{"embeddable":true,"href":"https:\/\/monperejeanmamy.fr\/index.php?rest_route=\/wp\/v2\/users\/2"}],"replies":[{"embeddable":true,"href":"https:\/\/monperejeanmamy.fr\/index.php?rest_route=%2Fwp%2Fv2%2Fcomments&post=614"}],"version-history":[{"count":1,"href":"https:\/\/monperejeanmamy.fr\/index.php?rest_route=\/wp\/v2\/pages\/614\/revisions"}],"predecessor-version":[{"id":617,"href":"https:\/\/monperejeanmamy.fr\/index.php?rest_route=\/wp\/v2\/pages\/614\/revisions\/617"}],"wp:featuredmedia":[{"embeddable":true,"href":"https:\/\/monperejeanmamy.fr\/index.php?rest_route=\/wp\/v2\/media\/397"}],"wp:attachment":[{"href":"https:\/\/monperejeanmamy.fr\/index.php?rest_route=%2Fwp%2Fv2%2Fmedia&parent=614"}],"wp:term":[{"taxonomy":"folder","embeddable":true,"href":"https:\/\/monperejeanmamy.fr\/index.php?rest_route=%2Fwp%2Fv2%2Ffolder&post=614"}],"curies":[{"name":"wp","href":"https:\/\/api.w.org\/{rel}","templated":true}]}}