{"id":621,"date":"2021-02-25T14:07:27","date_gmt":"2021-02-25T13:07:27","guid":{"rendered":"http:\/\/monperejeanmamy.fr\/?page_id=621"},"modified":"2021-02-25T14:07:27","modified_gmt":"2021-02-25T13:07:27","slug":"abel-bonnard-et-vauquelin-a-wagram","status":"publish","type":"page","link":"https:\/\/monperejeanmamy.fr\/?page_id=621","title":{"rendered":"Abel Bonnard et Vauquelin \u00e0 Wagram"},"content":{"rendered":"<p style=\"text-align: center;\"><em>Au Pilori<\/em>, 3 juillet 1941, sign\u00e9 P.R?; initiales de Paul Riche<\/p>\n<p style=\"text-align: justify;\"><img loading=\"lazy\" class=\"alignleft size-large wp-image-622\" src=\"http:\/\/monperejeanmamy.fr\/wp-content\/uploads\/2021\/02\/PR-Pilori-19410703b-1-223x1024.jpg\" alt=\"\" width=\"223\" height=\"1024\" srcset=\"https:\/\/monperejeanmamy.fr\/wp-content\/uploads\/2021\/02\/PR-Pilori-19410703b-1-223x1024.jpg 223w, https:\/\/monperejeanmamy.fr\/wp-content\/uploads\/2021\/02\/PR-Pilori-19410703b-1-768x3527.jpg 768w, https:\/\/monperejeanmamy.fr\/wp-content\/uploads\/2021\/02\/PR-Pilori-19410703b-1-446x2048.jpg 446w, https:\/\/monperejeanmamy.fr\/wp-content\/uploads\/2021\/02\/PR-Pilori-19410703b-1-scaled.jpg 557w\" sizes=\"(max-width: 223px) 100vw, 223px\" \/>Vauquelin donnait, samedi dernier \u00e0 Wagram, sa deuxi\u00e8me conf\u00e9rence, intitul\u00e9e : \u00ab Richesses de la France \u00bb.<\/p>\n<p style=\"text-align: justify;\">L\u2019orateur, qui fut le premier, ici, \u00e0 conclure, il y a quelques mois, malgr\u00e9 les protestations, en faveur de \u00ab la n\u00e9cessit\u00e9 historique d\u2019une victoire allemande \u00bb, \u00e9tablit le bilan de la d\u00e9faite :<\/p>\n<p style=\"text-align: justify;\">Cette d\u00e9faite nous apporte \u2014si on veut y r\u00e9fl\u00e9chir\u2014 des avantages consid\u00e9rables, entre autres : l\u2019obligation de cr\u00e9er et de donner. Alors que nous d\u00e9pendions du monde d\u2019outre-Manche et d\u2019outre-Atlantique, nous nous int\u00e9grons maintenant dans une Europe constructive, qui produira pour elle-m\u00eame et ne demandera rien \u00e0 personne.<\/p>\n<p style=\"text-align: justify;\">L\u2019armistice de juin 1940 est \u00e0 la fois une paix et une guerre. Une paix, car on entrevoit \u00e0 travers lui une Europe d\u00e9finitive o\u00f9 l\u2019id\u00e9e de revanche est supprim\u00e9e ; une guerre, parce qu\u2019il faut continuer la lutte pour notre propre compte, d\u00e9fendre nos colonies, nous organiser \u00e0 l\u2019int\u00e9rieur, r\u00e9cr\u00e9er la nation.<\/p>\n<p style=\"text-align: justify;\">Le peuple de France le sent obscur\u00e9ment puisque, malgr\u00e9 ses tiraillements sentimentaux, il doute moins de son avenir maintenant qu\u2019avant cette guerre.<\/p>\n<p style=\"text-align: justify;\">La preuve de ce sens profond du renouveau de la nation est trouv\u00e9 dans le fait que l\u2019indice de natalit\u00e9 remonte. Alors que nous \u00e9tions en d\u00e9ficit depuis de longues ann\u00e9es, en 1940-41 nous sommes en augmentation de 8%.<\/p>\n<p style=\"text-align: justify;\">Notre t\u00e2che est de maintenir au-dessus de tout l\u2019unit\u00e9 fran\u00e7aise contre toutes les dissidences, d\u2019o\u00f9 qu\u2019elles viennent. Elles ne viennent pas toutes du c\u00f4t\u00e9 anglais. La France est Une derri\u00e8re son chef : P\u00e9tain. Tout ce qui est contre P\u00e9tain est dissident.<\/p>\n<p style=\"text-align: justify;\">Les richesses de la France sont immenses. Ni notre sol, ni notre sous-sol n\u2019ont \u00e9t\u00e9 exploit\u00e9s \u00e0 fond. Quant \u00e0 notre Afrique, elle fut toujours sous l\u2019emprise du capitalisme international qui nous emp\u00eacha d\u2019y toucher.<\/p>\n<p style=\"text-align: justify;\">Et de citer des chiffres :<\/p>\n<p style=\"text-align: justify;\">Notre production \u00e9tait moindre de 20% en 1939 qu\u2019en 1913. Pourquoi cet arr\u00eat dans notre travail ?<\/p>\n<p style=\"text-align: justify;\">Notre exploitation de l\u2019Afrique atteignait 15% des possibilit\u00e9s.<\/p>\n<p style=\"text-align: justify;\">Dans notre seule vall\u00e9e du Niger, il est possible de cultiver des c\u00e9r\u00e9ales, d\u00e9lever du cheptel correspondant au quart des besoins de l\u2019Europe.<\/p>\n<p style=\"text-align: justify;\">Les ressources mini\u00e8res du Congo sont \u00e9normes. Le bassin de Konakri est, \u00e0 lui seul, plus important que la totalit\u00e9 des bassins europ\u00e9ens.<\/p>\n<p style=\"text-align: justify;\">Mais ces mines sont c\u00e9d\u00e9es \u00e0 des firmes am\u00e9ricaines. Voil\u00e0 pourquoi Roosevelt Guigne Dakar.<\/p>\n<p style=\"text-align: justify;\">L\u2019orateur cite quelques faits scandaleux montrant la fa\u00e7on dont les intendants militaires ont appauvri nos stocks.<\/p>\n<p style=\"text-align: justify;\">En pleine guerre, on a d\u00e9natur\u00e9 neuf millions d\u2019hectolitres de vin, trente millions de qintaux de bl\u00e9, etc\u2026<\/p>\n<p style=\"text-align: justify;\">Nous poss\u00e9dons, d\u2019autre part, sur notre sol, suffisamment de p\u00e9trole identifi\u00e9 pour nous alimenter pendant de longues ann\u00e9es. Donc pas de probl\u00e8me de carburant en France.<\/p>\n<p style=\"text-align: justify;\">Vauquelin conclut en faveur d\u2019une collaboration totale, souhaitant que cette collaboration soit pr\u00e9sent\u00e9e par des nationaux authentiques et non par des politiques arrivistes douteux.<\/p>\n<p style=\"text-align: justify;\">Abel Bonnard , qui avait bien voulu pr\u00e9sider la conf\u00e9rence, apporta la conclusion avec son esprit cinglant et fin :<\/p>\n<p style=\"text-align: justify;\">L\u2019Allemagne nous a vaincus, mais elle ne nous gouverne pas. L\u2019Angleterre ne nous avait pas vaincus, mais elle nous gouvernait.<\/p>\n<p style=\"text-align: justify;\">Nous avons trop de vanit\u00e9 et pas assez d\u2019orgueil. La vanit\u00e9 donne envie de para\u00eetre, l\u2019orgueil, envie d\u2019\u00eatre.<\/p>\n<p style=\"text-align: justify;\">Il faut \u00eatre ambitieux pour la France.<\/p>\n<p style=\"text-align: right;\">P.R.<\/p>\n","protected":false},"excerpt":{"rendered":"<p>Au Pilori, 3 juillet 1941, sign\u00e9 P.R?; initiales de Paul Riche Vauquelin donnait, samedi dernier \u00e0 Wagram, sa deuxi\u00e8me conf\u00e9rence, intitul\u00e9e : \u00ab Richesses de la France \u00bb. L\u2019orateur, qui fut le premier, ici, \u00e0 conclure, il y a quelques &hellip; <a href=\"https:\/\/monperejeanmamy.fr\/?page_id=621\">Continuer la lecture <span class=\"meta-nav\">&rarr;<\/span><\/a><\/p>\n","protected":false},"author":2,"featured_media":397,"parent":0,"menu_order":0,"comment_status":"closed","ping_status":"closed","template":"","meta":[],"folder":[],"_links":{"self":[{"href":"https:\/\/monperejeanmamy.fr\/index.php?rest_route=\/wp\/v2\/pages\/621"}],"collection":[{"href":"https:\/\/monperejeanmamy.fr\/index.php?rest_route=\/wp\/v2\/pages"}],"about":[{"href":"https:\/\/monperejeanmamy.fr\/index.php?rest_route=\/wp\/v2\/types\/page"}],"author":[{"embeddable":true,"href":"https:\/\/monperejeanmamy.fr\/index.php?rest_route=\/wp\/v2\/users\/2"}],"replies":[{"embeddable":true,"href":"https:\/\/monperejeanmamy.fr\/index.php?rest_route=%2Fwp%2Fv2%2Fcomments&post=621"}],"version-history":[{"count":1,"href":"https:\/\/monperejeanmamy.fr\/index.php?rest_route=\/wp\/v2\/pages\/621\/revisions"}],"predecessor-version":[{"id":623,"href":"https:\/\/monperejeanmamy.fr\/index.php?rest_route=\/wp\/v2\/pages\/621\/revisions\/623"}],"wp:featuredmedia":[{"embeddable":true,"href":"https:\/\/monperejeanmamy.fr\/index.php?rest_route=\/wp\/v2\/media\/397"}],"wp:attachment":[{"href":"https:\/\/monperejeanmamy.fr\/index.php?rest_route=%2Fwp%2Fv2%2Fmedia&parent=621"}],"wp:term":[{"taxonomy":"folder","embeddable":true,"href":"https:\/\/monperejeanmamy.fr\/index.php?rest_route=%2Fwp%2Fv2%2Ffolder&post=621"}],"curies":[{"name":"wp","href":"https:\/\/api.w.org\/{rel}","templated":true}]}}