{"id":627,"date":"2021-02-25T14:13:01","date_gmt":"2021-02-25T13:13:01","guid":{"rendered":"http:\/\/monperejeanmamy.fr\/?page_id=627"},"modified":"2021-02-25T14:13:50","modified_gmt":"2021-02-25T13:13:50","slug":"du-pape-mal-informe-au-pape-bien-informe","status":"publish","type":"page","link":"https:\/\/monperejeanmamy.fr\/?page_id=627","title":{"rendered":"Du Pape mal inform\u00e9 au Pape bien inform\u00e9"},"content":{"rendered":"<p style=\"text-align: center;\"><em>Au Pilori<\/em>, 1<sup>er<\/sup> juillet 1943, sign\u00e9 J.M. (initiales de Jean Mamy)<\/p>\n<p style=\"text-align: justify;\"><img loading=\"lazy\" class=\" wp-image-628 alignright\" src=\"http:\/\/monperejeanmamy.fr\/wp-content\/uploads\/2021\/02\/JM-Pilori-19430701a-314x1024.jpg\" alt=\"\" width=\"215\" height=\"683\" \/><em>Notre confr\u00e8re <\/em>La Tribune de l\u2019Oise <em>a publi\u00e9 r\u00e9cemment l\u2019article suivant :<\/em><\/p>\n<p style=\"text-align: justify;\">Du Pape mal inform\u00e9 au Pape mieux inform\u00e9<\/p>\n<p style=\"text-align: justify;\">Monsieur Charles Desgroux\u00a0 vient d\u2019\u00eatre renomm\u00e9 maire de Beauvais, nous n\u2019osons pas dire par M. Pierre Laval, bien que le chef du gouvernement ait sign\u00e9 ce d\u00e9cret de nomination, mais plut\u00f4t par les services du minist\u00e8re de l\u2019Int\u00e9rieur.<\/p>\n<p style=\"text-align: justify;\">En effet, nous ne voulons pas croire que M. Pierre Laval ait sign\u00e9 ce d\u00e9cret en connaissance de cause et d\u2019homme : on lui aura travesti, camoufl\u00e9, cach\u00e9 la v\u00e9rit\u00e9 touchant le pass\u00e9 politique de M. Charles Desgroux.<\/p>\n<p style=\"text-align: justify;\">Non, il n\u2019est pas possible que le chef du gouvernement ait voulu, par une d\u00e9cision de cette importance, donner son adh\u00e9sion \u00e0 la politique du Front Populaire dont M. Charles Desgroux a \u00e9t\u00e9 le protagoniste et l\u2019ardent champion \u00e0 Beauvais et dans l\u2019arrondissement ; au maire, ceint de l\u2019\u00e9charpe tricolore qui, sur un fond de drapeaux rouges, leva le poing au pied de l\u2019arbre de la Victoire, le 14 juillet 1936, et qui ne manqua depuis, et jusqu\u2019\u00e0 la veille de la guerre, aucune occasion de t\u00e9moigner publiquement sa sympathie aux hommes de Moscou, n\u2019en jugerait-on qu\u2019\u00e0 l\u2019accueil qu\u2019il fit, \u00e0 l\u2019h\u00f4tel de ville de Beauvais, au camarade Thorez.<\/p>\n<p style=\"text-align: justify;\">Non, il n\u2019est pas possible que M. Pierre Laval ait voulu \u00e7a.<\/p>\n<p style=\"text-align: justify;\">C\u2019est pourquoi, ainsi qu\u2019on s\u2019exprime en style eccl\u00e9siastique, nous en appelons \u00ab du pape mal inform\u00e9 au pape mieux inform\u00e9 \u00bb, en priant M. Pierre Laval de bien vouloir \u00ab reconsid\u00e9rer \u00bb la question.<\/p>\n<p style=\"text-align: right;\">J.M.<\/p>\n","protected":false},"excerpt":{"rendered":"<p>Au Pilori, 1er juillet 1943, sign\u00e9 J.M. (initiales de Jean Mamy) Notre confr\u00e8re La Tribune de l\u2019Oise a publi\u00e9 r\u00e9cemment l\u2019article suivant : Du Pape mal inform\u00e9 au Pape mieux inform\u00e9 Monsieur Charles Desgroux\u00a0 vient d\u2019\u00eatre renomm\u00e9 maire de Beauvais, &hellip; <a href=\"https:\/\/monperejeanmamy.fr\/?page_id=627\">Continuer la lecture <span class=\"meta-nav\">&rarr;<\/span><\/a><\/p>\n","protected":false},"author":2,"featured_media":397,"parent":0,"menu_order":0,"comment_status":"closed","ping_status":"closed","template":"","meta":[],"folder":[],"_links":{"self":[{"href":"https:\/\/monperejeanmamy.fr\/index.php?rest_route=\/wp\/v2\/pages\/627"}],"collection":[{"href":"https:\/\/monperejeanmamy.fr\/index.php?rest_route=\/wp\/v2\/pages"}],"about":[{"href":"https:\/\/monperejeanmamy.fr\/index.php?rest_route=\/wp\/v2\/types\/page"}],"author":[{"embeddable":true,"href":"https:\/\/monperejeanmamy.fr\/index.php?rest_route=\/wp\/v2\/users\/2"}],"replies":[{"embeddable":true,"href":"https:\/\/monperejeanmamy.fr\/index.php?rest_route=%2Fwp%2Fv2%2Fcomments&post=627"}],"version-history":[{"count":2,"href":"https:\/\/monperejeanmamy.fr\/index.php?rest_route=\/wp\/v2\/pages\/627\/revisions"}],"predecessor-version":[{"id":630,"href":"https:\/\/monperejeanmamy.fr\/index.php?rest_route=\/wp\/v2\/pages\/627\/revisions\/630"}],"wp:featuredmedia":[{"embeddable":true,"href":"https:\/\/monperejeanmamy.fr\/index.php?rest_route=\/wp\/v2\/media\/397"}],"wp:attachment":[{"href":"https:\/\/monperejeanmamy.fr\/index.php?rest_route=%2Fwp%2Fv2%2Fmedia&parent=627"}],"wp:term":[{"taxonomy":"folder","embeddable":true,"href":"https:\/\/monperejeanmamy.fr\/index.php?rest_route=%2Fwp%2Fv2%2Ffolder&post=627"}],"curies":[{"name":"wp","href":"https:\/\/api.w.org\/{rel}","templated":true}]}}