{"id":634,"date":"2021-02-25T14:23:29","date_gmt":"2021-02-25T13:23:29","guid":{"rendered":"http:\/\/monperejeanmamy.fr\/?page_id=634"},"modified":"2021-02-25T14:23:29","modified_gmt":"2021-02-25T13:23:29","slug":"le-veritable-scandale-de-megeve","status":"publish","type":"page","link":"https:\/\/monperejeanmamy.fr\/?page_id=634","title":{"rendered":"LE V\u00c9RITABLE SCANDALE DE MEG\u00c8VE"},"content":{"rendered":"<p style=\"text-align: center;\"><em>Au Pilori,<\/em> 1er juillet 1943, sign\u00e9 J.M &lsquo;initiales de Jean Mamy)<\/p>\n<p style=\"text-align: center;\"><em><strong>Les Juifs trafiquent, complotent, s\u00e8ment la haine et la discorde,<br \/>\n<\/strong><\/em><em><strong>sautent la fronti\u00e8re et touchent<br \/>\n<\/strong><\/em><strong>CENT FRANCS D\u2019INDEMNIT\u00c9 PAR JOUR<\/strong><\/p>\n<p><img loading=\"lazy\" class=\"aligncenter size-full wp-image-635\" src=\"http:\/\/monperejeanmamy.fr\/wp-content\/uploads\/2021\/02\/JM-Pilori-19430701b-scaled.jpg\" alt=\"\" width=\"2560\" height=\"2483\" srcset=\"https:\/\/monperejeanmamy.fr\/wp-content\/uploads\/2021\/02\/JM-Pilori-19430701b-scaled.jpg 2560w, https:\/\/monperejeanmamy.fr\/wp-content\/uploads\/2021\/02\/JM-Pilori-19430701b-300x291.jpg 300w, https:\/\/monperejeanmamy.fr\/wp-content\/uploads\/2021\/02\/JM-Pilori-19430701b-1024x993.jpg 1024w, https:\/\/monperejeanmamy.fr\/wp-content\/uploads\/2021\/02\/JM-Pilori-19430701b-768x745.jpg 768w, https:\/\/monperejeanmamy.fr\/wp-content\/uploads\/2021\/02\/JM-Pilori-19430701b-1536x1490.jpg 1536w, https:\/\/monperejeanmamy.fr\/wp-content\/uploads\/2021\/02\/JM-Pilori-19430701b-2048x1986.jpg 2048w, https:\/\/monperejeanmamy.fr\/wp-content\/uploads\/2021\/02\/JM-Pilori-19430701b-309x300.jpg 309w\" sizes=\"(max-width: 2560px) 100vw, 2560px\" \/><\/p>\n<p style=\"text-align: justify;\">Il est primordial de rechercher la solution g\u00e9n\u00e9rale du probl\u00e8me juif, mais il est \u00e9galement tr\u00e8s important, sinon plus du point de vue psychologique, de s\u2019occuper des petits d\u00e9tails de la question juive, c\u2019est \u00e0 dire du comportement actuel des Juifs dans ce qui nous reste de vie nationale.<\/p>\n<p style=\"text-align: justify;\">Les Juifs disparaissent petit \u00e0 petit de Paris, puisque les parisiens voient de moins en moins d\u2019\u00e9toiles. C\u2019est du moins le raisonnement des esprits rassis, qui ne suspectent pas les services gouvernementaux de fermer les yeux sur des \u00e9carts aussi visibles. M. Darquier de Pellepoix est l\u00e0 et les Juifs le craignent justement, mais il ne peut \u00eatre partout. Notamment \u00e0 Meg\u00e8ve que les Juifs, \u00e0 la suite d\u2019un ordre mal appliqu\u00e9 commencent depuis un mois et demi \u00e0 transformer en ghetto.<\/p>\n<h1 style=\"text-align: justify;\">R\u00e9fugi\u00e9s et Juifs<\/h1>\n<p style=\"text-align: justify;\">Il \u00e9tait question \u00e0 Meg\u00e8ve, cet hiver, de l\u2019arriv\u00e9e prochaine de plusieurs milliers de petits r\u00e9fugi\u00e9s du Nord. Les jours passaient et les Savoyards ne voyaient rien venir. Enfin, un apr\u00e8s-midi, coup de t\u00e9l\u00e9phone : \u00ab Mille enfants arrivent dans une heure \u00bb. \u00c9videmment rien n\u2019\u00e9tait pr\u00e9par\u00e9 pour les recevoir et chacun dut, une fois de plus, se d\u00e9brouiller. La bonne volont\u00e9 et le d\u00e9vouement des habitants pallia heureusement cette carence administrative.<\/p>\n<p style=\"text-align: justify;\">Lorsque les Juifs arriv\u00e8rent \u00e0 Meg\u00e8ve, tout \u00e9tait chang\u00e9. Avant m\u00eame leur arriv\u00e9e, un comit\u00e9 social \u00e9tait cr\u00e9\u00e9, les h\u00f4tels r\u00e9quisitionn\u00e9s, les chambres retenues, le ravitaillement assur\u00e9. Lorsque les 600 Juifs impos\u00e9s \u00e0 cette petite agglom\u00e9ration d\u00e9barqu\u00e8rent sur la place de la mairie, un caf\u00e9 au lait fumant avec pain et beurre les attendait.<\/p>\n<p style=\"text-align: justify;\">Le lendemain matin, la rue principale de Meg\u00e8ve s\u2019\u00e9tait mu\u00e9e en rue des Rosiers. Les Savoyards regardaient du coin de l\u2019\u0153il ces Juifs qui, eux, n\u2019avaient d\u2019yeux que pour les \u00e9tals et les vitrines. \u00c0 midi, les Savoyards commen\u00e7aient \u00e0 comprendre le probl\u00e8me juif : les magasins \u00e9taient vides, le beurre \u00e9tait mont\u00e9 de 450 \u00e0 700 francs et le tout \u00e0 l\u2019avenant.<\/p>\n<h1 style=\"text-align: justify;\">100 francs par jour<\/h1>\n<p style=\"text-align: justify;\">La plupart de ces Juifs faisaient pourtant piteuse ou bizarre figure. Venus de profonds ghettos, le tiers \u00e0 l\u2019arrivage ne parlait m\u00eame pas fran\u00e7ais. V\u00eatus de l\u00e9vites , de chapeaux noirs, affubl\u00e9s de hardes, de moustaches et de favoris et porteurs d\u2019une serviette de cuir, ils pilpoulinaient\u00a0 en groupes sur la place de la mairie. D\u2019autres, des jeunes pour la plupart, v\u00eatus de costumes de couleur claire, fris\u00e9s et lippus, s\u2019interpellaient d\u2019un trottoir \u00e0 l\u2019autre. Les femmes, mais je ne peux parler de ces tas saumur\u00e9s gros et secs, je ne peux parler d\u2019elles.<\/p>\n<h1 style=\"text-align: justify;\">Au travail<\/h1>\n<p style=\"text-align: justify;\">Cette cargaison ind\u00e9sirable arrivait au moment o\u00f9 le travail ne manquait pas. Certains M\u00e9gevans eurent l\u2019id\u00e9e d\u2019utiliser tous ces bras inoccup\u00e9s. Le Comit\u00e9 Social juif, par politique, daigna acquiescer. Des affichettes furent appos\u00e9es au si\u00e8ge de ce comit\u00e9. Les uns demandaient des hommes pour les travaux des champs, d\u2019autres des menuisiers, des b\u00fbcherons, des ouvriers, des employ\u00e9s, etc\u2026 De m\u00eame pour les femmes. Les r\u00e9sultats furent nuls. Certains accept\u00e8rent d\u2019\u00eatre gar\u00e7ons de caf\u00e9, mais huit jours apr\u00e8s, le propri\u00e9taire \u00e9tait heureux de s\u2019en d\u00e9barrasser\u2026 s\u2019il pouvait y parvenir. Autrement z\u00e9ro. D\u2019autres all\u00e8rent se renseigner pour les emplois de b\u00fbcheron. Il s\u2019agissait de vivre en maison foresti\u00e8re \u00e0 2.000 m\u00e8tres d\u2019altitude. Deux Juifs plus courageux que les autres demand\u00e8rent s\u2019ils auraient des chambres particuli\u00e8res ! Devant la r\u00e9ponse n\u00e9gative, ils s\u2019en retourn\u00e8rent\u2026 les arbres rest\u00e8rent debout et les gazog\u00e8nes \u00e9teints. Personne ne se trouva l\u00e0 pour leur faire entrer dans la t\u00eate une plus juste compr\u00e9hension des choses, personne au surplus n\u2019aurait \u00e9t\u00e9 autoris\u00e9 \u00e0 le faire.<\/p>\n<p style=\"text-align: justify;\">Ce comit\u00e9 juif ne peut trouver de volontaires pour aucun travail, car ses membres sont toute la journ\u00e9e occup\u00e9s \u00e0 r\u00e9gler les diff\u00e9rends qui peuvent surgir entre les logeurs et les occupants. Ce ne sont que plaintes, r\u00e9criminations, demandes de changement d\u2019h\u00f4tels, de localit\u00e9s, etc\u2026<\/p>\n<p style=\"text-align: justify;\">Si ces Juifs refusent de travailler, ils ne se privent pas de certaines occupations moins fatigantes et plus r\u00e9mun\u00e9ratrices. Contre du beurre, ils offrent du cuir \u00e0 chaussures, contre de la volaille, des tissus, contre de la viande, des bons mati\u00e8res. Ils ont de tout pour \u00e9changer tout.<\/p>\n<p style=\"text-align: justify;\">Quoique th\u00e9oriquement astreints \u00e0 signer deux fois par jour une feuille de pr\u00e9sence \u00e0 leur comit\u00e9, les membres d\u2019une famille sont la plupart du temps en voyage, soit dans les villages avoisinants, soit \u00e0 Grenoble, Lyon ou Nice. Venant de vivre quinze jours en Savoie, j\u2019ai toujours voyag\u00e9 avec des Juifs, ou plut\u00f4t des Juives sur la ligne Annecy-Lyon et Grenoble.<\/p>\n<p style=\"text-align: justify;\">Leur mentalit\u00e9 emp\u00eache les Juifs de s\u2019apercevoir que m\u00eame les commer\u00e7ants qui acceptent ces transactions deviennent antis\u00e9mites, car ils se rendent bien compte dans quelles mains sont pass\u00e9s les stocks de la France.<\/p>\n<h1 style=\"text-align: justify;\">100 francs par jour<\/h1>\n<p style=\"text-align: justify;\">Il est instructif de comparer la situation des Juifs repli\u00e9s \u00e0 Meg\u00e8ve en vacances dites de concentration avec la situation des enfants r\u00e9fugi\u00e9s du Nord. En m\u00eame temps que des demandes d\u2019emplois appos\u00e9es au susdit Comit\u00e9 Social, un avis administratif \u00e9tait affich\u00e9 \u00e0 la mairie sp\u00e9cifiant que les enfants r\u00e9fugi\u00e9s devaient \u00eatre occup\u00e9s \u00e0 des \u00ab travaux agricoles, artisanaux ou m\u00e9nagers \u00bb. Tr\u00e8s bonne mesure, car il serait nuisible de laisser ces enfants sans travail. Mais le petit Juif du m\u00eame \u00e2ge ne travaille pas.<\/p>\n<p style=\"text-align: justify;\">Cette situation d\u00e9j\u00e0 paradoxale a encore \u00e9t\u00e9 aggrav\u00e9e du fait que ces Juifs touchent une indemnit\u00e9 de 100 francs par jour \u00e0 ne rien faire. Les camps de Pithiviers \u00e9taient un peu plus s\u00e9rieux. Il est vrai qu\u2019ils n\u2019\u00e9taient pas r\u00e9gis par la m\u00eame administration.<\/p>\n<p style=\"text-align: justify;\">100 francs par jour au rabbin en rupture de synagogue, 100 francs au Pollak, 100 francs aux trafiquants. Prime au march\u00e9 noir, indemnit\u00e9 au trafic, encouragement au sabotage.<\/p>\n<p style=\"text-align: justify;\">Pourquoi se g\u00eaneraient-ils ces Juifs que l\u2019on traite si bien. Leurs avis sont r\u00e9dig\u00e9s en yddish et c\u2019est le patois qui fait figure de langue \u00e9trang\u00e8re.<\/p>\n<p style=\"text-align: justify;\">Ainsi prot\u00e9g\u00e9s, ces nouveau habitants de nos Alpes ont retrouv\u00e9 toute leur morgue. Ils tranchent en mati\u00e8re de politique \u00e9trang\u00e8re, dirigent l\u2019opinion, sifflent les actualit\u00e9s au cin\u00e9ma (deux programmes par semaine). Ah ! les beaux pr\u00e9sages, la politique de Pierre Laval en prend un bon coup, mais le portrait du Mar\u00e9chal est partout \u00e0 l\u2019honneur !<\/p>\n<p style=\"text-align: justify;\">Cette fi\u00e8vre a pris de telles proportions que l\u2019engagement d\u2019un nouvel employ\u00e9 municipal devra \u00eatre bient\u00f4t envisag\u00e9. Cet employ\u00e9 serait uniquement occup\u00e9 \u00e0 effacer les inscriptions \u00e0 la craie dont ces h\u00f4tes illustrent les murs du village.<\/p>\n<p style=\"text-align: justify;\">Parmi les plus caract\u00e9ristiques, j\u2019ai not\u00e9, le 14 juin, celle-ci : \u00ab<em> Vive la France ! Place au Juif !<\/em> \u00bb qui est un chef-d\u2019\u0153uvre et qui, par sa simplicit\u00e9 m\u00eame explique bien des choses et sur le sens profond de laquelle il faudra revenir. Celle-l\u00e0 \u00e9galement : \u00ab <em>Vive la France ! Vive la fuite !<\/em> \u00bb.<\/p>\n<p style=\"text-align: justify;\">Les M\u00e9gevans, comme les habitants de Saint-Gervais qui ont \u00e9galement h\u00e9rit\u00e9 de plusieurs centaines de Juifs, ceux de Chamonix \u00e0 qui il est question de faire subir le m\u00eame sort, se plaignent. On leur demande d\u2019aider \u00e0 la R\u00e9volution Nationale et on leur montre avec quels \u00e9gards sont trait\u00e9s \u00ab les pires ennemis du r\u00e9gime \u00bb, les Juifs.<\/p>\n<p style=\"text-align: justify;\">Cet hiver, plusieurs journalistes ont cru devoir se faire l\u2019\u00e9cho de soi-disant scandales. En allant au fond de ces exc\u00e8s de pruderie, on trouverait peut-\u00eatre les int\u00e9r\u00eats de certaines stations rivales de cette de cette vall\u00e9e. Tel journaliste ayant pass\u00e9 quinze jours \u00e0 Meg\u00e8ve, rentre \u00e0 Lyon, \u00e9crit un article favorable ; quinze jours apr\u00e8s, nouvel article, enti\u00e8rement diff\u00e9rent. Quelles influences avaient donc jou\u00e9 entre temps ?<\/p>\n<h1 style=\"text-align: justify;\">\u00ab Prison ouverte sur fronti\u00e8re \u00bb<\/h1>\n<p style=\"text-align: justify;\">Les M\u00e9gevans comme les Chamoniards ne demandent qu\u2019une chose : qu\u2019on leur envoie des enfants r\u00e9fugi\u00e9s, mais que ces Juifs soient fourr\u00e9s dans de v\u00e9ritables camps. La France ne doit cependant pas manquer de casernes ou autres b\u00e2timents de ce genre pour loger ces ind\u00e9sirables.<\/p>\n<p style=\"text-align: justify;\">Il est inadmissible, alors m\u00eame que certains fran\u00e7ais sont prisonniers, que d\u2019autres travaillent loin de leur foyer, que notre jeunesse paie la faute de ses p\u00e8res, que des Juifs vivent en libert\u00e9 r\u00e9tribu\u00e9e.<\/p>\n<p style=\"text-align: justify;\">Le v\u00e9ritable scandale de Meg\u00e8ve, ce n\u2019est pas celui qui a \u00e9t\u00e9 d\u00e9nonc\u00e9 cet hiver. Des restaurants \u00ab sp\u00e9ciaux \u00bb, des bars sans \u00ab jour sans \u00bb, des caf\u00e9s vendeurs de cigarettes, existent dans toutes les villes de France. Le v\u00e9ritable scandale de Meg\u00e8ve a commenc\u00e9 depuis un mois ; c\u2019est un scandale juif. Si certains trusts avaient voulu couler Meg\u00e8ve, ils ne s\u2019y seraient pas pris autrement. Au fait, quelle est donc cette station \u00ab en sommeil \u00bb dont les promoteurs sont Anglais, et dont les terrains ont \u00e9t\u00e9 tous achet\u00e9s par des Anglo-Saxons et des Juifs. Certain de ces fond\u00e9s de pouvoir ne se remuerait-il pas beaucoup en ce moment ?<\/p>\n<p style=\"text-align: justify;\">Cela est probablement \u00e0 c\u00f4t\u00e9 de la question primordiale aujourd\u2019hui. Il faut que le scandale de Meg\u00e8ve cesse et que les juifs soient pri\u00e9s d\u2019aller \u00ab s\u2019enfermer \u00bb ailleurs.<\/p>\n<p style=\"text-align: justify;\">N\u2019est-ce pas tenter le diable au surplus que de vouloir faire r\u00e9sider quelques milliers de Juifs sans surveillance sp\u00e9ciale \u00e0 quelques kilom\u00e8tres de la fronti\u00e8re suisse ? Les passages de fronti\u00e8re ne sont-ils pas quotidiens ? Les trafics d\u2019or, de devises et plus prosa\u00efquement de denr\u00e9es diverses n\u2019occupent-ils pas toutes les s\u00e9ances des tribunaux de la r\u00e9gion ? Un garde fronti\u00e8re n\u2019a-t-il pas m\u00eame \u00e9t\u00e9 tu\u00e9 la semaine derni\u00e8re ?<\/p>\n<p style=\"text-align: justify;\">Est-ce l\u2019\u0153uvre d\u2019un plaisantin, ou plus simplement d\u2019un sous-ordre qui trahit ses chefs de l\u2019ordre nouveau ?<\/p>\n<p style=\"text-align: right;\">J.M.<\/p>\n","protected":false},"excerpt":{"rendered":"<p>Au Pilori, 1er juillet 1943, sign\u00e9 J.M &lsquo;initiales de Jean Mamy) Les Juifs trafiquent, complotent, s\u00e8ment la haine et la discorde, sautent la fronti\u00e8re et touchent CENT FRANCS D\u2019INDEMNIT\u00c9 PAR JOUR Il est primordial de rechercher la solution g\u00e9n\u00e9rale du &hellip; <a href=\"https:\/\/monperejeanmamy.fr\/?page_id=634\">Continuer la lecture <span class=\"meta-nav\">&rarr;<\/span><\/a><\/p>\n","protected":false},"author":2,"featured_media":397,"parent":0,"menu_order":0,"comment_status":"closed","ping_status":"closed","template":"","meta":[],"folder":[],"_links":{"self":[{"href":"https:\/\/monperejeanmamy.fr\/index.php?rest_route=\/wp\/v2\/pages\/634"}],"collection":[{"href":"https:\/\/monperejeanmamy.fr\/index.php?rest_route=\/wp\/v2\/pages"}],"about":[{"href":"https:\/\/monperejeanmamy.fr\/index.php?rest_route=\/wp\/v2\/types\/page"}],"author":[{"embeddable":true,"href":"https:\/\/monperejeanmamy.fr\/index.php?rest_route=\/wp\/v2\/users\/2"}],"replies":[{"embeddable":true,"href":"https:\/\/monperejeanmamy.fr\/index.php?rest_route=%2Fwp%2Fv2%2Fcomments&post=634"}],"version-history":[{"count":1,"href":"https:\/\/monperejeanmamy.fr\/index.php?rest_route=\/wp\/v2\/pages\/634\/revisions"}],"predecessor-version":[{"id":636,"href":"https:\/\/monperejeanmamy.fr\/index.php?rest_route=\/wp\/v2\/pages\/634\/revisions\/636"}],"wp:featuredmedia":[{"embeddable":true,"href":"https:\/\/monperejeanmamy.fr\/index.php?rest_route=\/wp\/v2\/media\/397"}],"wp:attachment":[{"href":"https:\/\/monperejeanmamy.fr\/index.php?rest_route=%2Fwp%2Fv2%2Fmedia&parent=634"}],"wp:term":[{"taxonomy":"folder","embeddable":true,"href":"https:\/\/monperejeanmamy.fr\/index.php?rest_route=%2Fwp%2Fv2%2Ffolder&post=634"}],"curies":[{"name":"wp","href":"https:\/\/api.w.org\/{rel}","templated":true}]}}