{"id":657,"date":"2021-02-25T14:52:23","date_gmt":"2021-02-25T13:52:23","guid":{"rendered":"http:\/\/monperejeanmamy.fr\/?page_id=657"},"modified":"2021-02-25T14:52:23","modified_gmt":"2021-02-25T13:52:23","slug":"aux-fascistes-francais","status":"publish","type":"page","link":"https:\/\/monperejeanmamy.fr\/?page_id=657","title":{"rendered":"Aux Fascistes Fran\u00e7ais !"},"content":{"rendered":"<p><img loading=\"lazy\" class=\"aligncenter size-full wp-image-658\" src=\"http:\/\/monperejeanmamy.fr\/wp-content\/uploads\/2021\/02\/Aux-fascistes-francais-scaled.jpg\" alt=\"\" width=\"2560\" height=\"1724\" srcset=\"https:\/\/monperejeanmamy.fr\/wp-content\/uploads\/2021\/02\/Aux-fascistes-francais-scaled.jpg 2560w, https:\/\/monperejeanmamy.fr\/wp-content\/uploads\/2021\/02\/Aux-fascistes-francais-300x202.jpg 300w, https:\/\/monperejeanmamy.fr\/wp-content\/uploads\/2021\/02\/Aux-fascistes-francais-1024x690.jpg 1024w, https:\/\/monperejeanmamy.fr\/wp-content\/uploads\/2021\/02\/Aux-fascistes-francais-768x517.jpg 768w, https:\/\/monperejeanmamy.fr\/wp-content\/uploads\/2021\/02\/Aux-fascistes-francais-1536x1034.jpg 1536w, https:\/\/monperejeanmamy.fr\/wp-content\/uploads\/2021\/02\/Aux-fascistes-francais-2048x1379.jpg 2048w, https:\/\/monperejeanmamy.fr\/wp-content\/uploads\/2021\/02\/Aux-fascistes-francais-446x300.jpg 446w\" sizes=\"(max-width: 2560px) 100vw, 2560px\" \/><\/p>\n<p style=\"text-align: justify;\">Voici deux ans que la lutte contre la ma\u00e7onnerie a d\u00e9cupl\u00e9 d&rsquo;intensit\u00e9. Il serait na\u00eff de penser que, pendant ce m\u00eame temps, les membres de la secte aient abandonn\u00e9 la partie et se soient r\u00e9sign\u00e9s \u00e0 voir dispara\u00eetre leurs privil\u00e8ges, leur association et le r\u00e9gime r\u00e9publicain dont elle \u00e9tait l\u2019armature.<\/p>\n<p style=\"text-align: justify;\">N&rsquo;\u00e9tant dissous qu&rsquo;en apparence, ils ont continu\u00e9, en fait, \u00e0 \u00e9changer leurs id\u00e9es, leurs projets, \u00e0 concevoir en commun leurs plans, et, ce qui est plus grave, \u00e0 agir avec succ\u00e8s en secret dans les milieux dirigeants.<\/p>\n<p style=\"text-align: justify;\">Les partis nationaux, \u00e9tant compos\u00e9s en majeure partie de jeunes r\u00e9volutionnaires loyaux et confiants, ne se m\u00e9fient pas assez de la machiav\u00e9lique habilet\u00e9 de la secte, tant ils ont peine \u00e0 s&rsquo;imaginer que des gens qui sont responsables de la d\u00e9faite puissent \u00e0 nouveau briguer le pouvoir.<\/p>\n<p style=\"text-align: justify;\">Il semblait logique \u00e0 ces jeunes r\u00e9volutionnaires nationaux que les tenants du pr\u00e9c\u00e9dent r\u00e9gime disparussent, \u00e9cras\u00e9s sous la honte de leur responsabilit\u00e9. Tout ce qui, en France, se r\u00e9clamait de la r\u00e9publique, devait normalement s&rsquo;effondrer sans bruit. C&rsquo;\u00e9tait mal conna\u00eetre les francs-ma\u00e7ons et, parmi eux, les dirigeants de la secte, acharn\u00e9s de tout temps \u00e0 d\u00e9truire l&rsquo;esprit national.<\/p>\n<p style=\"text-align: justify;\">Depuis 1940, les francs-ma\u00e7ons se sont divis\u00e9s tout naturellement en deux groupes : l&rsquo;un, anglophile, fait du gaullisme et du communisme \u00e0 tour de bras. Dans les deux zones, tracts, journaux clandestins, rapports avec les agents de l&rsquo;Intelligence Service, manifestations plus ou moins publiques, propagande, sont le fait quotidien de 40.000 militant d\u2019Hiram, habiles \u00e0 prot\u00e9ger le Juif et \u00e0 soudoyer les masses. Cette partie majoritaire de la ma\u00e7onnerie croit \u00e0 la victoire anglo-am\u00e9ricaine, \u00e0 l&rsquo;effondrement du r\u00e9gime national-socialiste, au communisme europ\u00e9en, \u00e0 la dictature d\u2019Herriot-Thorez, au r\u00e9tablissement d&rsquo;une r\u00e9publique franchement rouge o\u00f9 les ob\u00e9diences pourront appliquer le programme \u00e9conomique r\u00e9dig\u00e9 d\u00e8s 1937 et adopt\u00e9 par le convent du G.O.D.F. Ces r\u00e9volutionnaires d&rsquo;inspiration marxiste, qui firent le Front populaire, tendent encore \u00e0 pr\u00e9cipiter la France dans la plus affreuse anarchie pour r\u00e9tablir les droits de D\u00e9mos et des futurs comit\u00e9s ma\u00e7onniques d\u00e9guis\u00e9s en soviets. En fait, on maintiendrait la dictature d&rsquo;une minorit\u00e9 ploutocratique, en tous points semblable aux \u00e9quipes synarchiques de Vichy, qui pr\u00e9parent ouvertement dans ce but, la famine et la guerre civile. Voil\u00e0 pour le lot des ma\u00e7ons utopistes anglophiles qui souffrent \u2014 comme des intoxiqu\u00e9s\u2014 de ne plus pouvoir bobarder \u00e0 perte d\u2019ou\u00efe sous les vo\u00fbtes des temples.<\/p>\n<p style=\"text-align: justify;\">Le deuxi\u00e8me groupe ma\u00e7onnique, beaucoup moins nombreux, mais beaucoup plus dangereux, a pr\u00e9vu la victoire allemande. Sa grande crainte serait que cette victoire militaire fut aussi une victoire politique. Battus \u00e0 l&rsquo;ext\u00e9rieur par le fascisme, nos francs-ma\u00e7ons antifascistes, mais collaborationnistes, tentent l&rsquo;impossible folie de vaincre le fascisme \u00e0 l&rsquo;int\u00e9rieur, sur le sol de France. Et pour cette t\u00e2che, qui semble illogique \u00e0 un esprit sain, mais \u00e0 quoi se sont mis avec fi\u00e8vre ces d\u00e9mocrates enrag\u00e9s, ils croient avoir trouv\u00e9 des appuis, si \u00e9tonnant que cela puisse para\u00eetre. Non seulement ils s&rsquo;en targuent, mais ils l\u2019impriment sur des tracts clandestins. Ils avouent jouer une partie d\u00e9sesp\u00e9r\u00e9e o\u00f9, tout \u00e0 coup, un ensemble de complicit\u00e9s, ma\u00e7onniques ou non, fait appara\u00eetre une possibilit\u00e9 de voir rena\u00eetre et la R\u00e9publique et la secte elle-m\u00eame, ses loges et ses temples. Le danger n&rsquo;est pas si grand qu&rsquo;il nous faille crier \u00e0 tous \u00e9chos, appel urgent aux nationaux, car on voit bien les limites de cette politique tr\u00e8s passag\u00e8re, politique qui \u00e9volue mensuellement, en m\u00eame temps que les \u00e9v\u00e9nements militaires affirment la sup\u00e9riorit\u00e9 de l&rsquo;Allemagne nationale-socialiste. Mais ce danger est r\u00e9el pour autant que les francs-ma\u00e7ons, vis-\u00e0-vis du vainqueur, pr\u00e9tendent repr\u00e9senter une force soutenue par l&rsquo;opinion et qu&rsquo;ils peuvent se faire \u00e9couter.<\/p>\n<p style=\"text-align: justify;\">Pourquoi les \u00e9couterait-on ? Parce que Vichy a d\u00e9\u00e7u et qu&rsquo;il faut bien qu&rsquo;en France on \u00e9coute quelqu&rsquo;un : celui sur qui on croit pouvoir construire l&rsquo;avenir europ\u00e9en. Le bluff ma\u00e7onnique s&rsquo;\u00e9croulera \u2014 nous en sommes s\u00fbrs\u2014 au premier tournant, car ni le peuple ni l&rsquo;\u00e9lite ne sont avec ces pitres de la R\u00e9publique, ces laquais de la d\u00e9mocratie Rothschild, ces responsables de l&rsquo;effondrement racial, intellectuel et spirituel de la France et de l&rsquo;Europe, de 1919 \u00e0 1932. La ma\u00e7onnerie a fait trop de mal pour qu&rsquo;elle puisse encore tromper qui que ce soit. Mais pour que cette opinion s&rsquo;\u00e9meuve contre elle, encore faut-il que les campagnes antima\u00e7onniques ne cessent pas, qu&rsquo;on d\u00e9nonce sans rel\u00e2che l&rsquo;activit\u00e9 pass\u00e9e et pr\u00e9sente de la secte ; faut-il aussi que le \u00ab front fasciste fran\u00e7ais \u00bb se constitue et se d\u00e9veloppe.<\/p>\n<p style=\"text-align: justify;\">Ce \u00ab front de la jeune France \u00bb sera forc\u00e9ment antir\u00e9publicain, antijuif, antima\u00e7on, anti ploutocratique, car capitalisme, ploutocratie, juiverie, ma\u00e7onnerie, faux socialisme, communisme juif sont une seule et m\u00eame chose. Pour d\u00e9truire le r\u00e8gne de l&rsquo;argent, il faut jeter bas les hommes qui r\u00e9duisent les masses \u00e0 l&rsquo;aide des grands principes et les encha\u00eenent \u00e0 la Banque.<\/p>\n<p style=\"text-align: justify;\">Il faut aussi que les partis fascistes s&rsquo;affirment en face des man\u0153uvres ma\u00e7onniques. Sinon, la ma\u00e7onnerie fran\u00e7aise prendra toute la place que le fascisme ne prendra pas. Sinon, elle conquerra l&rsquo;opinion que le fascisme lui laissera. Elle soudoiera les fonctionnaires qui ne seront pas acquis aux id\u00e9es nationales, par conviction ou par ob\u00e9issance. Elle s\u00e9duira les diplomates que les nationaux-socialistes n&rsquo;auront pas r\u00e9ussis \u00e0 convaincre. Il n&rsquo;y a pas un instant \u00e0 perdre. La pieuvre ma\u00e7onnique vaincra \u2014 ou bien le fascisme. Mais faut-il que le fascisme fran\u00e7ais s&rsquo;organise, s&rsquo;ext\u00e9riorise, manifeste sa force, en nombre, en qualit\u00e9, en action secr\u00e8te et publique, en violence d\u00e9cid\u00e9e.<\/p>\n<p style=\"text-align: justify;\">La r\u00e9volution fasciste fran\u00e7aise (ou nationale-socialiste fran\u00e7aise, c&rsquo;est tout comme) ne se fera pas par persuasion des masses. Il faut mettre celles-ci en pr\u00e9sence des faits brutaux de l&rsquo;apparition du nouveau r\u00e9gime. Les nouveaux partis r\u00e9volutionnaires nationaux ne doivent pas \u00eatre compos\u00e9s d&rsquo;\u00e9lecteurs, mais d&rsquo;hommes d&rsquo;action. En face, il y a toute la vieille crapule frip\u00e9e qui hantait les couloirs des parlements et qui pleurniche apr\u00e8s son lib\u00e9ralisme comme l&rsquo;ivrogne regrette le \u00ab Pernod \u00bb. C&rsquo;est cette bande d&rsquo;anciens ministres, la\u00efques, sectaires antiracistes, antifascistes, antihitl\u00e9riens, antispiritualistes, oppos\u00e9s \u00e0 tout renouveau fran\u00e7ais, \u00e0 toute renaissance aryenne, \u00e0 toute violence divine, qui se d\u00e9m\u00e8ne en coulisses, qui propose, qui dispose, qui promet, qui trahit. Les hommes de cette mauvaise \u00e9quipe sont facilement rep\u00e9rables. Ils ne peuvent \u00eatre nocifs que si leur activit\u00e9 est ignor\u00e9e. Mais leur jeu d\u00e9sesp\u00e9r\u00e9 peut-\u00eatre suivi pas \u00e0 pas. Il faut donc leur d\u00e9montrer qu&rsquo;ils ne r\u00e9ussiront pas \u00e0 contaminer plus longtemps le peuple fran\u00e7ais et \u00e0 se faire passer pour les repr\u00e9sentants autoris\u00e9s de l&rsquo;opinion. Le r\u00e9gime futur de la France d\u00e9pend des fascistes fran\u00e7ais. Dans la mesure o\u00f9 ils seront forts, la France s&rsquo;\u00e9purera en se d\u00e9barrassant de ses parasites juifs et r\u00e9publicains. Il est illogique de penser qu&rsquo;une Europe fasciste acceptera de vivre avec, au flanc, un cancer r\u00e9publicain fran\u00e7ais. Mais c&rsquo;est aux fascistes fran\u00e7ais \u00e0 op\u00e9rer le pays malade. Toute intervention ext\u00e9rieure serait dangereuse pour sa vitalit\u00e9. Non seulement les r\u00e9volutionnaires nationaux doivent \u00eatre des organisateurs, mais le probl\u00e8me de nettoyer sans piti\u00e9 toutes les vieilles g\u00e9n\u00e9rations radicalisantes ou lib\u00e9rales doit \u00eatre \u00e9tudi\u00e9 minutieusement. Ces \u00ab barbes \u00bb ma\u00e7onniques obtiennent des succ\u00e8s momentan\u00e9s qui doivent \u00eatre combattus avec froide violence. \u00ab Front fasciste de la jeune France \u00bb contre la man\u0153uvre ploutocratique et ma\u00e7onnique. Et qui dit \u00ab front \u00bb dit chef (ou accord des chefs), cadres, troupes et action.<\/p>\n<p style=\"text-align: right;\">Paul Riche<\/p>\n<p>&nbsp;<\/p>\n","protected":false},"excerpt":{"rendered":"<p>Voici deux ans que la lutte contre la ma\u00e7onnerie a d\u00e9cupl\u00e9 d&rsquo;intensit\u00e9. Il serait na\u00eff de penser que, pendant ce m\u00eame temps, les membres de la secte aient abandonn\u00e9 la partie et se soient r\u00e9sign\u00e9s \u00e0 voir dispara\u00eetre leurs privil\u00e8ges, &hellip; <a href=\"https:\/\/monperejeanmamy.fr\/?page_id=657\">Continuer la lecture <span class=\"meta-nav\">&rarr;<\/span><\/a><\/p>\n","protected":false},"author":2,"featured_media":422,"parent":0,"menu_order":0,"comment_status":"closed","ping_status":"closed","template":"","meta":[],"folder":[],"_links":{"self":[{"href":"https:\/\/monperejeanmamy.fr\/index.php?rest_route=\/wp\/v2\/pages\/657"}],"collection":[{"href":"https:\/\/monperejeanmamy.fr\/index.php?rest_route=\/wp\/v2\/pages"}],"about":[{"href":"https:\/\/monperejeanmamy.fr\/index.php?rest_route=\/wp\/v2\/types\/page"}],"author":[{"embeddable":true,"href":"https:\/\/monperejeanmamy.fr\/index.php?rest_route=\/wp\/v2\/users\/2"}],"replies":[{"embeddable":true,"href":"https:\/\/monperejeanmamy.fr\/index.php?rest_route=%2Fwp%2Fv2%2Fcomments&post=657"}],"version-history":[{"count":1,"href":"https:\/\/monperejeanmamy.fr\/index.php?rest_route=\/wp\/v2\/pages\/657\/revisions"}],"predecessor-version":[{"id":659,"href":"https:\/\/monperejeanmamy.fr\/index.php?rest_route=\/wp\/v2\/pages\/657\/revisions\/659"}],"wp:featuredmedia":[{"embeddable":true,"href":"https:\/\/monperejeanmamy.fr\/index.php?rest_route=\/wp\/v2\/media\/422"}],"wp:attachment":[{"href":"https:\/\/monperejeanmamy.fr\/index.php?rest_route=%2Fwp%2Fv2%2Fmedia&parent=657"}],"wp:term":[{"taxonomy":"folder","embeddable":true,"href":"https:\/\/monperejeanmamy.fr\/index.php?rest_route=%2Fwp%2Fv2%2Ffolder&post=657"}],"curies":[{"name":"wp","href":"https:\/\/api.w.org\/{rel}","templated":true}]}}