{"id":663,"date":"2021-02-25T14:56:05","date_gmt":"2021-02-25T13:56:05","guid":{"rendered":"http:\/\/monperejeanmamy.fr\/?page_id=663"},"modified":"2021-02-25T14:56:05","modified_gmt":"2021-02-25T13:56:05","slug":"aux-framaconnards-collaborationnistes","status":"publish","type":"page","link":"https:\/\/monperejeanmamy.fr\/?page_id=663","title":{"rendered":"Aux frama\u00e7onnards collaborationnistes !"},"content":{"rendered":"<p><img loading=\"lazy\" class=\"aligncenter size-full wp-image-665\" src=\"http:\/\/monperejeanmamy.fr\/wp-content\/uploads\/2021\/02\/Aux-framaconnards-collaborationnistes-scaled.jpg\" alt=\"\" width=\"2560\" height=\"1189\" srcset=\"https:\/\/monperejeanmamy.fr\/wp-content\/uploads\/2021\/02\/Aux-framaconnards-collaborationnistes-scaled.jpg 2560w, https:\/\/monperejeanmamy.fr\/wp-content\/uploads\/2021\/02\/Aux-framaconnards-collaborationnistes-300x139.jpg 300w, https:\/\/monperejeanmamy.fr\/wp-content\/uploads\/2021\/02\/Aux-framaconnards-collaborationnistes-1024x475.jpg 1024w, https:\/\/monperejeanmamy.fr\/wp-content\/uploads\/2021\/02\/Aux-framaconnards-collaborationnistes-768x357.jpg 768w, https:\/\/monperejeanmamy.fr\/wp-content\/uploads\/2021\/02\/Aux-framaconnards-collaborationnistes-1536x713.jpg 1536w, https:\/\/monperejeanmamy.fr\/wp-content\/uploads\/2021\/02\/Aux-framaconnards-collaborationnistes-2048x951.jpg 2048w, https:\/\/monperejeanmamy.fr\/wp-content\/uploads\/2021\/02\/Aux-framaconnards-collaborationnistes-500x232.jpg 500w\" sizes=\"(max-width: 2560px) 100vw, 2560px\" \/><\/p>\n<p style=\"text-align: justify;\">On voit depuis deux ans repara\u00eetre peu \u00e0 peu, dans la presse parisienne, d&rsquo;\u00e9tranges signatures. Tout un groupe ma\u00e7onnique qui se vantait autrefois au Grand Orient ou \u00e0 la Grande Loge d&rsquo;\u00eatre l&rsquo;\u00e9quipe de t\u00eate antifasciste, prolib\u00e9rale, socialiste \u00e0 la mani\u00e8re de ces revendicateurs anarchistes, qui ne savent conduire le peuple que dans l&rsquo;orni\u00e8re de la r\u00e9volte, a soudain tourn\u00e9 casaque et se pr\u00e9cipite vers la collaboration, pr\u00e9tendant \u00eatre de toute \u00e9ternit\u00e9 dans la tradition europ\u00e9enne.<\/p>\n<p style=\"text-align: justify;\">Halte-l\u00e0 ! Ces Messieurs trois points \u00e9taient europ\u00e9ens quand l&rsquo;Europe \u00e9tait sociale-d\u00e9mocrate, en passe de devenir communiste. Aujourd&rsquo;hui, leur pass\u00e9, leurs \u00e9crits anciens, leurs proclamations leur interdisant de se r\u00e9clamer de l&rsquo;Europe totalitaire.<\/p>\n<p style=\"text-align: justify;\">Mais pourquoi, par une faveur des plus curieuses \u2014 leur est-il permis d&rsquo;exprimer tout haut leur attachement \u00e0 la d\u00e9funte ma\u00e7onnerie, leur d\u00e9pit contre les d\u00e9crets du Mar\u00e9chal qui a interdit l&rsquo;activit\u00e9 de la secte ?<\/p>\n<p style=\"text-align: justify;\">C&rsquo;est un ancien ministre de l&rsquo;int\u00e9rieur qu&rsquo;on vit en loge donner de p\u00e9nibles explications sur la mani\u00e8re dont il fit fusiller le peuple fran\u00e7ais, ministre enjuiv\u00e9 s&rsquo;il en f\u00fbt, homme politique de caoutchouc, ami des Polacco, cent fois gifl\u00e9, cent fois vomi, cent fois hargneux et r\u00e9apparaissant, comme le barbet de Faust, dont le bouc souill\u00e9 d\u00e9gouttait de fange satanique, qui ose affirmer publiquement qu&rsquo;on \u00ab a eu tort d&rsquo;attaquer la ma\u00e7onnerie \u00bb.<\/p>\n<p style=\"text-align: justify;\">D&rsquo;autres, ma\u00e7ons authentiques ceux-l\u00e0, \u00e9crivent \u00e0 longueur de journ\u00e9e dans des feuilles qui devraient s&rsquo;intituler : \u00ab r\u00e9publicain posthume \u00bb. Il est plaisant de lire la prose marxiste, courrouc\u00e9, humanitarisme de ces Messieurs, dont le cordon bleu de ma\u00eetre est encore rang\u00e9 dans l&rsquo;armoire, pr\u00eat \u00e0 servir \u00e0 la moindre r\u00e9surrection ma\u00e7onnique.<\/p>\n<p style=\"text-align: justify;\">&#8212;&#8211;<\/p>\n<p style=\"text-align: justify;\">Et vive la R\u00e9publique par-ci, le suffrage universel par la ! Tous leurs propos sont dirig\u00e9s, non pas contre Vichy, dans ce qu&rsquo;il a anglophile ou de v\u00e9tuste, mais contre le nationalisme fran\u00e7ais au nom du socialisme marxiste. Car, pour ces Messieurs, qui se disent tant europ\u00e9ens par ailleurs, le plus grave danger serait de voir rena\u00eetre en France un courant de mystique nationale qui permettrait \u00e0 un chef de r\u00e9tablir la hi\u00e9rarchie des id\u00e9es, des cadres et des traditions. Ces messieurs socialistes, ne le sont qu&rsquo;\u00e0 condition que le r\u00e9gime soit \u00e9galitaire, libertaire, et que l&rsquo;autorit\u00e9 qu&rsquo;ils r\u00e9clament soient complaisante pour leur bande de Comitards et ses int\u00e9r\u00eats particuliers. Ils ne souhaitent la R\u00e9publique que pour conserver leur ex-fromage. Ils ne r\u00e9clament la libert\u00e9 de pens\u00e9e que pour user et abuser de la libert\u00e9 de s\u00e9duire le peuple. Ils ne sont socialistes qu&rsquo;\u00e0 condition d&rsquo;\u00eatre les bergers habilit\u00e9s de ce qu&rsquo;ils consid\u00e8rent comme un troupeau de moutons.<\/p>\n<p style=\"text-align: justify;\">Libre \u00e0 eux de croire encore \u00e0 des utopies funestes. On se rappelle leurs discours secrets, leurs confidences murmur\u00e9es dans les antichambres symboliques, leurs conf\u00e9rences antifascistes annonc\u00e9es dans le Bulletin hebdomadaire. Ils n&rsquo;\u00e9taient pas collaborationnistes hier, ces antiques hitl\u00e9riens forcen\u00e9s, ces rageurs antitotalitaires qui, au bras des juifs, poussaient le peuple fran\u00e7ais \u00e0 la fronti\u00e8re en lui montrant l\u2019ennemi \u00e0 croix gamm\u00e9e. Ils n&rsquo;\u00e9taient pas patriotes, non plus, car ils ne d\u00e9fendaient dans les loges et dans les comit\u00e9s que le r\u00e9publicanisme d&rsquo;importation jud\u00e9o-anglaise.<\/p>\n<p style=\"text-align: justify;\">Et aujourd&rsquo;hui, se pr\u00e9tendant collaborationnistes, ils osent affirmer encore leur ind\u00e9fectible attachement \u00e0 la d\u00e9funte ma\u00e7onnerie, protester contre les d\u00e9crets qui n&rsquo;atteignent que la malfaisance sans vraiment attaquer les malfaiteurs.<\/p>\n<p style=\"text-align: justify;\">Comment concilier leur soudaine volont\u00e9 de collaboration europ\u00e9enne, et leurs proma\u00e7onnisme actuel ? Comment peuvent-ils se d\u00e9clarer pr\u00eats \u00e0 un nationalisme socialiste et r\u00e9clamer des droits pour le drapeau trois points !<\/p>\n<p style=\"text-align: justify;\">En v\u00e9rit\u00e9, ils sont de mauvais collaborationnistes. Ils ne le sont m\u00eame pas du tout.<\/p>\n<p style=\"text-align: justify;\">Car qui collabore avec l&rsquo;Allemagne, collabore avec le parti nazi. Or, nos ex-ma\u00e7ons n&rsquo;ignorent pas que l&rsquo;Allemagne nationale-socialiste, tout comme l&rsquo;Italie fasciste, a ferm\u00e9 les loges et dispers\u00e9 les ma\u00e7ons. Le lib\u00e9ralisme \u2014dont la ma\u00e7onnerie \u00e9tait le refuge\u2014 n&rsquo;est plus de mise dans la nouvelle Europe. Donc, si nos ex-ma\u00e7ons veulent collaborer, il faut que, non seulement ils cessent de d\u00e9fendre la vieille institution triangul\u00e9e qui pr\u00e9tendait \u00e0 la fraternit\u00e9 universelle ou autres utopies, sous l&rsquo;\u00e9gide de la Soci\u00e9t\u00e9 des Nations, mais qu\u2019ils luttent contre toute renaissance de l&rsquo;esprit de la secte. En sont-ils capables ? Le veulent-ils ? Collaborer est attaquer le Juif, le lib\u00e9ralisme, le ma\u00e7onnisime, la d\u00e9magogie \u00e9galitaire, l&rsquo;esprit r\u00e9publicain sous toutes ses formes, dans le pass\u00e9, comme dans l&rsquo;avenir. La collaboration, pour qu&rsquo;elle soit utile, ne doit pas \u00eatre seulement \u00e9conomique, voire militaire \u2014 mais aussi et surtout politique. Ah ! Nos francs-ma\u00e7ons veulent \u00eatre collaborationnistes ! Eh bien qu&rsquo;ils commencent \u00e0 br\u00fbler ce qu&rsquo;ils ont ador\u00e9, \u00e0 jeter bas les symboles fameux de l&rsquo;herm\u00e9tisme libertaire, \u00e0 se discipliner pour retrouver l&rsquo;ob\u00e9issance aux traditions ancestrales. Il en est dont le pass\u00e9 est si lourd qu&rsquo;ils ne peuvent que dispara\u00eetre de l&rsquo;estrade publique. Il en est d&rsquo;autres dont on aimerait entendre le d\u00e9saveu de leur faute, lire le repentir \u00e9crit de leurs erreurs, la d\u00e9cision de reconna\u00eetre nationale.<\/p>\n<p style=\"text-align: justify;\">Le Mar\u00e9chal, quoi qu&rsquo;on en pense dans certains milieux, repr\u00e9sente sans discussion possible le symbole de l&rsquo;unit\u00e9 fran\u00e7aise retrouv\u00e9e. S&rsquo;il a voulu dissoudre la ma\u00e7onnerie, ce n&rsquo;est pas par plaisir personnel, pour pers\u00e9cuter des innocents, mais pour frapper les cadres d\u00e9mocratiques coupables d&rsquo;ignorance ou d&rsquo;oubli de nos vertus ethniques. Protester contre les d\u00e9crets, c&rsquo;est faire \u0153uvre de r\u00e9volte contre l&rsquo;entit\u00e9 fran\u00e7aise, contre le mythe spirituel de notre terroir, contre notre renaissance, contre l&rsquo;\u00e2me celtique et latine, contre la France.<\/p>\n<p style=\"text-align: justify;\">Protester contre les d\u00e9crets c&rsquo;est aussi \u00eatre parjure \u00e0 la collaboration, s&rsquo;attaquer \u00e0 l&rsquo;esprit totalitaire de la nouvelle Europe, nier le nationalisme et le socialisme constructif. C&rsquo;est pr\u00e9cis\u00e9ment faire le jeu du Juif, du communiste et de l&rsquo;Anglais.<\/p>\n<p style=\"text-align: right;\">Paul Riche<\/p>\n<p>&nbsp;<\/p>\n","protected":false},"excerpt":{"rendered":"<p>On voit depuis deux ans repara\u00eetre peu \u00e0 peu, dans la presse parisienne, d&rsquo;\u00e9tranges signatures. Tout un groupe ma\u00e7onnique qui se vantait autrefois au Grand Orient ou \u00e0 la Grande Loge d&rsquo;\u00eatre l&rsquo;\u00e9quipe de t\u00eate antifasciste, prolib\u00e9rale, socialiste \u00e0 la &hellip; <a href=\"https:\/\/monperejeanmamy.fr\/?page_id=663\">Continuer la lecture <span class=\"meta-nav\">&rarr;<\/span><\/a><\/p>\n","protected":false},"author":2,"featured_media":422,"parent":0,"menu_order":0,"comment_status":"closed","ping_status":"closed","template":"","meta":[],"folder":[],"_links":{"self":[{"href":"https:\/\/monperejeanmamy.fr\/index.php?rest_route=\/wp\/v2\/pages\/663"}],"collection":[{"href":"https:\/\/monperejeanmamy.fr\/index.php?rest_route=\/wp\/v2\/pages"}],"about":[{"href":"https:\/\/monperejeanmamy.fr\/index.php?rest_route=\/wp\/v2\/types\/page"}],"author":[{"embeddable":true,"href":"https:\/\/monperejeanmamy.fr\/index.php?rest_route=\/wp\/v2\/users\/2"}],"replies":[{"embeddable":true,"href":"https:\/\/monperejeanmamy.fr\/index.php?rest_route=%2Fwp%2Fv2%2Fcomments&post=663"}],"version-history":[{"count":1,"href":"https:\/\/monperejeanmamy.fr\/index.php?rest_route=\/wp\/v2\/pages\/663\/revisions"}],"predecessor-version":[{"id":666,"href":"https:\/\/monperejeanmamy.fr\/index.php?rest_route=\/wp\/v2\/pages\/663\/revisions\/666"}],"wp:featuredmedia":[{"embeddable":true,"href":"https:\/\/monperejeanmamy.fr\/index.php?rest_route=\/wp\/v2\/media\/422"}],"wp:attachment":[{"href":"https:\/\/monperejeanmamy.fr\/index.php?rest_route=%2Fwp%2Fv2%2Fmedia&parent=663"}],"wp:term":[{"taxonomy":"folder","embeddable":true,"href":"https:\/\/monperejeanmamy.fr\/index.php?rest_route=%2Fwp%2Fv2%2Ffolder&post=663"}],"curies":[{"name":"wp","href":"https:\/\/api.w.org\/{rel}","templated":true}]}}