{"id":670,"date":"2021-02-25T15:08:34","date_gmt":"2021-02-25T14:08:34","guid":{"rendered":"http:\/\/monperejeanmamy.fr\/?page_id=670"},"modified":"2021-02-25T15:08:34","modified_gmt":"2021-02-25T14:08:34","slug":"choc-de-generations","status":"publish","type":"page","link":"https:\/\/monperejeanmamy.fr\/?page_id=670","title":{"rendered":"Choc de g\u00e9n\u00e9rations"},"content":{"rendered":"<p><img loading=\"lazy\" class=\"aligncenter size-full wp-image-673\" src=\"http:\/\/monperejeanmamy.fr\/wp-content\/uploads\/2021\/02\/Choc-de-generations-scaled.jpg\" alt=\"\" width=\"2560\" height=\"863\" srcset=\"https:\/\/monperejeanmamy.fr\/wp-content\/uploads\/2021\/02\/Choc-de-generations-scaled.jpg 2560w, https:\/\/monperejeanmamy.fr\/wp-content\/uploads\/2021\/02\/Choc-de-generations-300x101.jpg 300w, https:\/\/monperejeanmamy.fr\/wp-content\/uploads\/2021\/02\/Choc-de-generations-1024x345.jpg 1024w, https:\/\/monperejeanmamy.fr\/wp-content\/uploads\/2021\/02\/Choc-de-generations-768x259.jpg 768w, https:\/\/monperejeanmamy.fr\/wp-content\/uploads\/2021\/02\/Choc-de-generations-1536x518.jpg 1536w, https:\/\/monperejeanmamy.fr\/wp-content\/uploads\/2021\/02\/Choc-de-generations-2048x691.jpg 2048w, https:\/\/monperejeanmamy.fr\/wp-content\/uploads\/2021\/02\/Choc-de-generations-500x169.jpg 500w\" sizes=\"(max-width: 2560px) 100vw, 2560px\" \/><\/p>\n<p style=\"text-align: justify;\">En ces temps o\u00f9 les ob\u00e9diences de tous ordres, compos\u00e9es des vieillards les plus diff\u00e9rents d\u2019opinion, font peser sur la France le poids \u00e9crasant de leurs luttes st\u00e9riles, en ces moments de libert\u00e9s derni\u00e8res o\u00f9 nous voyons poindre le spectre d&rsquo;une guerre civile \u00e0 peu pr\u00e8s in\u00e9vitable, en cet aujourd&rsquo;hui \u00e0 la fois triste de nos chagrins collectifs, et anim\u00e9 du d\u00e9sir irr\u00e9sistible d&rsquo;accomplir la volont\u00e9 supr\u00eame d&rsquo;un destin qui ne veut pas que la France meure \u2014 (ce pourquoi nous crions pour qu&rsquo;on se groupe contre le danger)\u2014 en cette semaine o\u00f9 Vichy a interdit Tartuffe, o\u00f9 la ma\u00e7onnerie parisienne s\u2019en gausse, o\u00f9 les meilleurs chr\u00e9tiens, inquiets, voient avec stupeur certaines gens d&rsquo;\u00c9glise abandonner leur mission spirituelle et faire preuve du cl\u00e9ricalisme le plus inopportun, o\u00f9 le communiste rage et se terre, o\u00f9 le vieux socialiste, toujours aux ordres de la ploutocratie, distille son poison sans vertu dans ses feuilles invendues, o\u00f9 le peuple se d\u00e9tourne avec d\u00e9go\u00fbt de la com\u00e9die inf\u00e2me que lui jouent trusts et politiciens, en cet heure, libre encore des censures bien-pensantes, d\u00e9p\u00eachons-nous, avant que nous interdise de parler de tout, de dire leur fait aux v\u00e9ritables grands responsables \u2014 (non de la d\u00e9cadence de cette g\u00e9n\u00e9ration, qui est avou\u00e9e\u2014 mais du ridicule de cette d\u00e9cadence)\u2014 \u00e0 ceux qu&rsquo;on nomme justement et durement, parce qu&rsquo;ils le sont \u00e2me et corps : les \u00ab vieux \u00bb.<\/p>\n<p style=\"text-align: justify;\">En France \u2014 comme partout, mais plus qu&rsquo;ailleurs\u2014 est \u00ab vieux \u00bb qui est en retard sur aujourd&rsquo;hui, qui s&rsquo;est lev\u00e9 le matin avec l&rsquo;id\u00e9e tra\u00eetreusement arr\u00eat\u00e9e de recommencer la journ\u00e9e de la veille, parce qu&rsquo;il n&rsquo;a pas l&rsquo;imagination de cr\u00e9er une nouvelle phase quotidienne du mouvement parce qu&rsquo;il lui faudrait pi\u00e9tiner quelques pr\u00e9jug\u00e9s, refuser quelques amiti\u00e9s douteuses, bousculer quelques int\u00e9r\u00eats personnels. Est \u00ab vieux \u00bb qui pense \u00e0 son or, \u00e0 son dogme, \u00e0 sa famille, \u00e0 son parti, comme \u00e0 des choses d\u00e9finitives, immuables, destin\u00e9es \u00e0 ne pas rev\u00eatir toutes les formes de la transfiguration. Est \u00ab vieux \u00bb qui n&rsquo;envisage pas la vie comme un combat enthousiaste, o\u00f9 le risque d\u00e9termine la victoire, o\u00f9 la violence r\u00e9v\u00e8le la force, o\u00f9 la grandeur quotidienne ne n\u00e9glige pas les faibles, mais les contraints \u00e0 demeurer modestes. Est \u00ab vieux \u00bb qui tourne la t\u00eate continuellement en arri\u00e8re, refusant de voir, sentir, toucher, comprendre que le monde avance, et soi avec, et que celui qui marche le premier a des chances d&rsquo;arriver plus vite \u00e0 l&rsquo;\u00e9tape et d&rsquo;\u00eatre le moins fatigu\u00e9. Est \u00ab vieux \u00bb qui fait de la tradition une loi d&rsquo;avenir et non pas un acquis du pass\u00e9, qui pense \u00e0 Louis XIV et non pas \u00e0 Henri V, \u00e0 Charles XI, \u00e0 Louis XIX. Est \u00ab vieux \u00bb qui s&rsquo;extasie sur 1789 mais qui s&rsquo;\u00e9pouvante \u00e0 l&rsquo;id\u00e9e que 1942 pourraient nous apporter l&rsquo;effroyable et salutaire d\u00e9capitation de toute la corpulente bourgeoisie envenim\u00e9e de rage contre le peuple qu\u2019elle a brim\u00e9 et spoli\u00e9. Est\u00a0 \u00ab vieux \u00bb le radical, le libertaire, le socialiste marxiste, le communiste, le conservateur, l&rsquo;agent des trusts, le politicien, le r\u00e9publicain pantouflard, le royaliste timide, le jeune \u00ab swing \u00bb anglophile, le sectaire, le militaire born\u00e9 qui ne fut jamais qu&rsquo;un gendarme du peuple.<\/p>\n<p style=\"text-align: justify;\">Est ouvrer est vieux \u00bb tout ce qui \u00e0 construit sur la propri\u00e9t\u00e9 hilarante, sans vouloir risquer son capital, sans d\u00e9cupl\u00e9 et diffuser les produits de la terre, tout ce qui \u00e0 construit sur un dogme qu&rsquo;il refuse de soumettre \u00e0 la critique constructive de la g\u00e9n\u00e9ration naissante.<\/p>\n<p style=\"text-align: justify;\">La France est un pays de \u00ab vieux \u00bb, qui veut empreindre sa jeunesse de conception v\u00e9tuste. Il leur faut qu&rsquo;on soit \u00ab vieux \u00bb d\u00e8s 15 ans. Il leur faut que l&rsquo;adolescence supporte d\u00e8s le lyc\u00e9e o\u00f9 l&rsquo;\u00e9cole primaire le poids effarant de tout l&rsquo;arbitraire accumul\u00e9 par les faux savants et penseurs, dont la diffusion de \u00ab l&rsquo;erreur \u00bb est devenue le gagne-pain quotidien.<\/p>\n<p style=\"text-align: justify;\">Les statistiques de la d\u00e9natalit\u00e9 fran\u00e7aise qui laissent indiff\u00e9rents nos vieillards \u00e9go\u00efstes et tremblants, sont effroyablement caract\u00e9ristiques. Dans peu d&rsquo;ann\u00e9es, une toute petite partie de la nation encore jeune et virile supportera \u00e0 elle seule le fardeau de ces vieilles g\u00e9n\u00e9rations qui, n&rsquo;ayant pas procr\u00e9\u00e9, auront dilapid\u00e9 leurs forces vitales au gr\u00e9 de tous leurs caprices et leurs d\u00e9faillances. La France, premier pays du monde en 1700, avec 20 millions d&rsquo;habitants, en est aujourd&rsquo;hui le sixi\u00e8me. O\u00f9 ces fautes l&rsquo;auront-elles conduite en 1965 ? Pour en avoir accus\u00e9 la semaine derni\u00e8re l&rsquo;\u00e9go\u00efsme et l&rsquo;\u00e9tourderie f\u00e9minine, nous avons r\u00e9colt\u00e9 bon nombre d&rsquo;injures vip\u00e9rines, accompagn\u00e9es de quelques protestations l\u00e9gitimes d\u2019une ou deux m\u00e8res de famille nombreuse qui sont \u00e9videmment hors de question et dont notre journal n&rsquo;a cess\u00e9 de prendre la d\u00e9fense. Mais elles n&rsquo;imaginent pas \u00e0 quel point elles constituaient d&rsquo;heureuses exceptions. Aujourd&rsquo;hui le mal est fait. La jeunesse fran\u00e7aise se trouve en pr\u00e9sence d&rsquo;un probl\u00e8me quasi insoluble pour elle. Il lui faut faire une r\u00e9volution, n\u00e9cessairement sanglante, contre un capitalisme bourgeois ent\u00eat\u00e9 et ses valets politiciens de l&rsquo;une et l&rsquo;autre zone, supporter le boulet des g\u00e9n\u00e9rations pr\u00e9c\u00e9dentes trop nombreuses, d\u00e9cupler la force agricole et industrielle m\u00e9tropolitaine, gouverner et exploiter l&rsquo;Empire, en un mot, maintenir la France souveraine. Se rend-on compte, chez les \u00ab v\u00e9tustes \u00bb, de l&rsquo;imp\u00f4t injuste qu&rsquo;on inflige \u00e0 cette jeunesse fran\u00e7aise, que, d&rsquo;autre part, on \u00e9duque gu\u00e8re pour la lutte nationale, mais \u00e0 qui on a inculqu\u00e9 l&rsquo;id\u00e9e qu&rsquo;elle devait r\u00e9gner sur un monde d&rsquo;esclaves africains d\u00e9vou\u00e9s \u00e0 la servir par les vertus des comptoirs financiers et de la persuasion chr\u00e9tienne conjugu\u00e9e ? S&rsquo;imaginent-ils, ces cerveaux ramollis, que la France bourgeoise, bien-pensante, capitaliste, d\u00e9vor\u00e9e de luttes sociales, qu&rsquo;ils nous l\u00e8guent, ne pourra passer le cap d&rsquo;une demi-g\u00e9n\u00e9ration ? Sera-t-elle seulement capable de franchir les m\u00e9andres du trait\u00e9 de paix, qui sera d&rsquo;autant plus dur que nous serons faibles, \u00ab vieux \u00bb, et peu dispos\u00e9s \u00e0 accepter l&rsquo;id\u00e9e de l&rsquo;Europe continentale et de l\u2019Eurafrique, modernes conceptions d&rsquo;avenir ?<\/p>\n<p style=\"text-align: justify;\">Que faire ? Une seule solution, d&rsquo;urgence : il faut d\u00e9tacher et la jeunesse de France du poids stupide de ses obligations envers le conformisme de ses \u00e9go\u00efstes et pervers ain\u00e9s, et r\u00e9aliser l&rsquo;unanimit\u00e9 nationale derri\u00e8re cette jeunesse en respectant le principe sacr\u00e9 de l&rsquo;unit\u00e9 fran\u00e7aise. Les g\u00e9n\u00e9rations qui nous ont pr\u00e9c\u00e9d\u00e9 ce sont doucettement accoutum\u00e9es au suicide lent de la nation. D\u00e9magogie et conservatisme ont pourri les \u00e9lites et le peuple. Il se trouve qu&rsquo;aujourd&rsquo;hui, nous pouvons, \u00e0 la faveur de la d\u00e9faite, risquer l&rsquo;op\u00e9ration chirurgicale de rattacher les enfants encore saints de ce pays aux conceptions modernes d&rsquo;une jeunesse totalitaire exerc\u00e9e \u00e0 la lutte et au travail, et de faire co\u00efncider ce qui nous reste de force avec la France europ\u00e9enne. Si la France doit encore accomplir, dans l&rsquo;espace et le temps, un cycle civilisateur, il faut oser lancer cette jeunesse sauve contre les pr\u00e9jug\u00e9s de la vieillerie frip\u00e9e qui, du \u00ab logos \u00bb communisant-ma\u00e7on de Paris au pathos vichyssois, retarde nos pas et nos actes. Le Mar\u00e9chal est trop vigilant, et d&rsquo;esprit trop vif et jeune pour ne pas savoir que son entourage, aussi bien que les comp\u00e8res politiciens parisiens, risque de compromettre d\u00e9finitivement la situation de la France dangereusement embourb\u00e9e.<\/p>\n<p style=\"text-align: justify;\">Il n&rsquo;y a pas de compromis possible entre vieillesse et action, entre l&rsquo;or et le travail, entre Tartuffe ou M. trois points et la France, entre la mort et la vie. Ou bien la jeunesse de ce pays, ses r\u00e9volutionnaires nationaux et ses prisonniers lib\u00e9r\u00e9s prendront le pouvoir, ou bien la France sera d\u00e9finitivement morte, tu\u00e9e par la st\u00e9rilit\u00e9 de ses femmes, et par l&rsquo;effroyable dess\u00e8chement d&rsquo;esprit de ses conservateurs bourgeois. Le bateau sur lequel nous voguons p\u00e9niblement ne coule pas encore. Mais il va droit sur les r\u00e9cifs. S&rsquo;il y a naufrage, les \u00ab vieux \u00bb couleront les premiers, la France avec. Il faudra alors que l&rsquo;Europe ramasse les d\u00e9bris de notre jeunesse et de notre Empire. Est-ce cela que veulent les agonisants de Vichy ?<\/p>\n<p style=\"text-align: right;\">Paul Riche<\/p>\n","protected":false},"excerpt":{"rendered":"<p>En ces temps o\u00f9 les ob\u00e9diences de tous ordres, compos\u00e9es des vieillards les plus diff\u00e9rents d\u2019opinion, font peser sur la France le poids \u00e9crasant de leurs luttes st\u00e9riles, en ces moments de libert\u00e9s derni\u00e8res o\u00f9 nous voyons poindre le spectre &hellip; <a href=\"https:\/\/monperejeanmamy.fr\/?page_id=670\">Continuer la lecture <span class=\"meta-nav\">&rarr;<\/span><\/a><\/p>\n","protected":false},"author":2,"featured_media":422,"parent":0,"menu_order":0,"comment_status":"closed","ping_status":"closed","template":"","meta":[],"folder":[],"_links":{"self":[{"href":"https:\/\/monperejeanmamy.fr\/index.php?rest_route=\/wp\/v2\/pages\/670"}],"collection":[{"href":"https:\/\/monperejeanmamy.fr\/index.php?rest_route=\/wp\/v2\/pages"}],"about":[{"href":"https:\/\/monperejeanmamy.fr\/index.php?rest_route=\/wp\/v2\/types\/page"}],"author":[{"embeddable":true,"href":"https:\/\/monperejeanmamy.fr\/index.php?rest_route=\/wp\/v2\/users\/2"}],"replies":[{"embeddable":true,"href":"https:\/\/monperejeanmamy.fr\/index.php?rest_route=%2Fwp%2Fv2%2Fcomments&post=670"}],"version-history":[{"count":1,"href":"https:\/\/monperejeanmamy.fr\/index.php?rest_route=\/wp\/v2\/pages\/670\/revisions"}],"predecessor-version":[{"id":685,"href":"https:\/\/monperejeanmamy.fr\/index.php?rest_route=\/wp\/v2\/pages\/670\/revisions\/685"}],"wp:featuredmedia":[{"embeddable":true,"href":"https:\/\/monperejeanmamy.fr\/index.php?rest_route=\/wp\/v2\/media\/422"}],"wp:attachment":[{"href":"https:\/\/monperejeanmamy.fr\/index.php?rest_route=%2Fwp%2Fv2%2Fmedia&parent=670"}],"wp:term":[{"taxonomy":"folder","embeddable":true,"href":"https:\/\/monperejeanmamy.fr\/index.php?rest_route=%2Fwp%2Fv2%2Ffolder&post=670"}],"curies":[{"name":"wp","href":"https:\/\/api.w.org\/{rel}","templated":true}]}}