{"id":689,"date":"2021-02-25T15:10:47","date_gmt":"2021-02-25T14:10:47","guid":{"rendered":"http:\/\/monperejeanmamy.fr\/?page_id=689"},"modified":"2021-02-25T15:10:47","modified_gmt":"2021-02-25T14:10:47","slug":"lheure-de-la-decision","status":"publish","type":"page","link":"https:\/\/monperejeanmamy.fr\/?page_id=689","title":{"rendered":"L&rsquo;heure de la d\u00e9cision"},"content":{"rendered":"<p><img loading=\"lazy\" class=\"aligncenter size-full wp-image-674\" src=\"http:\/\/monperejeanmamy.fr\/wp-content\/uploads\/2021\/02\/L-heure-de-la-decision-scaled.jpg\" alt=\"\" width=\"2560\" height=\"1143\" srcset=\"https:\/\/monperejeanmamy.fr\/wp-content\/uploads\/2021\/02\/L-heure-de-la-decision-scaled.jpg 2560w, https:\/\/monperejeanmamy.fr\/wp-content\/uploads\/2021\/02\/L-heure-de-la-decision-300x134.jpg 300w, https:\/\/monperejeanmamy.fr\/wp-content\/uploads\/2021\/02\/L-heure-de-la-decision-1024x457.jpg 1024w, https:\/\/monperejeanmamy.fr\/wp-content\/uploads\/2021\/02\/L-heure-de-la-decision-768x343.jpg 768w, https:\/\/monperejeanmamy.fr\/wp-content\/uploads\/2021\/02\/L-heure-de-la-decision-1536x686.jpg 1536w, https:\/\/monperejeanmamy.fr\/wp-content\/uploads\/2021\/02\/L-heure-de-la-decision-2048x915.jpg 2048w, https:\/\/monperejeanmamy.fr\/wp-content\/uploads\/2021\/02\/L-heure-de-la-decision-500x223.jpg 500w\" sizes=\"(max-width: 2560px) 100vw, 2560px\" \/><\/p>\n<p style=\"text-align: justify;\">L&rsquo;Allemagne a pr\u00e9cis\u00e9, par la bouche de son ministre, M. Rahu, sa position vis-\u00e0-vis de la France. En substance, l&rsquo;invitation qui nous est faite est formelle : \u00ab Qui n&rsquo;est pas avec nous est contre nous. Seuls les actes comptent \u00bb.<\/p>\n<p style=\"text-align: justify;\">Vous voici un langage clair que les Fran\u00e7ais comprendront, esp\u00e9rons-le pour l&rsquo;avenir de ce pays. Depuis deux ans, inlassablement, malgr\u00e9 toutes les difficult\u00e9s de part et d&rsquo;autre, les collaborationnistes sinc\u00e8res s&rsquo;\u00e9vertuent \u00e0 d\u00e9montrer aux Fran\u00e7ais que leur int\u00e9r\u00eats et leur honneur commandent de s&rsquo;associer \u2014 avec tous les risques que cela comporte\u2014 \u00e0 l&rsquo;entreprise de lib\u00e9ration du continent europ\u00e9en. Depuis deux ans qu&rsquo;avec la m\u00eame t\u00e9nacit\u00e9 l&rsquo;erreur gaulliste (l&rsquo;argument sournois faussement national), l&rsquo;erreur communiste (l&rsquo;argument criminel, faussement populaire) tente de faire d\u00e9vier les Fran\u00e7ais de leur route. Le jour est venu, non seulement de pr\u00e9ciser ses positions mais d&rsquo;agir conform\u00e9ment aux id\u00e9es exprim\u00e9es. Il faut \u00eatre pour ou contre l&rsquo;Allemagne, pour convaincre l&rsquo;Europe, et qui n&rsquo;est pas pour est contre. D\u00e8s ce moment, chacun prend ses responsabilit\u00e9s, quitte \u00e0 en supporter les cons\u00e9quences.<\/p>\n<p style=\"text-align: justify;\">Pour notre part, nous avons expliqu\u00e9 cent fois pourquoi nous \u00e9tions pour l&rsquo;Allemagne\u2014 car c&rsquo;est notre mani\u00e8re d&rsquo;\u00eatre pour la France.<\/p>\n<p style=\"text-align: justify;\">L&rsquo;Allemagne 1940 ne repr\u00e9sente plus pour nous l&rsquo;ennemi d&rsquo;hier, que des germanophobes acharn\u00e9s \u2014 antifascistes ou nationaux\u2014 nous d\u00e9signaient comme le monstre \u00e0 d\u00e9truire, comme l\u2019Attila d\u00e9vorant, comme le massacreur de Fran\u00e7ais. Il y avait hypocrisie double \u2014 ou erreur double\u2014 de la part de nos nationaux et de nos antifascistes \u00e0 nous pousser ind\u00e9finiment contre \u00ab l&rsquo;ennemi h\u00e9r\u00e9ditaire \u00bb, les uns voulant pulv\u00e9riser l&rsquo;Allemagne, revenir \u00e0 \u00ab aux Allemagnes \u00bb, \u00e0 un trait\u00e9 de Westphalie impossible \u00e0 notre \u00e9poque (car l&rsquo;Allemagne a grandi et la France a vieilli), accablaient l&rsquo;allemand de tous les vices suppos\u00e9s de l&rsquo;esprit germain, opposant le latinisme au \u00ab nordiste \u00bb, la civilisation chr\u00e9tienne \u00e0 la barbarie pa\u00efenne des aryens blonds, nous jetant au nom de tel ou tel po\u00e8te fran\u00e7ais contre Nietzsche et les Nibelungen \u2014 les autres, pouss\u00e9s par le juif marxiste, s\u2019\u00e9taient jet\u00e9s pendant des ann\u00e9es \u00e0 la t\u00eate de la social-d\u00e9mocratie. Mais quand l&rsquo;Allemagne se r\u00e9veilla au national-socialisme et commen\u00e7a \u00e0 distinguer entre les races, ils n&rsquo;eurent pas assez d&rsquo;injures pour invectiver les d\u00e9fenseurs de l&rsquo;aryanisme. Germanophobes de gauche et de droites ont sciemment creus\u00e9 le foss\u00e9 imaginaire entre la France et l&rsquo;Allemagne, h\u00e9rissant le Rhin de toutes leur haine pros\u00e9mites, car leurs d\u00e9fis, leurs menaces ou leurs r\u00e9serves n&rsquo;\u00e9taient faits que de crainte de la force, d&rsquo;amour du jurisme, de pacifisme jud\u00e9o-chr\u00e9tien, de faiblesse latine.<\/p>\n<p style=\"text-align: justify;\">L\u2019Allemagne 1940 r\u00e9veill\u00e9et au national-socialisme, synth\u00e8se heureuse de la mystique divine, et de l&rsquo;organisation populaire, est apparue comme le seul sauveur possible d&rsquo;une Europe d\u00e9sagr\u00e9g\u00e9e de toutes parts par le circonjuif. Alors que tous les peuples plus ou moins s\u00e9mites sentaient sourdre en eux la r\u00e9volte anarchique du communisme \u00e9galitaire, une poign\u00e9e d&rsquo;Allemands, conduite par un chef de g\u00e9nie, s&rsquo;est jet\u00e9e \u00e0 la gueule du monstre naissant et a r\u00e9ussi, outre-Rhin, \u00e0 mater la b\u00eate rouge. Hitler et ses partisans ont vaincu chez eux la dictature du prol\u00e9tariat comme celle du profitariat, en un mot, celle du Juif.<\/p>\n<p style=\"text-align: justify;\">La b\u00e9n\u00e9diction s&rsquo;est \u00e9tendue \u00e0 l&rsquo;Europe, car l&rsquo;Allemagne nationale-socialiste a permis au fascisme de clarifier sa pens\u00e9e sur le racisme. Le Juif fut marqu\u00e9 en Italie comme en Allemagne, comme il est marqu\u00e9 aujourd&rsquo;hui au gouvernement g\u00e9n\u00e9ral, en Russie occup\u00e9e, en Europe du Nord et en France.<\/p>\n<p style=\"text-align: justify;\">Voil\u00e0 pourquoi nous sommes pour l&rsquo;Allemagne, donc pour l&rsquo;Europe, donc pour la France. Nous nous sentons compl\u00e8tement solidaires de la victoire allemande dans la mesure o\u00f9 cette victoire jette bas le r\u00e8gne d&rsquo;Isra\u00ebl dans le monde. Cette guerre est celle de la lib\u00e9ration de la race blanche sur qui p\u00e8se, depuis vingt si\u00e8cles et plus, le poids \u00e9crasant du parasitisme des tribus juives, manipulatrice de l&rsquo;or, pourvoyeuses de r\u00e9volutions sanguinaires.<\/p>\n<p style=\"text-align: justify;\">Nous sommes pour l&rsquo;Allemagne, donc pour l&rsquo;Europe, donc pour la France, quand cette Allemagne se bat \u00e0 l&rsquo;Est contre les meutes communistes, combat o\u00f9 nous voudrions que toute l&rsquo;arm\u00e9e fran\u00e7aise \u2014dont nous-m\u00eames\u2014 fut engag\u00e9e, quand cette Allemagne se bat \u00e0 l&rsquo;Ouest contre la ploutocratie anglo-juive qui fut \u00e9galement notre mar\u00e2tre.<\/p>\n<p style=\"text-align: justify;\">Nous sommes pour l&rsquo;Allemagne, donc pour l&rsquo;Europe, donc pour la France, quand cette Allemagne nationale-socialiste nous donne l&rsquo;exemple d&rsquo;un pays o\u00f9 la R\u00e9publique jud\u00e9ocratique fut jet\u00e9e bas, o\u00f9 la ma\u00e7onnerie juda\u00efsante fut vaincue, o\u00f9 l&rsquo;on mata le monstre d\u00e9mocratique et o\u00f9 s&rsquo;\u00e9tablit avec pr\u00e9cision la hi\u00e9rarchie des hommes, des id\u00e9es, la hi\u00e9rarchie de l&rsquo;honneur et de l&rsquo;ordre.<\/p>\n<p style=\"text-align: justify;\">Ce n&rsquo;est donc plus un vainqueur d\u00e9test\u00e9 que nous avons en face de nous. C&rsquo;est l&rsquo;exemple d&rsquo;un ordre national non pas \u00e0 imiter, mais \u00e0 retrouver, car la France aussi fut dans le pass\u00e9 forte, noble, courageuse et antijuive, car la France fut aussi autrefois un exemple et fit des croisades, car la France aussi versa son sang pour la civilisation. C&rsquo;est en fonction de ce pass\u00e9 fran\u00e7ais, de ce pr\u00e9sent allemand que nous sommes aujourd&rsquo;hui pour l&rsquo;Allemagne, donc pour l&rsquo;Europe, donc pour la France.<\/p>\n<p style=\"text-align: justify;\">Nous n\u2019avons pu convaincre les Fran\u00e7ais de participer aux risques du conflit pour y gagner l&rsquo;honneur et l&rsquo;ind\u00e9pendance. Mais une poign\u00e9e des n\u00f4tres, quel que soit leur pass\u00e9 (germanophobe, antifasciste ou lib\u00e9ral) a pu se d\u00e9pouiller de son aveuglement d&rsquo;hier ; mais une autre poign\u00e9e nationale antijuive avait d\u00e9j\u00e0 vu clair avant 1939, et pr\u00e9c\u00e9dait heureusement les collaborationnistes d&rsquo;aujourd&rsquo;hui. Ce petit groupe de fran\u00e7ais, dont les meilleurs sont \u00e0 la L.V.F. sur le front russe, est le ferment d&rsquo;une France nouvelle, o\u00f9 seul le risque, le travail, le courage et l&rsquo;honneur sont admis comme vertus sociales. En cela nous combattons \u00e0 \u00e9galit\u00e9 avec l&rsquo;Allemagne, essayant d&rsquo;apporter aux combattants notre travail, notre encouragement, notre maigre pr\u00e9sence.<\/p>\n<p style=\"text-align: justify;\">Nos c\u0153urs et nos actes sont en conformit\u00e9 de principes et de vue. De toutes nos forces nous aideront l&rsquo;Allemagne \u00e0 parfaire sa victoire.<\/p>\n<p style=\"text-align: justify;\">Victoire de l&rsquo;Europe, donc dans, dans la mesure o\u00f9 elle se sera d\u00e9barrass\u00e9e des multiples nuances de la pens\u00e9e et de l&rsquo;action juive, lib\u00e9ration de la France.<\/p>\n<p style=\"text-align: right;\">Paul Riche<\/p>\n","protected":false},"excerpt":{"rendered":"<p>L&rsquo;Allemagne a pr\u00e9cis\u00e9, par la bouche de son ministre, M. Rahu, sa position vis-\u00e0-vis de la France. En substance, l&rsquo;invitation qui nous est faite est formelle : \u00ab Qui n&rsquo;est pas avec nous est contre nous. Seuls les actes comptent &hellip; <a href=\"https:\/\/monperejeanmamy.fr\/?page_id=689\">Continuer la lecture <span class=\"meta-nav\">&rarr;<\/span><\/a><\/p>\n","protected":false},"author":2,"featured_media":422,"parent":0,"menu_order":0,"comment_status":"closed","ping_status":"closed","template":"","meta":[],"folder":[],"_links":{"self":[{"href":"https:\/\/monperejeanmamy.fr\/index.php?rest_route=\/wp\/v2\/pages\/689"}],"collection":[{"href":"https:\/\/monperejeanmamy.fr\/index.php?rest_route=\/wp\/v2\/pages"}],"about":[{"href":"https:\/\/monperejeanmamy.fr\/index.php?rest_route=\/wp\/v2\/types\/page"}],"author":[{"embeddable":true,"href":"https:\/\/monperejeanmamy.fr\/index.php?rest_route=\/wp\/v2\/users\/2"}],"replies":[{"embeddable":true,"href":"https:\/\/monperejeanmamy.fr\/index.php?rest_route=%2Fwp%2Fv2%2Fcomments&post=689"}],"version-history":[{"count":1,"href":"https:\/\/monperejeanmamy.fr\/index.php?rest_route=\/wp\/v2\/pages\/689\/revisions"}],"predecessor-version":[{"id":690,"href":"https:\/\/monperejeanmamy.fr\/index.php?rest_route=\/wp\/v2\/pages\/689\/revisions\/690"}],"wp:featuredmedia":[{"embeddable":true,"href":"https:\/\/monperejeanmamy.fr\/index.php?rest_route=\/wp\/v2\/media\/422"}],"wp:attachment":[{"href":"https:\/\/monperejeanmamy.fr\/index.php?rest_route=%2Fwp%2Fv2%2Fmedia&parent=689"}],"wp:term":[{"taxonomy":"folder","embeddable":true,"href":"https:\/\/monperejeanmamy.fr\/index.php?rest_route=%2Fwp%2Fv2%2Ffolder&post=689"}],"curies":[{"name":"wp","href":"https:\/\/api.w.org\/{rel}","templated":true}]}}