{"id":699,"date":"2021-02-25T15:15:29","date_gmt":"2021-02-25T14:15:29","guid":{"rendered":"http:\/\/monperejeanmamy.fr\/?page_id=699"},"modified":"2021-02-25T15:15:29","modified_gmt":"2021-02-25T14:15:29","slug":"le-juif-et-la-personne-humaine","status":"publish","type":"page","link":"https:\/\/monperejeanmamy.fr\/?page_id=699","title":{"rendered":"Le Juif et la \u00ab personne humaine \u00bb"},"content":{"rendered":"<p><img loading=\"lazy\" class=\"aligncenter size-full wp-image-678\" src=\"http:\/\/monperejeanmamy.fr\/wp-content\/uploads\/2021\/02\/Le-Juif-et-la-personne-humaine-scaled.jpg\" alt=\"\" width=\"2560\" height=\"1606\" srcset=\"https:\/\/monperejeanmamy.fr\/wp-content\/uploads\/2021\/02\/Le-Juif-et-la-personne-humaine-scaled.jpg 2560w, https:\/\/monperejeanmamy.fr\/wp-content\/uploads\/2021\/02\/Le-Juif-et-la-personne-humaine-300x188.jpg 300w, https:\/\/monperejeanmamy.fr\/wp-content\/uploads\/2021\/02\/Le-Juif-et-la-personne-humaine-1024x642.jpg 1024w, https:\/\/monperejeanmamy.fr\/wp-content\/uploads\/2021\/02\/Le-Juif-et-la-personne-humaine-768x482.jpg 768w, https:\/\/monperejeanmamy.fr\/wp-content\/uploads\/2021\/02\/Le-Juif-et-la-personne-humaine-1536x964.jpg 1536w, https:\/\/monperejeanmamy.fr\/wp-content\/uploads\/2021\/02\/Le-Juif-et-la-personne-humaine-2048x1285.jpg 2048w, https:\/\/monperejeanmamy.fr\/wp-content\/uploads\/2021\/02\/Le-Juif-et-la-personne-humaine-478x300.jpg 478w\" sizes=\"(max-width: 2560px) 100vw, 2560px\" \/><\/p>\n<p style=\"text-align: justify;\">Une campagne de presse et de chaire a commenc\u00e9 imprudemment, la semaine derni\u00e8re, dans certains recoins des deux zones (recoins de ghetto \u00e0 fa\u00e7ade de sacristie). Quelques gaullistes dissimul\u00e9s sous la soutane s&rsquo;ing\u00e9nient \u00e0 donner de la voix contre les mesures antijuives prises par le gouvernement. Voici maintenant que la chaire plaint les Juifs publiquement, pleure leur pr\u00e9tendue mis\u00e8re, se lamente avec eux sur leur malheur suppos\u00e9. Rompant, sans autorisation, avec toutes les glorieuses traditions antis\u00e9mites de l&rsquo;\u00c9glise, quelques excit\u00e9s, barrette, calotte ou mitre en t\u00eate, font de la propagande d\u00e9magogique en faveur de l&rsquo;\u00e9ternel parasite. Et la foule de b\u00e9er. Et nos pasteurs de r\u00e9pandre le poison. Et la presse, aux ordres de ces protecteurs de rabbins d&#8217;embo\u00eeter le pas, nous rab\u00e2chant les oreilles du dogme cher \u00e0 cet ineffable imb\u00e9cile de Jacques Maritain : la d\u00e9fense de la sacro-sainte \u00ab personne humaine \u00bb.<\/p>\n<p style=\"text-align: justify;\">Tout ceci cache des int\u00e9r\u00eats sordides. Les bons chr\u00e9tiens, indign\u00e9s, commencent \u00e0 murmurer. On rencontre le Juif, encore le Juif, et toujours lui, muni d&rsquo;un certificat de bapt\u00eame qui est une bonne carte d&rsquo;identit\u00e9 pour p\u00e9n\u00e9trer dans la cit\u00e9 aryo-chr\u00e9tienne. Dans un excellent article, la semaine derni\u00e8re, notre confr\u00e8re Gringoire r\u00e9v\u00e9lait que pr\u00e8s de 2.500.000 isra\u00e9lites avaient envahi les villes et la campagne fran\u00e7aises. Voil\u00e0 la v\u00e9ritable cause du malaise profond que nous ressentons quand nous passons de l&rsquo;autre c\u00f4t\u00e9 de la ligne de d\u00e9marcation. Nous n&rsquo;imaginions pas \u00e0 quel point nous \u00e9tions en zone ghetto.<\/p>\n<p style=\"text-align: justify;\">Que les \u00e9v\u00e9nements aient repouss\u00e9 dans ce coin d&rsquo;Europe toute la racaille d&rsquo;Isra\u00ebl, voil\u00e0 qui \u00e9tait pour la France un probl\u00e8me plus ou moins facile \u00e0 r\u00e9soudre, mais, n\u00e9anmoins, un probl\u00e8me clair. Il fallait prendre des mesures g\u00e9n\u00e9rales rigoureuses, emp\u00eacher cette population s\u00e9mite de s&rsquo;infiltrer dans le peuple, d\u2019y exercer une propagande nocive, d\u2019accaparer les produits du sol, d\u2019organiser le march\u00e9 noir. Il fallait cr\u00e9er de vastes camps de concentration et, faute de pouvoir les exporter dans des colonies \u00e0 d\u00e9fricher, employer les Juifs aux travaux agricoles sous la direction s\u00e9v\u00e8re de fonctionnaires avertis. On aurait pu r\u00e9ussir, \u00e0 la longue, \u00e0 utiliser un peu cette masse grouillante d&rsquo;H\u00e9breux, \u00e0 lui faire produire une partie de sa nourriture. \u00c7&rsquo;aurait \u00e9t\u00e9 la moindre justice pour les Fran\u00e7ais qui supportent \u00e0 l&rsquo;heure actuelle 2.500.000 bouches inutiles mangeant, non seulement une partie du pain national, mais soufflant dans toutes les oreilles des propos empoisonneurs, pr\u00e9cipitant, par leurs astuces, les honn\u00eates Aryens \u00e0 la ruine. Le cancer juif, en France, est un mal urgent \u00e0 op\u00e9rer. Il faut un chirurgien r\u00e9solu.<\/p>\n<p style=\"text-align: justify;\">Nous voici loin des pr\u00e9dications imb\u00e9ciles de quelques pasteurs ignares sur l&rsquo;intangibilit\u00e9 de la \u00ab personne humaine \u00bb. C&rsquo;est une curieuse th\u00e9orie, discutable en tous points, que de vouloir attribuer \u00e0 chaque personne humaine des droits \u00e9gaux. On se demande pourquoi certaines gens d&rsquo;\u00c9glise \u2014toujours en retard de 200 ans sur la science m\u00e9taphysique ou physique\u2014 s&rsquo;int\u00e9ressent, tout \u00e0 coup, au sort d\u2019une \u00ab personne humaine \u00bb qu&rsquo;ils n\u00e9gligeaient si bien lors des guerres de la R\u00e9forme ou sous l&rsquo;Inquisition. On nous la baille belle avec \u00ab la personne humaine \u00bb. S&rsquo;il s&rsquo;agissait de millions d\u2019Aryens, nos pr\u00e9dicateurs ne feraient pas tant de bruit. Mais il s&rsquo;agit d&rsquo;une poign\u00e9e de Juifs qu&rsquo;on pr\u00e9tend faire travailler un peu. Toutes les cloches s\u00e9mitiques se mettent en branle : on pers\u00e9cute \u00ab la personne humaine \u00bb.<\/p>\n<p style=\"text-align: justify;\">Nous n&rsquo;avons pas la m\u00eame opinion de l&rsquo;humanit\u00e9 que ces docteurs en herbe qui se complaisent tout \u00e0 coup sous le couvert de l&rsquo;\u00c9glise, \u00e0 faire \u0153uvre r\u00e9volutionnaire juive en infiltrant dans la soci\u00e9t\u00e9 aryenne le poison de l&rsquo;\u00e9galit\u00e9 entre les races et entre les hommes. Et ces docteurs, qui ne connaissent rien \u00e0 la r\u00e9alit\u00e9 divine, confondent volontairement \u00ab homme \u00bb et \u00ab humain \u00bb, pr\u00e9tendant faire passer la forme pour l&rsquo;individu, la caricature mat\u00e9rielle pour l\u2019\u00eatre r\u00e9el, la \u00ab personne humaine \u00bb pour la \u00ab personne divine \u00bb.<\/p>\n<p style=\"text-align: justify;\">Nous vivons sur un plan terrestre o\u00f9 nous sommes forc\u00e9s de constater des diff\u00e9rences, des \u00ab s\u00e9ries \u00bb de races, de classifications en m\u00eame temps que des imperfections. Il y a dans chaque s\u00e9rie de bons et mauvais \u00e9l\u00e9ments. Tous les animaux, tous les v\u00e9g\u00e9taux ne sont pas utiles. Beaucoup m\u00eame sont nuisibles. Si \u00ab l&rsquo;ordre \u00bb divin apport\u00e9 par les hommes et, en particulier, par les blancs, ne r\u00e9duisait par les prolif\u00e9rations monstrueuses de la nature, la terre serait vite r\u00e9duite au chaos et \u00e0 la d\u00e9vastation. C&rsquo;est parce que pied \u00e0 pied, les grands conqu\u00e9rants, les grands conducteurs de peuples ont combattu l&rsquo;effrayante multiplicit\u00e9 des envahissements v\u00e9g\u00e9taux, animaux et humains, que la terre du XX\u00e8me si\u00e8cle chr\u00e9tien peut esp\u00e9rer concevoir un ordre plus stable. Si nous retombions, par fatalit\u00e9, dans les torpeurs des si\u00e8cles libertaires, nous verrions o\u00f9 nous conduirait le m\u00e9tissage des hommes, des b\u00eates et des lianes.<\/p>\n<p style=\"text-align: justify;\">Il faut traiter l&rsquo;humanit\u00e9 comment on traite la for\u00eat vierge. Par le feu, par la hache, et par le choix. La civilisation, c&rsquo;est le d\u00e9frichage. La pr\u00e9dication est inutile l\u00e0 o\u00f9 le gros \u0153uvre n&rsquo;est pas fait. On ne pr\u00eache pas devant la brousse, o\u00f9 courent les tigres, les serpents et les b\u00eates f\u00e9roces, o\u00f9 grouille la vermine, o\u00f9 pullulent les moustiques. On ne fait pas les pri\u00e8res pour la conservation des nu\u00e9es de sauterelles, des bandes de rats, des \u00e9pid\u00e9mies de phyllox\u00e9ra. On ne consid\u00e8re pas comme \u00ab enfants de Dieu \u00bb comme intangibles, comme sacr\u00e9s, tous les miasmes, tous les insectes d\u00e9vorants, tous les parasites, toute la sauvagerie de la terre. Ce n&rsquo;est pas l\u00e0 la cr\u00e9ation, mais l&rsquo;ombre qui la recouvre. Dieu, le principe absolu de perfection, n&rsquo;a pas cr\u00e9\u00e9 le d\u00e9sordre. Pourquoi, tout \u00e0 coup, au nom de l&rsquo;ordre, d\u00e9fendre une \u00ab personne humaine \u00bb qui est n\u00e9e du chaos ?<\/p>\n<p style=\"text-align: justify;\">Le Juif est \u00e0 ranger parmi les \u00e9l\u00e9ments inutiles de la terre o\u00f9, seul, l&rsquo;homme blanc apporte l&rsquo;ordre. Il fait parti de la mauvaise herbe \u00e0 br\u00fbler, des animaux dangereux ou nuisibles \u00e0 d\u00e9truire, des insectes d\u00e9vorants ou des fauves, de la for\u00eat vierge. C&rsquo;est pourquoi l&rsquo;on s&rsquo;\u00e9tonne que des pr\u00e9lats compromettent la splendeur de leur robe en d\u00e9vidant, du haut de la chaire, des inepties grossi\u00e8res. L&rsquo;\u00c9glise, si elle veut durer, devra retrouver son esprit cr\u00e9atif aryen du magnifique moyen \u00e2ge. Alors, les papes en t\u00eate, savaient coincer le Juif dans son ghetto. Le mal \u00e9tait musel\u00e9. On ne d\u00e9livrait pas les b\u00eates puantes pour les lancer dans la foule civilis\u00e9e.<\/p>\n<p style=\"text-align: justify;\">Au lieu de s&rsquo;int\u00e9resser \u00e0 ces b\u00eatises s\u00e9niles, nos pr\u00e9dicateurs feraient mieux de consacrer leurs talents \u00e0 soutenir des causes plus justes. On attend encore, depuis des ann\u00e9es, les paroles qu&rsquo;il faut, pour condamner les massacres d&rsquo;hommes blancs organis\u00e9s par les Juifs, ou par les masses enfi\u00e9vr\u00e9es de paroles juives. On attend que du haut de ces chaires, on rappelle que, depuis trente ans, des millions et des millions d&rsquo;Europ\u00e9ens, Aryens, blancs, sont morts tu\u00e9s par des brutes assassines jud\u00e9o-bolcheviques. On attend que la barrette, la calotte, la mitre ou la tiare fulminent contre les assassins de pr\u00eatres espagnols, contre les d\u00e9trousseurs de cadavres de religieuses ; on attend que ce clerg\u00e9 pros\u00e9mite d\u00e9nonce, avec vigueur, la barbarie jud\u00e9o-am\u00e9ricaine, le mercantilisme anglais qui pr\u00e9tend r\u00e9duire le monde \u00e0 l&rsquo;adoration de l&rsquo;\u00e9talon veau d&rsquo;or ; on attend que des pr\u00eatres, en chaire, parlent des deux cent mille morts fran\u00e7ais jet\u00e9s dans la tombe par Mandel, Blum et la jud\u00e9o-ma\u00e7onnerie ; on attend que des l\u00e8vres chr\u00e9tiennes condamnent l&rsquo;agression de Mers-el-K\u00e9bir, de Dakar, de la Syrie, de Diego-Suarez, o\u00f9 coula le sang vie de blanc de nos marins bretons, de nos nationaux ; on attend qu&rsquo;un courageux \u00e9v\u00eaque tonne contre l&rsquo;Angleterre de Churchill, contre l&rsquo;Am\u00e9rique de Roosevelt qui massacrent cent quarante civils \u00e0 Rouen, qui tuent trente Fran\u00e7ais \u00e0 Blois, qui \u00e9crasent nos villes et nos villages, qui organisent, chez nous, la guerre civile, la r\u00e9volte et la famine ; on attend que la chr\u00e9tient\u00e9 aryenne se tourne contre l\u2019antichr\u00e9tien, oppose son ordre \u00e0 la barbarie d\u00e9mocratique ; on attend que des paroles de sant\u00e9 et de justice soient prononc\u00e9es contre les infirmes de l&rsquo;esprit et les injustes ; on attend que le bapt\u00eame soit r\u00e9serv\u00e9 \u00e0 ceux qui en sont dignes et non \u00e0 ceux qui l\u2019ach\u00e8tent ; on attend que l&rsquo;\u00c9glise se rappelle sa mission universelle.<\/p>\n<p style=\"text-align: justify;\">Mais il semble qu&rsquo;on ne doive plus esp\u00e9rer, car, chass\u00e9s de la politique et du commerce, le Juif a trouv\u00e9 son refuge dans certaines sacristies, et il monte en chaire, sous la mitre, pour continuer son \u0153uvre diabolique. Il faudra chasser le diable sous tous ses d\u00e9guisements. C&rsquo;est prot\u00e9ger \u00e0 la fois la chr\u00e9tient\u00e9, l&rsquo;ordre occidental et l&rsquo;humanisme aryen.<\/p>\n<p style=\"text-align: right;\">Paul Riche<\/p>\n","protected":false},"excerpt":{"rendered":"<p>Une campagne de presse et de chaire a commenc\u00e9 imprudemment, la semaine derni\u00e8re, dans certains recoins des deux zones (recoins de ghetto \u00e0 fa\u00e7ade de sacristie). Quelques gaullistes dissimul\u00e9s sous la soutane s&rsquo;ing\u00e9nient \u00e0 donner de la voix contre les &hellip; <a href=\"https:\/\/monperejeanmamy.fr\/?page_id=699\">Continuer la lecture <span class=\"meta-nav\">&rarr;<\/span><\/a><\/p>\n","protected":false},"author":2,"featured_media":422,"parent":0,"menu_order":0,"comment_status":"closed","ping_status":"closed","template":"","meta":[],"folder":[],"_links":{"self":[{"href":"https:\/\/monperejeanmamy.fr\/index.php?rest_route=\/wp\/v2\/pages\/699"}],"collection":[{"href":"https:\/\/monperejeanmamy.fr\/index.php?rest_route=\/wp\/v2\/pages"}],"about":[{"href":"https:\/\/monperejeanmamy.fr\/index.php?rest_route=\/wp\/v2\/types\/page"}],"author":[{"embeddable":true,"href":"https:\/\/monperejeanmamy.fr\/index.php?rest_route=\/wp\/v2\/users\/2"}],"replies":[{"embeddable":true,"href":"https:\/\/monperejeanmamy.fr\/index.php?rest_route=%2Fwp%2Fv2%2Fcomments&post=699"}],"version-history":[{"count":1,"href":"https:\/\/monperejeanmamy.fr\/index.php?rest_route=\/wp\/v2\/pages\/699\/revisions"}],"predecessor-version":[{"id":700,"href":"https:\/\/monperejeanmamy.fr\/index.php?rest_route=\/wp\/v2\/pages\/699\/revisions\/700"}],"wp:featuredmedia":[{"embeddable":true,"href":"https:\/\/monperejeanmamy.fr\/index.php?rest_route=\/wp\/v2\/media\/422"}],"wp:attachment":[{"href":"https:\/\/monperejeanmamy.fr\/index.php?rest_route=%2Fwp%2Fv2%2Fmedia&parent=699"}],"wp:term":[{"taxonomy":"folder","embeddable":true,"href":"https:\/\/monperejeanmamy.fr\/index.php?rest_route=%2Fwp%2Fv2%2Ffolder&post=699"}],"curies":[{"name":"wp","href":"https:\/\/api.w.org\/{rel}","templated":true}]}}