{"id":704,"date":"2021-02-25T15:18:25","date_gmt":"2021-02-25T14:18:25","guid":{"rendered":"http:\/\/monperejeanmamy.fr\/?page_id=704"},"modified":"2021-02-25T15:18:25","modified_gmt":"2021-02-25T14:18:25","slug":"les-republicains-porteront-ils-letoile-jaune","status":"publish","type":"page","link":"https:\/\/monperejeanmamy.fr\/?page_id=704","title":{"rendered":"Les R\u00e9publicains porteront-ils l\u2019\u00e9toile jaune ?"},"content":{"rendered":"<p><img loading=\"lazy\" class=\"aligncenter size-full wp-image-679\" src=\"http:\/\/monperejeanmamy.fr\/wp-content\/uploads\/2021\/02\/Les-republicains-porteront-ils-l-etoile-jaune-scaled.jpg\" alt=\"\" width=\"2560\" height=\"1262\" srcset=\"https:\/\/monperejeanmamy.fr\/wp-content\/uploads\/2021\/02\/Les-republicains-porteront-ils-l-etoile-jaune-scaled.jpg 2560w, https:\/\/monperejeanmamy.fr\/wp-content\/uploads\/2021\/02\/Les-republicains-porteront-ils-l-etoile-jaune-300x148.jpg 300w, https:\/\/monperejeanmamy.fr\/wp-content\/uploads\/2021\/02\/Les-republicains-porteront-ils-l-etoile-jaune-1024x505.jpg 1024w, https:\/\/monperejeanmamy.fr\/wp-content\/uploads\/2021\/02\/Les-republicains-porteront-ils-l-etoile-jaune-768x379.jpg 768w, https:\/\/monperejeanmamy.fr\/wp-content\/uploads\/2021\/02\/Les-republicains-porteront-ils-l-etoile-jaune-1536x757.jpg 1536w, https:\/\/monperejeanmamy.fr\/wp-content\/uploads\/2021\/02\/Les-republicains-porteront-ils-l-etoile-jaune-2048x1010.jpg 2048w, https:\/\/monperejeanmamy.fr\/wp-content\/uploads\/2021\/02\/Les-republicains-porteront-ils-l-etoile-jaune-500x247.jpg 500w\" sizes=\"(max-width: 2560px) 100vw, 2560px\" \/><\/p>\n<p style=\"text-align: justify;\">Tout le vieux clan petit-bourgeois ma\u00e7onnique, toute la vieille racaille parlementaire, tous les socialistes marxistes qui ont d\u00e9terr\u00e9 Jaur\u00e8s, sa barbe, son ventre et son verbe creux, r\u00e9clament \u00e0 grands hurlements d\u00e9mocratiques le r\u00e9tablissement du d\u00e9funt r\u00e9gime, o\u00f9 ils tripot\u00e8rent dans les deniers publics, et o\u00f9 il manipul\u00e8rent l\u2019\u00e9lecteur.<\/p>\n<p style=\"text-align: justify;\">Or, la R\u00e9publique \u2014qu&rsquo;elle soit III<sup>\u00e8me<\/sup> ou IV<sup>\u00e8me<\/sup>\u2014 est le r\u00e8gne du Juif.<br \/>\nLe r\u00e9gime \u00e9lectoral est le triomphe du Juif.<br \/>\nLa d\u00e9mocratie, c&rsquo;est le Juif au pouvoir.<\/p>\n<p style=\"text-align: justify;\">Voyez Dreyfus, voyait Blum, voyez Roosevelt et sa horde youire, voyez le comit\u00e9 de la L.I.C.A.<\/p>\n<p style=\"text-align: justify;\">Donc, \u00eatre r\u00e9publicain, c&rsquo;est \u00eatre pour le Juif. R\u00e9clamer la r\u00e9publique, c\u2019est vouloir le retour des Juifs et leur mainmise totale sur la France (pour l&rsquo;Europe on verra plus tard).<\/p>\n<p style=\"text-align: justify;\">Dans l&rsquo;esprit de ses ex-dirigeants marxistes qui continuent impun\u00e9ment leur propagande antifasciste il n&rsquo;est pas question d&rsquo;autre chose que d&rsquo;associer comme avant le Juif aux travaux des Fran\u00e7ais, et de continuer l&rsquo;\u0153uvre autre pays autrefois dans les loges ou aux c\u00f4t\u00e9s de Bernard Lecache .<\/p>\n<p style=\"text-align: justify;\">Tous les anciens collaborateurs de L\u00e9on Blum, tous les juda\u00efsants, tous les ex-ministres ou d\u00e9put\u00e9s du Front popu, tous ceux qui r\u00e9clament aujourd&rsquo;hui la IV\u00e8me R\u00e9publique, n&rsquo;ont-ils pas droit, pour l&rsquo;heure action pr\u00e9sente ou pass\u00e9e au titre de \u00ab Juif d\u2019honneur \u00bb ?<\/p>\n<p style=\"text-align: justify;\">Et, comme tels, ne devraient-ils pas porter l&rsquo;\u00e9toile jaune ?<\/p>\n<p style=\"text-align: justify;\">La question doit \u00eatre pos\u00e9e s\u00e9rieusement.<\/p>\n<p style=\"text-align: justify;\">Une \u00e9toile jaune sp\u00e9ciale \u2014bien entendu avec filets tricolores, et inscriptions diff\u00e9rentes : on pourrait mettre par exemple, \u00e0 la place de \u00ab Juif \u00bb le nom du propri\u00e9taire de ladite \u00e9toile.<\/p>\n<p style=\"text-align: justify;\">Ce serait un plaisir de voir ainsi nos r\u00e9publicains arborer sur leur poitrine l&rsquo;\u00e9toile de leurs convictions.<\/p>\n<p style=\"text-align: justify;\">Il y en a m\u00eame qui devraient ajouter \u00e0 leur bras une \u00e9querre et un compas ma\u00e7onnique, pour avoir \u00e9crit depuis peu tant de plaidoyers en faveur des Trois Points.<\/p>\n<p style=\"text-align: justify;\">Ainsi les grotesques seraient complets.<\/p>\n<p style=\"text-align: justify;\">\u00c0 chacun son symbole.<\/p>\n<p style=\"text-align: justify;\">On ne pense pas que cette id\u00e9e ait pour eux quelque chose de choquant. Il est tout \u00e0 fait naturel d&rsquo;arborer le drapeau de ses pr\u00e9f\u00e9rences sur les parties saillantes de son individu.<\/p>\n<p style=\"text-align: justify;\">D&rsquo;autant plus qu&rsquo;il serait tout pr\u00eats \u2014en cas de victoire anglaise (Hum ! Hum !) pour affirmer qu&rsquo;ils n&rsquo;ont jamais cess\u00e9 de pr\u00f4ner le bon r\u00e9gime youtr\u00e9o-d\u00e9mocratique \u2014t\u00e9moin les insignes dont ils furent rev\u00eatus.<\/p>\n<p style=\"text-align: justify;\">En cas de victoire allemande (ce qui ne semble un peu plus probable !), Lesdits insignes continueraient \u00e0 d\u00e9finir l&rsquo;insanit\u00e9 ambulante des individus tar\u00e9s dont les \u00e9lecteurs fran\u00e7ais firent des d\u00e9put\u00e9s et des ministres.<\/p>\n<p style=\"text-align: justify;\">On aurait plus qu&rsquo;\u00e0 leur ajouter sur la partie charnue de leur quant-\u00e0-soi, l&#8217;empreinte symbolique d&rsquo;une semelle clout\u00e9e.<\/p>\n<p style=\"text-align: justify;\">Ext\u00e9riorisation totale de leur pens\u00e9e.<\/p>\n<p style=\"text-align: justify;\">Ainsi seraient r\u00e9gl\u00e9e, d\u00e9finitivement, la question r\u00e9publicaine en France.<\/p>\n<p style=\"text-align: justify;\">Quant au peuple, c&rsquo;est autre chose ; il n&rsquo;a pas besoin de ces vieux pantins cracheurs d&rsquo;imb\u00e9cillit\u00e9s.<\/p>\n<p style=\"text-align: justify;\">Il lui faut du travail, une organisation sociale, la s\u00e9curit\u00e9 \u00e0 l&rsquo;int\u00e9rieur et \u00e0 l&rsquo;ext\u00e9rieur, un salaire convenable. Pour acqu\u00e9rir tous ces avantages l\u00e9gitimes, il n&rsquo;est pas utile de passer par des mandataires qui viennent lui promettre la lune et lui expliquer quatre ans apr\u00e8s, pourquoi ils ne l&rsquo;ont pas d\u00e9croch\u00e9e.<\/p>\n<p style=\"text-align: justify;\">La R\u00e9publique, c&rsquo;est la promesse juive \u2014le paradis terrestre, la rente inamovible, le communisme et autre blumeries.<\/p>\n<p style=\"text-align: justify;\">Il faut \u00eatre fou, inconscient, ou particuli\u00e8rement hypocrite pour nous reproposer le petit r\u00e9gime \u00e9lectoral d&rsquo;avant, avec les m\u00eames hommes \u00e0 la t\u00eate, les m\u00eames mots, les m\u00eames vices.<\/p>\n<p style=\"text-align: justify;\">Et qu&rsquo;on ne vienne pas nous traiter d&rsquo;inf\u00e2mes petits fascistes d\u2019extr\u00eame-droite, de galopins du faubourg Saint-Germain ! Le temps est pass\u00e9 o\u00f9 les salopards r\u00e9publicains pouvaient baver \u00e0 peu de frais sur la meilleure \u00e9lite de la jeunesse fran\u00e7aise. Il se trouve justement que, m\u00eal\u00e9s \u00e0 cette jeunesse, qui fut de droite, sont aujourd&rsquo;hui d&rsquo;anciens militants d\u00e9sabus\u00e9s qui furent de gauche. Ce sont ces militants, sinc\u00e8rement d\u00e9vou\u00e9s au peuple, qui sont parmi les plus enrag\u00e9s antir\u00e9publicains. Apr\u00e8s avoir vu les chefs socialistes, n\u00e9os ou radicaux, nous mener \u00e0 la d\u00e9b\u00e2cle des id\u00e9es, des m\u0153urs et des institutions, nous ne voulons plus aujourd&rsquo;hui ni d\u2019eux ni de leurs dogmes. C&rsquo;est parce que nous avons d\u00e9couvert ces anticapitalistes verbeux, qui se prosternaient au pied de tous les capitalismes, ces socialistes amoureux de toutes les combines parlementaires que nous nous refusons \u00e0 les \u00e9couter davantage maintenant que preuve est d\u00e9finitivement faite de leur nocivit\u00e9. Ce sont les troupes de gauche qui vomissent les chefs de gauche. Il a fallu aux gens de gauche et gens de droite un certain courage, une certaine souplesse, pour accomplir leur synth\u00e8se. Mais le fait est acquis que les nouveaux partisans d&rsquo;une unit\u00e9 fran\u00e7aise bas\u00e9e sur l&rsquo;esprit communautaire r\u00e9pugnent autant au conservatisme qu&rsquo;\u00e0 la R\u00e9publique, les deux \u00e9tant s\u00e9niles est empreints de juda\u00efsme. La d\u00e9mocratie bourgeoise est morte, de Thorez \u00e0 Louis Marin .<\/p>\n<p style=\"text-align: justify;\">Portez votre \u00e9toile jaune sur la poitrine, vos cornes sur le front et votre honte au visage, messieurs les R\u00e9publicains, phraseurs et h\u00e2bleurs, mais laissez les Fran\u00e7ais en paix \u2014ou prenez garde qu&rsquo;ils se f\u00e2chent !<\/p>\n<p style=\"text-align: justify;\">Ni le peuple, ni la jeunesse, nous vous suivrons. Les panneaux \u00e9lectoraux n&rsquo;int\u00e9ressent plus personne. Ils contenaient trop de promesses qui nous conduisaient \u00e0 une catastrophe dont la France se rel\u00e8vera, esp\u00e9rons-le ! Mais dont vous \u2014hommes au verbe creux\u2014 vous ne vous rel\u00e8verez jamais \u2014vous ni vos Juifs.<\/p>\n<p style=\"text-align: justify;\">Nous r\u00e9clamons l&rsquo;\u00e9toile jaune pour les \u00ab Juifs d\u2019honneur \u00bb : tous les chauves de la d\u00e9mocratie, tous les chevelus du marxisme.<\/p>\n<p style=\"text-align: justify;\">R\u00e9publique, ce m\u00e9lange des races, des classes et des id\u00e9es = Juif.<\/p>\n<p style=\"text-align: justify;\">Les r\u00e9publicains doivent donc porter l&rsquo;insigne \u00e0 six branches.<\/p>\n<p style=\"text-align: right;\">Paul Riche<\/p>\n","protected":false},"excerpt":{"rendered":"<p>Tout le vieux clan petit-bourgeois ma\u00e7onnique, toute la vieille racaille parlementaire, tous les socialistes marxistes qui ont d\u00e9terr\u00e9 Jaur\u00e8s, sa barbe, son ventre et son verbe creux, r\u00e9clament \u00e0 grands hurlements d\u00e9mocratiques le r\u00e9tablissement du d\u00e9funt r\u00e9gime, o\u00f9 ils tripot\u00e8rent &hellip; <a href=\"https:\/\/monperejeanmamy.fr\/?page_id=704\">Continuer la lecture <span class=\"meta-nav\">&rarr;<\/span><\/a><\/p>\n","protected":false},"author":2,"featured_media":422,"parent":0,"menu_order":0,"comment_status":"closed","ping_status":"closed","template":"","meta":[],"folder":[],"_links":{"self":[{"href":"https:\/\/monperejeanmamy.fr\/index.php?rest_route=\/wp\/v2\/pages\/704"}],"collection":[{"href":"https:\/\/monperejeanmamy.fr\/index.php?rest_route=\/wp\/v2\/pages"}],"about":[{"href":"https:\/\/monperejeanmamy.fr\/index.php?rest_route=\/wp\/v2\/types\/page"}],"author":[{"embeddable":true,"href":"https:\/\/monperejeanmamy.fr\/index.php?rest_route=\/wp\/v2\/users\/2"}],"replies":[{"embeddable":true,"href":"https:\/\/monperejeanmamy.fr\/index.php?rest_route=%2Fwp%2Fv2%2Fcomments&post=704"}],"version-history":[{"count":1,"href":"https:\/\/monperejeanmamy.fr\/index.php?rest_route=\/wp\/v2\/pages\/704\/revisions"}],"predecessor-version":[{"id":705,"href":"https:\/\/monperejeanmamy.fr\/index.php?rest_route=\/wp\/v2\/pages\/704\/revisions\/705"}],"wp:featuredmedia":[{"embeddable":true,"href":"https:\/\/monperejeanmamy.fr\/index.php?rest_route=\/wp\/v2\/media\/422"}],"wp:attachment":[{"href":"https:\/\/monperejeanmamy.fr\/index.php?rest_route=%2Fwp%2Fv2%2Fmedia&parent=704"}],"wp:term":[{"taxonomy":"folder","embeddable":true,"href":"https:\/\/monperejeanmamy.fr\/index.php?rest_route=%2Fwp%2Fv2%2Ffolder&post=704"}],"curies":[{"name":"wp","href":"https:\/\/api.w.org\/{rel}","templated":true}]}}