{"id":709,"date":"2021-02-25T15:21:08","date_gmt":"2021-02-25T14:21:08","guid":{"rendered":"http:\/\/monperejeanmamy.fr\/?page_id=709"},"modified":"2021-02-25T15:21:08","modified_gmt":"2021-02-25T14:21:08","slug":"menaces-sur-la-france","status":"publish","type":"page","link":"https:\/\/monperejeanmamy.fr\/?page_id=709","title":{"rendered":"Menaces sur la France"},"content":{"rendered":"<p><img loading=\"lazy\" class=\"aligncenter size-full wp-image-680\" src=\"http:\/\/monperejeanmamy.fr\/wp-content\/uploads\/2021\/02\/Menace-sur-la-France-scaled.jpg\" alt=\"\" width=\"2560\" height=\"1291\" srcset=\"https:\/\/monperejeanmamy.fr\/wp-content\/uploads\/2021\/02\/Menace-sur-la-France-scaled.jpg 2560w, https:\/\/monperejeanmamy.fr\/wp-content\/uploads\/2021\/02\/Menace-sur-la-France-300x151.jpg 300w, https:\/\/monperejeanmamy.fr\/wp-content\/uploads\/2021\/02\/Menace-sur-la-France-1024x516.jpg 1024w, https:\/\/monperejeanmamy.fr\/wp-content\/uploads\/2021\/02\/Menace-sur-la-France-768x387.jpg 768w, https:\/\/monperejeanmamy.fr\/wp-content\/uploads\/2021\/02\/Menace-sur-la-France-1536x775.jpg 1536w, https:\/\/monperejeanmamy.fr\/wp-content\/uploads\/2021\/02\/Menace-sur-la-France-2048x1033.jpg 2048w, https:\/\/monperejeanmamy.fr\/wp-content\/uploads\/2021\/02\/Menace-sur-la-France-500x252.jpg 500w\" sizes=\"(max-width: 2560px) 100vw, 2560px\" \/><\/p>\n<p style=\"text-align: justify;\">Les renseignements que nous avons des man\u0153uvres gaullistes et communistes se recoupent identiquement du nord au sud de notre malheureux pays encore d\u00e9chir\u00e9 par les factions. Nous sommes menac\u00e9s aujourd&rsquo;hui, non plus seulement par la propagande subversive qui, pourrissant litt\u00e9ralement la grande majorit\u00e9 des Fran\u00e7ais, a r\u00e9ussi en deux ans \u00e0 les faire marcher quotidiennement contre leur int\u00e9r\u00eat national, mais par des actes insens\u00e9s et graves. Cette propagande a d\u00e9j\u00e0 commis tant de d\u00e9g\u00e2ts que nous ne pourrons les \u00e9valuer qu\u2019au trait\u00e9 de paix. On verra alors combien sages, prudentes, mod\u00e9r\u00e9es, \u00e9taient les violences des collaborationnistes qui, par tous les moyens de presse et de persuasion, ont cherch\u00e9 arracher leurs compatriotes \u00e0 leurs songes creux.<\/p>\n<p style=\"text-align: justify;\">Depuis juin 1940, le salut de la France \u00e9tait en elle-m\u00eame. Il y est encore. Des insens\u00e9s, de stupides ben\u00eats, voire des criminels, regardent vers l&rsquo;Angleterre, l&rsquo;Am\u00e9rique, ou la Russie pour y trouver un soutien. Que ne consid\u00e8rent-ils comme base de notre renaissance le courage patriotique, l&rsquo;intelligence intacte, les tr\u00e9sors traditionnels de patience, de volont\u00e9, d&rsquo;amour de notre sol et de notre race, tout ce qui fut et est encore la France ! C&rsquo;est ce spirituel, cette unit\u00e9 composite, cette \u00ab voix \u00bb et cet \u00ab acte \u00bb, \u00e9ternel et pr\u00e9cieux ferment de l&rsquo;Occident, que l&rsquo;Europe d&rsquo;aujourd&rsquo;hui r\u00e9clame de nous, qu&rsquo;elle nous supplie de retrouver pour nous et pour tous, dans l&rsquo;int\u00e9r\u00eat commun. Les Fran\u00e7ais n&rsquo;ont jamais manqu\u00e9 d&rsquo;esprit ni de c\u0153ur. Tout n&rsquo;est pas mort, ici, esp\u00e9rons-le. Il y va de notre avenir, de notre place future dans le monde, de la vie des prochaines g\u00e9n\u00e9rations, que nous ayons un sursaut suffisant d&rsquo;honneur et de bonne volont\u00e9. Non seulement notre vainqueur militaire nous a tendu la main ; par son exemple h\u00e9ro\u00efque, il nous a incit\u00e9 \u00e0 prendre rang \u00e0 ses c\u00f4t\u00e9s dans la grande croisade du XX<sup>\u00e8me<\/sup> si\u00e8cle contre le Juif et ses multiples forfaitures. Il fait bien confiance \u00e0 son agresseur d&rsquo;hier que de le traiter en futur associ\u00e9.<\/p>\n<p style=\"text-align: justify;\">En juin 1940, la France pouvait se relever d&rsquo;un seul bond miraculeux si elle avait trouv\u00e9 la force surprenante de retourner ses alliances en quelques jours et de lancer son arm\u00e9e encore chaude contre l&rsquo;Angleterre d\u00e9mente et rageuse. Mers-el-K\u00e9bir, Dakar, \u00e9taient des affronts suffisants pour que les patriotes clairvoyants suivissent les chefs militaires qui auraient tent\u00e9 de faire des Fran\u00e7ais des collaborateurs actifs de l&rsquo;Europe contre la juiverie britannique. Il fallait oser briser la cha\u00eene d&rsquo;esclavage qui nous liait \u00e0 Albion, la livre sterling, la banque am\u00e9ricaine, les amiti\u00e9s int\u00e9ress\u00e9es. Cela \u00e9tait possible, utile, n\u00e9cessaire. Nous avons manqu\u00e9 l&rsquo;occasion.<\/p>\n<p style=\"text-align: justify;\">Depuis cette erreur, le malaise grandit en France, car, faute d&rsquo;avoir pris position et risques en faveur de l&rsquo;Europe, nous supportons, d&rsquo;un c\u00f4t\u00e9, les pr\u00e9cautions normales prises par le vainqueur contre nous ; de l&rsquo;autre, tous les sabotages secrets que certains fran\u00e7ais \u00e9gar\u00e9s, complices d&rsquo;agents de l&rsquo;\u00e9tranger, ont pouss\u00e9s jusqu&rsquo;au crime. (L&rsquo;\u00e9tranger \u00e9tant tout ce qui rel\u00e8ve du Juif ou le prot\u00e8ge). Ces sabotages ont pris toutes les formes : ils vont depuis le chuchotement pervers jusqu&rsquo;aux attentats contre l&rsquo;occupant. Mais cette volont\u00e9 de nuire, cette haine atroce rev\u00eat une intensit\u00e9 particuli\u00e8rement grave depuis qu&rsquo;a surgi la derni\u00e8re invention diabolique de la propagande anglaise : le deuxi\u00e8me front o\u00f9 l&rsquo;on pr\u00e9tend jeter les Fran\u00e7ais.<\/p>\n<p style=\"text-align: justify;\">Ce deuxi\u00e8me front (qui aura, ou n&rsquo;aura pas, lieu \u2014nul ne sait) fut d\u00e9cid\u00e9, para\u00eet-il, il y a quelque temps entre Churchill, Roosevelt et Staline. Depuis lors tous les moyens furent mis en \u0153uvre par les anglo-am\u00e9ricains et les bolchevistes pour pousser les Fran\u00e7ais rest\u00e9s sur le sol natal \u00e0 constituer une arm\u00e9e de francs-tireurs destin\u00e9e \u00e0 g\u00eaner les Allemands par ses r\u00e9voltes et ses destructions.<\/p>\n<p style=\"text-align: justify;\">Passons aux cons\u00e9quences d&rsquo;un tel jeu : une r\u00e9volte en France attirerait sur tous une r\u00e9pression si forte que nous ne pouvons y songer sans nous indigner que des compatriotes abus\u00e9s aient pu risquer de la provoquer. La France n&rsquo;a-t-elle donc pas assez \u00e9t\u00e9 meurtrie pour qu&rsquo;on veuille la faire souffrir encore, pour qu&rsquo;on pense, de sang-froid, jeter des milliers des n\u00f4tres devant des mitrailleuses obligatoirement implacables, pour qu&rsquo;on ose verser le sang de notre jeunesse ou de nos hommes encore valides ?<\/p>\n<p style=\"text-align: justify;\">Et encore, si cette r\u00e9volte projet\u00e9e avait un sens moral ou utile quelconque ! Mais peut-on justifier les buts de ceux qui encouragent des Fran\u00e7ais \u00e0 attaquer dans le dos celui qui sera demain, sans nul doute, le grand organisateur pacifique de la nouvelle Europe ? Croit-on d\u00e9fendre la France quand on ob\u00e9it \u00e0 Londres, Moscou ou Radio-Isra\u00ebl ? Quand on veut prot\u00e9ger \u00e0 son corps d\u00e9fendant la finance internationale, la juiverie affam\u00e9e de sang aryen, l&rsquo;esprit de Judas, destructeur et cupide ? Ceux qui, communistes ou gaullistes, s&rsquo;intitulent patriotes \u00e0 tout venant, ne sont-ils pas en r\u00e9alit\u00e9 les soldats de l&rsquo;anarchie, les supp\u00f4ts du terrorisme, les tra\u00eetres \u00e0 notre race, nos ennemis ? Pis : nos fratricides ? Le temps est pass\u00e9 o\u00f9 nous croyions qu&rsquo;un foss\u00e9 de haine ou d&rsquo;incompr\u00e9hension s\u00e9parait la France et l&rsquo;Allemagne. Depuis que notre vainqueur s&rsquo;est d\u00e9voil\u00e9 comme le d\u00e9fenseur de l&rsquo;ordre occidental, nous sommes solidaires de ceux qui se battent sur tous les fronts europ\u00e9ens pour la lib\u00e9ration de la race blanche. Quoi qu&rsquo;on veuille, quoi qu&rsquo;on en pense \u00e0 Londres, Washington, Moscou, partout o\u00f9 le Juif est roi, la France fait partie de l&rsquo;Europe continentale. Sa position g\u00e9ographique conditionne sa position politique. Si les Fran\u00e7ais y veulent rentrer en jour en citoyens majeurs, \u00e0 \u00e9galit\u00e9 avec les autres peuples qui ont vers\u00e9 leur sang pour la construire, il faut qu&rsquo;ils cessent d\u00e8s \u00e0 pr\u00e9sent leurs sournoiseries, leurs bouderies, leurs radotages, leurs complots. Il faut que la France se ressaisisse et s&rsquo;\u00e9pure elle-m\u00eame. Les bons Fran\u00e7ais doivent faire la police contre les mauvais. La p\u00e9rennit\u00e9 de la France est \u00e0 ce prix. La moindre indulgence accord\u00e9e aux actes insens\u00e9s de nos apprentis meurtriers serait complicit\u00e9 du crime.<\/p>\n<p style=\"text-align: justify;\">Il n&rsquo;est pas agr\u00e9able de frapper des amis \u00e9gar\u00e9s. Mais s&rsquo;il le faut pour que la patrie vive, n&rsquo;h\u00e9sitons pas \u00e0 crever l&rsquo;abc\u00e8s. Mieux vaut mettre hors d&rsquo;\u00e9tat de nuire cinq mille meneurs gaullistes ou communistes qu\u2019ouvrir \u00e0 nouveau des \u00e9cluses de sans fran\u00e7ais innocent !<\/p>\n<p style=\"text-align: right;\">Paul Riche<\/p>\n","protected":false},"excerpt":{"rendered":"<p>Les renseignements que nous avons des man\u0153uvres gaullistes et communistes se recoupent identiquement du nord au sud de notre malheureux pays encore d\u00e9chir\u00e9 par les factions. Nous sommes menac\u00e9s aujourd&rsquo;hui, non plus seulement par la propagande subversive qui, pourrissant litt\u00e9ralement &hellip; <a href=\"https:\/\/monperejeanmamy.fr\/?page_id=709\">Continuer la lecture <span class=\"meta-nav\">&rarr;<\/span><\/a><\/p>\n","protected":false},"author":2,"featured_media":422,"parent":0,"menu_order":0,"comment_status":"closed","ping_status":"closed","template":"","meta":[],"folder":[],"_links":{"self":[{"href":"https:\/\/monperejeanmamy.fr\/index.php?rest_route=\/wp\/v2\/pages\/709"}],"collection":[{"href":"https:\/\/monperejeanmamy.fr\/index.php?rest_route=\/wp\/v2\/pages"}],"about":[{"href":"https:\/\/monperejeanmamy.fr\/index.php?rest_route=\/wp\/v2\/types\/page"}],"author":[{"embeddable":true,"href":"https:\/\/monperejeanmamy.fr\/index.php?rest_route=\/wp\/v2\/users\/2"}],"replies":[{"embeddable":true,"href":"https:\/\/monperejeanmamy.fr\/index.php?rest_route=%2Fwp%2Fv2%2Fcomments&post=709"}],"version-history":[{"count":1,"href":"https:\/\/monperejeanmamy.fr\/index.php?rest_route=\/wp\/v2\/pages\/709\/revisions"}],"predecessor-version":[{"id":710,"href":"https:\/\/monperejeanmamy.fr\/index.php?rest_route=\/wp\/v2\/pages\/709\/revisions\/710"}],"wp:featuredmedia":[{"embeddable":true,"href":"https:\/\/monperejeanmamy.fr\/index.php?rest_route=\/wp\/v2\/media\/422"}],"wp:attachment":[{"href":"https:\/\/monperejeanmamy.fr\/index.php?rest_route=%2Fwp%2Fv2%2Fmedia&parent=709"}],"wp:term":[{"taxonomy":"folder","embeddable":true,"href":"https:\/\/monperejeanmamy.fr\/index.php?rest_route=%2Fwp%2Fv2%2Ffolder&post=709"}],"curies":[{"name":"wp","href":"https:\/\/api.w.org\/{rel}","templated":true}]}}