{"id":719,"date":"2021-02-25T15:28:57","date_gmt":"2021-02-25T14:28:57","guid":{"rendered":"http:\/\/monperejeanmamy.fr\/?page_id=719"},"modified":"2021-02-25T15:28:57","modified_gmt":"2021-02-25T14:28:57","slug":"racisme-espoir-francais","status":"publish","type":"page","link":"https:\/\/monperejeanmamy.fr\/?page_id=719","title":{"rendered":"Racisme, espoir fran\u00e7ais"},"content":{"rendered":"<p><img loading=\"lazy\" class=\"aligncenter size-full wp-image-682\" src=\"http:\/\/monperejeanmamy.fr\/wp-content\/uploads\/2021\/02\/Racisme-espoir-francais-scaled.jpg\" alt=\"\" width=\"2560\" height=\"1455\" srcset=\"https:\/\/monperejeanmamy.fr\/wp-content\/uploads\/2021\/02\/Racisme-espoir-francais-scaled.jpg 2560w, https:\/\/monperejeanmamy.fr\/wp-content\/uploads\/2021\/02\/Racisme-espoir-francais-300x171.jpg 300w, https:\/\/monperejeanmamy.fr\/wp-content\/uploads\/2021\/02\/Racisme-espoir-francais-1024x582.jpg 1024w, https:\/\/monperejeanmamy.fr\/wp-content\/uploads\/2021\/02\/Racisme-espoir-francais-768x437.jpg 768w, https:\/\/monperejeanmamy.fr\/wp-content\/uploads\/2021\/02\/Racisme-espoir-francais-1536x873.jpg 1536w, https:\/\/monperejeanmamy.fr\/wp-content\/uploads\/2021\/02\/Racisme-espoir-francais-2048x1164.jpg 2048w, https:\/\/monperejeanmamy.fr\/wp-content\/uploads\/2021\/02\/Racisme-espoir-francais-500x284.jpg 500w\" sizes=\"(max-width: 2560px) 100vw, 2560px\" \/><\/p>\n<p style=\"text-align: justify;\">Quiconque aime son pays veut plus encore le prolongement de sa race que de l&rsquo;esprit qu&rsquo;elle cr\u00e9a. Il n&rsquo;est pas suffisant de savoir que telle ou telle mode de penser, telle philosophie, tels concepts ethniques survivront quelques si\u00e8cles \u00e0 travers les bouillonnements des recherches, les t\u00e2tonnements intellectuels, le flot des protub\u00e9rances verbeuses que chaque \u00e9poque apporte avec elle, comme la mer son \u00e9cume. Ce sont l\u00e0 d\u00e9sirs de po\u00e8te, fort louables, mais qui se limitent au plaisir d&rsquo;un d\u00e9licieux raffinement, \u00e0 la satisfaction de la forme parfaite de la pens\u00e9e. Celle-ci, bien qu&rsquo;elle semble l&rsquo;indispensable ferment de la qualit\u00e9 spirituelle de la nation, ne saurait \u00eatre \u00e0 elle seule le ressort vital aux g\u00e9n\u00e9rations futures, le sperme cr\u00e9ateur d\u2019o\u00f9 jailliront des hommes de contexture solide, \u00e9quilibr\u00e9e, qui maintiendront l&rsquo;avenir entre leurs mains viriles. Le grand tort des derniers si\u00e8cles fran\u00e7ais (influenc\u00e9s par tant de r\u00e9formes et contre-r\u00e9formes, de ma\u00e7onneries et d&rsquo;avilissements religieux candides), fut de n\u2019attacher d&rsquo;importance qu\u2019au spirituel pur, d\u00e9form\u00e9 jusqu&rsquo;\u00e0 l&rsquo;abstraction. Notre \u00e9ducation chr\u00e9tienne nous pousse \u00e0 acqu\u00e9rir la notion de l&rsquo;homme juste. Mais pour \u00e9chapper \u00e0 la grossi\u00e8ret\u00e9 de la nature humaine, on nous conduisait vers une d\u00e9mat\u00e9rialisation affaiblissante. Car force spirituelle \u00e9tait confondue avec faiblesse physique, extase inactive. Tout les occultismes ou les \u00e9sot\u00e9rismes tendaient \u00e0 ces pratiques. On nous enseignait la victoire de l&rsquo;esprit sur la chaire, condamnable. Mais, nos ma\u00eetres avaient confondu tout simplement la mati\u00e8re en soi, qui est m\u00e9canisme humain, et l&rsquo;ignorance mat\u00e9rialiste, qui est n\u00e9ant. La condition humaine semblait m\u00e9prisable parce qu&rsquo;elle \u00e9tait observ\u00e9e \u00e0 travers le tourment m\u00e9taphysique. Que ne la voyait-on \u00e0 travers le \u00ab d\u00e9veloppement anim\u00e9 \u00bb (dans le sens o\u00f9 anima veut dire vie, et non seulement \u00e2me). Sur le plan social, m\u00eame concept erron\u00e9 : pour corriger les erreurs possibles des soci\u00e9t\u00e9s et des gouvernements, il fallait que le dogme de l&rsquo;ordre traditionnel en contr\u00f4l\u00e2t les rouages. Et ce dogme, depuis deux mille ans que le juda\u00efsme christique a envahi l&rsquo;Occident, contenait le poison de l&rsquo;\u00e9galit\u00e9 entre les hommes, et l&rsquo;autre poison de la fraternit\u00e9 tol\u00e9rante. Par contre, libert\u00e9 absolue \u00e9tait accord\u00e9es aux Juifs d&rsquo;imposer au monde son dieu juif. Cette providence souveraine et implacable hurlait \u00e0 ses enfants de nier aveugl\u00e9ment toutes leurs distinctions raciales. On voit bien pourquoi. Par cela m\u00eame, les notions de hi\u00e9rarchie, de civilisation, de connaissance, d&rsquo;histoire, furent fauss\u00e9s.<\/p>\n<p style=\"text-align: justify;\">On constate malheureusement aujourd&rsquo;hui les r\u00e9sultats de telles erreurs, qui n&rsquo;ont profit\u00e9 qu&rsquo;aux malins parasites, aux subtils m\u00e9tis qui, depuis toujours, est avec adresse le labeur \u00e9crasant de la race blanche. Voici peu d&rsquo;ann\u00e9es que de grands fran\u00e7ais : Gobineau et Vachet de Lapouge, ont mit en valeur le probl\u00e8me des races. Comme il fallait s&rsquo;y attendre, l&rsquo;esprit s\u00e9mite les a injuri\u00e9s, repouss\u00e9s, \u00e9touff\u00e9s avec la derni\u00e8re rigueur. Et pourtant, que de pages proph\u00e9tiques, que les Fran\u00e7ais d&rsquo;aujourd&rsquo;hui feraient bien de relire ! Les titres des chapitres de l&rsquo;In\u00e9galit\u00e9 des Races sont eux-m\u00eames des axiomes si plein de concision et d&rsquo;actualit\u00e9, qu&rsquo;on ne peut que s&rsquo;\u00e9tonner de ne pas les voir enseigner comme des v\u00e9rit\u00e9s premi\u00e8res d\u00e8s la tendre \u00e9cole. Il faut les citer et les redire :<\/p>\n<p style=\"text-align: justify;\">\u00ab<strong> Chapitre II<\/strong> \u2014 Le fanatisme, le luxe, les mauvaises m\u0153urs et les religions n&rsquo;am\u00e8nent pas n\u00e9cessairement la chute des soci\u00e9t\u00e9s \u00bb (In\u00e9galit\u00e9 des races, Gobineau)<\/p>\n<p style=\"text-align: justify;\">\u00ab <strong>Chapitre III<\/strong> \u2014 Le m\u00e9rite relatif des gouvernements n&rsquo;a pas d&rsquo;influence sur la long\u00e9vit\u00e9 des peuples \u00bb (id.)<\/p>\n<p style=\"text-align: justify;\">\u00ab<strong> Chapitre XI<\/strong> \u2014 Les diff\u00e9rences ethniques sont permanentes \u00bb (id.)<\/p>\n<p style=\"text-align: justify;\">\u00ab\u00a0 <strong>Chapitre XIII<\/strong> \u2014 Les races humaines sont intellectuellement in\u00e9gales. L&rsquo;humanit\u00e9 n&rsquo;est pas perfectible \u00e0 l&rsquo;infini \u00bb (id.)<\/p>\n<p style=\"text-align: justify;\">et cet autre dernier, qui fera r\u00e9fl\u00e9chir nombre de penseurs sinc\u00e8res :<\/p>\n<p style=\"text-align: justify;\">\u00ab <strong>Chapitre VII<\/strong> \u2014 Le christianisme ne cr\u00e9e pas et ne transforme pas l&rsquo;aptitude civilisatrice \u00bb (id.)<\/p>\n<p style=\"text-align: justify;\">Gobineau, si imp\u00e9ratif et si froid dans son analyse, est cependant pessimiste dans ses conclusions. Il voit la race blanche, seule le civilisatrice du globe, d\u00e9cro\u00eetre peu \u00e0 peu, \u00eatre absorb\u00e9e par les m\u00e9tissages envahissants et se perdre dans la m\u00e9diocrit\u00e9. La derni\u00e8re phrase de son livre est d\u2019une splendeur tragique :<\/p>\n<p style=\"text-align: justify;\">\u00ab&#8230; <em>La pr\u00e9vision attristante, ce n&rsquo;est pas la mort, c&rsquo;est la certitude de n\u2019y arriver que d\u00e9grad\u00e9s ; et, peut-\u00eatre, cette honte r\u00e9serv\u00e9e \u00e0 nos descendants pourrait elle nous laisser insensibles, si nous n&rsquo;\u00e9prouvions, par une secr\u00e8te horreur, que les mains rapaces de la destin\u00e9e sont d\u00e9j\u00e0 pos\u00e9es sur nous<\/em>. \u00bb<\/p>\n<p style=\"text-align: justify;\">Que de sensibilit\u00e9 profonde ! Que de connaissance intuitive des faiblesses de notre sang !<\/p>\n<p style=\"text-align: justify;\">Gobineau publiait ces lignes en 1853. Il avait d\u00e9j\u00e0 vu l&rsquo;effroyable d\u00e9ch\u00e9ance d&rsquo;un certain monde blanc dans le triomphe d&rsquo;une bourgeoisie cupide, un prol\u00e9tariat aveugl\u00e9 de sa puissance brutale, du Juif p\u00e9n\u00e9trant toutes les couches de la soci\u00e9t\u00e9, gr\u00e2ce aux mots de passe ma\u00e7onniques. Le m\u00e9tissage accomplissait son travail de ciron . Apr\u00e8s avoir atteint l&rsquo;ordre pur, l&rsquo;\u00e9quilibre parfait dans l&rsquo;harmonie, la soci\u00e9t\u00e9 occidentale celto-germaine, et en particulier la France, s&rsquo;effondrait soudain dans l&rsquo;anarchie, s&rsquo;agitaient d\u00e9sesp\u00e9r\u00e9ment en convulsions r\u00e9volutionnaires, pour s\u2019\u00eatre trop complue \u00e0 des sp\u00e9culations intellectuelles et n&rsquo;avoir pas su pr\u00e9server sa race des infiltrations s\u00e9mites, n&rsquo;avoir pas accept\u00e9 en retour le b\u00e9n\u00e9fice des transfusions nordiques et aryennes.<\/p>\n<p style=\"text-align: justify;\">Vachet de Lapouge n&rsquo;est pas moins formel, quoique plus optimiste. En remettant l&rsquo;avenir du monde entre les mains des aryens, il nie le concept juridique des soci\u00e9t\u00e9s, habitude s\u00e9mite :<\/p>\n<p style=\"text-align: justify;\">\u00ab&#8230;<em> L&rsquo;id\u00e9e m\u00eame de droit est une fiction. Il n&rsquo;y a que des forces<\/em> \u00bb (<em>L\u2019Aryen,<\/em> 1889)<\/p>\n<p style=\"text-align: justify;\">\u00ab&#8230; <em>Il n&rsquo;y a pas de droit contre la force, car le droit n&rsquo;est que l&rsquo;\u00e9tat cr\u00e9\u00e9 par la force, et qu&rsquo;elle maintient latent<\/em> \u00bb (id.)<\/p>\n<p style=\"text-align: justify;\">Et quelques mots plus loin, cette d\u00e9finition splendide, qui r\u00e9sout pour toujours le probl\u00e8me ma\u00e7onnique :<\/p>\n<p style=\"text-align: justify;\">\u00ab&#8230; <em>Tous les hommes sont fr\u00e8res, et la fraternit\u00e9 s&rsquo;\u00e9tend \u00e0 tous les \u00eatres, mais \u00eatre fr\u00e8re n&rsquo;est pas de nature \u00e0 emp\u00eacher qu&rsquo;on se mange. Pour vivre, il faut manger, tuer pour manger..<\/em>. \u00bb<\/p>\n<p style=\"text-align: justify;\">Nous voil\u00e0 loin des utopies de Gen\u00e8ve ! Ici est la dure r\u00e9alit\u00e9 terrestre.<\/p>\n<p style=\"text-align: justify;\">Vachet de Lapouge avait publi\u00e9, d\u00e8s 1889,un tableau comparatif de la marche des nations aryennes de 1700 \u00e0 1900. On n&rsquo;y voit que, au d\u00e9but, la France et l&rsquo;Allemagne y sont \u00e0 \u00e9galit\u00e9 et en t\u00eate du monde. Mais, tandis que l&rsquo;Allemagne se maintient \u00e0 la toute premi\u00e8re place en Europe, laissant loin derri\u00e8re elle l\u2019Angleterre, et entra\u00eenant dans son orbe la plupart des peuples, la France, par contre, descend \u00e0 la sixi\u00e8me place en 1900, pour d\u00e9cro\u00eetre encore et ne plus figurer, dans les pronostics d&rsquo;avenir, que comme une nation \u00e9puis\u00e9e par les guerres, les r\u00e9volutions et les naturalisations massives.<\/p>\n<p style=\"text-align: justify;\">Vachet de Lapouge attribue cette d\u00e9ch\u00e9ance de la France \u00e0 l&rsquo;invasion juive, qui s&rsquo;est faite sans bruit ni r\u00e9action :<\/p>\n<p style=\"text-align: justify;\">\u00ab&#8230; <em>Cette invasion interstitielle, cette conqu\u00eate l\u00e9gale, n&rsquo;ont pas soulev\u00e9 les rancunes que laisse toujours le sang vers\u00e9. Les vaincus acceptent leur d\u00e9faite. Le ma\u00eetre qu&rsquo;il cherchait, ils n&rsquo;ont enfin trouv\u00e9<\/em>&#8230; \u00bb<\/p>\n<p style=\"text-align: justify;\">Il porte une accusation terrible contre l&rsquo;esprit de r\u00e9signation :<\/p>\n<p style=\"text-align: justify;\">\u00ab&#8230; <em>Les peuples catholiques ont si bien conscience de la cause de leur d\u00e9ch\u00e9ance, due aux s\u00e9lections religieuses plus qu&rsquo;\u00e0 tout autre cause d&rsquo;usure, qu&rsquo;ils sont dispos\u00e9s \u00e0 tout souffrir des Juifs.<\/em> \u00bb<\/p>\n<p style=\"text-align: justify;\">Et le savant, d\u00e8s 1889, devenait proph\u00e8te :<\/p>\n<p style=\"text-align: justify;\">\u00ab&#8230; <em>\u00c0 mesure que le r\u00e9gime ploutocratique \u2014si mal appel\u00e9 d\u00e9mocratique\u2014 se d\u00e9veloppera en Europe&#8230; on peut donc s&rsquo;attendre \u00e0 se voir se d\u00e9velopper une puissante f\u00e9odalit\u00e9 juive, ma\u00eetresse du sol, des usines et du capital, profond\u00e9ment s\u00e9par\u00e9e du peuple par la religion, la race et l&rsquo;orgueil. (N&rsquo;avons-nous pas connu, tout r\u00e9cemment, cette \u00e9poque ?). Le seul \u00e9cueil sur lequel puisse se briser la destin\u00e9e de la nation juive serait celui du socialisme. \u00bb<\/em> (du socialisme \u00e0 forme nationale et raciale).<\/p>\n<p style=\"text-align: justify;\">Apr\u00e8s la victoire juive, Vachet de Lapouge pr\u00e9dts la d\u00e9faite de juive :<\/p>\n<p style=\"text-align: justify;\">\u00ab&#8230;<em> Quand m\u00eame le r\u00eave politique de l&rsquo;ambition juive viendrait \u00e0 se r\u00e9aliser, le d\u00e9sordre et l&rsquo;anarchie mettraient promptement \u00e0 la discr\u00e9tion des peuples guerriers de race blonde les \u00c9tats qui auraient accept\u00e9 la domination politique s\u00e9mitique. Si grandes que soient les forces des peuples soumis \u00e0 sa direction, le Juif se chargera lui-m\u00eame de les d\u00e9sorganiser, de les d\u00e9truire et de faire partie belle \u00e0 ses adversaires<\/em> \u00bb.<\/p>\n<p style=\"text-align: justify;\">R\u00e9fl\u00e9chissez, Anglais et Am\u00e9ricains, voici le jour arriv\u00e9 o\u00f9 les guerriers de race blonde mettent un terme aux activit\u00e9s n\u00e9fastes du Juif.<\/p>\n<p style=\"text-align: justify;\">Dans ce chaos, se demandent avec angoisse les Fran\u00e7ais, que devient la France ?<\/p>\n<p style=\"text-align: justify;\">Il est certain, et il faut avoir le courage et la lucidit\u00e9 de l&rsquo;admettre, que la vieille notion de la France lib\u00e9rale dispara\u00eetra avec les derni\u00e8res g\u00e9n\u00e9rations \u00e9lev\u00e9es dans cet esprit. D\u00e8s \u00e0 pr\u00e9sent, la coupure est nette entre les hommes de plus de 45 ans, qu&rsquo;ils soient conservateurs, chr\u00e9tiens ou ma\u00e7ons, et ceux qui entrevoient l&rsquo;avenir franco-allemand non comme un compromis, une collaboration plus ou moins r\u00e9ussie, une alliance difficile entre pot de fer et pot de terre, mais qui, d\u00e9j\u00e0, savent que la France ne peut \u00eatre r\u00e9g\u00e9n\u00e9r\u00e9e que par la coop\u00e9ration raciale. Ce n&rsquo;est\u00a0 plus une politique de collaboration ni d&rsquo;alliance, mais une politique d&rsquo;alliage, qui garantira l&rsquo;avenir fran\u00e7ais, Car l\u2019alliage exige d&rsquo;\u00e9liminer les impuret\u00e9s et d&rsquo;associer les corps simples.<\/p>\n<p style=\"text-align: justify;\">On sait d&rsquo;avance quels cris d&rsquo;orfraie vont soulever de pareils propos. Vachet de Lapouge avait aussi pr\u00e9vu cette r\u00e9action des r\u00e9acteurs :<\/p>\n<p style=\"text-align: justify;\">\u00ab&#8230; <em>En face des dogmes nouveaux, l&rsquo;alliance des hommes de l&rsquo;\u00c9glise et ceux de la R\u00e9volution sera le fait de demain, mais il n&rsquo;y a pas d&rsquo;alliance qui puisse retarder l&rsquo;heure de la destin\u00e9e, pas d\u2019homme de g\u00e9nie qui puisse ramener l&rsquo;humanit\u00e9 \u00e0 l&rsquo;ignorance. Nous courons vers l&rsquo;inconnu, mais le pass\u00e9 ne reviendra jamais !<\/em> \u00bb.<\/p>\n<p style=\"text-align: justify;\">C&rsquo;est dans cet esprit qu&rsquo;il nous faut \u00e9lever la jeunesse fran\u00e7aise. Si l&rsquo;on veut qu&rsquo;il y ait ici une \u00e9lite, il faut, d\u00e8s \u00e0 pr\u00e9sent, consid\u00e9rer l&rsquo;avenir sous l&rsquo;angle de la s\u00e9lection.<\/p>\n<p style=\"text-align: right;\">Paul Riche<\/p>\n","protected":false},"excerpt":{"rendered":"<p>Quiconque aime son pays veut plus encore le prolongement de sa race que de l&rsquo;esprit qu&rsquo;elle cr\u00e9a. Il n&rsquo;est pas suffisant de savoir que telle ou telle mode de penser, telle philosophie, tels concepts ethniques survivront quelques si\u00e8cles \u00e0 travers &hellip; <a href=\"https:\/\/monperejeanmamy.fr\/?page_id=719\">Continuer la lecture <span class=\"meta-nav\">&rarr;<\/span><\/a><\/p>\n","protected":false},"author":2,"featured_media":422,"parent":0,"menu_order":0,"comment_status":"closed","ping_status":"closed","template":"","meta":[],"folder":[],"_links":{"self":[{"href":"https:\/\/monperejeanmamy.fr\/index.php?rest_route=\/wp\/v2\/pages\/719"}],"collection":[{"href":"https:\/\/monperejeanmamy.fr\/index.php?rest_route=\/wp\/v2\/pages"}],"about":[{"href":"https:\/\/monperejeanmamy.fr\/index.php?rest_route=\/wp\/v2\/types\/page"}],"author":[{"embeddable":true,"href":"https:\/\/monperejeanmamy.fr\/index.php?rest_route=\/wp\/v2\/users\/2"}],"replies":[{"embeddable":true,"href":"https:\/\/monperejeanmamy.fr\/index.php?rest_route=%2Fwp%2Fv2%2Fcomments&post=719"}],"version-history":[{"count":1,"href":"https:\/\/monperejeanmamy.fr\/index.php?rest_route=\/wp\/v2\/pages\/719\/revisions"}],"predecessor-version":[{"id":720,"href":"https:\/\/monperejeanmamy.fr\/index.php?rest_route=\/wp\/v2\/pages\/719\/revisions\/720"}],"wp:featuredmedia":[{"embeddable":true,"href":"https:\/\/monperejeanmamy.fr\/index.php?rest_route=\/wp\/v2\/media\/422"}],"wp:attachment":[{"href":"https:\/\/monperejeanmamy.fr\/index.php?rest_route=%2Fwp%2Fv2%2Fmedia&parent=719"}],"wp:term":[{"taxonomy":"folder","embeddable":true,"href":"https:\/\/monperejeanmamy.fr\/index.php?rest_route=%2Fwp%2Fv2%2Ffolder&post=719"}],"curies":[{"name":"wp","href":"https:\/\/api.w.org\/{rel}","templated":true}]}}